{"id":15,"date":"2018-11-03T11:04:01","date_gmt":"2018-11-03T11:04:01","guid":{"rendered":"http:\/\/mjukur.site\/en\/?page_id=15"},"modified":"2026-01-22T16:56:11","modified_gmt":"2026-01-22T16:56:11","slug":"volcano-tour","status":"publish","type":"page","link":"https:\/\/volcanoatv.is\/en\/tours\/volcano-tour","title":{"rendered":"Volcano Tour"},"content":{"rendered":"<p>Come and enjoy with us on a 1-hour ATV tour around the Volcano in Vestmannaeyjar and experience the unique view the island and its surroundings have to offer<\/p>\n<p>During the trip, we will go to Prestvik beach where fishing ship Pelagus stranded, we will also drive around and view the scene where Gu\u00f0laugur Fri\u00f0\u00fe\u00f3rsson came to land after 5-6 km of swimming in the dark and cold sea after Hellisey VE 503 sank as stated in the movie <a href=\"https:\/\/www.imdb.com\/title\/tt1764275\/\" target=\"_blank\" rel=\"noopener noreferrer\">The Deep<\/a>. We will drive around the lava and into the middle of the volcano Eldfell and along the coast, where the view is breathtaking.<\/p>\n<p>This trip is recommended for all the family who will enjoy driving around historical sites of Vestmannaeyjar on a fun riding ATV. The ATVs are automatic and easy to drive so no specific experience is needed.\u00a0 All ATVs are 2 persons where the driver needs to have a driving license and passengers need to be 6 years or older.<\/p>\n<p>This is a guided trip where each person will be provided waterproof overalls,gloves and helmet.<\/p>\n<style type=\"text\/css\">\n#foogallery-gallery-98 .fg-image { width: 150px; }\n#foogallery-gallery-98 { --fg-gutter: 10px; }<\/style>\n\t\t\t<div class=\"foogallery foogallery-container foogallery-default foogallery-lightbox-foobox fg-center fg-default fg-ready fg-light fg-border-thin fg-shadow-outline fg-loading-default fg-loaded-fade-in fg-caption-hover fg-hover-fade fg-hover-zoom\" id=\"foogallery-gallery-98\" data-foogallery=\"{&quot;item&quot;:{&quot;showCaptionTitle&quot;:true,&quot;showCaptionDescription&quot;:true},&quot;lazy&quot;:true}\" style=\"--fg-title-line-clamp: 0; --fg-description-line-clamp: 0;\" >\n\t<div class=\"fg-item fg-type-image fg-idle\"><figure class=\"fg-item-inner\"><a href=\"https:\/\/volcanoatv.is\/en\/wp-content\/uploads\/2018\/11\/IMG_20190425_161412-e1556575161495-scaled.jpg\" data-attachment-id=\"796\" data-type=\"image\" class=\"fg-thumb\"><span class=\"fg-image-wrap\"><img decoding=\"async\" width=\"150\" height=\"150\" class=\"skip-lazy fg-image\" data-no-lazy=\"1\" data-src-fg=\"https:\/\/volcanoatv.is\/en\/wp-content\/uploads\/cache\/2018\/11\/IMG_20190425_161412-e1556575161495-scaled\/2335512137.jpg\" src=\"data:image\/svg+xml,%3Csvg%20xmlns%3D%22http%3A%2F%2Fwww.w3.org%2F2000%2Fsvg%22%20width%3D%22150%22%20height%3D%22150%22%20viewBox%3D%220%200%20150%20150%22%3E%3C%2Fsvg%3E\" loading=\"eager\"><\/span><span class=\"fg-image-overlay\"><\/span><\/a><\/figure><div class=\"fg-loader\"><\/div><\/div><div class=\"fg-item fg-type-image fg-idle\"><figure class=\"fg-item-inner\"><a href=\"https:\/\/volcanoatv.is\/en\/wp-content\/uploads\/2018\/11\/752536.jpg\" data-attachment-id=\"100\" data-type=\"image\" class=\"fg-thumb\"><span class=\"fg-image-wrap\"><img decoding=\"async\" width=\"150\" height=\"150\" class=\"skip-lazy fg-image\" data-no-lazy=\"1\" data-src-fg=\"https:\/\/volcanoatv.is\/en\/wp-content\/uploads\/cache\/2018\/11\/752536\/1545690789.jpg\" src=\"data:image\/svg+xml,%3Csvg%20xmlns%3D%22http%3A%2F%2Fwww.w3.org%2F2000%2Fsvg%22%20width%3D%22150%22%20height%3D%22150%22%20viewBox%3D%220%200%20150%20150%22%3E%3C%2Fsvg%3E\" loading=\"eager\"><\/span><span class=\"fg-image-overlay\"><\/span><\/a><\/figure><div class=\"fg-loader\"><\/div><\/div><div class=\"fg-item fg-type-image fg-idle\"><figure class=\"fg-item-inner\"><a href=\"https:\/\/volcanoatv.is\/en\/wp-content\/uploads\/2018\/11\/IMG_20190425_162649-e1556575187280-scaled.jpg\" data-attachment-id=\"797\" data-type=\"image\" class=\"fg-thumb\"><span class=\"fg-image-wrap\"><img decoding=\"async\" width=\"150\" height=\"150\" class=\"skip-lazy fg-image\" data-no-lazy=\"1\" data-src-fg=\"https:\/\/volcanoatv.is\/en\/wp-content\/uploads\/cache\/2018\/11\/IMG_20190425_162649-e1556575187280-scaled\/1773745547.jpg\" src=\"data:image\/svg+xml,%3Csvg%20xmlns%3D%22http%3A%2F%2Fwww.w3.org%2F2000%2Fsvg%22%20width%3D%22150%22%20height%3D%22150%22%20viewBox%3D%220%200%20150%20150%22%3E%3C%2Fsvg%3E\" loading=\"eager\"><\/span><span class=\"fg-image-overlay\"><\/span><\/a><\/figure><div class=\"fg-loader\"><\/div><\/div><div class=\"fg-item fg-type-image fg-idle\"><figure class=\"fg-item-inner\"><a href=\"https:\/\/volcanoatv.is\/en\/wp-content\/uploads\/2018\/11\/1010991.jpg\" data-attachment-id=\"101\" data-type=\"image\" class=\"fg-thumb\"><span class=\"fg-image-wrap\"><img decoding=\"async\" width=\"150\" height=\"150\" class=\"skip-lazy fg-image\" data-no-lazy=\"1\" data-src-fg=\"https:\/\/volcanoatv.is\/en\/wp-content\/uploads\/cache\/2018\/11\/1010991\/2580320013.jpg\" src=\"data:image\/svg+xml,%3Csvg%20xmlns%3D%22http%3A%2F%2Fwww.w3.org%2F2000%2Fsvg%22%20width%3D%22150%22%20height%3D%22150%22%20viewBox%3D%220%200%20150%20150%22%3E%3C%2Fsvg%3E\" loading=\"eager\"><\/span><span class=\"fg-image-overlay\"><\/span><\/a><\/figure><div class=\"fg-loader\"><\/div><\/div><div class=\"fg-item fg-type-image fg-idle\"><figure class=\"fg-item-inner\"><a href=\"https:\/\/volcanoatv.is\/en\/wp-content\/uploads\/2019\/05\/IMG_20190505_142039-1200x930.jpg\" data-attachment-id=\"816\" data-type=\"image\" class=\"fg-thumb\"><span class=\"fg-image-wrap\"><img decoding=\"async\" width=\"150\" height=\"150\" class=\"skip-lazy fg-image\" data-no-lazy=\"1\" data-src-fg=\"https:\/\/volcanoatv.is\/en\/wp-content\/uploads\/cache\/2019\/05\/IMG_20190505_142039-1200x930\/1552696112.jpg\" src=\"data:image\/svg+xml,%3Csvg%20xmlns%3D%22http%3A%2F%2Fwww.w3.org%2F2000%2Fsvg%22%20width%3D%22150%22%20height%3D%22150%22%20viewBox%3D%220%200%20150%20150%22%3E%3C%2Fsvg%3E\" loading=\"eager\"><\/span><span class=\"fg-image-overlay\"><\/span><\/a><\/figure><div class=\"fg-loader\"><\/div><\/div><div class=\"fg-item fg-type-image fg-idle\"><figure class=\"fg-item-inner\"><a href=\"https:\/\/volcanoatv.is\/en\/wp-content\/uploads\/2018\/11\/IMG_20190611_153419_740.jpg\" data-attachment-id=\"873\" data-type=\"image\" class=\"fg-thumb\"><span class=\"fg-image-wrap\"><img decoding=\"async\" width=\"150\" height=\"150\" class=\"skip-lazy fg-image\" data-no-lazy=\"1\" data-src-fg=\"https:\/\/volcanoatv.is\/en\/wp-content\/uploads\/cache\/2018\/11\/IMG_20190611_153419_740\/1144043872.jpg\" src=\"data:image\/svg+xml,%3Csvg%20xmlns%3D%22http%3A%2F%2Fwww.w3.org%2F2000%2Fsvg%22%20width%3D%22150%22%20height%3D%22150%22%20viewBox%3D%220%200%20150%20150%22%3E%3C%2Fsvg%3E\" loading=\"eager\"><\/span><span class=\"fg-image-overlay\"><\/span><\/a><\/figure><div class=\"fg-loader\"><\/div><\/div><div class=\"fg-item fg-type-image fg-idle\"><figure class=\"fg-item-inner\"><a href=\"https:\/\/volcanoatv.is\/en\/wp-content\/uploads\/2018\/11\/IMG_20190702_145039-min.jpg\" data-attachment-id=\"874\" data-type=\"image\" class=\"fg-thumb\"><span class=\"fg-image-wrap\"><img decoding=\"async\" width=\"150\" height=\"150\" class=\"skip-lazy fg-image\" data-no-lazy=\"1\" data-src-fg=\"https:\/\/volcanoatv.is\/en\/wp-content\/uploads\/cache\/2018\/11\/IMG_20190702_145039-min\/1865335295.jpg\" src=\"data:image\/svg+xml,%3Csvg%20xmlns%3D%22http%3A%2F%2Fwww.w3.org%2F2000%2Fsvg%22%20width%3D%22150%22%20height%3D%22150%22%20viewBox%3D%220%200%20150%20150%22%3E%3C%2Fsvg%3E\" loading=\"eager\"><\/span><span class=\"fg-image-overlay\"><\/span><\/a><\/figure><div class=\"fg-loader\"><\/div><\/div><\/div>\n\n<h2><i class=\"fa fa-info-circle\"><\/i>Tour Details<\/h2>\n<div class=\"atv-list\">\n<h5><i class=\"fa fa-hourglass-2\"><\/i> Duration<\/h5>\n<p>The tour takes about 1 hour<\/p>\n<h5><i class=\"fa fa-clock-o\"><\/i> Preparation time<\/h5>\n<p>Please be at our location 30 min before departure.<\/p>\n<h5><i class=\"fa fa-sign-out\"><\/i> Departure<\/h5>\n<p>Every day at 10:00, 12:00, 15:00 and 16:00 or after agreement and demand<\/p>\n<h5><i class=\"fa fa-calendar\"><\/i> Season<\/h5>\n<p>1.April &#8211; 1.November<\/p>\n<h5><i class=\"fa fa-newspaper-o\"><\/i> Requirements<\/h5>\n<p>Driving licence.<br \/>Age limit 6 years and older for passengers.<\/p>\n<h5><i class=\"fa fa-thermometer-2\"><\/i> Difficulty<\/h5>\n<p>Easy &#8211; Fun for the whole family<\/p>\n<h5><i class=\"fa fa-check\"><\/i> Includes<\/h5>\n<p>Helmet, waterproof overalls and gloves.<br \/>Tour guide<\/p>\n<h5><i class=\"fa fa-user-plus\"><\/i> What you need to bring<\/h5>\n<p>Good shoes and good mood, we will take care of the rest<\/p>\n<h5><i class=\"fa fa-money\"><\/i> Price<\/h5>\n<p>14.900 ISK kr <b>per person<\/b> if 2 sharing the same atv<br \/>18.900 ISK kr if single on atv<br \/>7.500 ISK kr for children (6 \u2013 16 \u00e1ra)<\/p>\n<\/div>\n\n\n<p><\/p>\n","protected":false},"excerpt":{"rendered":"<p>Come and enjoy with us on a 1-hour ATV tour around the Volcano in Vestmannaeyjar and experience the unique view&#8230;<\/p>\n","protected":false},"author":1,"featured_media":0,"parent":2,"menu_order":0,"comment_status":"closed","ping_status":"closed","template":"templates\/page-left.php","meta":{"_exactmetrics_skip_tracking":false,"_exactmetrics_sitenote_active":false,"_exactmetrics_sitenote_note":"","_exactmetrics_sitenote_category":0,"footnotes":""},"class_list":["post-15","page","type-page","status-publish","hentry"],"yoast_head":"<!-- This site is optimized with the Yoast SEO plugin v27.4 - https:\/\/yoast.com\/product\/yoast-seo-wordpress\/ -->\n<title>Volcano Tour | Volcano ATV<\/title>\n<meta name=\"robots\" content=\"index, follow, max-snippet:-1, max-image-preview:large, max-video-preview:-1\" \/>\n<link rel=\"canonical\" href=\"https:\/\/volcanoatv.is\/en\/tours\/volcano-tour\" \/>\n<meta property=\"og:locale\" content=\"en_US\" \/>\n<meta property=\"og:type\" content=\"article\" \/>\n<meta property=\"og:title\" content=\"Volcano Tour | Volcano ATV\" \/>\n<meta property=\"og:description\" content=\"Come and enjoy with us on a 1-hour ATV tour around the Volcano in Vestmannaeyjar and experience the unique view...\" \/>\n<meta property=\"og:url\" content=\"https:\/\/volcanoatv.is\/en\/tours\/volcano-tour\" \/>\n<meta property=\"og:site_name\" content=\"Volcano ATV\" \/>\n<meta property=\"article:publisher\" content=\"https:\/\/www.facebook.com\/volcanoatv\/\" \/>\n<meta property=\"article:modified_time\" content=\"2026-01-22T16:56:11+00:00\" \/>\n<meta property=\"og:image\" content=\"https:\/\/volcanoatv.is\/en\/wp-content\/uploads\/2019\/07\/volcano-atv-beach-fb-photo.jpg\" \/>\n\t<meta property=\"og:image:width\" content=\"1200\" \/>\n\t<meta property=\"og:image:height\" content=\"628\" \/>\n\t<meta property=\"og:image:type\" content=\"image\/jpeg\" \/>\n<meta name=\"twitter:card\" content=\"summary_large_image\" \/>\n<meta name=\"twitter:label1\" content=\"Est. reading time\" \/>\n\t<meta name=\"twitter:data1\" content=\"2 minutes\" \/>\n<script type=\"application\/ld+json\" class=\"yoast-schema-graph\">{\"@context\":\"https:\\\/\\\/schema.org\",\"@graph\":[{\"@type\":\"WebPage\",\"@id\":\"https:\\\/\\\/volcanoatv.is\\\/en\\\/tours\\\/volcano-tour\",\"url\":\"https:\\\/\\\/volcanoatv.is\\\/en\\\/tours\\\/volcano-tour\",\"name\":\"Volcano Tour | Volcano ATV\",\"isPartOf\":{\"@id\":\"https:\\\/\\\/volcanoatv.is\\\/en\\\/#website\"},\"datePublished\":\"2018-11-03T11:04:01+00:00\",\"dateModified\":\"2026-01-22T16:56:11+00:00\",\"breadcrumb\":{\"@id\":\"https:\\\/\\\/volcanoatv.is\\\/en\\\/tours\\\/volcano-tour#breadcrumb\"},\"inLanguage\":\"en-US\",\"potentialAction\":[{\"@type\":\"ReadAction\",\"target\":[\"https:\\\/\\\/volcanoatv.is\\\/en\\\/tours\\\/volcano-tour\"]}]},{\"@type\":\"BreadcrumbList\",\"@id\":\"https:\\\/\\\/volcanoatv.is\\\/en\\\/tours\\\/volcano-tour#breadcrumb\",\"itemListElement\":[{\"@type\":\"ListItem\",\"position\":1,\"name\":\"Home\",\"item\":\"https:\\\/\\\/volcanoatv.is\\\/en\\\/\"},{\"@type\":\"ListItem\",\"position\":2,\"name\":\"Tours\",\"item\":\"https:\\\/\\\/volcanoatv.is\\\/en\\\/tours\"},{\"@type\":\"ListItem\",\"position\":3,\"name\":\"Volcano Tour\"}]},{\"@type\":\"WebSite\",\"@id\":\"https:\\\/\\\/volcanoatv.is\\\/en\\\/#website\",\"url\":\"https:\\\/\\\/volcanoatv.is\\\/en\\\/\",\"name\":\"Volcano ATV\",\"description\":\"Volcano atv tours\",\"publisher\":{\"@id\":\"https:\\\/\\\/volcanoatv.is\\\/en\\\/#organization\"},\"potentialAction\":[{\"@type\":\"SearchAction\",\"target\":{\"@type\":\"EntryPoint\",\"urlTemplate\":\"https:\\\/\\\/volcanoatv.is\\\/en\\\/?s={search_term_string}\"},\"query-input\":{\"@type\":\"PropertyValueSpecification\",\"valueRequired\":true,\"valueName\":\"search_term_string\"}}],\"inLanguage\":\"en-US\"},{\"@type\":\"Organization\",\"@id\":\"https:\\\/\\\/volcanoatv.is\\\/en\\\/#organization\",\"name\":\"Volcano ATV\",\"url\":\"https:\\\/\\\/volcanoatv.is\\\/en\\\/\",\"logo\":{\"@type\":\"ImageObject\",\"inLanguage\":\"en-US\",\"@id\":\"https:\\\/\\\/volcanoatv.is\\\/en\\\/#\\\/schema\\\/logo\\\/image\\\/\",\"url\":\"https:\\\/\\\/volcanoatv.is\\\/en\\\/wp-content\\\/uploads\\\/2019\\\/02\\\/Volcano-ATV-logo-01.png\",\"contentUrl\":\"https:\\\/\\\/volcanoatv.is\\\/en\\\/wp-content\\\/uploads\\\/2019\\\/02\\\/Volcano-ATV-logo-01.png\",\"width\":3456,\"height\":887,\"caption\":\"Volcano ATV\"},\"image\":{\"@id\":\"https:\\\/\\\/volcanoatv.is\\\/en\\\/#\\\/schema\\\/logo\\\/image\\\/\"},\"sameAs\":[\"https:\\\/\\\/www.facebook.com\\\/volcanoatv\\\/\",\"https:\\\/\\\/www.instagram.com\\\/volcanoatv\\\/\"]}]}<\/script>\n<!-- \/ Yoast SEO plugin. -->","yoast_head_json":{"title":"Volcano Tour | Volcano ATV","robots":{"index":"index","follow":"follow","max-snippet":"max-snippet:-1","max-image-preview":"max-image-preview:large","max-video-preview":"max-video-preview:-1"},"canonical":"https:\/\/volcanoatv.is\/en\/tours\/volcano-tour","og_locale":"en_US","og_type":"article","og_title":"Volcano Tour | Volcano ATV","og_description":"Come and enjoy with us on a 1-hour ATV tour around the Volcano in Vestmannaeyjar and experience the unique view...","og_url":"https:\/\/volcanoatv.is\/en\/tours\/volcano-tour","og_site_name":"Volcano ATV","article_publisher":"https:\/\/www.facebook.com\/volcanoatv\/","article_modified_time":"2026-01-22T16:56:11+00:00","og_image":[{"width":1200,"height":628,"url":"https:\/\/volcanoatv.is\/en\/wp-content\/uploads\/2019\/07\/volcano-atv-beach-fb-photo.jpg","type":"image\/jpeg"}],"twitter_card":"summary_large_image","twitter_misc":{"Est. reading time":"2 minutes"},"schema":{"@context":"https:\/\/schema.org","@graph":[{"@type":"WebPage","@id":"https:\/\/volcanoatv.is\/en\/tours\/volcano-tour","url":"https:\/\/volcanoatv.is\/en\/tours\/volcano-tour","name":"Volcano Tour | Volcano ATV","isPartOf":{"@id":"https:\/\/volcanoatv.is\/en\/#website"},"datePublished":"2018-11-03T11:04:01+00:00","dateModified":"2026-01-22T16:56:11+00:00","breadcrumb":{"@id":"https:\/\/volcanoatv.is\/en\/tours\/volcano-tour#breadcrumb"},"inLanguage":"en-US","potentialAction":[{"@type":"ReadAction","target":["https:\/\/volcanoatv.is\/en\/tours\/volcano-tour"]}]},{"@type":"BreadcrumbList","@id":"https:\/\/volcanoatv.is\/en\/tours\/volcano-tour#breadcrumb","itemListElement":[{"@type":"ListItem","position":1,"name":"Home","item":"https:\/\/volcanoatv.is\/en\/"},{"@type":"ListItem","position":2,"name":"Tours","item":"https:\/\/volcanoatv.is\/en\/tours"},{"@type":"ListItem","position":3,"name":"Volcano Tour"}]},{"@type":"WebSite","@id":"https:\/\/volcanoatv.is\/en\/#website","url":"https:\/\/volcanoatv.is\/en\/","name":"Volcano ATV","description":"Volcano atv tours","publisher":{"@id":"https:\/\/volcanoatv.is\/en\/#organization"},"potentialAction":[{"@type":"SearchAction","target":{"@type":"EntryPoint","urlTemplate":"https:\/\/volcanoatv.is\/en\/?s={search_term_string}"},"query-input":{"@type":"PropertyValueSpecification","valueRequired":true,"valueName":"search_term_string"}}],"inLanguage":"en-US"},{"@type":"Organization","@id":"https:\/\/volcanoatv.is\/en\/#organization","name":"Volcano ATV","url":"https:\/\/volcanoatv.is\/en\/","logo":{"@type":"ImageObject","inLanguage":"en-US","@id":"https:\/\/volcanoatv.is\/en\/#\/schema\/logo\/image\/","url":"https:\/\/volcanoatv.is\/en\/wp-content\/uploads\/2019\/02\/Volcano-ATV-logo-01.png","contentUrl":"https:\/\/volcanoatv.is\/en\/wp-content\/uploads\/2019\/02\/Volcano-ATV-logo-01.png","width":3456,"height":887,"caption":"Volcano ATV"},"image":{"@id":"https:\/\/volcanoatv.is\/en\/#\/schema\/logo\/image\/"},"sameAs":["https:\/\/www.facebook.com\/volcanoatv\/","https:\/\/www.instagram.com\/volcanoatv\/"]}]}},"_links":{"self":[{"href":"https:\/\/volcanoatv.is\/en\/wp-json\/wp\/v2\/pages\/15","targetHints":{"allow":["GET"]}}],"collection":[{"href":"https:\/\/volcanoatv.is\/en\/wp-json\/wp\/v2\/pages"}],"about":[{"href":"https:\/\/volcanoatv.is\/en\/wp-json\/wp\/v2\/types\/page"}],"author":[{"embeddable":true,"href":"https:\/\/volcanoatv.is\/en\/wp-json\/wp\/v2\/users\/1"}],"replies":[{"embeddable":true,"href":"https:\/\/volcanoatv.is\/en\/wp-json\/wp\/v2\/comments?post=15"}],"version-history":[{"count":71,"href":"https:\/\/volcanoatv.is\/en\/wp-json\/wp\/v2\/pages\/15\/revisions"}],"predecessor-version":[{"id":1543,"href":"https:\/\/volcanoatv.is\/en\/wp-json\/wp\/v2\/pages\/15\/revisions\/1543"}],"up":[{"embeddable":true,"href":"https:\/\/volcanoatv.is\/en\/wp-json\/wp\/v2\/pages\/2"}],"wp:attachment":[{"href":"https:\/\/volcanoatv.is\/en\/wp-json\/wp\/v2\/media?parent=15"}],"curies":[{"name":"wp","href":"https:\/\/api.w.org\/{rel}","templated":true}]}}