{"id":1470,"date":"2025-08-12T21:16:40","date_gmt":"2025-08-12T21:16:40","guid":{"rendered":"https:\/\/volcanoatv.is\/en\/?page_id=1470"},"modified":"2025-08-12T21:16:41","modified_gmt":"2025-08-12T21:16:41","slug":"from-sea-to-summit-the-geological-wonders-of-the-westman-islands","status":"publish","type":"page","link":"https:\/\/volcanoatv.is\/en\/westman-islands\/from-sea-to-summit-the-geological-wonders-of-the-westman-islands","title":{"rendered":"From Sea to Summit: The Geological Wonders of the Westman Islands"},"content":{"rendered":"\n<p>Geology enthusiasts can\u2019t fail to be impressed by the Westman Islands. If you\u2019re planning a volcanic tour of Iceland, then you won\u2019t do justice to the theme if you don\u2019t incorporate the natural wonders Heimaey is famous for. Geologically young even by Icelandic standards, the islands that comprise this archipelago were created somewhere between 10000 and 20000 years ago.&nbsp;<\/p>\n\n\n\n<p>In this article we\u2019ll take a look at the diverse range of landforms that are the result of past volcanic activity and the resultant landscape\u2019s interaction with the ocean. You\u2019ll also find out how you can experience them during boat and ATV adventures.<\/p>\n\n\n\n<figure class=\"wp-block-image size-full\"><img loading=\"lazy\" decoding=\"async\" width=\"1024\" height=\"469\" src=\"https:\/\/volcanoatv.is\/en\/wp-content\/uploads\/2025\/06\/hraun-vefur.jpg\" alt=\"\" class=\"wp-image-1401\" srcset=\"https:\/\/volcanoatv.is\/en\/wp-content\/uploads\/2025\/06\/hraun-vefur.jpg 1024w, https:\/\/volcanoatv.is\/en\/wp-content\/uploads\/2025\/06\/hraun-vefur-600x275.jpg 600w, https:\/\/volcanoatv.is\/en\/wp-content\/uploads\/2025\/06\/hraun-vefur-300x137.jpg 300w, https:\/\/volcanoatv.is\/en\/wp-content\/uploads\/2025\/06\/hraun-vefur-768x352.jpg 768w\" sizes=\"auto, (max-width: 1024px) 100vw, 1024px\" \/><\/figure>\n\n\n\n<h2 class=\"wp-block-heading\">Island creation<\/h2>\n\n\n\n<p>If you\u2019d have visited the Westman Islands around 20000 years ago, the land masses and rocky outcrops you see today would have been concealed beneath the surface of the ocean. The volcanic activity that was responsible for their creation kicked off many thousands of years before that, but these things take time!&nbsp;<\/p>\n\n\n\n<p>Today, there are about 80 volcanic craters in all, but more than three quarters of them are submerged \u2013 at least for now. A magma chamber exists well below island level, meaning this archipelago is still considered tectonically active. For example, Surtsey was famously created during an eruption that lasted from 1963 to 1967. Meanwhile, Heimaey grew a bit more as a result of the events of 1973 which led to the formation of Eldfell.<\/p>\n\n\n\n<p>Incidentally, Heimaey, the only inhabited island in Vestmannaeyjar, is actually the result of multiple volcanic eruptions. Cliffs such as Nor\u00f0urklettar, Heimaklettur, Mi\u00f0klettur and Ystiklettur (once two separate islands) are the result of eruptions that took place 10000 to 12000 years ago. St\u00f3rh\u00f6f\u00f0i and the islands of Elli\u00f0aey and Bjarnaey date from about 6000 years ago.&nbsp;<\/p>\n\n\n\n<figure class=\"wp-block-image size-full\"><img loading=\"lazy\" decoding=\"async\" width=\"1024\" height=\"478\" src=\"https:\/\/volcanoatv.is\/en\/wp-content\/uploads\/2025\/08\/20250707_072458-web.jpg\" alt=\"\" class=\"wp-image-1471\" srcset=\"https:\/\/volcanoatv.is\/en\/wp-content\/uploads\/2025\/08\/20250707_072458-web.jpg 1024w, https:\/\/volcanoatv.is\/en\/wp-content\/uploads\/2025\/08\/20250707_072458-web-600x280.jpg 600w, https:\/\/volcanoatv.is\/en\/wp-content\/uploads\/2025\/08\/20250707_072458-web-300x140.jpg 300w, https:\/\/volcanoatv.is\/en\/wp-content\/uploads\/2025\/08\/20250707_072458-web-768x359.jpg 768w\" sizes=\"auto, (max-width: 1024px) 100vw, 1024px\" \/><\/figure>\n\n\n\n<p>Things kicked off again about 5000 years ago with a dramatic eruption at Stakkab\u00f3tag\u00edgur, which is when a huge crater was formed at St\u00f3rh\u00f6f\u00f0i. Not long afterwards, geologically speaking, Helgafell erupted and again there were significant changes to the landscape as a consequence.&nbsp;<\/p>\n\n\n\n<h2 class=\"wp-block-heading\">Nature hasn\u2019t finished with the Westman Islands just yet<\/h2>\n\n\n\n<p>What makes this process especially exciting to anyone with an interest in geology or geography is that it is ongoing. Nature hasn\u2019t finished creating the Westman Islands just yet and periodically in the future we can expect volcanic activity to reshape the landscape here. New islands will form and existing islands will be altered.<\/p>\n\n\n\n<p>Volcanic tours of Iceland, both here and in other parts of the country such as the Reykjanes peninsula, continue to fascinate tourists. It\u2019s a big part of Iceland\u2019s appeal to outsiders. Those who find their way to the Westman Islands can see for themselves the cones and craters, lava fields, rocky cliffs and sea stacks that are all evidence of volcanic activity in the archipelago. These natural wonders on Heimaey \u2013 and close by \u2013 are a large part of what makes boat trips and ATV tours of the island so interesting.&nbsp;<\/p>\n\n\n\n<h2 class=\"wp-block-heading\">Enjoy an ATV adventure as you learn about the archipelago\u2019s geological wonders<\/h2>\n\n\n\n<p>Come and see for yourself how the geology of the Westman Islands is a window onto the past and a clue to the archipelago\u2019s future. We\u2019ll take you on a thrilling ATV ride that incorporates key landmarks such as Elephant Rock and St\u00f3rh\u00f6f\u00f0i, plus gives you the opportunity to ride across a lava field as you follow off road trails to Eldfell.&nbsp;<\/p>\n\n\n\n<p>Accompanied by a guide, you\u2019ll find out more about the processes that shape the land around you and of course you\u2019ll have the chance to ask questions when we stop at regular intervals during this tour. We can promise you that it\u2019s much more fun than learning about geology from a school textbook, so why not sign up for this educational but highly entertaining tour?<\/p>\n","protected":false},"excerpt":{"rendered":"<p>Geology enthusiasts can\u2019t fail to be impressed by the Westman Islands. If you\u2019re planning a volcanic tour of Iceland, then&#8230;<\/p>\n","protected":false},"author":4,"featured_media":0,"parent":1081,"menu_order":0,"comment_status":"closed","ping_status":"closed","template":"","meta":{"_exactmetrics_skip_tracking":false,"_exactmetrics_sitenote_active":false,"_exactmetrics_sitenote_note":"","_exactmetrics_sitenote_category":0,"footnotes":""},"class_list":["post-1470","page","type-page","status-publish","hentry"],"yoast_head":"<!-- This site is optimized with the Yoast SEO plugin v27.4 - https:\/\/yoast.com\/product\/yoast-seo-wordpress\/ -->\n<title>From Sea to Summit: The Geological Wonders of the Westman Islands | Volcano ATV<\/title>\n<meta name=\"robots\" content=\"index, follow, max-snippet:-1, max-image-preview:large, max-video-preview:-1\" \/>\n<link rel=\"canonical\" href=\"https:\/\/volcanoatv.is\/en\/westman-islands\/from-sea-to-summit-the-geological-wonders-of-the-westman-islands\" \/>\n<meta property=\"og:locale\" content=\"en_US\" \/>\n<meta property=\"og:type\" content=\"article\" \/>\n<meta property=\"og:title\" content=\"From Sea to Summit: The Geological Wonders of the Westman Islands | Volcano ATV\" \/>\n<meta property=\"og:description\" content=\"Geology enthusiasts can\u2019t fail to be impressed by the Westman Islands. If you\u2019re planning a volcanic tour of Iceland, then...\" \/>\n<meta property=\"og:url\" content=\"https:\/\/volcanoatv.is\/en\/westman-islands\/from-sea-to-summit-the-geological-wonders-of-the-westman-islands\" \/>\n<meta property=\"og:site_name\" content=\"Volcano ATV\" \/>\n<meta property=\"article:publisher\" content=\"https:\/\/www.facebook.com\/volcanoatv\/\" \/>\n<meta property=\"article:modified_time\" content=\"2025-08-12T21:16:41+00:00\" \/>\n<meta property=\"og:image\" content=\"https:\/\/volcanoatv.is\/en\/wp-content\/uploads\/2025\/06\/hraun-vefur.jpg\" \/>\n\t<meta property=\"og:image:width\" content=\"1024\" \/>\n\t<meta property=\"og:image:height\" content=\"469\" \/>\n\t<meta property=\"og:image:type\" content=\"image\/jpeg\" \/>\n<meta name=\"twitter:card\" content=\"summary_large_image\" \/>\n<meta name=\"twitter:label1\" content=\"Est. reading time\" \/>\n\t<meta name=\"twitter:data1\" content=\"4 minutes\" \/>\n<script type=\"application\/ld+json\" class=\"yoast-schema-graph\">{\"@context\":\"https:\\\/\\\/schema.org\",\"@graph\":[{\"@type\":\"WebPage\",\"@id\":\"https:\\\/\\\/volcanoatv.is\\\/en\\\/westman-islands\\\/from-sea-to-summit-the-geological-wonders-of-the-westman-islands\",\"url\":\"https:\\\/\\\/volcanoatv.is\\\/en\\\/westman-islands\\\/from-sea-to-summit-the-geological-wonders-of-the-westman-islands\",\"name\":\"From Sea to Summit: The Geological Wonders of the Westman Islands | Volcano ATV\",\"isPartOf\":{\"@id\":\"https:\\\/\\\/volcanoatv.is\\\/en\\\/#website\"},\"primaryImageOfPage\":{\"@id\":\"https:\\\/\\\/volcanoatv.is\\\/en\\\/westman-islands\\\/from-sea-to-summit-the-geological-wonders-of-the-westman-islands#primaryimage\"},\"image\":{\"@id\":\"https:\\\/\\\/volcanoatv.is\\\/en\\\/westman-islands\\\/from-sea-to-summit-the-geological-wonders-of-the-westman-islands#primaryimage\"},\"thumbnailUrl\":\"https:\\\/\\\/volcanoatv.is\\\/en\\\/wp-content\\\/uploads\\\/2025\\\/06\\\/hraun-vefur.jpg\",\"datePublished\":\"2025-08-12T21:16:40+00:00\",\"dateModified\":\"2025-08-12T21:16:41+00:00\",\"breadcrumb\":{\"@id\":\"https:\\\/\\\/volcanoatv.is\\\/en\\\/westman-islands\\\/from-sea-to-summit-the-geological-wonders-of-the-westman-islands#breadcrumb\"},\"inLanguage\":\"en-US\",\"potentialAction\":[{\"@type\":\"ReadAction\",\"target\":[\"https:\\\/\\\/volcanoatv.is\\\/en\\\/westman-islands\\\/from-sea-to-summit-the-geological-wonders-of-the-westman-islands\"]}]},{\"@type\":\"ImageObject\",\"inLanguage\":\"en-US\",\"@id\":\"https:\\\/\\\/volcanoatv.is\\\/en\\\/westman-islands\\\/from-sea-to-summit-the-geological-wonders-of-the-westman-islands#primaryimage\",\"url\":\"https:\\\/\\\/volcanoatv.is\\\/en\\\/wp-content\\\/uploads\\\/2025\\\/06\\\/hraun-vefur.jpg\",\"contentUrl\":\"https:\\\/\\\/volcanoatv.is\\\/en\\\/wp-content\\\/uploads\\\/2025\\\/06\\\/hraun-vefur.jpg\",\"width\":1024,\"height\":469},{\"@type\":\"BreadcrumbList\",\"@id\":\"https:\\\/\\\/volcanoatv.is\\\/en\\\/westman-islands\\\/from-sea-to-summit-the-geological-wonders-of-the-westman-islands#breadcrumb\",\"itemListElement\":[{\"@type\":\"ListItem\",\"position\":1,\"name\":\"Home\",\"item\":\"https:\\\/\\\/volcanoatv.is\\\/en\\\/\"},{\"@type\":\"ListItem\",\"position\":2,\"name\":\"Westman Islands\",\"item\":\"https:\\\/\\\/volcanoatv.is\\\/en\\\/westman-islands\"},{\"@type\":\"ListItem\",\"position\":3,\"name\":\"From Sea to Summit: The Geological Wonders of the Westman Islands\"}]},{\"@type\":\"WebSite\",\"@id\":\"https:\\\/\\\/volcanoatv.is\\\/en\\\/#website\",\"url\":\"https:\\\/\\\/volcanoatv.is\\\/en\\\/\",\"name\":\"Volcano ATV\",\"description\":\"Volcano atv tours\",\"publisher\":{\"@id\":\"https:\\\/\\\/volcanoatv.is\\\/en\\\/#organization\"},\"potentialAction\":[{\"@type\":\"SearchAction\",\"target\":{\"@type\":\"EntryPoint\",\"urlTemplate\":\"https:\\\/\\\/volcanoatv.is\\\/en\\\/?s={search_term_string}\"},\"query-input\":{\"@type\":\"PropertyValueSpecification\",\"valueRequired\":true,\"valueName\":\"search_term_string\"}}],\"inLanguage\":\"en-US\"},{\"@type\":\"Organization\",\"@id\":\"https:\\\/\\\/volcanoatv.is\\\/en\\\/#organization\",\"name\":\"Volcano ATV\",\"url\":\"https:\\\/\\\/volcanoatv.is\\\/en\\\/\",\"logo\":{\"@type\":\"ImageObject\",\"inLanguage\":\"en-US\",\"@id\":\"https:\\\/\\\/volcanoatv.is\\\/en\\\/#\\\/schema\\\/logo\\\/image\\\/\",\"url\":\"https:\\\/\\\/volcanoatv.is\\\/en\\\/wp-content\\\/uploads\\\/2019\\\/02\\\/Volcano-ATV-logo-01.png\",\"contentUrl\":\"https:\\\/\\\/volcanoatv.is\\\/en\\\/wp-content\\\/uploads\\\/2019\\\/02\\\/Volcano-ATV-logo-01.png\",\"width\":3456,\"height\":887,\"caption\":\"Volcano ATV\"},\"image\":{\"@id\":\"https:\\\/\\\/volcanoatv.is\\\/en\\\/#\\\/schema\\\/logo\\\/image\\\/\"},\"sameAs\":[\"https:\\\/\\\/www.facebook.com\\\/volcanoatv\\\/\",\"https:\\\/\\\/www.instagram.com\\\/volcanoatv\\\/\"]}]}<\/script>\n<!-- \/ Yoast SEO plugin. -->","yoast_head_json":{"title":"From Sea to Summit: The Geological Wonders of the Westman Islands | Volcano ATV","robots":{"index":"index","follow":"follow","max-snippet":"max-snippet:-1","max-image-preview":"max-image-preview:large","max-video-preview":"max-video-preview:-1"},"canonical":"https:\/\/volcanoatv.is\/en\/westman-islands\/from-sea-to-summit-the-geological-wonders-of-the-westman-islands","og_locale":"en_US","og_type":"article","og_title":"From Sea to Summit: The Geological Wonders of the Westman Islands | Volcano ATV","og_description":"Geology enthusiasts can\u2019t fail to be impressed by the Westman Islands. If you\u2019re planning a volcanic tour of Iceland, then...","og_url":"https:\/\/volcanoatv.is\/en\/westman-islands\/from-sea-to-summit-the-geological-wonders-of-the-westman-islands","og_site_name":"Volcano ATV","article_publisher":"https:\/\/www.facebook.com\/volcanoatv\/","article_modified_time":"2025-08-12T21:16:41+00:00","og_image":[{"width":1024,"height":469,"url":"https:\/\/volcanoatv.is\/en\/wp-content\/uploads\/2025\/06\/hraun-vefur.jpg","type":"image\/jpeg"}],"twitter_card":"summary_large_image","twitter_misc":{"Est. reading time":"4 minutes"},"schema":{"@context":"https:\/\/schema.org","@graph":[{"@type":"WebPage","@id":"https:\/\/volcanoatv.is\/en\/westman-islands\/from-sea-to-summit-the-geological-wonders-of-the-westman-islands","url":"https:\/\/volcanoatv.is\/en\/westman-islands\/from-sea-to-summit-the-geological-wonders-of-the-westman-islands","name":"From Sea to Summit: The Geological Wonders of the Westman Islands | Volcano ATV","isPartOf":{"@id":"https:\/\/volcanoatv.is\/en\/#website"},"primaryImageOfPage":{"@id":"https:\/\/volcanoatv.is\/en\/westman-islands\/from-sea-to-summit-the-geological-wonders-of-the-westman-islands#primaryimage"},"image":{"@id":"https:\/\/volcanoatv.is\/en\/westman-islands\/from-sea-to-summit-the-geological-wonders-of-the-westman-islands#primaryimage"},"thumbnailUrl":"https:\/\/volcanoatv.is\/en\/wp-content\/uploads\/2025\/06\/hraun-vefur.jpg","datePublished":"2025-08-12T21:16:40+00:00","dateModified":"2025-08-12T21:16:41+00:00","breadcrumb":{"@id":"https:\/\/volcanoatv.is\/en\/westman-islands\/from-sea-to-summit-the-geological-wonders-of-the-westman-islands#breadcrumb"},"inLanguage":"en-US","potentialAction":[{"@type":"ReadAction","target":["https:\/\/volcanoatv.is\/en\/westman-islands\/from-sea-to-summit-the-geological-wonders-of-the-westman-islands"]}]},{"@type":"ImageObject","inLanguage":"en-US","@id":"https:\/\/volcanoatv.is\/en\/westman-islands\/from-sea-to-summit-the-geological-wonders-of-the-westman-islands#primaryimage","url":"https:\/\/volcanoatv.is\/en\/wp-content\/uploads\/2025\/06\/hraun-vefur.jpg","contentUrl":"https:\/\/volcanoatv.is\/en\/wp-content\/uploads\/2025\/06\/hraun-vefur.jpg","width":1024,"height":469},{"@type":"BreadcrumbList","@id":"https:\/\/volcanoatv.is\/en\/westman-islands\/from-sea-to-summit-the-geological-wonders-of-the-westman-islands#breadcrumb","itemListElement":[{"@type":"ListItem","position":1,"name":"Home","item":"https:\/\/volcanoatv.is\/en\/"},{"@type":"ListItem","position":2,"name":"Westman Islands","item":"https:\/\/volcanoatv.is\/en\/westman-islands"},{"@type":"ListItem","position":3,"name":"From Sea to Summit: The Geological Wonders of the Westman Islands"}]},{"@type":"WebSite","@id":"https:\/\/volcanoatv.is\/en\/#website","url":"https:\/\/volcanoatv.is\/en\/","name":"Volcano ATV","description":"Volcano atv tours","publisher":{"@id":"https:\/\/volcanoatv.is\/en\/#organization"},"potentialAction":[{"@type":"SearchAction","target":{"@type":"EntryPoint","urlTemplate":"https:\/\/volcanoatv.is\/en\/?s={search_term_string}"},"query-input":{"@type":"PropertyValueSpecification","valueRequired":true,"valueName":"search_term_string"}}],"inLanguage":"en-US"},{"@type":"Organization","@id":"https:\/\/volcanoatv.is\/en\/#organization","name":"Volcano ATV","url":"https:\/\/volcanoatv.is\/en\/","logo":{"@type":"ImageObject","inLanguage":"en-US","@id":"https:\/\/volcanoatv.is\/en\/#\/schema\/logo\/image\/","url":"https:\/\/volcanoatv.is\/en\/wp-content\/uploads\/2019\/02\/Volcano-ATV-logo-01.png","contentUrl":"https:\/\/volcanoatv.is\/en\/wp-content\/uploads\/2019\/02\/Volcano-ATV-logo-01.png","width":3456,"height":887,"caption":"Volcano ATV"},"image":{"@id":"https:\/\/volcanoatv.is\/en\/#\/schema\/logo\/image\/"},"sameAs":["https:\/\/www.facebook.com\/volcanoatv\/","https:\/\/www.instagram.com\/volcanoatv\/"]}]}},"_links":{"self":[{"href":"https:\/\/volcanoatv.is\/en\/wp-json\/wp\/v2\/pages\/1470","targetHints":{"allow":["GET"]}}],"collection":[{"href":"https:\/\/volcanoatv.is\/en\/wp-json\/wp\/v2\/pages"}],"about":[{"href":"https:\/\/volcanoatv.is\/en\/wp-json\/wp\/v2\/types\/page"}],"author":[{"embeddable":true,"href":"https:\/\/volcanoatv.is\/en\/wp-json\/wp\/v2\/users\/4"}],"replies":[{"embeddable":true,"href":"https:\/\/volcanoatv.is\/en\/wp-json\/wp\/v2\/comments?post=1470"}],"version-history":[{"count":1,"href":"https:\/\/volcanoatv.is\/en\/wp-json\/wp\/v2\/pages\/1470\/revisions"}],"predecessor-version":[{"id":1472,"href":"https:\/\/volcanoatv.is\/en\/wp-json\/wp\/v2\/pages\/1470\/revisions\/1472"}],"up":[{"embeddable":true,"href":"https:\/\/volcanoatv.is\/en\/wp-json\/wp\/v2\/pages\/1081"}],"wp:attachment":[{"href":"https:\/\/volcanoatv.is\/en\/wp-json\/wp\/v2\/media?parent=1470"}],"curies":[{"name":"wp","href":"https:\/\/api.w.org\/{rel}","templated":true}]}}