{"id":1463,"date":"2025-08-12T21:10:12","date_gmt":"2025-08-12T21:10:12","guid":{"rendered":"https:\/\/volcanoatv.is\/en\/?page_id=1463"},"modified":"2025-08-12T21:10:13","modified_gmt":"2025-08-12T21:10:13","slug":"visiting-the-loneliest-house-in-the-world-the-story-of-ellidaey-island","status":"publish","type":"page","link":"https:\/\/volcanoatv.is\/en\/westman-islands\/visiting-the-loneliest-house-in-the-world-the-story-of-ellidaey-island","title":{"rendered":"Visiting the Loneliest House in the World: The Story of Elli\u00f0aey Island"},"content":{"rendered":"\n<p>If you take a boat trip during your visit to the Westman Islands, you\u2019re likely to see a tiny white house perched on a grassy plateau high above the ocean. It sits, isolated and enigmatic, on the island of Elli\u00f0aey, but what\u2019s its story?<\/p>\n\n\n\n<p>Elli\u00f0aey is the northernmost island in the Vestmannaeyjar archipelago, yet despite its relative proximity to the mainland it remains pretty much untouched by people. That has a lot to do with its geography: vertiginous cliffs rise from the waves and even on the plateau, the slope shelves steeply. It\u2019s not hard to see why there isn\u2019t a settlement of significant size here; the logistics would be challenging to say the least.<\/p>\n\n\n\n<p>Yet there is that one house, so why is it here? It\u2019s been nicknamed the loneliest house in the world, and certainly it has a good claim in terms of Iceland itself. With blue skies overhead, it looks idyllic and if you\u2019ve only seen it in photos you could be forgiven for thinking they\u2019ve have been created using artificial intelligence. But it isn\u2019t too good to be true: it really does exist.<\/p>\n\n\n\n<figure class=\"wp-block-image size-full\"><img loading=\"lazy\" decoding=\"async\" width=\"1024\" height=\"402\" src=\"https:\/\/volcanoatv.is\/en\/wp-content\/uploads\/2025\/08\/lonliest-house-web.jpg\" alt=\"\" class=\"wp-image-1464\" srcset=\"https:\/\/volcanoatv.is\/en\/wp-content\/uploads\/2025\/08\/lonliest-house-web.jpg 1024w, https:\/\/volcanoatv.is\/en\/wp-content\/uploads\/2025\/08\/lonliest-house-web-600x236.jpg 600w, https:\/\/volcanoatv.is\/en\/wp-content\/uploads\/2025\/08\/lonliest-house-web-300x118.jpg 300w, https:\/\/volcanoatv.is\/en\/wp-content\/uploads\/2025\/08\/lonliest-house-web-768x302.jpg 768w\" sizes=\"auto, (max-width: 1024px) 100vw, 1024px\" \/><\/figure>\n\n\n\n<p>Though the Elli\u00f0aey house would make the ideal retreat for anyone seeking seclusion and a break from the outside world, it actually serves a different purpose. While the property would definitely suit a rich recluse, in fact, the Elli\u00f0aey Hunting Association owns the place. They constructed it in the 1950s as a base for those who wished to partake in longer hunting trips.&nbsp;<\/p>\n\n\n\n<p>You may be wondering, therefore, why you\u2019ve read about it being the home of kooky Icelandic singer Bj\u00f6rk. That\u2019s because this Elli\u00f0aey isn\u2019t the only one in Iceland. There\u2019s another in Brei\u00f0afj\u00f6r\u00f0ur, the wide fjord that separates the Westfjords and the Snaefellsnes peninsula. Back in 2000, the Icelandic government owned the island but it wanted to offload it to her.&nbsp;<\/p>\n\n\n\n<p>The press reported a comment from the then prime minister Dav\u00ed\u00f0 Oddsson. In a speech to the Al\u00feing he said that the singer could live on Elli\u00f0aey free of charge though she never took up the offer. Many people who read this comment didn\u2019t realise that the news was about an entirely different Elli\u00f0aey &#8211; perhaps an easy mistake to make given how perfect the island we\u2019re talking about would have been.<\/p>\n\n\n\n<p>Actually, the Elli\u00f0aey house isn\u2019t the only building on the island, though the other is a smaller and much simpler place. It predates the hunting lodge and was most likely used by scientists studying the island\u2019s nature &#8211; though it\u2019s not really clear how. Probably it was used for storage.&nbsp;<\/p>\n\n\n\n<p>If you catch the ferry over to Vestmannaeyjar from the mainland as many visitors do, you should be able to catch sight of the loneliest house in the world while onboard. Taking a sightseeing boat trip from Heimaey is another good way to view the Elli\u00f0aey house. Although you can see it on a clear day from Heimaey itself, nothing beats seeing it from the water. From this vantage point you really get a sense of the scale of the place and the isolated locale.&nbsp;<\/p>\n\n\n\n<p>Nevertheless given the proximity of the Elli\u00f0aey house to Heimaey it\u2019s easy to incorporate it into your Westman Islands sightseeing. Even if you\u2019ve chosen to come to Vestmannaeyjar only for a day trip, it\u2019s still possible to combine a boat trip to see the Elli\u00f0aey house (and in summer birds such as puffins) with land-based activities such as one of our ATV rides. But however long your visit lasts, you\u2019re going to want to take a look at the loneliest house in the world.&nbsp;<\/p>\n","protected":false},"excerpt":{"rendered":"<p>If you take a boat trip during your visit to the Westman Islands, you\u2019re likely to see a tiny white&#8230;<\/p>\n","protected":false},"author":4,"featured_media":0,"parent":1081,"menu_order":0,"comment_status":"closed","ping_status":"closed","template":"","meta":{"_exactmetrics_skip_tracking":false,"_exactmetrics_sitenote_active":false,"_exactmetrics_sitenote_note":"","_exactmetrics_sitenote_category":0,"footnotes":""},"class_list":["post-1463","page","type-page","status-publish","hentry"],"yoast_head":"<!-- This site is optimized with the Yoast SEO plugin v27.4 - https:\/\/yoast.com\/product\/yoast-seo-wordpress\/ -->\n<title>Visiting the Loneliest House in the World: The Story of Elli\u00f0aey Island | Volcano ATV<\/title>\n<meta name=\"robots\" content=\"index, follow, max-snippet:-1, max-image-preview:large, max-video-preview:-1\" \/>\n<link rel=\"canonical\" href=\"https:\/\/volcanoatv.is\/en\/westman-islands\/visiting-the-loneliest-house-in-the-world-the-story-of-ellidaey-island\" \/>\n<meta property=\"og:locale\" content=\"en_US\" \/>\n<meta property=\"og:type\" content=\"article\" \/>\n<meta property=\"og:title\" content=\"Visiting the Loneliest House in the World: The Story of Elli\u00f0aey Island | Volcano ATV\" \/>\n<meta property=\"og:description\" content=\"If you take a boat trip during your visit to the Westman Islands, you\u2019re likely to see a tiny white...\" \/>\n<meta property=\"og:url\" content=\"https:\/\/volcanoatv.is\/en\/westman-islands\/visiting-the-loneliest-house-in-the-world-the-story-of-ellidaey-island\" \/>\n<meta property=\"og:site_name\" content=\"Volcano ATV\" \/>\n<meta property=\"article:publisher\" content=\"https:\/\/www.facebook.com\/volcanoatv\/\" \/>\n<meta property=\"article:modified_time\" content=\"2025-08-12T21:10:13+00:00\" \/>\n<meta property=\"og:image\" content=\"https:\/\/volcanoatv.is\/en\/wp-content\/uploads\/2025\/08\/lonliest-house-web.jpg\" \/>\n\t<meta property=\"og:image:width\" content=\"1024\" \/>\n\t<meta property=\"og:image:height\" content=\"402\" \/>\n\t<meta property=\"og:image:type\" content=\"image\/jpeg\" \/>\n<meta name=\"twitter:card\" content=\"summary_large_image\" \/>\n<meta name=\"twitter:label1\" content=\"Est. reading time\" \/>\n\t<meta name=\"twitter:data1\" content=\"3 minutes\" \/>\n<script type=\"application\/ld+json\" class=\"yoast-schema-graph\">{\"@context\":\"https:\\\/\\\/schema.org\",\"@graph\":[{\"@type\":\"WebPage\",\"@id\":\"https:\\\/\\\/volcanoatv.is\\\/en\\\/westman-islands\\\/visiting-the-loneliest-house-in-the-world-the-story-of-ellidaey-island\",\"url\":\"https:\\\/\\\/volcanoatv.is\\\/en\\\/westman-islands\\\/visiting-the-loneliest-house-in-the-world-the-story-of-ellidaey-island\",\"name\":\"Visiting the Loneliest House in the World: The Story of Elli\u00f0aey Island | Volcano ATV\",\"isPartOf\":{\"@id\":\"https:\\\/\\\/volcanoatv.is\\\/en\\\/#website\"},\"primaryImageOfPage\":{\"@id\":\"https:\\\/\\\/volcanoatv.is\\\/en\\\/westman-islands\\\/visiting-the-loneliest-house-in-the-world-the-story-of-ellidaey-island#primaryimage\"},\"image\":{\"@id\":\"https:\\\/\\\/volcanoatv.is\\\/en\\\/westman-islands\\\/visiting-the-loneliest-house-in-the-world-the-story-of-ellidaey-island#primaryimage\"},\"thumbnailUrl\":\"https:\\\/\\\/volcanoatv.is\\\/en\\\/wp-content\\\/uploads\\\/2025\\\/08\\\/lonliest-house-web.jpg\",\"datePublished\":\"2025-08-12T21:10:12+00:00\",\"dateModified\":\"2025-08-12T21:10:13+00:00\",\"breadcrumb\":{\"@id\":\"https:\\\/\\\/volcanoatv.is\\\/en\\\/westman-islands\\\/visiting-the-loneliest-house-in-the-world-the-story-of-ellidaey-island#breadcrumb\"},\"inLanguage\":\"en-US\",\"potentialAction\":[{\"@type\":\"ReadAction\",\"target\":[\"https:\\\/\\\/volcanoatv.is\\\/en\\\/westman-islands\\\/visiting-the-loneliest-house-in-the-world-the-story-of-ellidaey-island\"]}]},{\"@type\":\"ImageObject\",\"inLanguage\":\"en-US\",\"@id\":\"https:\\\/\\\/volcanoatv.is\\\/en\\\/westman-islands\\\/visiting-the-loneliest-house-in-the-world-the-story-of-ellidaey-island#primaryimage\",\"url\":\"https:\\\/\\\/volcanoatv.is\\\/en\\\/wp-content\\\/uploads\\\/2025\\\/08\\\/lonliest-house-web.jpg\",\"contentUrl\":\"https:\\\/\\\/volcanoatv.is\\\/en\\\/wp-content\\\/uploads\\\/2025\\\/08\\\/lonliest-house-web.jpg\",\"width\":1024,\"height\":402},{\"@type\":\"BreadcrumbList\",\"@id\":\"https:\\\/\\\/volcanoatv.is\\\/en\\\/westman-islands\\\/visiting-the-loneliest-house-in-the-world-the-story-of-ellidaey-island#breadcrumb\",\"itemListElement\":[{\"@type\":\"ListItem\",\"position\":1,\"name\":\"Home\",\"item\":\"https:\\\/\\\/volcanoatv.is\\\/en\\\/\"},{\"@type\":\"ListItem\",\"position\":2,\"name\":\"Westman Islands\",\"item\":\"https:\\\/\\\/volcanoatv.is\\\/en\\\/westman-islands\"},{\"@type\":\"ListItem\",\"position\":3,\"name\":\"Visiting the Loneliest House in the World: The Story of Elli\u00f0aey Island\"}]},{\"@type\":\"WebSite\",\"@id\":\"https:\\\/\\\/volcanoatv.is\\\/en\\\/#website\",\"url\":\"https:\\\/\\\/volcanoatv.is\\\/en\\\/\",\"name\":\"Volcano ATV\",\"description\":\"Volcano atv tours\",\"publisher\":{\"@id\":\"https:\\\/\\\/volcanoatv.is\\\/en\\\/#organization\"},\"potentialAction\":[{\"@type\":\"SearchAction\",\"target\":{\"@type\":\"EntryPoint\",\"urlTemplate\":\"https:\\\/\\\/volcanoatv.is\\\/en\\\/?s={search_term_string}\"},\"query-input\":{\"@type\":\"PropertyValueSpecification\",\"valueRequired\":true,\"valueName\":\"search_term_string\"}}],\"inLanguage\":\"en-US\"},{\"@type\":\"Organization\",\"@id\":\"https:\\\/\\\/volcanoatv.is\\\/en\\\/#organization\",\"name\":\"Volcano ATV\",\"url\":\"https:\\\/\\\/volcanoatv.is\\\/en\\\/\",\"logo\":{\"@type\":\"ImageObject\",\"inLanguage\":\"en-US\",\"@id\":\"https:\\\/\\\/volcanoatv.is\\\/en\\\/#\\\/schema\\\/logo\\\/image\\\/\",\"url\":\"https:\\\/\\\/volcanoatv.is\\\/en\\\/wp-content\\\/uploads\\\/2019\\\/02\\\/Volcano-ATV-logo-01.png\",\"contentUrl\":\"https:\\\/\\\/volcanoatv.is\\\/en\\\/wp-content\\\/uploads\\\/2019\\\/02\\\/Volcano-ATV-logo-01.png\",\"width\":3456,\"height\":887,\"caption\":\"Volcano ATV\"},\"image\":{\"@id\":\"https:\\\/\\\/volcanoatv.is\\\/en\\\/#\\\/schema\\\/logo\\\/image\\\/\"},\"sameAs\":[\"https:\\\/\\\/www.facebook.com\\\/volcanoatv\\\/\",\"https:\\\/\\\/www.instagram.com\\\/volcanoatv\\\/\"]}]}<\/script>\n<!-- \/ Yoast SEO plugin. -->","yoast_head_json":{"title":"Visiting the Loneliest House in the World: The Story of Elli\u00f0aey Island | Volcano ATV","robots":{"index":"index","follow":"follow","max-snippet":"max-snippet:-1","max-image-preview":"max-image-preview:large","max-video-preview":"max-video-preview:-1"},"canonical":"https:\/\/volcanoatv.is\/en\/westman-islands\/visiting-the-loneliest-house-in-the-world-the-story-of-ellidaey-island","og_locale":"en_US","og_type":"article","og_title":"Visiting the Loneliest House in the World: The Story of Elli\u00f0aey Island | Volcano ATV","og_description":"If you take a boat trip during your visit to the Westman Islands, you\u2019re likely to see a tiny white...","og_url":"https:\/\/volcanoatv.is\/en\/westman-islands\/visiting-the-loneliest-house-in-the-world-the-story-of-ellidaey-island","og_site_name":"Volcano ATV","article_publisher":"https:\/\/www.facebook.com\/volcanoatv\/","article_modified_time":"2025-08-12T21:10:13+00:00","og_image":[{"width":1024,"height":402,"url":"https:\/\/volcanoatv.is\/en\/wp-content\/uploads\/2025\/08\/lonliest-house-web.jpg","type":"image\/jpeg"}],"twitter_card":"summary_large_image","twitter_misc":{"Est. reading time":"3 minutes"},"schema":{"@context":"https:\/\/schema.org","@graph":[{"@type":"WebPage","@id":"https:\/\/volcanoatv.is\/en\/westman-islands\/visiting-the-loneliest-house-in-the-world-the-story-of-ellidaey-island","url":"https:\/\/volcanoatv.is\/en\/westman-islands\/visiting-the-loneliest-house-in-the-world-the-story-of-ellidaey-island","name":"Visiting the Loneliest House in the World: The Story of Elli\u00f0aey Island | Volcano ATV","isPartOf":{"@id":"https:\/\/volcanoatv.is\/en\/#website"},"primaryImageOfPage":{"@id":"https:\/\/volcanoatv.is\/en\/westman-islands\/visiting-the-loneliest-house-in-the-world-the-story-of-ellidaey-island#primaryimage"},"image":{"@id":"https:\/\/volcanoatv.is\/en\/westman-islands\/visiting-the-loneliest-house-in-the-world-the-story-of-ellidaey-island#primaryimage"},"thumbnailUrl":"https:\/\/volcanoatv.is\/en\/wp-content\/uploads\/2025\/08\/lonliest-house-web.jpg","datePublished":"2025-08-12T21:10:12+00:00","dateModified":"2025-08-12T21:10:13+00:00","breadcrumb":{"@id":"https:\/\/volcanoatv.is\/en\/westman-islands\/visiting-the-loneliest-house-in-the-world-the-story-of-ellidaey-island#breadcrumb"},"inLanguage":"en-US","potentialAction":[{"@type":"ReadAction","target":["https:\/\/volcanoatv.is\/en\/westman-islands\/visiting-the-loneliest-house-in-the-world-the-story-of-ellidaey-island"]}]},{"@type":"ImageObject","inLanguage":"en-US","@id":"https:\/\/volcanoatv.is\/en\/westman-islands\/visiting-the-loneliest-house-in-the-world-the-story-of-ellidaey-island#primaryimage","url":"https:\/\/volcanoatv.is\/en\/wp-content\/uploads\/2025\/08\/lonliest-house-web.jpg","contentUrl":"https:\/\/volcanoatv.is\/en\/wp-content\/uploads\/2025\/08\/lonliest-house-web.jpg","width":1024,"height":402},{"@type":"BreadcrumbList","@id":"https:\/\/volcanoatv.is\/en\/westman-islands\/visiting-the-loneliest-house-in-the-world-the-story-of-ellidaey-island#breadcrumb","itemListElement":[{"@type":"ListItem","position":1,"name":"Home","item":"https:\/\/volcanoatv.is\/en\/"},{"@type":"ListItem","position":2,"name":"Westman Islands","item":"https:\/\/volcanoatv.is\/en\/westman-islands"},{"@type":"ListItem","position":3,"name":"Visiting the Loneliest House in the World: The Story of Elli\u00f0aey Island"}]},{"@type":"WebSite","@id":"https:\/\/volcanoatv.is\/en\/#website","url":"https:\/\/volcanoatv.is\/en\/","name":"Volcano ATV","description":"Volcano atv tours","publisher":{"@id":"https:\/\/volcanoatv.is\/en\/#organization"},"potentialAction":[{"@type":"SearchAction","target":{"@type":"EntryPoint","urlTemplate":"https:\/\/volcanoatv.is\/en\/?s={search_term_string}"},"query-input":{"@type":"PropertyValueSpecification","valueRequired":true,"valueName":"search_term_string"}}],"inLanguage":"en-US"},{"@type":"Organization","@id":"https:\/\/volcanoatv.is\/en\/#organization","name":"Volcano ATV","url":"https:\/\/volcanoatv.is\/en\/","logo":{"@type":"ImageObject","inLanguage":"en-US","@id":"https:\/\/volcanoatv.is\/en\/#\/schema\/logo\/image\/","url":"https:\/\/volcanoatv.is\/en\/wp-content\/uploads\/2019\/02\/Volcano-ATV-logo-01.png","contentUrl":"https:\/\/volcanoatv.is\/en\/wp-content\/uploads\/2019\/02\/Volcano-ATV-logo-01.png","width":3456,"height":887,"caption":"Volcano ATV"},"image":{"@id":"https:\/\/volcanoatv.is\/en\/#\/schema\/logo\/image\/"},"sameAs":["https:\/\/www.facebook.com\/volcanoatv\/","https:\/\/www.instagram.com\/volcanoatv\/"]}]}},"_links":{"self":[{"href":"https:\/\/volcanoatv.is\/en\/wp-json\/wp\/v2\/pages\/1463","targetHints":{"allow":["GET"]}}],"collection":[{"href":"https:\/\/volcanoatv.is\/en\/wp-json\/wp\/v2\/pages"}],"about":[{"href":"https:\/\/volcanoatv.is\/en\/wp-json\/wp\/v2\/types\/page"}],"author":[{"embeddable":true,"href":"https:\/\/volcanoatv.is\/en\/wp-json\/wp\/v2\/users\/4"}],"replies":[{"embeddable":true,"href":"https:\/\/volcanoatv.is\/en\/wp-json\/wp\/v2\/comments?post=1463"}],"version-history":[{"count":1,"href":"https:\/\/volcanoatv.is\/en\/wp-json\/wp\/v2\/pages\/1463\/revisions"}],"predecessor-version":[{"id":1465,"href":"https:\/\/volcanoatv.is\/en\/wp-json\/wp\/v2\/pages\/1463\/revisions\/1465"}],"up":[{"embeddable":true,"href":"https:\/\/volcanoatv.is\/en\/wp-json\/wp\/v2\/pages\/1081"}],"wp:attachment":[{"href":"https:\/\/volcanoatv.is\/en\/wp-json\/wp\/v2\/media?parent=1463"}],"curies":[{"name":"wp","href":"https:\/\/api.w.org\/{rel}","templated":true}]}}