{"id":1460,"date":"2025-08-12T21:05:46","date_gmt":"2025-08-12T21:05:46","guid":{"rendered":"https:\/\/volcanoatv.is\/en\/?page_id=1460"},"modified":"2025-08-12T21:05:47","modified_gmt":"2025-08-12T21:05:47","slug":"cruise-stopover-in-heimaey-self-guided-walking-tour-and-atv-adventure-options","status":"publish","type":"page","link":"https:\/\/volcanoatv.is\/en\/westman-islands\/cruise-stopover-in-heimaey-self-guided-walking-tour-and-atv-adventure-options","title":{"rendered":"Cruise Stopover in Heimaey: Self-Guided Walking Tour and ATV Adventure Options"},"content":{"rendered":"\n<p>While it\u2019s fun being at sea, when you arrive in port during a cruise sometimes the last thing you want to do is book a boat trip. For those passengers keen to stay on land during their visit to the Westman Islands, nothing beats the combination of an adrenaline packed ATV tours with time spent exploring on foot. In this article we\u2019ll offer a Heimaey cruise itinerary with suggestions about what you can do and where you can go with limited time at your disposal.&nbsp;<\/p>\n\n\n\n<p>Heimaey is the only inhabited island in the Vestmannaeyjar archipelago but it\u2019s also where there\u2019s most to see and do. Beginning at the port, it\u2019s just a short stroll along the waterfront to the Beluga Whale Sanctuary. The place is home to two remarkable residents: a pair of cetaceans which are slowly being rehabilitated with a view to releasing them back into the open ocean. The place also acts as a puffin hospital and there are a few permanent feathery residents whose condition makes it impossible for them to return to the wild.<\/p>\n\n\n\n<p>After your visit to the sanctuary, you might wish to stretch your legs. Hikers will be pleased to learn that there are a number of short and easy trails that lead from the quayside to sites which are culturally or geologically significant. For example, you might focus on the Skansinn area and take a closer look at the historic stave church which overlooks the coast here. You\u2019re looking at about a 10 to 15 minute walk from the harbour.<\/p>\n\n\n\n<figure class=\"wp-block-image size-full\"><img loading=\"lazy\" decoding=\"async\" width=\"1024\" height=\"478\" src=\"https:\/\/volcanoatv.is\/en\/wp-content\/uploads\/2025\/06\/vestmannaeyjar.jpg\" alt=\"\" class=\"wp-image-1416\" srcset=\"https:\/\/volcanoatv.is\/en\/wp-content\/uploads\/2025\/06\/vestmannaeyjar.jpg 1024w, https:\/\/volcanoatv.is\/en\/wp-content\/uploads\/2025\/06\/vestmannaeyjar-600x280.jpg 600w, https:\/\/volcanoatv.is\/en\/wp-content\/uploads\/2025\/06\/vestmannaeyjar-300x140.jpg 300w, https:\/\/volcanoatv.is\/en\/wp-content\/uploads\/2025\/06\/vestmannaeyjar-768x359.jpg 768w\" sizes=\"auto, (max-width: 1024px) 100vw, 1024px\" \/><\/figure>\n\n\n\n<p>It\u2019s also possible to take a walk up to the summit of the Eldfell volcano where you can see the lava field created during the eruption in 1973. This unexpected event led to the successful evacuation of the island\u2019s population. No lives were lost but many houses were a casualty of the lava flows &#8211; one of which has been preserved as the main attraction of the Eldheimar museum. The museum itself is only a 20 minute walk from the waterfront; though you\u2019ll need to allow more time to summit Eldfell itself it\u2019s still easily doable for cruise ship passengers ashore.<\/p>\n\n\n\n<p>For something more challenging, you might consider hiking up to the Heimaklettur (Home Rock) viewpoint. It\u2019s a challenging route, steep in places and not for the faint hearted but if you are an experienced hiker the outlook from this lofty vantage point will definitely appeal. The walk to the start of the trail from where you access the ladders takes about 20 minutes, after which you should allow about an hour to reach the peak.<\/p>\n\n\n\n<figure class=\"wp-block-image size-full\"><img loading=\"lazy\" decoding=\"async\" width=\"800\" height=\"533\" src=\"https:\/\/volcanoatv.is\/en\/wp-content\/uploads\/2024\/04\/Heimaklettur-800x533-1920w-1.webp\" alt=\"\" class=\"wp-image-1189\" srcset=\"https:\/\/volcanoatv.is\/en\/wp-content\/uploads\/2024\/04\/Heimaklettur-800x533-1920w-1.webp 800w, https:\/\/volcanoatv.is\/en\/wp-content\/uploads\/2024\/04\/Heimaklettur-800x533-1920w-1-600x400.webp 600w, https:\/\/volcanoatv.is\/en\/wp-content\/uploads\/2024\/04\/Heimaklettur-800x533-1920w-1-300x200.webp 300w, https:\/\/volcanoatv.is\/en\/wp-content\/uploads\/2024\/04\/Heimaklettur-800x533-1920w-1-768x512.webp 768w\" sizes=\"auto, (max-width: 800px) 100vw, 800px\" \/><\/figure>\n\n\n\n<p>When you\u2019ve worked up an appetite, we\u2019d suggest you call in at one of Heimaey\u2019s cafes or restaurants, many of which are conveniently located close to the harbour. Here you can pause your cruise port tour of Iceland\u2019s most diverse island and refuel. Try Gott, n\u00e6s or Slippurinn, all of which offer great food.<\/p>\n\n\n\n<p>Alongside those short hikes in the Westman Islands, you\u2019ll be keen to see some of the more distant parts of the island. With limited time at your disposal it\u2019s not practical to try to see everything on foot, so we recommend that you take advantage of our ATV tours to cover more ground.&nbsp;<\/p>\n\n\n\n<p>It\u2019s a long walk up to the St\u00f3rh\u00f6f\u00f0i bird hide, for instance, but our ATVs are the ideal form of transport and will get you there more quickly. Here, throughout the summer, you\u2019ll be able to observe puffins coming and going from their cliff side burrows &#8211; part of the largest puffin colony in Iceland.&nbsp;<\/p>\n\n\n\n<p>We\u2019ll also take you to some of the island\u2019s remote spots including Prestvik Beach &#8211; site of the Pelagus &#8211; and to Herj\u00f3lfstown, the place where many centuries ago Westman Islanders encountered Barbary corsairs in one of the most frightening but fascinating episodes in the nation\u2019s history.&nbsp;<\/p>\n\n\n\n<figure class=\"wp-block-image size-full\"><img loading=\"lazy\" decoding=\"async\" width=\"1024\" height=\"747\" src=\"https:\/\/volcanoatv.is\/en\/wp-content\/uploads\/2025\/06\/volcano-tour.jpg\" alt=\"\" class=\"wp-image-1420\" srcset=\"https:\/\/volcanoatv.is\/en\/wp-content\/uploads\/2025\/06\/volcano-tour.jpg 1024w, https:\/\/volcanoatv.is\/en\/wp-content\/uploads\/2025\/06\/volcano-tour-600x438.jpg 600w, https:\/\/volcanoatv.is\/en\/wp-content\/uploads\/2025\/06\/volcano-tour-300x219.jpg 300w, https:\/\/volcanoatv.is\/en\/wp-content\/uploads\/2025\/06\/volcano-tour-768x560.jpg 768w\" sizes=\"auto, (max-width: 1024px) 100vw, 1024px\" \/><\/figure>\n\n\n\n<p>Our ATV tours start and finish in downtown Heimaey so you won\u2019t be far from the ship; this makes it easy to slot us in to your itinerary without any stress about it leaving without you. Why not make a hike and an ATV ride part of your Heimaey cruise itinerary?<\/p>\n","protected":false},"excerpt":{"rendered":"<p>While it\u2019s fun being at sea, when you arrive in port during a cruise sometimes the last thing you want&#8230;<\/p>\n","protected":false},"author":4,"featured_media":0,"parent":1081,"menu_order":0,"comment_status":"closed","ping_status":"closed","template":"","meta":{"_exactmetrics_skip_tracking":false,"_exactmetrics_sitenote_active":false,"_exactmetrics_sitenote_note":"","_exactmetrics_sitenote_category":0,"footnotes":""},"class_list":["post-1460","page","type-page","status-publish","hentry"],"yoast_head":"<!-- This site is optimized with the Yoast SEO plugin v27.4 - https:\/\/yoast.com\/product\/yoast-seo-wordpress\/ -->\n<title>Cruise Stopover in Heimaey: Self-Guided Walking Tour and ATV Adventure Options | Volcano ATV<\/title>\n<meta name=\"robots\" content=\"index, follow, max-snippet:-1, max-image-preview:large, max-video-preview:-1\" \/>\n<link rel=\"canonical\" href=\"https:\/\/volcanoatv.is\/en\/westman-islands\/cruise-stopover-in-heimaey-self-guided-walking-tour-and-atv-adventure-options\" \/>\n<meta property=\"og:locale\" content=\"en_US\" \/>\n<meta property=\"og:type\" content=\"article\" \/>\n<meta property=\"og:title\" content=\"Cruise Stopover in Heimaey: Self-Guided Walking Tour and ATV Adventure Options | Volcano ATV\" \/>\n<meta property=\"og:description\" content=\"While it\u2019s fun being at sea, when you arrive in port during a cruise sometimes the last thing you want...\" \/>\n<meta property=\"og:url\" content=\"https:\/\/volcanoatv.is\/en\/westman-islands\/cruise-stopover-in-heimaey-self-guided-walking-tour-and-atv-adventure-options\" \/>\n<meta property=\"og:site_name\" content=\"Volcano ATV\" \/>\n<meta property=\"article:publisher\" content=\"https:\/\/www.facebook.com\/volcanoatv\/\" \/>\n<meta property=\"article:modified_time\" content=\"2025-08-12T21:05:47+00:00\" \/>\n<meta property=\"og:image\" content=\"https:\/\/volcanoatv.is\/en\/wp-content\/uploads\/2025\/06\/vestmannaeyjar.jpg\" \/>\n\t<meta property=\"og:image:width\" content=\"1024\" \/>\n\t<meta property=\"og:image:height\" content=\"478\" \/>\n\t<meta property=\"og:image:type\" content=\"image\/jpeg\" \/>\n<meta name=\"twitter:card\" content=\"summary_large_image\" \/>\n<meta name=\"twitter:label1\" content=\"Est. reading time\" \/>\n\t<meta name=\"twitter:data1\" content=\"4 minutes\" \/>\n<script type=\"application\/ld+json\" class=\"yoast-schema-graph\">{\"@context\":\"https:\\\/\\\/schema.org\",\"@graph\":[{\"@type\":\"WebPage\",\"@id\":\"https:\\\/\\\/volcanoatv.is\\\/en\\\/westman-islands\\\/cruise-stopover-in-heimaey-self-guided-walking-tour-and-atv-adventure-options\",\"url\":\"https:\\\/\\\/volcanoatv.is\\\/en\\\/westman-islands\\\/cruise-stopover-in-heimaey-self-guided-walking-tour-and-atv-adventure-options\",\"name\":\"Cruise Stopover in Heimaey: Self-Guided Walking Tour and ATV Adventure Options | Volcano ATV\",\"isPartOf\":{\"@id\":\"https:\\\/\\\/volcanoatv.is\\\/en\\\/#website\"},\"primaryImageOfPage\":{\"@id\":\"https:\\\/\\\/volcanoatv.is\\\/en\\\/westman-islands\\\/cruise-stopover-in-heimaey-self-guided-walking-tour-and-atv-adventure-options#primaryimage\"},\"image\":{\"@id\":\"https:\\\/\\\/volcanoatv.is\\\/en\\\/westman-islands\\\/cruise-stopover-in-heimaey-self-guided-walking-tour-and-atv-adventure-options#primaryimage\"},\"thumbnailUrl\":\"https:\\\/\\\/volcanoatv.is\\\/en\\\/wp-content\\\/uploads\\\/2025\\\/06\\\/vestmannaeyjar.jpg\",\"datePublished\":\"2025-08-12T21:05:46+00:00\",\"dateModified\":\"2025-08-12T21:05:47+00:00\",\"breadcrumb\":{\"@id\":\"https:\\\/\\\/volcanoatv.is\\\/en\\\/westman-islands\\\/cruise-stopover-in-heimaey-self-guided-walking-tour-and-atv-adventure-options#breadcrumb\"},\"inLanguage\":\"en-US\",\"potentialAction\":[{\"@type\":\"ReadAction\",\"target\":[\"https:\\\/\\\/volcanoatv.is\\\/en\\\/westman-islands\\\/cruise-stopover-in-heimaey-self-guided-walking-tour-and-atv-adventure-options\"]}]},{\"@type\":\"ImageObject\",\"inLanguage\":\"en-US\",\"@id\":\"https:\\\/\\\/volcanoatv.is\\\/en\\\/westman-islands\\\/cruise-stopover-in-heimaey-self-guided-walking-tour-and-atv-adventure-options#primaryimage\",\"url\":\"https:\\\/\\\/volcanoatv.is\\\/en\\\/wp-content\\\/uploads\\\/2025\\\/06\\\/vestmannaeyjar.jpg\",\"contentUrl\":\"https:\\\/\\\/volcanoatv.is\\\/en\\\/wp-content\\\/uploads\\\/2025\\\/06\\\/vestmannaeyjar.jpg\",\"width\":1024,\"height\":478},{\"@type\":\"BreadcrumbList\",\"@id\":\"https:\\\/\\\/volcanoatv.is\\\/en\\\/westman-islands\\\/cruise-stopover-in-heimaey-self-guided-walking-tour-and-atv-adventure-options#breadcrumb\",\"itemListElement\":[{\"@type\":\"ListItem\",\"position\":1,\"name\":\"Home\",\"item\":\"https:\\\/\\\/volcanoatv.is\\\/en\\\/\"},{\"@type\":\"ListItem\",\"position\":2,\"name\":\"Westman Islands\",\"item\":\"https:\\\/\\\/volcanoatv.is\\\/en\\\/westman-islands\"},{\"@type\":\"ListItem\",\"position\":3,\"name\":\"Cruise Stopover in Heimaey: Self-Guided Walking Tour and ATV Adventure Options\"}]},{\"@type\":\"WebSite\",\"@id\":\"https:\\\/\\\/volcanoatv.is\\\/en\\\/#website\",\"url\":\"https:\\\/\\\/volcanoatv.is\\\/en\\\/\",\"name\":\"Volcano ATV\",\"description\":\"Volcano atv tours\",\"publisher\":{\"@id\":\"https:\\\/\\\/volcanoatv.is\\\/en\\\/#organization\"},\"potentialAction\":[{\"@type\":\"SearchAction\",\"target\":{\"@type\":\"EntryPoint\",\"urlTemplate\":\"https:\\\/\\\/volcanoatv.is\\\/en\\\/?s={search_term_string}\"},\"query-input\":{\"@type\":\"PropertyValueSpecification\",\"valueRequired\":true,\"valueName\":\"search_term_string\"}}],\"inLanguage\":\"en-US\"},{\"@type\":\"Organization\",\"@id\":\"https:\\\/\\\/volcanoatv.is\\\/en\\\/#organization\",\"name\":\"Volcano ATV\",\"url\":\"https:\\\/\\\/volcanoatv.is\\\/en\\\/\",\"logo\":{\"@type\":\"ImageObject\",\"inLanguage\":\"en-US\",\"@id\":\"https:\\\/\\\/volcanoatv.is\\\/en\\\/#\\\/schema\\\/logo\\\/image\\\/\",\"url\":\"https:\\\/\\\/volcanoatv.is\\\/en\\\/wp-content\\\/uploads\\\/2019\\\/02\\\/Volcano-ATV-logo-01.png\",\"contentUrl\":\"https:\\\/\\\/volcanoatv.is\\\/en\\\/wp-content\\\/uploads\\\/2019\\\/02\\\/Volcano-ATV-logo-01.png\",\"width\":3456,\"height\":887,\"caption\":\"Volcano ATV\"},\"image\":{\"@id\":\"https:\\\/\\\/volcanoatv.is\\\/en\\\/#\\\/schema\\\/logo\\\/image\\\/\"},\"sameAs\":[\"https:\\\/\\\/www.facebook.com\\\/volcanoatv\\\/\",\"https:\\\/\\\/www.instagram.com\\\/volcanoatv\\\/\"]}]}<\/script>\n<!-- \/ Yoast SEO plugin. -->","yoast_head_json":{"title":"Cruise Stopover in Heimaey: Self-Guided Walking Tour and ATV Adventure Options | Volcano ATV","robots":{"index":"index","follow":"follow","max-snippet":"max-snippet:-1","max-image-preview":"max-image-preview:large","max-video-preview":"max-video-preview:-1"},"canonical":"https:\/\/volcanoatv.is\/en\/westman-islands\/cruise-stopover-in-heimaey-self-guided-walking-tour-and-atv-adventure-options","og_locale":"en_US","og_type":"article","og_title":"Cruise Stopover in Heimaey: Self-Guided Walking Tour and ATV Adventure Options | Volcano ATV","og_description":"While it\u2019s fun being at sea, when you arrive in port during a cruise sometimes the last thing you want...","og_url":"https:\/\/volcanoatv.is\/en\/westman-islands\/cruise-stopover-in-heimaey-self-guided-walking-tour-and-atv-adventure-options","og_site_name":"Volcano ATV","article_publisher":"https:\/\/www.facebook.com\/volcanoatv\/","article_modified_time":"2025-08-12T21:05:47+00:00","og_image":[{"width":1024,"height":478,"url":"https:\/\/volcanoatv.is\/en\/wp-content\/uploads\/2025\/06\/vestmannaeyjar.jpg","type":"image\/jpeg"}],"twitter_card":"summary_large_image","twitter_misc":{"Est. reading time":"4 minutes"},"schema":{"@context":"https:\/\/schema.org","@graph":[{"@type":"WebPage","@id":"https:\/\/volcanoatv.is\/en\/westman-islands\/cruise-stopover-in-heimaey-self-guided-walking-tour-and-atv-adventure-options","url":"https:\/\/volcanoatv.is\/en\/westman-islands\/cruise-stopover-in-heimaey-self-guided-walking-tour-and-atv-adventure-options","name":"Cruise Stopover in Heimaey: Self-Guided Walking Tour and ATV Adventure Options | Volcano ATV","isPartOf":{"@id":"https:\/\/volcanoatv.is\/en\/#website"},"primaryImageOfPage":{"@id":"https:\/\/volcanoatv.is\/en\/westman-islands\/cruise-stopover-in-heimaey-self-guided-walking-tour-and-atv-adventure-options#primaryimage"},"image":{"@id":"https:\/\/volcanoatv.is\/en\/westman-islands\/cruise-stopover-in-heimaey-self-guided-walking-tour-and-atv-adventure-options#primaryimage"},"thumbnailUrl":"https:\/\/volcanoatv.is\/en\/wp-content\/uploads\/2025\/06\/vestmannaeyjar.jpg","datePublished":"2025-08-12T21:05:46+00:00","dateModified":"2025-08-12T21:05:47+00:00","breadcrumb":{"@id":"https:\/\/volcanoatv.is\/en\/westman-islands\/cruise-stopover-in-heimaey-self-guided-walking-tour-and-atv-adventure-options#breadcrumb"},"inLanguage":"en-US","potentialAction":[{"@type":"ReadAction","target":["https:\/\/volcanoatv.is\/en\/westman-islands\/cruise-stopover-in-heimaey-self-guided-walking-tour-and-atv-adventure-options"]}]},{"@type":"ImageObject","inLanguage":"en-US","@id":"https:\/\/volcanoatv.is\/en\/westman-islands\/cruise-stopover-in-heimaey-self-guided-walking-tour-and-atv-adventure-options#primaryimage","url":"https:\/\/volcanoatv.is\/en\/wp-content\/uploads\/2025\/06\/vestmannaeyjar.jpg","contentUrl":"https:\/\/volcanoatv.is\/en\/wp-content\/uploads\/2025\/06\/vestmannaeyjar.jpg","width":1024,"height":478},{"@type":"BreadcrumbList","@id":"https:\/\/volcanoatv.is\/en\/westman-islands\/cruise-stopover-in-heimaey-self-guided-walking-tour-and-atv-adventure-options#breadcrumb","itemListElement":[{"@type":"ListItem","position":1,"name":"Home","item":"https:\/\/volcanoatv.is\/en\/"},{"@type":"ListItem","position":2,"name":"Westman Islands","item":"https:\/\/volcanoatv.is\/en\/westman-islands"},{"@type":"ListItem","position":3,"name":"Cruise Stopover in Heimaey: Self-Guided Walking Tour and ATV Adventure Options"}]},{"@type":"WebSite","@id":"https:\/\/volcanoatv.is\/en\/#website","url":"https:\/\/volcanoatv.is\/en\/","name":"Volcano ATV","description":"Volcano atv tours","publisher":{"@id":"https:\/\/volcanoatv.is\/en\/#organization"},"potentialAction":[{"@type":"SearchAction","target":{"@type":"EntryPoint","urlTemplate":"https:\/\/volcanoatv.is\/en\/?s={search_term_string}"},"query-input":{"@type":"PropertyValueSpecification","valueRequired":true,"valueName":"search_term_string"}}],"inLanguage":"en-US"},{"@type":"Organization","@id":"https:\/\/volcanoatv.is\/en\/#organization","name":"Volcano ATV","url":"https:\/\/volcanoatv.is\/en\/","logo":{"@type":"ImageObject","inLanguage":"en-US","@id":"https:\/\/volcanoatv.is\/en\/#\/schema\/logo\/image\/","url":"https:\/\/volcanoatv.is\/en\/wp-content\/uploads\/2019\/02\/Volcano-ATV-logo-01.png","contentUrl":"https:\/\/volcanoatv.is\/en\/wp-content\/uploads\/2019\/02\/Volcano-ATV-logo-01.png","width":3456,"height":887,"caption":"Volcano ATV"},"image":{"@id":"https:\/\/volcanoatv.is\/en\/#\/schema\/logo\/image\/"},"sameAs":["https:\/\/www.facebook.com\/volcanoatv\/","https:\/\/www.instagram.com\/volcanoatv\/"]}]}},"_links":{"self":[{"href":"https:\/\/volcanoatv.is\/en\/wp-json\/wp\/v2\/pages\/1460","targetHints":{"allow":["GET"]}}],"collection":[{"href":"https:\/\/volcanoatv.is\/en\/wp-json\/wp\/v2\/pages"}],"about":[{"href":"https:\/\/volcanoatv.is\/en\/wp-json\/wp\/v2\/types\/page"}],"author":[{"embeddable":true,"href":"https:\/\/volcanoatv.is\/en\/wp-json\/wp\/v2\/users\/4"}],"replies":[{"embeddable":true,"href":"https:\/\/volcanoatv.is\/en\/wp-json\/wp\/v2\/comments?post=1460"}],"version-history":[{"count":1,"href":"https:\/\/volcanoatv.is\/en\/wp-json\/wp\/v2\/pages\/1460\/revisions"}],"predecessor-version":[{"id":1461,"href":"https:\/\/volcanoatv.is\/en\/wp-json\/wp\/v2\/pages\/1460\/revisions\/1461"}],"up":[{"embeddable":true,"href":"https:\/\/volcanoatv.is\/en\/wp-json\/wp\/v2\/pages\/1081"}],"wp:attachment":[{"href":"https:\/\/volcanoatv.is\/en\/wp-json\/wp\/v2\/media?parent=1460"}],"curies":[{"name":"wp","href":"https:\/\/api.w.org\/{rel}","templated":true}]}}