{"id":1456,"date":"2025-08-12T21:02:40","date_gmt":"2025-08-12T21:02:40","guid":{"rendered":"https:\/\/volcanoatv.is\/en\/?page_id=1456"},"modified":"2025-08-12T21:02:41","modified_gmt":"2025-08-12T21:02:41","slug":"ultimate-westman-islands-adventure-combo-atv-tour-boat-tour-in-one-day","status":"publish","type":"page","link":"https:\/\/volcanoatv.is\/en\/westman-islands\/ultimate-westman-islands-adventure-combo-atv-tour-boat-tour-in-one-day","title":{"rendered":"Ultimate Westman Islands Adventure Combo: ATV Tour + Boat Tour in One Day"},"content":{"rendered":"\n<p>Coming to the Westman Islands, even for just one day, doesn\u2019t mean you have to choose between a boat tour and an ATV tour &#8211; you can do both. In this guide for travellers to Iceland aimed at cruise visitors and weekenders, we\u2019ll show how to incorporate both into your itinerary. Let\u2019s take a look at combo tours in the Westman Islands and show you how to put together your day trip adventure in Iceland.<\/p>\n\n\n\n<h2 class=\"wp-block-heading\">Why combining the ATV and boat tours makes sense<\/h2>\n\n\n\n<p>You might be wondering what advantages booking two tours has over one. After all, both our ATV tours and the myriad selection of boat trip possibilities promise to show visitors a diverse range of landmarks and Westman Islands highlights. Yet by switching up your perspective from land to sea or vice versa, you get a unique view of this lovely archipelago.&nbsp;<\/p>\n\n\n\n<p>For instance, take Heimaey\u2019s volcanic landscapes: on an ATV tour you\u2019ll have the opportunity to drive across a lava field and summit Eldfell, while from the sea you\u2019ll see the island\u2019s towering cliffs and the seabirds that occupy them. And while we\u2019re on the subject of birds, watching puffins from the St\u00f3rh\u00f6f\u00f0i hide is very different to seeing them fly over the ocean. Why choose when you can do both?<\/p>\n\n\n\n<figure class=\"wp-block-image size-full\"><img loading=\"lazy\" decoding=\"async\" width=\"1024\" height=\"747\" src=\"https:\/\/volcanoatv.is\/en\/wp-content\/uploads\/2025\/06\/volcano-tour.jpg\" alt=\"\" class=\"wp-image-1420\" srcset=\"https:\/\/volcanoatv.is\/en\/wp-content\/uploads\/2025\/06\/volcano-tour.jpg 1024w, https:\/\/volcanoatv.is\/en\/wp-content\/uploads\/2025\/06\/volcano-tour-600x438.jpg 600w, https:\/\/volcanoatv.is\/en\/wp-content\/uploads\/2025\/06\/volcano-tour-300x219.jpg 300w, https:\/\/volcanoatv.is\/en\/wp-content\/uploads\/2025\/06\/volcano-tour-768x560.jpg 768w\" sizes=\"auto, (max-width: 1024px) 100vw, 1024px\" \/><\/figure>\n\n\n\n<h2 class=\"wp-block-heading\">How to schedule the tours<\/h2>\n\n\n\n<p>During the summer, we run out Volcanic Vistas and Puffin Paradise Tour twice a day, once at 10am and then again at 1pm. This means you can fit us in around your other plans. Boat trips are similarly flexible so organising one to suit your preferred time is also straightforward. In summer, for instance RIB safaris depart up to four times a day.&nbsp;<\/p>\n\n\n\n<p>However, as with any tour, if it\u2019s good enough demand can sometimes outstrip supply. Availability for the best activities in Heimaey understandably doesn\u2019t always match would-be bookers. If you\u2019re planning a visit in peak season it pays to get your bookings made for popular boat trips and ATV tours as far ahead as you are able.<\/p>\n\n\n\n<h2 class=\"wp-block-heading\">Can cruise ship passengers fit both tours in while they\u2019re ashore?<\/h2>\n\n\n\n<p>Most often, yes. It\u2019s worth noting that the hours in port vary considerably. Some cruise ships dock early in the morning but might leave by mid-afternoon; others arrive and\/or depart later in the day. Check with your cruise itinerary to see how many hours you have to play with and give yourself a buffer at either end of the period just in case \u2013 you can always grab a coffee or take a sightseeing walk.<\/p>\n\n\n\n<p>Whether you arrive in Heimaey by regular ferry or by cruise ship, boat trips leave conveniently from the harbourfront in the centre of town. Our location, too, is just a few minutes\u2019 walk from the ferry dock. That\u2019s the beauty of Heimaey \u2013 nothing\u2019s very far away from anything else.&nbsp;<\/p>\n\n\n\n<p>For the maximum flexibility, of course, you can arrange a bespoke experience and book a private ATV tour. This means you can customise not only the length and content of the tour but also discuss a mutually convenient departure time. If you\u2019re trying to put together a packed itinerary within a single day, this is one upgrade that\u2019s worth its weight in gold.<\/p>\n\n\n\n<p>Combo tours in the Westman Islands are definitely the way to go if you\u2019re keen to get a more comprehensive overview of what Heimaey and its surroundings are like. Our team are more than happy to help you work out a schedule that suits you so that you can see a lot without the whole experience feeling rushed and stressful. Let\u2019s get started planning your day trip adventure to one of Iceland\u2019s most exciting destinations. &nbsp;<\/p>\n\n\n\n<figure class=\"wp-block-image size-full\"><img loading=\"lazy\" decoding=\"async\" width=\"1024\" height=\"478\" src=\"https:\/\/volcanoatv.is\/en\/wp-content\/uploads\/2025\/08\/20250714_093957-web.jpg\" alt=\"\" class=\"wp-image-1457\" srcset=\"https:\/\/volcanoatv.is\/en\/wp-content\/uploads\/2025\/08\/20250714_093957-web.jpg 1024w, https:\/\/volcanoatv.is\/en\/wp-content\/uploads\/2025\/08\/20250714_093957-web-600x280.jpg 600w, https:\/\/volcanoatv.is\/en\/wp-content\/uploads\/2025\/08\/20250714_093957-web-300x140.jpg 300w, https:\/\/volcanoatv.is\/en\/wp-content\/uploads\/2025\/08\/20250714_093957-web-768x359.jpg 768w\" sizes=\"auto, (max-width: 1024px) 100vw, 1024px\" \/><\/figure>\n","protected":false},"excerpt":{"rendered":"<p>Coming to the Westman Islands, even for just one day, doesn\u2019t mean you have to choose between a boat tour&#8230;<\/p>\n","protected":false},"author":4,"featured_media":0,"parent":1081,"menu_order":0,"comment_status":"closed","ping_status":"closed","template":"","meta":{"_exactmetrics_skip_tracking":false,"_exactmetrics_sitenote_active":false,"_exactmetrics_sitenote_note":"","_exactmetrics_sitenote_category":0,"footnotes":""},"class_list":["post-1456","page","type-page","status-publish","hentry"],"yoast_head":"<!-- This site is optimized with the Yoast SEO plugin v27.4 - https:\/\/yoast.com\/product\/yoast-seo-wordpress\/ -->\n<title>Ultimate Westman Islands Adventure Combo: ATV Tour + Boat Tour in One Day | Volcano ATV<\/title>\n<meta name=\"robots\" content=\"index, follow, max-snippet:-1, max-image-preview:large, max-video-preview:-1\" \/>\n<link rel=\"canonical\" href=\"https:\/\/volcanoatv.is\/en\/westman-islands\/ultimate-westman-islands-adventure-combo-atv-tour-boat-tour-in-one-day\" \/>\n<meta property=\"og:locale\" content=\"en_US\" \/>\n<meta property=\"og:type\" content=\"article\" \/>\n<meta property=\"og:title\" content=\"Ultimate Westman Islands Adventure Combo: ATV Tour + Boat Tour in One Day | Volcano ATV\" \/>\n<meta property=\"og:description\" content=\"Coming to the Westman Islands, even for just one day, doesn\u2019t mean you have to choose between a boat tour...\" \/>\n<meta property=\"og:url\" content=\"https:\/\/volcanoatv.is\/en\/westman-islands\/ultimate-westman-islands-adventure-combo-atv-tour-boat-tour-in-one-day\" \/>\n<meta property=\"og:site_name\" content=\"Volcano ATV\" \/>\n<meta property=\"article:publisher\" content=\"https:\/\/www.facebook.com\/volcanoatv\/\" \/>\n<meta property=\"article:modified_time\" content=\"2025-08-12T21:02:41+00:00\" \/>\n<meta property=\"og:image\" content=\"https:\/\/volcanoatv.is\/en\/wp-content\/uploads\/2025\/06\/volcano-tour.jpg\" \/>\n\t<meta property=\"og:image:width\" content=\"1024\" \/>\n\t<meta property=\"og:image:height\" content=\"747\" \/>\n\t<meta property=\"og:image:type\" content=\"image\/jpeg\" \/>\n<meta name=\"twitter:card\" content=\"summary_large_image\" \/>\n<meta name=\"twitter:label1\" content=\"Est. reading time\" \/>\n\t<meta name=\"twitter:data1\" content=\"4 minutes\" \/>\n<script type=\"application\/ld+json\" class=\"yoast-schema-graph\">{\"@context\":\"https:\\\/\\\/schema.org\",\"@graph\":[{\"@type\":\"WebPage\",\"@id\":\"https:\\\/\\\/volcanoatv.is\\\/en\\\/westman-islands\\\/ultimate-westman-islands-adventure-combo-atv-tour-boat-tour-in-one-day\",\"url\":\"https:\\\/\\\/volcanoatv.is\\\/en\\\/westman-islands\\\/ultimate-westman-islands-adventure-combo-atv-tour-boat-tour-in-one-day\",\"name\":\"Ultimate Westman Islands Adventure Combo: ATV Tour + Boat Tour in One Day | Volcano ATV\",\"isPartOf\":{\"@id\":\"https:\\\/\\\/volcanoatv.is\\\/en\\\/#website\"},\"primaryImageOfPage\":{\"@id\":\"https:\\\/\\\/volcanoatv.is\\\/en\\\/westman-islands\\\/ultimate-westman-islands-adventure-combo-atv-tour-boat-tour-in-one-day#primaryimage\"},\"image\":{\"@id\":\"https:\\\/\\\/volcanoatv.is\\\/en\\\/westman-islands\\\/ultimate-westman-islands-adventure-combo-atv-tour-boat-tour-in-one-day#primaryimage\"},\"thumbnailUrl\":\"https:\\\/\\\/volcanoatv.is\\\/en\\\/wp-content\\\/uploads\\\/2025\\\/06\\\/volcano-tour.jpg\",\"datePublished\":\"2025-08-12T21:02:40+00:00\",\"dateModified\":\"2025-08-12T21:02:41+00:00\",\"breadcrumb\":{\"@id\":\"https:\\\/\\\/volcanoatv.is\\\/en\\\/westman-islands\\\/ultimate-westman-islands-adventure-combo-atv-tour-boat-tour-in-one-day#breadcrumb\"},\"inLanguage\":\"en-US\",\"potentialAction\":[{\"@type\":\"ReadAction\",\"target\":[\"https:\\\/\\\/volcanoatv.is\\\/en\\\/westman-islands\\\/ultimate-westman-islands-adventure-combo-atv-tour-boat-tour-in-one-day\"]}]},{\"@type\":\"ImageObject\",\"inLanguage\":\"en-US\",\"@id\":\"https:\\\/\\\/volcanoatv.is\\\/en\\\/westman-islands\\\/ultimate-westman-islands-adventure-combo-atv-tour-boat-tour-in-one-day#primaryimage\",\"url\":\"https:\\\/\\\/volcanoatv.is\\\/en\\\/wp-content\\\/uploads\\\/2025\\\/06\\\/volcano-tour.jpg\",\"contentUrl\":\"https:\\\/\\\/volcanoatv.is\\\/en\\\/wp-content\\\/uploads\\\/2025\\\/06\\\/volcano-tour.jpg\",\"width\":1024,\"height\":747},{\"@type\":\"BreadcrumbList\",\"@id\":\"https:\\\/\\\/volcanoatv.is\\\/en\\\/westman-islands\\\/ultimate-westman-islands-adventure-combo-atv-tour-boat-tour-in-one-day#breadcrumb\",\"itemListElement\":[{\"@type\":\"ListItem\",\"position\":1,\"name\":\"Home\",\"item\":\"https:\\\/\\\/volcanoatv.is\\\/en\\\/\"},{\"@type\":\"ListItem\",\"position\":2,\"name\":\"Westman Islands\",\"item\":\"https:\\\/\\\/volcanoatv.is\\\/en\\\/westman-islands\"},{\"@type\":\"ListItem\",\"position\":3,\"name\":\"Ultimate Westman Islands Adventure Combo: ATV Tour + Boat Tour in One Day\"}]},{\"@type\":\"WebSite\",\"@id\":\"https:\\\/\\\/volcanoatv.is\\\/en\\\/#website\",\"url\":\"https:\\\/\\\/volcanoatv.is\\\/en\\\/\",\"name\":\"Volcano ATV\",\"description\":\"Volcano atv tours\",\"publisher\":{\"@id\":\"https:\\\/\\\/volcanoatv.is\\\/en\\\/#organization\"},\"potentialAction\":[{\"@type\":\"SearchAction\",\"target\":{\"@type\":\"EntryPoint\",\"urlTemplate\":\"https:\\\/\\\/volcanoatv.is\\\/en\\\/?s={search_term_string}\"},\"query-input\":{\"@type\":\"PropertyValueSpecification\",\"valueRequired\":true,\"valueName\":\"search_term_string\"}}],\"inLanguage\":\"en-US\"},{\"@type\":\"Organization\",\"@id\":\"https:\\\/\\\/volcanoatv.is\\\/en\\\/#organization\",\"name\":\"Volcano ATV\",\"url\":\"https:\\\/\\\/volcanoatv.is\\\/en\\\/\",\"logo\":{\"@type\":\"ImageObject\",\"inLanguage\":\"en-US\",\"@id\":\"https:\\\/\\\/volcanoatv.is\\\/en\\\/#\\\/schema\\\/logo\\\/image\\\/\",\"url\":\"https:\\\/\\\/volcanoatv.is\\\/en\\\/wp-content\\\/uploads\\\/2019\\\/02\\\/Volcano-ATV-logo-01.png\",\"contentUrl\":\"https:\\\/\\\/volcanoatv.is\\\/en\\\/wp-content\\\/uploads\\\/2019\\\/02\\\/Volcano-ATV-logo-01.png\",\"width\":3456,\"height\":887,\"caption\":\"Volcano ATV\"},\"image\":{\"@id\":\"https:\\\/\\\/volcanoatv.is\\\/en\\\/#\\\/schema\\\/logo\\\/image\\\/\"},\"sameAs\":[\"https:\\\/\\\/www.facebook.com\\\/volcanoatv\\\/\",\"https:\\\/\\\/www.instagram.com\\\/volcanoatv\\\/\"]}]}<\/script>\n<!-- \/ Yoast SEO plugin. -->","yoast_head_json":{"title":"Ultimate Westman Islands Adventure Combo: ATV Tour + Boat Tour in One Day | Volcano ATV","robots":{"index":"index","follow":"follow","max-snippet":"max-snippet:-1","max-image-preview":"max-image-preview:large","max-video-preview":"max-video-preview:-1"},"canonical":"https:\/\/volcanoatv.is\/en\/westman-islands\/ultimate-westman-islands-adventure-combo-atv-tour-boat-tour-in-one-day","og_locale":"en_US","og_type":"article","og_title":"Ultimate Westman Islands Adventure Combo: ATV Tour + Boat Tour in One Day | Volcano ATV","og_description":"Coming to the Westman Islands, even for just one day, doesn\u2019t mean you have to choose between a boat tour...","og_url":"https:\/\/volcanoatv.is\/en\/westman-islands\/ultimate-westman-islands-adventure-combo-atv-tour-boat-tour-in-one-day","og_site_name":"Volcano ATV","article_publisher":"https:\/\/www.facebook.com\/volcanoatv\/","article_modified_time":"2025-08-12T21:02:41+00:00","og_image":[{"width":1024,"height":747,"url":"https:\/\/volcanoatv.is\/en\/wp-content\/uploads\/2025\/06\/volcano-tour.jpg","type":"image\/jpeg"}],"twitter_card":"summary_large_image","twitter_misc":{"Est. reading time":"4 minutes"},"schema":{"@context":"https:\/\/schema.org","@graph":[{"@type":"WebPage","@id":"https:\/\/volcanoatv.is\/en\/westman-islands\/ultimate-westman-islands-adventure-combo-atv-tour-boat-tour-in-one-day","url":"https:\/\/volcanoatv.is\/en\/westman-islands\/ultimate-westman-islands-adventure-combo-atv-tour-boat-tour-in-one-day","name":"Ultimate Westman Islands Adventure Combo: ATV Tour + Boat Tour in One Day | Volcano ATV","isPartOf":{"@id":"https:\/\/volcanoatv.is\/en\/#website"},"primaryImageOfPage":{"@id":"https:\/\/volcanoatv.is\/en\/westman-islands\/ultimate-westman-islands-adventure-combo-atv-tour-boat-tour-in-one-day#primaryimage"},"image":{"@id":"https:\/\/volcanoatv.is\/en\/westman-islands\/ultimate-westman-islands-adventure-combo-atv-tour-boat-tour-in-one-day#primaryimage"},"thumbnailUrl":"https:\/\/volcanoatv.is\/en\/wp-content\/uploads\/2025\/06\/volcano-tour.jpg","datePublished":"2025-08-12T21:02:40+00:00","dateModified":"2025-08-12T21:02:41+00:00","breadcrumb":{"@id":"https:\/\/volcanoatv.is\/en\/westman-islands\/ultimate-westman-islands-adventure-combo-atv-tour-boat-tour-in-one-day#breadcrumb"},"inLanguage":"en-US","potentialAction":[{"@type":"ReadAction","target":["https:\/\/volcanoatv.is\/en\/westman-islands\/ultimate-westman-islands-adventure-combo-atv-tour-boat-tour-in-one-day"]}]},{"@type":"ImageObject","inLanguage":"en-US","@id":"https:\/\/volcanoatv.is\/en\/westman-islands\/ultimate-westman-islands-adventure-combo-atv-tour-boat-tour-in-one-day#primaryimage","url":"https:\/\/volcanoatv.is\/en\/wp-content\/uploads\/2025\/06\/volcano-tour.jpg","contentUrl":"https:\/\/volcanoatv.is\/en\/wp-content\/uploads\/2025\/06\/volcano-tour.jpg","width":1024,"height":747},{"@type":"BreadcrumbList","@id":"https:\/\/volcanoatv.is\/en\/westman-islands\/ultimate-westman-islands-adventure-combo-atv-tour-boat-tour-in-one-day#breadcrumb","itemListElement":[{"@type":"ListItem","position":1,"name":"Home","item":"https:\/\/volcanoatv.is\/en\/"},{"@type":"ListItem","position":2,"name":"Westman Islands","item":"https:\/\/volcanoatv.is\/en\/westman-islands"},{"@type":"ListItem","position":3,"name":"Ultimate Westman Islands Adventure Combo: ATV Tour + Boat Tour in One Day"}]},{"@type":"WebSite","@id":"https:\/\/volcanoatv.is\/en\/#website","url":"https:\/\/volcanoatv.is\/en\/","name":"Volcano ATV","description":"Volcano atv tours","publisher":{"@id":"https:\/\/volcanoatv.is\/en\/#organization"},"potentialAction":[{"@type":"SearchAction","target":{"@type":"EntryPoint","urlTemplate":"https:\/\/volcanoatv.is\/en\/?s={search_term_string}"},"query-input":{"@type":"PropertyValueSpecification","valueRequired":true,"valueName":"search_term_string"}}],"inLanguage":"en-US"},{"@type":"Organization","@id":"https:\/\/volcanoatv.is\/en\/#organization","name":"Volcano ATV","url":"https:\/\/volcanoatv.is\/en\/","logo":{"@type":"ImageObject","inLanguage":"en-US","@id":"https:\/\/volcanoatv.is\/en\/#\/schema\/logo\/image\/","url":"https:\/\/volcanoatv.is\/en\/wp-content\/uploads\/2019\/02\/Volcano-ATV-logo-01.png","contentUrl":"https:\/\/volcanoatv.is\/en\/wp-content\/uploads\/2019\/02\/Volcano-ATV-logo-01.png","width":3456,"height":887,"caption":"Volcano ATV"},"image":{"@id":"https:\/\/volcanoatv.is\/en\/#\/schema\/logo\/image\/"},"sameAs":["https:\/\/www.facebook.com\/volcanoatv\/","https:\/\/www.instagram.com\/volcanoatv\/"]}]}},"_links":{"self":[{"href":"https:\/\/volcanoatv.is\/en\/wp-json\/wp\/v2\/pages\/1456","targetHints":{"allow":["GET"]}}],"collection":[{"href":"https:\/\/volcanoatv.is\/en\/wp-json\/wp\/v2\/pages"}],"about":[{"href":"https:\/\/volcanoatv.is\/en\/wp-json\/wp\/v2\/types\/page"}],"author":[{"embeddable":true,"href":"https:\/\/volcanoatv.is\/en\/wp-json\/wp\/v2\/users\/4"}],"replies":[{"embeddable":true,"href":"https:\/\/volcanoatv.is\/en\/wp-json\/wp\/v2\/comments?post=1456"}],"version-history":[{"count":1,"href":"https:\/\/volcanoatv.is\/en\/wp-json\/wp\/v2\/pages\/1456\/revisions"}],"predecessor-version":[{"id":1458,"href":"https:\/\/volcanoatv.is\/en\/wp-json\/wp\/v2\/pages\/1456\/revisions\/1458"}],"up":[{"embeddable":true,"href":"https:\/\/volcanoatv.is\/en\/wp-json\/wp\/v2\/pages\/1081"}],"wp:attachment":[{"href":"https:\/\/volcanoatv.is\/en\/wp-json\/wp\/v2\/media?parent=1456"}],"curies":[{"name":"wp","href":"https:\/\/api.w.org\/{rel}","templated":true}]}}