{"id":1424,"date":"2025-06-13T13:15:57","date_gmt":"2025-06-13T13:15:57","guid":{"rendered":"https:\/\/volcanoatv.is\/en\/?page_id=1424"},"modified":"2025-06-13T13:15:57","modified_gmt":"2025-06-13T13:15:57","slug":"the-ultimate-guide-to-puffins-in-the-westman-islands","status":"publish","type":"page","link":"https:\/\/volcanoatv.is\/en\/westman-islands\/the-ultimate-guide-to-puffins-in-the-westman-islands","title":{"rendered":"The Ultimate Guide to Puffins in the Westman Islands"},"content":{"rendered":"\n<p>Puffins are a big draw for anyone planning to be in Iceland during the summer months. As much as 60% of the world\u2019s Atlantic puffin population can be found in Iceland and the Westman Islands boasts the largest colony. In short, if you\u2019re keen to see puffins during your summer holiday, this is probably your best shot, which is why we love to offer a puffin-themed ATV tour of Heimaey.<\/p>\n\n\n\n<h2 class=\"wp-block-heading\">A bit about puffins in Iceland<\/h2>\n\n\n\n<p>Atlantic puffins are migratory birds, returning to the same place each year to nest in burrows and rear their chicks, which are called pufflings. They have a lifespan of approximately 12 years on average but can live to well over 30. That colourful beak for which they are so famous is a summer thing, regrown to attract a mate.<\/p>\n\n\n\n<p>Puffins don\u2019t start breeding until they are at least five years old, when they are monogamous and lay a single egg each year. The male and female share the duties; while the male digs the burrow, they both source fish and look after the egg until it hatches. They look after the puffling for 42 days, though if food is scarce and the chick hasn\u2019t grown sufficiently, this can be longer.<\/p>\n\n\n\n<p>The birds have small wings in proportion to the size of their body, so they characteristically flap their wings exceptionally fast to be able to remain airborne. They\u2019re good divers, flying back and forth to the ocean to look for small fish such as capelin to bring back for their young.<\/p>\n\n\n\n<figure class=\"wp-block-image size-full\"><img loading=\"lazy\" decoding=\"async\" width=\"1024\" height=\"768\" src=\"https:\/\/volcanoatv.is\/en\/wp-content\/uploads\/2025\/06\/puffin-par.jpg\" alt=\"\" class=\"wp-image-1425\" srcset=\"https:\/\/volcanoatv.is\/en\/wp-content\/uploads\/2025\/06\/puffin-par.jpg 1024w, https:\/\/volcanoatv.is\/en\/wp-content\/uploads\/2025\/06\/puffin-par-600x450.jpg 600w, https:\/\/volcanoatv.is\/en\/wp-content\/uploads\/2025\/06\/puffin-par-300x225.jpg 300w, https:\/\/volcanoatv.is\/en\/wp-content\/uploads\/2025\/06\/puffin-par-768x576.jpg 768w\" sizes=\"auto, (max-width: 1024px) 100vw, 1024px\" \/><\/figure>\n\n\n\n<h2 class=\"wp-block-heading\">Where can you see puffins in the Westman Islands?<\/h2>\n\n\n\n<p>Probably the best place to encounter puffins on Heimaey is at the bird hide at St\u00f3rh\u00f6f\u00f0i. This is the peninsula at the southern end of the island and this well-positioned hide gives you a close up view of the birds as they come and go from the cliff top burrows. It\u2019s a few minutes\u2019 drive from the harbour but also within walking distance if you\u2019ve plenty of time on your hands. We call in here on our ATV tours.<\/p>\n\n\n\n<p>Heimaklettur and other headlands are another possibility, whether during a hike or from the bottom during a boat trip. If you\u2019re planning to walk, bear in mind that you\u2019ll need a good head for heights. The trails can be steep and slippery, so you won\u2019t want to chance them if the weather is blustery or rainy. Pick a fine day to be safe.&nbsp;&nbsp;<\/p>\n\n\n\n<p>If you book a spot on a boat trip, this will take you around the island and close to the edge of the cliffs that drop into the ocean. You\u2019ll often have the opportunity to see them as they fly over the water as well as make landfall, but even when the captain cuts the engines you may still only see them fleetingly and from a distance.<\/p>\n\n\n\n<figure class=\"wp-block-image size-full\"><img loading=\"lazy\" decoding=\"async\" width=\"1024\" height=\"743\" src=\"https:\/\/volcanoatv.is\/en\/wp-content\/uploads\/2025\/06\/storfhofdi-kofi.jpg\" alt=\"\" class=\"wp-image-1397\" srcset=\"https:\/\/volcanoatv.is\/en\/wp-content\/uploads\/2025\/06\/storfhofdi-kofi.jpg 1024w, https:\/\/volcanoatv.is\/en\/wp-content\/uploads\/2025\/06\/storfhofdi-kofi-600x435.jpg 600w, https:\/\/volcanoatv.is\/en\/wp-content\/uploads\/2025\/06\/storfhofdi-kofi-300x218.jpg 300w, https:\/\/volcanoatv.is\/en\/wp-content\/uploads\/2025\/06\/storfhofdi-kofi-768x557.jpg 768w\" sizes=\"auto, (max-width: 1024px) 100vw, 1024px\" \/><\/figure>\n\n\n\n<h2 class=\"wp-block-heading\">When is the best time to see puffins in the Westman Islands?<\/h2>\n\n\n\n<p>As with anywhere in Iceland, there\u2019s only one time to see the puffins at close quarters and that\u2019s when they arrive to nest and breed. Though the exact dates vary from year to year, typically they arrive on Heimaey\u2019s shores sometime in April and depart en masse back to the Atlantic around the middle of August.<\/p>\n\n\n\n<p>Puffins spend the rest of the year far out to sea, so even on boat trips you won\u2019t spot them on the rocky cliffs where other seabirds might perch. The best you can hope for is to head down to the SeaLife Trust near the harbour, the place where the two rescued beluga whales are cared for. The sanctuary is open seasonally, from mid February to mid November, meaning you have a few extra months to play with.<\/p>\n\n\n\n<p>There, you can also visit a small number of puffins that aren\u2019t able to be released back into the wild. Some of these birds have vision impairment which would make it impossible for them to successfully hunt for food; others have long-term injuries to their legs which again means that they would not thrive without human assistance.&nbsp;<\/p>\n\n\n\n<h2 class=\"wp-block-heading\">The puffling parade<\/h2>\n\n\n\n<p>If you plan to be in the Westman Islands in August or even September, you might consider participating in the puffling parade. This longstanding tradition helps to ensure that disoriented puffin chicks make it safely to the ocean. Pufflings spend the first few months of their life in cliffside burrows where their parents bring them food and look after them while they are too young to fend for themselves.<\/p>\n\n\n\n<p>When they are a few months old, it\u2019s time for the chicks to fledge and follow the adults back out to sea, where they customarily spend the winter months. Unfortunately, some of the pufflings get a bit confused and follow the lights of Heimaey town rather than head in the opposite direction towards open water. Some even experience bruising landings on the hard tarmac of roads and pavements.&nbsp;<\/p>\n\n\n\n<p>These birds need a little help to begin their life\u2019s journey and so residents of Heimaey spend their evenings rounding up the stragglers. They take them back to their homes for the night and, if all goes well, release them from the island\u2019s cliff tops the following morning. A few need specialist care at the sanctuary beside the harbour but most make it in the end. Visitors are welcome to join in.<\/p>\n\n\n\n<figure class=\"wp-block-image size-full\"><img loading=\"lazy\" decoding=\"async\" width=\"1000\" height=\"975\" src=\"https:\/\/volcanoatv.is\/en\/wp-content\/uploads\/2024\/09\/20240927_135241.jpg\" alt=\"\" class=\"wp-image-1290\" srcset=\"https:\/\/volcanoatv.is\/en\/wp-content\/uploads\/2024\/09\/20240927_135241.jpg 1000w, https:\/\/volcanoatv.is\/en\/wp-content\/uploads\/2024\/09\/20240927_135241-600x585.jpg 600w, https:\/\/volcanoatv.is\/en\/wp-content\/uploads\/2024\/09\/20240927_135241-300x293.jpg 300w, https:\/\/volcanoatv.is\/en\/wp-content\/uploads\/2024\/09\/20240927_135241-768x749.jpg 768w\" sizes=\"auto, (max-width: 1000px) 100vw, 1000px\" \/><\/figure>\n\n\n\n<h2 class=\"wp-block-heading\">How to photograph puffins<\/h2>\n\n\n\n<p>You\u2019re probably keen to get some snaps of puffins, even if it\u2019s just with your smartphone. We have a few tips to help improve your images. Firstly, if you intend to capture a bird in flight, then to make sure the shot is sharp and in focus, you\u2019ll need to select a fast shutter speed to freeze the action. Puffins flap their wings on average about 400 times per minute, so you can imagine how fast that is.<\/p>\n\n\n\n<p>As they approach the cliff face, they sometimes make clumsy landings which can be fun to photograph. If you\u2019re lucky you might also get to photograph a close up of a puffin whose beak is full of fish. Try to position yourself so that you can capture both orange feet in the shot as this will balance the brightly coloured beak. Depending on the angle, you might also be able to achieve eye contact with the lens.<\/p>\n\n\n\n<p>Patience is key. You\u2019ll get the best results if you are able to spend more time in a bird hide. While you might get a few snatched shots during a boat trip, being able to set up a tripod on land you\u2019ll benefit from the solid foundation to minimise camera shake. Having a shutter release also helps to keep things steady and stops your arm aching as much while you take multiple shots.<\/p>\n\n\n\n<h2 class=\"wp-block-heading\">Is it better to take a tour or visit independently?<\/h2>\n\n\n\n<p>Why choose? It\u2019s possible to do both! We\u2019d suggest booking one of our ATV tours so that you can learn a bit about puffin locations and puffin behaviour from our guide while having an adventure exploring the island on our fun ATVs. You\u2019ll get a feel for what different parts of the island are like for viewing puffins so that you can choose which to return to on your own later on during your trip.<\/p>\n","protected":false},"excerpt":{"rendered":"<p>Puffins are a big draw for anyone planning to be in Iceland during the summer months. As much as 60%&#8230;<\/p>\n","protected":false},"author":4,"featured_media":0,"parent":1081,"menu_order":0,"comment_status":"closed","ping_status":"closed","template":"","meta":{"_exactmetrics_skip_tracking":false,"_exactmetrics_sitenote_active":false,"_exactmetrics_sitenote_note":"","_exactmetrics_sitenote_category":0,"footnotes":""},"class_list":["post-1424","page","type-page","status-publish","hentry"],"yoast_head":"<!-- This site is optimized with the Yoast SEO plugin v27.4 - https:\/\/yoast.com\/product\/yoast-seo-wordpress\/ -->\n<title>The Ultimate Guide to Puffins in the Westman Islands | Volcano ATV<\/title>\n<meta name=\"robots\" content=\"index, follow, max-snippet:-1, max-image-preview:large, max-video-preview:-1\" \/>\n<link rel=\"canonical\" href=\"https:\/\/volcanoatv.is\/en\/westman-islands\/the-ultimate-guide-to-puffins-in-the-westman-islands\" \/>\n<meta property=\"og:locale\" content=\"en_US\" \/>\n<meta property=\"og:type\" content=\"article\" \/>\n<meta property=\"og:title\" content=\"The Ultimate Guide to Puffins in the Westman Islands | Volcano ATV\" \/>\n<meta property=\"og:description\" content=\"Puffins are a big draw for anyone planning to be in Iceland during the summer months. As much as 60%...\" \/>\n<meta property=\"og:url\" content=\"https:\/\/volcanoatv.is\/en\/westman-islands\/the-ultimate-guide-to-puffins-in-the-westman-islands\" \/>\n<meta property=\"og:site_name\" content=\"Volcano ATV\" \/>\n<meta property=\"article:publisher\" content=\"https:\/\/www.facebook.com\/volcanoatv\/\" \/>\n<meta property=\"og:image\" content=\"https:\/\/volcanoatv.is\/en\/wp-content\/uploads\/2025\/06\/puffin-par.jpg\" \/>\n\t<meta property=\"og:image:width\" content=\"1024\" \/>\n\t<meta property=\"og:image:height\" content=\"768\" \/>\n\t<meta property=\"og:image:type\" content=\"image\/jpeg\" \/>\n<meta name=\"twitter:card\" content=\"summary_large_image\" \/>\n<meta name=\"twitter:label1\" content=\"Est. reading time\" \/>\n\t<meta name=\"twitter:data1\" content=\"6 minutes\" \/>\n<script type=\"application\/ld+json\" class=\"yoast-schema-graph\">{\"@context\":\"https:\\\/\\\/schema.org\",\"@graph\":[{\"@type\":\"WebPage\",\"@id\":\"https:\\\/\\\/volcanoatv.is\\\/en\\\/westman-islands\\\/the-ultimate-guide-to-puffins-in-the-westman-islands\",\"url\":\"https:\\\/\\\/volcanoatv.is\\\/en\\\/westman-islands\\\/the-ultimate-guide-to-puffins-in-the-westman-islands\",\"name\":\"The Ultimate Guide to Puffins in the Westman Islands | Volcano ATV\",\"isPartOf\":{\"@id\":\"https:\\\/\\\/volcanoatv.is\\\/en\\\/#website\"},\"primaryImageOfPage\":{\"@id\":\"https:\\\/\\\/volcanoatv.is\\\/en\\\/westman-islands\\\/the-ultimate-guide-to-puffins-in-the-westman-islands#primaryimage\"},\"image\":{\"@id\":\"https:\\\/\\\/volcanoatv.is\\\/en\\\/westman-islands\\\/the-ultimate-guide-to-puffins-in-the-westman-islands#primaryimage\"},\"thumbnailUrl\":\"https:\\\/\\\/volcanoatv.is\\\/en\\\/wp-content\\\/uploads\\\/2025\\\/06\\\/puffin-par.jpg\",\"datePublished\":\"2025-06-13T13:15:57+00:00\",\"breadcrumb\":{\"@id\":\"https:\\\/\\\/volcanoatv.is\\\/en\\\/westman-islands\\\/the-ultimate-guide-to-puffins-in-the-westman-islands#breadcrumb\"},\"inLanguage\":\"en-US\",\"potentialAction\":[{\"@type\":\"ReadAction\",\"target\":[\"https:\\\/\\\/volcanoatv.is\\\/en\\\/westman-islands\\\/the-ultimate-guide-to-puffins-in-the-westman-islands\"]}]},{\"@type\":\"ImageObject\",\"inLanguage\":\"en-US\",\"@id\":\"https:\\\/\\\/volcanoatv.is\\\/en\\\/westman-islands\\\/the-ultimate-guide-to-puffins-in-the-westman-islands#primaryimage\",\"url\":\"https:\\\/\\\/volcanoatv.is\\\/en\\\/wp-content\\\/uploads\\\/2025\\\/06\\\/puffin-par.jpg\",\"contentUrl\":\"https:\\\/\\\/volcanoatv.is\\\/en\\\/wp-content\\\/uploads\\\/2025\\\/06\\\/puffin-par.jpg\",\"width\":1024,\"height\":768},{\"@type\":\"BreadcrumbList\",\"@id\":\"https:\\\/\\\/volcanoatv.is\\\/en\\\/westman-islands\\\/the-ultimate-guide-to-puffins-in-the-westman-islands#breadcrumb\",\"itemListElement\":[{\"@type\":\"ListItem\",\"position\":1,\"name\":\"Home\",\"item\":\"https:\\\/\\\/volcanoatv.is\\\/en\\\/\"},{\"@type\":\"ListItem\",\"position\":2,\"name\":\"Westman Islands\",\"item\":\"https:\\\/\\\/volcanoatv.is\\\/en\\\/westman-islands\"},{\"@type\":\"ListItem\",\"position\":3,\"name\":\"The Ultimate Guide to Puffins in the Westman Islands\"}]},{\"@type\":\"WebSite\",\"@id\":\"https:\\\/\\\/volcanoatv.is\\\/en\\\/#website\",\"url\":\"https:\\\/\\\/volcanoatv.is\\\/en\\\/\",\"name\":\"Volcano ATV\",\"description\":\"Volcano atv tours\",\"publisher\":{\"@id\":\"https:\\\/\\\/volcanoatv.is\\\/en\\\/#organization\"},\"potentialAction\":[{\"@type\":\"SearchAction\",\"target\":{\"@type\":\"EntryPoint\",\"urlTemplate\":\"https:\\\/\\\/volcanoatv.is\\\/en\\\/?s={search_term_string}\"},\"query-input\":{\"@type\":\"PropertyValueSpecification\",\"valueRequired\":true,\"valueName\":\"search_term_string\"}}],\"inLanguage\":\"en-US\"},{\"@type\":\"Organization\",\"@id\":\"https:\\\/\\\/volcanoatv.is\\\/en\\\/#organization\",\"name\":\"Volcano ATV\",\"url\":\"https:\\\/\\\/volcanoatv.is\\\/en\\\/\",\"logo\":{\"@type\":\"ImageObject\",\"inLanguage\":\"en-US\",\"@id\":\"https:\\\/\\\/volcanoatv.is\\\/en\\\/#\\\/schema\\\/logo\\\/image\\\/\",\"url\":\"https:\\\/\\\/volcanoatv.is\\\/en\\\/wp-content\\\/uploads\\\/2019\\\/02\\\/Volcano-ATV-logo-01.png\",\"contentUrl\":\"https:\\\/\\\/volcanoatv.is\\\/en\\\/wp-content\\\/uploads\\\/2019\\\/02\\\/Volcano-ATV-logo-01.png\",\"width\":3456,\"height\":887,\"caption\":\"Volcano ATV\"},\"image\":{\"@id\":\"https:\\\/\\\/volcanoatv.is\\\/en\\\/#\\\/schema\\\/logo\\\/image\\\/\"},\"sameAs\":[\"https:\\\/\\\/www.facebook.com\\\/volcanoatv\\\/\",\"https:\\\/\\\/www.instagram.com\\\/volcanoatv\\\/\"]}]}<\/script>\n<!-- \/ Yoast SEO plugin. -->","yoast_head_json":{"title":"The Ultimate Guide to Puffins in the Westman Islands | Volcano ATV","robots":{"index":"index","follow":"follow","max-snippet":"max-snippet:-1","max-image-preview":"max-image-preview:large","max-video-preview":"max-video-preview:-1"},"canonical":"https:\/\/volcanoatv.is\/en\/westman-islands\/the-ultimate-guide-to-puffins-in-the-westman-islands","og_locale":"en_US","og_type":"article","og_title":"The Ultimate Guide to Puffins in the Westman Islands | Volcano ATV","og_description":"Puffins are a big draw for anyone planning to be in Iceland during the summer months. As much as 60%...","og_url":"https:\/\/volcanoatv.is\/en\/westman-islands\/the-ultimate-guide-to-puffins-in-the-westman-islands","og_site_name":"Volcano ATV","article_publisher":"https:\/\/www.facebook.com\/volcanoatv\/","og_image":[{"width":1024,"height":768,"url":"https:\/\/volcanoatv.is\/en\/wp-content\/uploads\/2025\/06\/puffin-par.jpg","type":"image\/jpeg"}],"twitter_card":"summary_large_image","twitter_misc":{"Est. reading time":"6 minutes"},"schema":{"@context":"https:\/\/schema.org","@graph":[{"@type":"WebPage","@id":"https:\/\/volcanoatv.is\/en\/westman-islands\/the-ultimate-guide-to-puffins-in-the-westman-islands","url":"https:\/\/volcanoatv.is\/en\/westman-islands\/the-ultimate-guide-to-puffins-in-the-westman-islands","name":"The Ultimate Guide to Puffins in the Westman Islands | Volcano ATV","isPartOf":{"@id":"https:\/\/volcanoatv.is\/en\/#website"},"primaryImageOfPage":{"@id":"https:\/\/volcanoatv.is\/en\/westman-islands\/the-ultimate-guide-to-puffins-in-the-westman-islands#primaryimage"},"image":{"@id":"https:\/\/volcanoatv.is\/en\/westman-islands\/the-ultimate-guide-to-puffins-in-the-westman-islands#primaryimage"},"thumbnailUrl":"https:\/\/volcanoatv.is\/en\/wp-content\/uploads\/2025\/06\/puffin-par.jpg","datePublished":"2025-06-13T13:15:57+00:00","breadcrumb":{"@id":"https:\/\/volcanoatv.is\/en\/westman-islands\/the-ultimate-guide-to-puffins-in-the-westman-islands#breadcrumb"},"inLanguage":"en-US","potentialAction":[{"@type":"ReadAction","target":["https:\/\/volcanoatv.is\/en\/westman-islands\/the-ultimate-guide-to-puffins-in-the-westman-islands"]}]},{"@type":"ImageObject","inLanguage":"en-US","@id":"https:\/\/volcanoatv.is\/en\/westman-islands\/the-ultimate-guide-to-puffins-in-the-westman-islands#primaryimage","url":"https:\/\/volcanoatv.is\/en\/wp-content\/uploads\/2025\/06\/puffin-par.jpg","contentUrl":"https:\/\/volcanoatv.is\/en\/wp-content\/uploads\/2025\/06\/puffin-par.jpg","width":1024,"height":768},{"@type":"BreadcrumbList","@id":"https:\/\/volcanoatv.is\/en\/westman-islands\/the-ultimate-guide-to-puffins-in-the-westman-islands#breadcrumb","itemListElement":[{"@type":"ListItem","position":1,"name":"Home","item":"https:\/\/volcanoatv.is\/en\/"},{"@type":"ListItem","position":2,"name":"Westman Islands","item":"https:\/\/volcanoatv.is\/en\/westman-islands"},{"@type":"ListItem","position":3,"name":"The Ultimate Guide to Puffins in the Westman Islands"}]},{"@type":"WebSite","@id":"https:\/\/volcanoatv.is\/en\/#website","url":"https:\/\/volcanoatv.is\/en\/","name":"Volcano ATV","description":"Volcano atv tours","publisher":{"@id":"https:\/\/volcanoatv.is\/en\/#organization"},"potentialAction":[{"@type":"SearchAction","target":{"@type":"EntryPoint","urlTemplate":"https:\/\/volcanoatv.is\/en\/?s={search_term_string}"},"query-input":{"@type":"PropertyValueSpecification","valueRequired":true,"valueName":"search_term_string"}}],"inLanguage":"en-US"},{"@type":"Organization","@id":"https:\/\/volcanoatv.is\/en\/#organization","name":"Volcano ATV","url":"https:\/\/volcanoatv.is\/en\/","logo":{"@type":"ImageObject","inLanguage":"en-US","@id":"https:\/\/volcanoatv.is\/en\/#\/schema\/logo\/image\/","url":"https:\/\/volcanoatv.is\/en\/wp-content\/uploads\/2019\/02\/Volcano-ATV-logo-01.png","contentUrl":"https:\/\/volcanoatv.is\/en\/wp-content\/uploads\/2019\/02\/Volcano-ATV-logo-01.png","width":3456,"height":887,"caption":"Volcano ATV"},"image":{"@id":"https:\/\/volcanoatv.is\/en\/#\/schema\/logo\/image\/"},"sameAs":["https:\/\/www.facebook.com\/volcanoatv\/","https:\/\/www.instagram.com\/volcanoatv\/"]}]}},"_links":{"self":[{"href":"https:\/\/volcanoatv.is\/en\/wp-json\/wp\/v2\/pages\/1424","targetHints":{"allow":["GET"]}}],"collection":[{"href":"https:\/\/volcanoatv.is\/en\/wp-json\/wp\/v2\/pages"}],"about":[{"href":"https:\/\/volcanoatv.is\/en\/wp-json\/wp\/v2\/types\/page"}],"author":[{"embeddable":true,"href":"https:\/\/volcanoatv.is\/en\/wp-json\/wp\/v2\/users\/4"}],"replies":[{"embeddable":true,"href":"https:\/\/volcanoatv.is\/en\/wp-json\/wp\/v2\/comments?post=1424"}],"version-history":[{"count":1,"href":"https:\/\/volcanoatv.is\/en\/wp-json\/wp\/v2\/pages\/1424\/revisions"}],"predecessor-version":[{"id":1426,"href":"https:\/\/volcanoatv.is\/en\/wp-json\/wp\/v2\/pages\/1424\/revisions\/1426"}],"up":[{"embeddable":true,"href":"https:\/\/volcanoatv.is\/en\/wp-json\/wp\/v2\/pages\/1081"}],"wp:attachment":[{"href":"https:\/\/volcanoatv.is\/en\/wp-json\/wp\/v2\/media?parent=1424"}],"curies":[{"name":"wp","href":"https:\/\/api.w.org\/{rel}","templated":true}]}}