{"id":1419,"date":"2025-06-13T13:08:18","date_gmt":"2025-06-13T13:08:18","guid":{"rendered":"https:\/\/volcanoatv.is\/en\/?page_id=1419"},"modified":"2025-06-13T13:08:18","modified_gmt":"2025-06-13T13:08:18","slug":"family-fun-on-atvs-a-day-of-adventure-in-the-westman-islands","status":"publish","type":"page","link":"https:\/\/volcanoatv.is\/en\/westman-islands\/family-fun-on-atvs-a-day-of-adventure-in-the-westman-islands","title":{"rendered":"Family Fun on ATVs: A Day of Adventure in the Westman Islands"},"content":{"rendered":"\n<p>Iceland\u2019s unique landscapes and endless possibilities both outdoors and inside make the country a stellar choice for a family vacation. But it\u2019s easy to get over-ambitious and end up with a long list of sights to tick off. Instead, mixing in plenty of activities ensures that you\u2019ll spend your time here making memories which you\u2019ll reminisce over long after you all get home. The Westman Islands, a short ferry crossing from the mainland, makes the ideal pitstop if you are road tripping along the south coast. Here you\u2019ll find plenty of fun things to do, including the chance to ride through dramatic terrain on ATVs. Let\u2019s take a look at how that adventure might shape up.<\/p>\n\n\n\n<p>&nbsp;Let\u2019s start by taking a look at our group tours, which follow a variety of themes.&nbsp;<\/p>\n\n\n\n<h2 class=\"wp-block-heading\">The Volcano Tour<\/h2>\n\n\n\n<p>If you\u2019re the kind of family that likes to mix things up a bit, then an ATV adventure might fill part of your day. This one hour tour is a fun introduction to riding if you haven\u2019t tried it before and aren\u2019t sure how you\u2019ll find it. We fit a lot in to a short period of time. You\u2019ll ride up to the beach at Prestvik which locals will tell you was where a fishing boat called Pelagus ran aground. Another incident at sea provides us with our next story, which is so compelling it was actually made into a movie recounting what happened to Gu\u00f0laugur Fri\u00f0\u00fe\u00f3rsson who survived the sinking. There\u2019s even more drama to come, this time focused on what happened during the eruption of 1973 when the volcanic cone Eldfell was created.<\/p>\n\n\n\n<figure class=\"wp-block-image size-full\"><img loading=\"lazy\" decoding=\"async\" width=\"1024\" height=\"747\" src=\"https:\/\/volcanoatv.is\/en\/wp-content\/uploads\/2025\/06\/volcano-tour.jpg\" alt=\"\" class=\"wp-image-1420\" srcset=\"https:\/\/volcanoatv.is\/en\/wp-content\/uploads\/2025\/06\/volcano-tour.jpg 1024w, https:\/\/volcanoatv.is\/en\/wp-content\/uploads\/2025\/06\/volcano-tour-600x438.jpg 600w, https:\/\/volcanoatv.is\/en\/wp-content\/uploads\/2025\/06\/volcano-tour-300x219.jpg 300w, https:\/\/volcanoatv.is\/en\/wp-content\/uploads\/2025\/06\/volcano-tour-768x560.jpg 768w\" sizes=\"auto, (max-width: 1024px) 100vw, 1024px\" \/><\/figure>\n\n\n\n<h2 class=\"wp-block-heading\">Puffins and Pirates<\/h2>\n\n\n\n<p>If you\u2019re interested in history of a different kind, then why not team tales of pirate incursions with a spell watching the puffins at St\u00f3rh\u00f6f\u00f0i. This is a summer tour, as the cute and comical seabirds are only found on land from April to August. Our ATV tour rides up to a puffin hide which overlooks their burrows on the grassy cliff. Kids and adults alike will soon be engrossed in their antics, though the promise of more thrills on the ATVs will entice you away. It\u2019s time to find out more about those 17th&nbsp;century pirates and how they took the residents of Heimaey by surprise. This route involves no off-roading which makes it especially family friendly.<\/p>\n\n\n\n<figure class=\"wp-block-image size-full\"><img loading=\"lazy\" decoding=\"async\" width=\"1000\" height=\"747\" src=\"https:\/\/volcanoatv.is\/en\/wp-content\/uploads\/2024\/09\/herjolfstown-1000.jpg\" alt=\"\" class=\"wp-image-1307\" srcset=\"https:\/\/volcanoatv.is\/en\/wp-content\/uploads\/2024\/09\/herjolfstown-1000.jpg 1000w, https:\/\/volcanoatv.is\/en\/wp-content\/uploads\/2024\/09\/herjolfstown-1000-600x448.jpg 600w, https:\/\/volcanoatv.is\/en\/wp-content\/uploads\/2024\/09\/herjolfstown-1000-300x224.jpg 300w, https:\/\/volcanoatv.is\/en\/wp-content\/uploads\/2024\/09\/herjolfstown-1000-768x574.jpg 768w\" sizes=\"auto, (max-width: 1000px) 100vw, 1000px\" \/><\/figure>\n\n\n\n<h2 class=\"wp-block-heading\">Volcanic Vistas &amp; Puffin Paradise<\/h2>\n\n\n\n<p>Sometimes it\u2019s as much about the view as it is the activity which is why this tour ticks all the boxes. If you asked a local what a tourist should see while in the Westman Islands, it\u2019s highly likely that they\u2019ll mention volcanoes and puffins, and with good reason. Riding your ATV gets the adrenaline going, but you\u2019ll be keen to park up to admire landmarks such as Elephant Rock and take in the views from Eldfell and Prestvik beach. In summer, the highlight of this tour is going to be seeing puffins close up. So many of them come to nest and rear their chicks each year, you\u2019re almost certain to have an encounter.<\/p>\n\n\n\n<p>While you might be happy to join a group tour, it\u2019s even better to <a href=\"https:\/\/volcanoatv.is\/en\/tours\/customized-tour\">customise <\/a>your ATV adventure and personalise it to suit your family\u2019s interests, taking one of these themes or combining several. Our tours can be tailormade to visit the places that you\u2019re going to get the most out of, whether that\u2019s a chance to immerse yourself in the island\u2019s nature and wildlife, learn more about its history or position yourselves to admire Heimaey\u2019s most breathtaking views. Why not get in touch and start planning your itinerary with our help?<\/p>\n\n\n\n<figure class=\"wp-block-image size-full\"><img loading=\"lazy\" decoding=\"async\" width=\"1024\" height=\"768\" src=\"https:\/\/volcanoatv.is\/en\/wp-content\/uploads\/2025\/06\/lundinn.jpg\" alt=\"\" class=\"wp-image-1421\" srcset=\"https:\/\/volcanoatv.is\/en\/wp-content\/uploads\/2025\/06\/lundinn.jpg 1024w, https:\/\/volcanoatv.is\/en\/wp-content\/uploads\/2025\/06\/lundinn-600x450.jpg 600w, https:\/\/volcanoatv.is\/en\/wp-content\/uploads\/2025\/06\/lundinn-300x225.jpg 300w, https:\/\/volcanoatv.is\/en\/wp-content\/uploads\/2025\/06\/lundinn-768x576.jpg 768w\" sizes=\"auto, (max-width: 1024px) 100vw, 1024px\" \/><\/figure>\n","protected":false},"excerpt":{"rendered":"<p>Iceland\u2019s unique landscapes and endless possibilities both outdoors and inside make the country a stellar choice for a family vacation&#8230;.<\/p>\n","protected":false},"author":4,"featured_media":0,"parent":1081,"menu_order":0,"comment_status":"closed","ping_status":"closed","template":"","meta":{"_exactmetrics_skip_tracking":false,"_exactmetrics_sitenote_active":false,"_exactmetrics_sitenote_note":"","_exactmetrics_sitenote_category":0,"footnotes":""},"class_list":["post-1419","page","type-page","status-publish","hentry"],"yoast_head":"<!-- This site is optimized with the Yoast SEO plugin v27.4 - https:\/\/yoast.com\/product\/yoast-seo-wordpress\/ -->\n<title>Family Fun on ATVs: A Day of Adventure in the Westman Islands | Volcano ATV<\/title>\n<meta name=\"robots\" content=\"index, follow, max-snippet:-1, max-image-preview:large, max-video-preview:-1\" \/>\n<link rel=\"canonical\" href=\"https:\/\/volcanoatv.is\/en\/westman-islands\/family-fun-on-atvs-a-day-of-adventure-in-the-westman-islands\" \/>\n<meta property=\"og:locale\" content=\"en_US\" \/>\n<meta property=\"og:type\" content=\"article\" \/>\n<meta property=\"og:title\" content=\"Family Fun on ATVs: A Day of Adventure in the Westman Islands | Volcano ATV\" \/>\n<meta property=\"og:description\" content=\"Iceland\u2019s unique landscapes and endless possibilities both outdoors and inside make the country a stellar choice for a family vacation....\" \/>\n<meta property=\"og:url\" content=\"https:\/\/volcanoatv.is\/en\/westman-islands\/family-fun-on-atvs-a-day-of-adventure-in-the-westman-islands\" \/>\n<meta property=\"og:site_name\" content=\"Volcano ATV\" \/>\n<meta property=\"article:publisher\" content=\"https:\/\/www.facebook.com\/volcanoatv\/\" \/>\n<meta property=\"og:image\" content=\"https:\/\/volcanoatv.is\/en\/wp-content\/uploads\/2025\/06\/volcano-tour.jpg\" \/>\n\t<meta property=\"og:image:width\" content=\"1024\" \/>\n\t<meta property=\"og:image:height\" content=\"747\" \/>\n\t<meta property=\"og:image:type\" content=\"image\/jpeg\" \/>\n<meta name=\"twitter:card\" content=\"summary_large_image\" \/>\n<meta name=\"twitter:label1\" content=\"Est. reading time\" \/>\n\t<meta name=\"twitter:data1\" content=\"4 minutes\" \/>\n<script type=\"application\/ld+json\" class=\"yoast-schema-graph\">{\"@context\":\"https:\\\/\\\/schema.org\",\"@graph\":[{\"@type\":\"WebPage\",\"@id\":\"https:\\\/\\\/volcanoatv.is\\\/en\\\/westman-islands\\\/family-fun-on-atvs-a-day-of-adventure-in-the-westman-islands\",\"url\":\"https:\\\/\\\/volcanoatv.is\\\/en\\\/westman-islands\\\/family-fun-on-atvs-a-day-of-adventure-in-the-westman-islands\",\"name\":\"Family Fun on ATVs: A Day of Adventure in the Westman Islands | Volcano ATV\",\"isPartOf\":{\"@id\":\"https:\\\/\\\/volcanoatv.is\\\/en\\\/#website\"},\"primaryImageOfPage\":{\"@id\":\"https:\\\/\\\/volcanoatv.is\\\/en\\\/westman-islands\\\/family-fun-on-atvs-a-day-of-adventure-in-the-westman-islands#primaryimage\"},\"image\":{\"@id\":\"https:\\\/\\\/volcanoatv.is\\\/en\\\/westman-islands\\\/family-fun-on-atvs-a-day-of-adventure-in-the-westman-islands#primaryimage\"},\"thumbnailUrl\":\"https:\\\/\\\/volcanoatv.is\\\/en\\\/wp-content\\\/uploads\\\/2025\\\/06\\\/volcano-tour.jpg\",\"datePublished\":\"2025-06-13T13:08:18+00:00\",\"breadcrumb\":{\"@id\":\"https:\\\/\\\/volcanoatv.is\\\/en\\\/westman-islands\\\/family-fun-on-atvs-a-day-of-adventure-in-the-westman-islands#breadcrumb\"},\"inLanguage\":\"en-US\",\"potentialAction\":[{\"@type\":\"ReadAction\",\"target\":[\"https:\\\/\\\/volcanoatv.is\\\/en\\\/westman-islands\\\/family-fun-on-atvs-a-day-of-adventure-in-the-westman-islands\"]}]},{\"@type\":\"ImageObject\",\"inLanguage\":\"en-US\",\"@id\":\"https:\\\/\\\/volcanoatv.is\\\/en\\\/westman-islands\\\/family-fun-on-atvs-a-day-of-adventure-in-the-westman-islands#primaryimage\",\"url\":\"https:\\\/\\\/volcanoatv.is\\\/en\\\/wp-content\\\/uploads\\\/2025\\\/06\\\/volcano-tour.jpg\",\"contentUrl\":\"https:\\\/\\\/volcanoatv.is\\\/en\\\/wp-content\\\/uploads\\\/2025\\\/06\\\/volcano-tour.jpg\",\"width\":1024,\"height\":747},{\"@type\":\"BreadcrumbList\",\"@id\":\"https:\\\/\\\/volcanoatv.is\\\/en\\\/westman-islands\\\/family-fun-on-atvs-a-day-of-adventure-in-the-westman-islands#breadcrumb\",\"itemListElement\":[{\"@type\":\"ListItem\",\"position\":1,\"name\":\"Home\",\"item\":\"https:\\\/\\\/volcanoatv.is\\\/en\\\/\"},{\"@type\":\"ListItem\",\"position\":2,\"name\":\"Westman Islands\",\"item\":\"https:\\\/\\\/volcanoatv.is\\\/en\\\/westman-islands\"},{\"@type\":\"ListItem\",\"position\":3,\"name\":\"Family Fun on ATVs: A Day of Adventure in the Westman Islands\"}]},{\"@type\":\"WebSite\",\"@id\":\"https:\\\/\\\/volcanoatv.is\\\/en\\\/#website\",\"url\":\"https:\\\/\\\/volcanoatv.is\\\/en\\\/\",\"name\":\"Volcano ATV\",\"description\":\"Volcano atv tours\",\"publisher\":{\"@id\":\"https:\\\/\\\/volcanoatv.is\\\/en\\\/#organization\"},\"potentialAction\":[{\"@type\":\"SearchAction\",\"target\":{\"@type\":\"EntryPoint\",\"urlTemplate\":\"https:\\\/\\\/volcanoatv.is\\\/en\\\/?s={search_term_string}\"},\"query-input\":{\"@type\":\"PropertyValueSpecification\",\"valueRequired\":true,\"valueName\":\"search_term_string\"}}],\"inLanguage\":\"en-US\"},{\"@type\":\"Organization\",\"@id\":\"https:\\\/\\\/volcanoatv.is\\\/en\\\/#organization\",\"name\":\"Volcano ATV\",\"url\":\"https:\\\/\\\/volcanoatv.is\\\/en\\\/\",\"logo\":{\"@type\":\"ImageObject\",\"inLanguage\":\"en-US\",\"@id\":\"https:\\\/\\\/volcanoatv.is\\\/en\\\/#\\\/schema\\\/logo\\\/image\\\/\",\"url\":\"https:\\\/\\\/volcanoatv.is\\\/en\\\/wp-content\\\/uploads\\\/2019\\\/02\\\/Volcano-ATV-logo-01.png\",\"contentUrl\":\"https:\\\/\\\/volcanoatv.is\\\/en\\\/wp-content\\\/uploads\\\/2019\\\/02\\\/Volcano-ATV-logo-01.png\",\"width\":3456,\"height\":887,\"caption\":\"Volcano ATV\"},\"image\":{\"@id\":\"https:\\\/\\\/volcanoatv.is\\\/en\\\/#\\\/schema\\\/logo\\\/image\\\/\"},\"sameAs\":[\"https:\\\/\\\/www.facebook.com\\\/volcanoatv\\\/\",\"https:\\\/\\\/www.instagram.com\\\/volcanoatv\\\/\"]}]}<\/script>\n<!-- \/ Yoast SEO plugin. -->","yoast_head_json":{"title":"Family Fun on ATVs: A Day of Adventure in the Westman Islands | Volcano ATV","robots":{"index":"index","follow":"follow","max-snippet":"max-snippet:-1","max-image-preview":"max-image-preview:large","max-video-preview":"max-video-preview:-1"},"canonical":"https:\/\/volcanoatv.is\/en\/westman-islands\/family-fun-on-atvs-a-day-of-adventure-in-the-westman-islands","og_locale":"en_US","og_type":"article","og_title":"Family Fun on ATVs: A Day of Adventure in the Westman Islands | Volcano ATV","og_description":"Iceland\u2019s unique landscapes and endless possibilities both outdoors and inside make the country a stellar choice for a family vacation....","og_url":"https:\/\/volcanoatv.is\/en\/westman-islands\/family-fun-on-atvs-a-day-of-adventure-in-the-westman-islands","og_site_name":"Volcano ATV","article_publisher":"https:\/\/www.facebook.com\/volcanoatv\/","og_image":[{"width":1024,"height":747,"url":"https:\/\/volcanoatv.is\/en\/wp-content\/uploads\/2025\/06\/volcano-tour.jpg","type":"image\/jpeg"}],"twitter_card":"summary_large_image","twitter_misc":{"Est. reading time":"4 minutes"},"schema":{"@context":"https:\/\/schema.org","@graph":[{"@type":"WebPage","@id":"https:\/\/volcanoatv.is\/en\/westman-islands\/family-fun-on-atvs-a-day-of-adventure-in-the-westman-islands","url":"https:\/\/volcanoatv.is\/en\/westman-islands\/family-fun-on-atvs-a-day-of-adventure-in-the-westman-islands","name":"Family Fun on ATVs: A Day of Adventure in the Westman Islands | Volcano ATV","isPartOf":{"@id":"https:\/\/volcanoatv.is\/en\/#website"},"primaryImageOfPage":{"@id":"https:\/\/volcanoatv.is\/en\/westman-islands\/family-fun-on-atvs-a-day-of-adventure-in-the-westman-islands#primaryimage"},"image":{"@id":"https:\/\/volcanoatv.is\/en\/westman-islands\/family-fun-on-atvs-a-day-of-adventure-in-the-westman-islands#primaryimage"},"thumbnailUrl":"https:\/\/volcanoatv.is\/en\/wp-content\/uploads\/2025\/06\/volcano-tour.jpg","datePublished":"2025-06-13T13:08:18+00:00","breadcrumb":{"@id":"https:\/\/volcanoatv.is\/en\/westman-islands\/family-fun-on-atvs-a-day-of-adventure-in-the-westman-islands#breadcrumb"},"inLanguage":"en-US","potentialAction":[{"@type":"ReadAction","target":["https:\/\/volcanoatv.is\/en\/westman-islands\/family-fun-on-atvs-a-day-of-adventure-in-the-westman-islands"]}]},{"@type":"ImageObject","inLanguage":"en-US","@id":"https:\/\/volcanoatv.is\/en\/westman-islands\/family-fun-on-atvs-a-day-of-adventure-in-the-westman-islands#primaryimage","url":"https:\/\/volcanoatv.is\/en\/wp-content\/uploads\/2025\/06\/volcano-tour.jpg","contentUrl":"https:\/\/volcanoatv.is\/en\/wp-content\/uploads\/2025\/06\/volcano-tour.jpg","width":1024,"height":747},{"@type":"BreadcrumbList","@id":"https:\/\/volcanoatv.is\/en\/westman-islands\/family-fun-on-atvs-a-day-of-adventure-in-the-westman-islands#breadcrumb","itemListElement":[{"@type":"ListItem","position":1,"name":"Home","item":"https:\/\/volcanoatv.is\/en\/"},{"@type":"ListItem","position":2,"name":"Westman Islands","item":"https:\/\/volcanoatv.is\/en\/westman-islands"},{"@type":"ListItem","position":3,"name":"Family Fun on ATVs: A Day of Adventure in the Westman Islands"}]},{"@type":"WebSite","@id":"https:\/\/volcanoatv.is\/en\/#website","url":"https:\/\/volcanoatv.is\/en\/","name":"Volcano ATV","description":"Volcano atv tours","publisher":{"@id":"https:\/\/volcanoatv.is\/en\/#organization"},"potentialAction":[{"@type":"SearchAction","target":{"@type":"EntryPoint","urlTemplate":"https:\/\/volcanoatv.is\/en\/?s={search_term_string}"},"query-input":{"@type":"PropertyValueSpecification","valueRequired":true,"valueName":"search_term_string"}}],"inLanguage":"en-US"},{"@type":"Organization","@id":"https:\/\/volcanoatv.is\/en\/#organization","name":"Volcano ATV","url":"https:\/\/volcanoatv.is\/en\/","logo":{"@type":"ImageObject","inLanguage":"en-US","@id":"https:\/\/volcanoatv.is\/en\/#\/schema\/logo\/image\/","url":"https:\/\/volcanoatv.is\/en\/wp-content\/uploads\/2019\/02\/Volcano-ATV-logo-01.png","contentUrl":"https:\/\/volcanoatv.is\/en\/wp-content\/uploads\/2019\/02\/Volcano-ATV-logo-01.png","width":3456,"height":887,"caption":"Volcano ATV"},"image":{"@id":"https:\/\/volcanoatv.is\/en\/#\/schema\/logo\/image\/"},"sameAs":["https:\/\/www.facebook.com\/volcanoatv\/","https:\/\/www.instagram.com\/volcanoatv\/"]}]}},"_links":{"self":[{"href":"https:\/\/volcanoatv.is\/en\/wp-json\/wp\/v2\/pages\/1419","targetHints":{"allow":["GET"]}}],"collection":[{"href":"https:\/\/volcanoatv.is\/en\/wp-json\/wp\/v2\/pages"}],"about":[{"href":"https:\/\/volcanoatv.is\/en\/wp-json\/wp\/v2\/types\/page"}],"author":[{"embeddable":true,"href":"https:\/\/volcanoatv.is\/en\/wp-json\/wp\/v2\/users\/4"}],"replies":[{"embeddable":true,"href":"https:\/\/volcanoatv.is\/en\/wp-json\/wp\/v2\/comments?post=1419"}],"version-history":[{"count":1,"href":"https:\/\/volcanoatv.is\/en\/wp-json\/wp\/v2\/pages\/1419\/revisions"}],"predecessor-version":[{"id":1422,"href":"https:\/\/volcanoatv.is\/en\/wp-json\/wp\/v2\/pages\/1419\/revisions\/1422"}],"up":[{"embeddable":true,"href":"https:\/\/volcanoatv.is\/en\/wp-json\/wp\/v2\/pages\/1081"}],"wp:attachment":[{"href":"https:\/\/volcanoatv.is\/en\/wp-json\/wp\/v2\/media?parent=1419"}],"curies":[{"name":"wp","href":"https:\/\/api.w.org\/{rel}","templated":true}]}}