{"id":1414,"date":"2025-06-13T12:54:54","date_gmt":"2025-06-13T12:54:54","guid":{"rendered":"https:\/\/volcanoatv.is\/en\/?page_id=1414"},"modified":"2025-06-13T12:54:54","modified_gmt":"2025-06-13T12:54:54","slug":"a-perfect-day-in-the-westman-islands-puffins-volcanoes-and-adventure","status":"publish","type":"page","link":"https:\/\/volcanoatv.is\/en\/westman-islands\/a-perfect-day-in-the-westman-islands-puffins-volcanoes-and-adventure","title":{"rendered":"A Perfect Day in the Westman Islands: Puffins, Volcanoes, and Adventure"},"content":{"rendered":"\n<p>Perhaps the most compelling reason for a visit to the Westman Islands is the variety of things to do there. That\u2019s especially the case in summer, when puffins descend on the archipelago in huge numbers and better weather encourages visitors to get outside and explore its volcanic landscape. If you\u2019re looking for an adventure during your stay in Iceland, then this part of the country is the ideal place in which to find it. Book a place on our Volcano ATV tour and we\u2019ll do the rest.<\/p>\n\n\n\n<h2 class=\"wp-block-heading\">Geology in the raw<\/h2>\n\n\n\n<p>Iceland sits on the boundary between the Eurasian and North American tectonic plates. As a consequence, it\u2019s no stranger to volcanic activity. But even by Icelandic standards, the Westman Islands are geologically young. Volcanic activity probably began about 200000 years ago, perhaps a little less. But the islands you see above the water date from no more than 20000 years ago. In comparison, the Westfjords \u2013 the oldest part of Iceland \u2013 are thought to be at least 10 million years old.<\/p>\n\n\n\n<p>If you have an interest in volcanoes, Heimaey is an enticing prospect. Initially, the island \u2013 and later Surtsey \u2013 was formed as magma poured from a fissure in the seabed. The landscape you see today is the result of a number of eruptions, most recently the one that took place five decades ago. Periodically, a subterranean chamber of magma fills and empties. When the magma pours out, it\u2019s this we see as lava flows.<\/p>\n\n\n\n<figure class=\"wp-block-image size-full\"><img loading=\"lazy\" decoding=\"async\" width=\"1024\" height=\"683\" src=\"https:\/\/volcanoatv.is\/en\/wp-content\/uploads\/2025\/06\/jardfraedi2.png\" alt=\"\" class=\"wp-image-1415\" srcset=\"https:\/\/volcanoatv.is\/en\/wp-content\/uploads\/2025\/06\/jardfraedi2.png 1024w, https:\/\/volcanoatv.is\/en\/wp-content\/uploads\/2025\/06\/jardfraedi2-600x400.png 600w, https:\/\/volcanoatv.is\/en\/wp-content\/uploads\/2025\/06\/jardfraedi2-300x200.png 300w, https:\/\/volcanoatv.is\/en\/wp-content\/uploads\/2025\/06\/jardfraedi2-768x512.png 768w\" sizes=\"auto, (max-width: 1024px) 100vw, 1024px\" \/><\/figure>\n\n\n\n<h2 class=\"wp-block-heading\">How eruptions have shaped Heimaey<\/h2>\n\n\n\n<p>As we lead you around Heimaey, visiting Prestvik beach and other parts of the coastline as well as Eldfell, you\u2019ll get a sense of the island\u2019s topography. Each eruption has reshaped the terrain of the Westman Islands. In the case of the 1973 eruption, new land was created accounting for about two square kilometres of Heimaey\u2019s total area, and the Eldfell volcanic cone was formed. On our ATV tour, you\u2019ll get to see the most recent lava field and also venture to the summit of Eldfell, 220 metres high.&nbsp;<\/p>\n\n\n\n<p>Some of Heimaey is much older, however. The northern cliffs, known to locals as Nor\u00f0urklettar, as well as other rocky headlands such as Heimaklettur, Mi\u00f0klettur and Ystiklettur are all the result of volcanic activity. Around the time of the last Ice Age, approximately 10000 years ago, two islands were formed. Another eruption about 6000 years ago created St\u00f3rh\u00f6f\u00f0i, which now forms the southern tip of Heimaey.<\/p>\n\n\n\n<p>Nature wasn\u2019t quite finished with Heimaey: approximately 5000 years ago, magma exploded from the edge of St\u00f3rh\u00f6f\u00f0i, making the area larger. We call the place Stakkab\u00f3tag\u00edgur. The crater that was made as a result measures a kilometre across. Helgafell erupted. Lava spewed out, linking S\u00e6fell, Dalfjall and Klif. Eventually it blocked off the sea allowing sediment to collect. Because of this Ei\u00f0i\u00f0 was formed and eventually built up enough to link Klif and Heimaklettur.<\/p>\n\n\n\n<figure class=\"wp-block-image size-full\"><img loading=\"lazy\" decoding=\"async\" width=\"1024\" height=\"478\" src=\"https:\/\/volcanoatv.is\/en\/wp-content\/uploads\/2025\/06\/vestmannaeyjar.jpg\" alt=\"\" class=\"wp-image-1416\" srcset=\"https:\/\/volcanoatv.is\/en\/wp-content\/uploads\/2025\/06\/vestmannaeyjar.jpg 1024w, https:\/\/volcanoatv.is\/en\/wp-content\/uploads\/2025\/06\/vestmannaeyjar-600x280.jpg 600w, https:\/\/volcanoatv.is\/en\/wp-content\/uploads\/2025\/06\/vestmannaeyjar-300x140.jpg 300w, https:\/\/volcanoatv.is\/en\/wp-content\/uploads\/2025\/06\/vestmannaeyjar-768x359.jpg 768w\" sizes=\"auto, (max-width: 1024px) 100vw, 1024px\" \/><\/figure>\n\n\n\n<h2 class=\"wp-block-heading\">Puffin spotting<\/h2>\n\n\n\n<p>The St\u00f3rh\u00f6f\u00f0i part of the tour isn\u2019t just a chance to see volcanic landscapes. Our ATV tour is also an opportunity to observe puffins, seasonal visitors to Heimaey and the other islands of the Vestmannaeyjar archipelago. One of the most accessible places to see them is just after you travel across the narrow strip of land that signals you\u2019re entering the St\u00f3rh\u00f6f\u00f0i peninsula.<\/p>\n\n\n\n<p>We\u2019ll pull off the road for a short time so that you can view the puffins as they come and go on the cliff face. Within the grassy knolls are their burrows, in which they raise their chicks and keep them safe, warm and well-fed until it\u2019s time for them to fledge. The puffins make clumsy landings which, coupled with their unusual appearance, is quite a comical sight. Together with the experience of riding off-road and seeing the evidence of Heimaey\u2019s volcanic past, seeing the puffins will make this a memorable excursion.&nbsp;<\/p>\n","protected":false},"excerpt":{"rendered":"<p>Perhaps the most compelling reason for a visit to the Westman Islands is the variety of things to do there&#8230;.<\/p>\n","protected":false},"author":4,"featured_media":0,"parent":1081,"menu_order":0,"comment_status":"closed","ping_status":"closed","template":"","meta":{"_exactmetrics_skip_tracking":false,"_exactmetrics_sitenote_active":false,"_exactmetrics_sitenote_note":"","_exactmetrics_sitenote_category":0,"footnotes":""},"class_list":["post-1414","page","type-page","status-publish","hentry"],"yoast_head":"<!-- This site is optimized with the Yoast SEO plugin v27.4 - https:\/\/yoast.com\/product\/yoast-seo-wordpress\/ -->\n<title>A Perfect Day in the Westman Islands: Puffins, Volcanoes, and Adventure | Volcano ATV<\/title>\n<meta name=\"robots\" content=\"index, follow, max-snippet:-1, max-image-preview:large, max-video-preview:-1\" \/>\n<link rel=\"canonical\" href=\"https:\/\/volcanoatv.is\/en\/westman-islands\/a-perfect-day-in-the-westman-islands-puffins-volcanoes-and-adventure\" \/>\n<meta property=\"og:locale\" content=\"en_US\" \/>\n<meta property=\"og:type\" content=\"article\" \/>\n<meta property=\"og:title\" content=\"A Perfect Day in the Westman Islands: Puffins, Volcanoes, and Adventure | Volcano ATV\" \/>\n<meta property=\"og:description\" content=\"Perhaps the most compelling reason for a visit to the Westman Islands is the variety of things to do there....\" \/>\n<meta property=\"og:url\" content=\"https:\/\/volcanoatv.is\/en\/westman-islands\/a-perfect-day-in-the-westman-islands-puffins-volcanoes-and-adventure\" \/>\n<meta property=\"og:site_name\" content=\"Volcano ATV\" \/>\n<meta property=\"article:publisher\" content=\"https:\/\/www.facebook.com\/volcanoatv\/\" \/>\n<meta property=\"og:image\" content=\"https:\/\/volcanoatv.is\/en\/wp-content\/uploads\/2025\/06\/jardfraedi2.png\" \/>\n\t<meta property=\"og:image:width\" content=\"1024\" \/>\n\t<meta property=\"og:image:height\" content=\"683\" \/>\n\t<meta property=\"og:image:type\" content=\"image\/png\" \/>\n<meta name=\"twitter:card\" content=\"summary_large_image\" \/>\n<meta name=\"twitter:label1\" content=\"Est. reading time\" \/>\n\t<meta name=\"twitter:data1\" content=\"4 minutes\" \/>\n<script type=\"application\/ld+json\" class=\"yoast-schema-graph\">{\"@context\":\"https:\\\/\\\/schema.org\",\"@graph\":[{\"@type\":\"WebPage\",\"@id\":\"https:\\\/\\\/volcanoatv.is\\\/en\\\/westman-islands\\\/a-perfect-day-in-the-westman-islands-puffins-volcanoes-and-adventure\",\"url\":\"https:\\\/\\\/volcanoatv.is\\\/en\\\/westman-islands\\\/a-perfect-day-in-the-westman-islands-puffins-volcanoes-and-adventure\",\"name\":\"A Perfect Day in the Westman Islands: Puffins, Volcanoes, and Adventure | Volcano ATV\",\"isPartOf\":{\"@id\":\"https:\\\/\\\/volcanoatv.is\\\/en\\\/#website\"},\"primaryImageOfPage\":{\"@id\":\"https:\\\/\\\/volcanoatv.is\\\/en\\\/westman-islands\\\/a-perfect-day-in-the-westman-islands-puffins-volcanoes-and-adventure#primaryimage\"},\"image\":{\"@id\":\"https:\\\/\\\/volcanoatv.is\\\/en\\\/westman-islands\\\/a-perfect-day-in-the-westman-islands-puffins-volcanoes-and-adventure#primaryimage\"},\"thumbnailUrl\":\"https:\\\/\\\/volcanoatv.is\\\/en\\\/wp-content\\\/uploads\\\/2025\\\/06\\\/jardfraedi2.png\",\"datePublished\":\"2025-06-13T12:54:54+00:00\",\"breadcrumb\":{\"@id\":\"https:\\\/\\\/volcanoatv.is\\\/en\\\/westman-islands\\\/a-perfect-day-in-the-westman-islands-puffins-volcanoes-and-adventure#breadcrumb\"},\"inLanguage\":\"en-US\",\"potentialAction\":[{\"@type\":\"ReadAction\",\"target\":[\"https:\\\/\\\/volcanoatv.is\\\/en\\\/westman-islands\\\/a-perfect-day-in-the-westman-islands-puffins-volcanoes-and-adventure\"]}]},{\"@type\":\"ImageObject\",\"inLanguage\":\"en-US\",\"@id\":\"https:\\\/\\\/volcanoatv.is\\\/en\\\/westman-islands\\\/a-perfect-day-in-the-westman-islands-puffins-volcanoes-and-adventure#primaryimage\",\"url\":\"https:\\\/\\\/volcanoatv.is\\\/en\\\/wp-content\\\/uploads\\\/2025\\\/06\\\/jardfraedi2.png\",\"contentUrl\":\"https:\\\/\\\/volcanoatv.is\\\/en\\\/wp-content\\\/uploads\\\/2025\\\/06\\\/jardfraedi2.png\",\"width\":1024,\"height\":683},{\"@type\":\"BreadcrumbList\",\"@id\":\"https:\\\/\\\/volcanoatv.is\\\/en\\\/westman-islands\\\/a-perfect-day-in-the-westman-islands-puffins-volcanoes-and-adventure#breadcrumb\",\"itemListElement\":[{\"@type\":\"ListItem\",\"position\":1,\"name\":\"Home\",\"item\":\"https:\\\/\\\/volcanoatv.is\\\/en\\\/\"},{\"@type\":\"ListItem\",\"position\":2,\"name\":\"Westman Islands\",\"item\":\"https:\\\/\\\/volcanoatv.is\\\/en\\\/westman-islands\"},{\"@type\":\"ListItem\",\"position\":3,\"name\":\"A Perfect Day in the Westman Islands: Puffins, Volcanoes, and Adventure\"}]},{\"@type\":\"WebSite\",\"@id\":\"https:\\\/\\\/volcanoatv.is\\\/en\\\/#website\",\"url\":\"https:\\\/\\\/volcanoatv.is\\\/en\\\/\",\"name\":\"Volcano ATV\",\"description\":\"Volcano atv tours\",\"publisher\":{\"@id\":\"https:\\\/\\\/volcanoatv.is\\\/en\\\/#organization\"},\"potentialAction\":[{\"@type\":\"SearchAction\",\"target\":{\"@type\":\"EntryPoint\",\"urlTemplate\":\"https:\\\/\\\/volcanoatv.is\\\/en\\\/?s={search_term_string}\"},\"query-input\":{\"@type\":\"PropertyValueSpecification\",\"valueRequired\":true,\"valueName\":\"search_term_string\"}}],\"inLanguage\":\"en-US\"},{\"@type\":\"Organization\",\"@id\":\"https:\\\/\\\/volcanoatv.is\\\/en\\\/#organization\",\"name\":\"Volcano ATV\",\"url\":\"https:\\\/\\\/volcanoatv.is\\\/en\\\/\",\"logo\":{\"@type\":\"ImageObject\",\"inLanguage\":\"en-US\",\"@id\":\"https:\\\/\\\/volcanoatv.is\\\/en\\\/#\\\/schema\\\/logo\\\/image\\\/\",\"url\":\"https:\\\/\\\/volcanoatv.is\\\/en\\\/wp-content\\\/uploads\\\/2019\\\/02\\\/Volcano-ATV-logo-01.png\",\"contentUrl\":\"https:\\\/\\\/volcanoatv.is\\\/en\\\/wp-content\\\/uploads\\\/2019\\\/02\\\/Volcano-ATV-logo-01.png\",\"width\":3456,\"height\":887,\"caption\":\"Volcano ATV\"},\"image\":{\"@id\":\"https:\\\/\\\/volcanoatv.is\\\/en\\\/#\\\/schema\\\/logo\\\/image\\\/\"},\"sameAs\":[\"https:\\\/\\\/www.facebook.com\\\/volcanoatv\\\/\",\"https:\\\/\\\/www.instagram.com\\\/volcanoatv\\\/\"]}]}<\/script>\n<!-- \/ Yoast SEO plugin. -->","yoast_head_json":{"title":"A Perfect Day in the Westman Islands: Puffins, Volcanoes, and Adventure | Volcano ATV","robots":{"index":"index","follow":"follow","max-snippet":"max-snippet:-1","max-image-preview":"max-image-preview:large","max-video-preview":"max-video-preview:-1"},"canonical":"https:\/\/volcanoatv.is\/en\/westman-islands\/a-perfect-day-in-the-westman-islands-puffins-volcanoes-and-adventure","og_locale":"en_US","og_type":"article","og_title":"A Perfect Day in the Westman Islands: Puffins, Volcanoes, and Adventure | Volcano ATV","og_description":"Perhaps the most compelling reason for a visit to the Westman Islands is the variety of things to do there....","og_url":"https:\/\/volcanoatv.is\/en\/westman-islands\/a-perfect-day-in-the-westman-islands-puffins-volcanoes-and-adventure","og_site_name":"Volcano ATV","article_publisher":"https:\/\/www.facebook.com\/volcanoatv\/","og_image":[{"width":1024,"height":683,"url":"https:\/\/volcanoatv.is\/en\/wp-content\/uploads\/2025\/06\/jardfraedi2.png","type":"image\/png"}],"twitter_card":"summary_large_image","twitter_misc":{"Est. reading time":"4 minutes"},"schema":{"@context":"https:\/\/schema.org","@graph":[{"@type":"WebPage","@id":"https:\/\/volcanoatv.is\/en\/westman-islands\/a-perfect-day-in-the-westman-islands-puffins-volcanoes-and-adventure","url":"https:\/\/volcanoatv.is\/en\/westman-islands\/a-perfect-day-in-the-westman-islands-puffins-volcanoes-and-adventure","name":"A Perfect Day in the Westman Islands: Puffins, Volcanoes, and Adventure | Volcano ATV","isPartOf":{"@id":"https:\/\/volcanoatv.is\/en\/#website"},"primaryImageOfPage":{"@id":"https:\/\/volcanoatv.is\/en\/westman-islands\/a-perfect-day-in-the-westman-islands-puffins-volcanoes-and-adventure#primaryimage"},"image":{"@id":"https:\/\/volcanoatv.is\/en\/westman-islands\/a-perfect-day-in-the-westman-islands-puffins-volcanoes-and-adventure#primaryimage"},"thumbnailUrl":"https:\/\/volcanoatv.is\/en\/wp-content\/uploads\/2025\/06\/jardfraedi2.png","datePublished":"2025-06-13T12:54:54+00:00","breadcrumb":{"@id":"https:\/\/volcanoatv.is\/en\/westman-islands\/a-perfect-day-in-the-westman-islands-puffins-volcanoes-and-adventure#breadcrumb"},"inLanguage":"en-US","potentialAction":[{"@type":"ReadAction","target":["https:\/\/volcanoatv.is\/en\/westman-islands\/a-perfect-day-in-the-westman-islands-puffins-volcanoes-and-adventure"]}]},{"@type":"ImageObject","inLanguage":"en-US","@id":"https:\/\/volcanoatv.is\/en\/westman-islands\/a-perfect-day-in-the-westman-islands-puffins-volcanoes-and-adventure#primaryimage","url":"https:\/\/volcanoatv.is\/en\/wp-content\/uploads\/2025\/06\/jardfraedi2.png","contentUrl":"https:\/\/volcanoatv.is\/en\/wp-content\/uploads\/2025\/06\/jardfraedi2.png","width":1024,"height":683},{"@type":"BreadcrumbList","@id":"https:\/\/volcanoatv.is\/en\/westman-islands\/a-perfect-day-in-the-westman-islands-puffins-volcanoes-and-adventure#breadcrumb","itemListElement":[{"@type":"ListItem","position":1,"name":"Home","item":"https:\/\/volcanoatv.is\/en\/"},{"@type":"ListItem","position":2,"name":"Westman Islands","item":"https:\/\/volcanoatv.is\/en\/westman-islands"},{"@type":"ListItem","position":3,"name":"A Perfect Day in the Westman Islands: Puffins, Volcanoes, and Adventure"}]},{"@type":"WebSite","@id":"https:\/\/volcanoatv.is\/en\/#website","url":"https:\/\/volcanoatv.is\/en\/","name":"Volcano ATV","description":"Volcano atv tours","publisher":{"@id":"https:\/\/volcanoatv.is\/en\/#organization"},"potentialAction":[{"@type":"SearchAction","target":{"@type":"EntryPoint","urlTemplate":"https:\/\/volcanoatv.is\/en\/?s={search_term_string}"},"query-input":{"@type":"PropertyValueSpecification","valueRequired":true,"valueName":"search_term_string"}}],"inLanguage":"en-US"},{"@type":"Organization","@id":"https:\/\/volcanoatv.is\/en\/#organization","name":"Volcano ATV","url":"https:\/\/volcanoatv.is\/en\/","logo":{"@type":"ImageObject","inLanguage":"en-US","@id":"https:\/\/volcanoatv.is\/en\/#\/schema\/logo\/image\/","url":"https:\/\/volcanoatv.is\/en\/wp-content\/uploads\/2019\/02\/Volcano-ATV-logo-01.png","contentUrl":"https:\/\/volcanoatv.is\/en\/wp-content\/uploads\/2019\/02\/Volcano-ATV-logo-01.png","width":3456,"height":887,"caption":"Volcano ATV"},"image":{"@id":"https:\/\/volcanoatv.is\/en\/#\/schema\/logo\/image\/"},"sameAs":["https:\/\/www.facebook.com\/volcanoatv\/","https:\/\/www.instagram.com\/volcanoatv\/"]}]}},"_links":{"self":[{"href":"https:\/\/volcanoatv.is\/en\/wp-json\/wp\/v2\/pages\/1414","targetHints":{"allow":["GET"]}}],"collection":[{"href":"https:\/\/volcanoatv.is\/en\/wp-json\/wp\/v2\/pages"}],"about":[{"href":"https:\/\/volcanoatv.is\/en\/wp-json\/wp\/v2\/types\/page"}],"author":[{"embeddable":true,"href":"https:\/\/volcanoatv.is\/en\/wp-json\/wp\/v2\/users\/4"}],"replies":[{"embeddable":true,"href":"https:\/\/volcanoatv.is\/en\/wp-json\/wp\/v2\/comments?post=1414"}],"version-history":[{"count":1,"href":"https:\/\/volcanoatv.is\/en\/wp-json\/wp\/v2\/pages\/1414\/revisions"}],"predecessor-version":[{"id":1417,"href":"https:\/\/volcanoatv.is\/en\/wp-json\/wp\/v2\/pages\/1414\/revisions\/1417"}],"up":[{"embeddable":true,"href":"https:\/\/volcanoatv.is\/en\/wp-json\/wp\/v2\/pages\/1081"}],"wp:attachment":[{"href":"https:\/\/volcanoatv.is\/en\/wp-json\/wp\/v2\/media?parent=1414"}],"curies":[{"name":"wp","href":"https:\/\/api.w.org\/{rel}","templated":true}]}}