{"id":1310,"date":"2024-09-27T16:12:44","date_gmt":"2024-09-27T16:12:44","guid":{"rendered":"https:\/\/volcanoatv.is\/en\/?page_id=1310"},"modified":"2024-09-27T16:16:27","modified_gmt":"2024-09-27T16:16:27","slug":"where-to-see-puffins-in-iceland","status":"publish","type":"page","link":"https:\/\/volcanoatv.is\/en\/info\/where-to-see-puffins-in-iceland","title":{"rendered":"Where to see puffins in Iceland"},"content":{"rendered":"\n<p>Unlike some birds which closely resemble other species, you\u2019ll have no trouble at all identifying a puffin. This distinctive bird is easy to spot, with a rounded body, black and white feathers, a stubby multi-coloured beak and bright orange feet. They\u2019re not resident in Iceland year-round, but when they are around, their numbers are such that it\u2019s easy to find them. Let\u2019s take a look at where to see puffins in Iceland.&nbsp;<\/p>\n\n\n\n<p>About 60% of the Atlantic puffins on the planet arrive at the Icelandic mainland or its islands each year. They typically get here in late April and after they\u2019ve nested, bred and raised their chicks, they head off back to the open ocean in mid to late August. If your visit is likely to be at the beginning or end of that period, it\u2019s worth keeping a close eye on the many webcams that point at popular puffin spots so you can check the birds are there.<\/p>\n\n\n\n<h2 class=\"wp-block-heading\"><strong>The best places to see puffins<\/strong><\/h2>\n\n\n\n<p>Puffins are found all around Iceland, so whichever part of the coastline you focus on, you won\u2019t have to travel far to find a spot that is a favourite of these cute and comical birds. Sometimes you can walk to viewing areas and hides on foot; in other places a boat trip should reward passengers with close-up sightings.&nbsp;<\/p>\n\n\n\n<p>In some cases, to reach the most isolated spots, you might need to arrange a private transfer or join a dedicated organised tour. Puffin watching can also be combined with other activities, which is the case in the Westman Islands with our ATV tours. These family-friendly tours are a great way to cover more ground while enjoying yourself and making lasting memories.&nbsp;<\/p>\n\n\n\n<figure class=\"wp-block-image size-large\"><img loading=\"lazy\" decoding=\"async\" width=\"931\" height=\"1024\" src=\"https:\/\/volcanoatv.is\/en\/wp-content\/uploads\/2024\/09\/20240927_142343-931x1024.jpg\" alt=\"\" class=\"wp-image-1294\" srcset=\"https:\/\/volcanoatv.is\/en\/wp-content\/uploads\/2024\/09\/20240927_142343-931x1024.jpg 931w, https:\/\/volcanoatv.is\/en\/wp-content\/uploads\/2024\/09\/20240927_142343-600x660.jpg 600w, https:\/\/volcanoatv.is\/en\/wp-content\/uploads\/2024\/09\/20240927_142343-273x300.jpg 273w, https:\/\/volcanoatv.is\/en\/wp-content\/uploads\/2024\/09\/20240927_142343-768x845.jpg 768w, https:\/\/volcanoatv.is\/en\/wp-content\/uploads\/2024\/09\/20240927_142343.jpg 1000w\" sizes=\"auto, (max-width: 931px) 100vw, 931px\" \/><\/figure>\n\n\n\n<p>However you choose to facilitate a puffin encounter, if you are in the country at the right time of year we\u2019d strongly recommend that you incorporate watching these entertaining seabirds into your itinerary. Here\u2019s where you might do so:<\/p>\n\n\n\n<ul class=\"wp-block-list\">\n<li><strong>The Westman Islands&nbsp;<\/strong><\/li>\n<\/ul>\n\n\n\n<p>Vestmannaeyjar is the number one location in Iceland for puffin sightings. That\u2019s because it has the biggest colony. It\u2019s thought to number around 830,000 breeding pairs during the season which is far in excess of anything you\u2019ll experience elsewhere. To put it into perspective, that impressive figure represents something in the region of 20% of the world\u2019s Atlantic puffin population.<\/p>\n\n\n\n<p>Heimaey is the only permanently inhabited island in this southerly archipelago, but it\u2019s easy to reach by ferry from the mainland and the crossing takes only about half an hour. Once there, you can take a boat tour, visit the St\u00f3rh\u00f6f\u00f0i bird hide on foot or join one of our fun ATV rides that focus on these comical birds alongside other aspects of Westman Island life such as its volcanic activity or pirate past.<\/p>\n\n\n\n<figure class=\"wp-block-image size-full\"><img loading=\"lazy\" decoding=\"async\" width=\"1000\" height=\"750\" src=\"https:\/\/volcanoatv.is\/en\/wp-content\/uploads\/2024\/09\/214319160_10219353453211950_8101903781320160128_n.jpg\" alt=\"\" class=\"wp-image-1311\" srcset=\"https:\/\/volcanoatv.is\/en\/wp-content\/uploads\/2024\/09\/214319160_10219353453211950_8101903781320160128_n.jpg 1000w, https:\/\/volcanoatv.is\/en\/wp-content\/uploads\/2024\/09\/214319160_10219353453211950_8101903781320160128_n-600x450.jpg 600w, https:\/\/volcanoatv.is\/en\/wp-content\/uploads\/2024\/09\/214319160_10219353453211950_8101903781320160128_n-300x225.jpg 300w, https:\/\/volcanoatv.is\/en\/wp-content\/uploads\/2024\/09\/214319160_10219353453211950_8101903781320160128_n-768x576.jpg 768w\" sizes=\"auto, (max-width: 1000px) 100vw, 1000px\" \/><\/figure>\n\n\n\n<ul class=\"wp-block-list\">\n<li><strong>Ing\u00f3lfsh\u00f6f\u00f0i<\/strong><\/li>\n<\/ul>\n\n\n\n<p>Ing\u00f3lfsh\u00f6f\u00f0i is a cape off the south coast of Iceland, located further east than the Westman Islands. In the summer, you can visit this private nature reserve as part of a group tour. One of the reasons why it\u2019s not possible to go there independently will become obvious as soon as you set off: you ride on a cart towed by a tractor across a causeway of wet sand. There\u2019s a steep sand cliff to navigate on foot once you reach Ing\u00f3lfsh\u00f6f\u00f0i but at the top, you\u2019re treated to some close up puffin sightings.<\/p>\n\n\n\n<ul class=\"wp-block-list\">\n<li><strong>Dyrh\u00f3laey<\/strong><\/li>\n<\/ul>\n\n\n\n<p>Dyrh\u00f3laey is a little easier to access. Located just west of the tourist town of Vik, this promontory pokes out into the Atlantic. Battered by waves, it features a large arch and faulted sides. In nooks and grassy hollows, puffins and other seabirds like terns and fulmars make their nests during the summer months. During daylight hours, follow marked paths that get you close enough to watch the birds come and go.<\/p>\n\n\n\n<ul class=\"wp-block-list\">\n<li><strong>Borgarfj\u00f6r\u00f0ur Eystri<\/strong><\/li>\n<\/ul>\n\n\n\n<p>The place which styles itself as the \u201cPuffin Capital of Iceland\u201d is probably the main competitor to the Westman Islands when it comes to puffin watching. It takes a lot more time to reach Borgarfj\u00f6r\u00f0ur Eystri in East Iceland, but it\u2019s an easy place from which to watch the antics of these comical birds once you are there. Position yourself above the marina where you\u2019ll find shelters and wooden platforms that makes this place very accessible. An estimated 10,000 breeding pairs visit during the summer season and you can be as little as two metres away from them.<\/p>\n\n\n\n<figure class=\"wp-block-image size-full\"><img loading=\"lazy\" decoding=\"async\" width=\"1000\" height=\"576\" src=\"https:\/\/volcanoatv.is\/en\/wp-content\/uploads\/2024\/09\/borgarfjordur.jpg\" alt=\"\" class=\"wp-image-1314\" srcset=\"https:\/\/volcanoatv.is\/en\/wp-content\/uploads\/2024\/09\/borgarfjordur.jpg 1000w, https:\/\/volcanoatv.is\/en\/wp-content\/uploads\/2024\/09\/borgarfjordur-600x346.jpg 600w, https:\/\/volcanoatv.is\/en\/wp-content\/uploads\/2024\/09\/borgarfjordur-300x173.jpg 300w, https:\/\/volcanoatv.is\/en\/wp-content\/uploads\/2024\/09\/borgarfjordur-768x442.jpg 768w\" sizes=\"auto, (max-width: 1000px) 100vw, 1000px\" \/><\/figure>\n\n\n\n<ul class=\"wp-block-list\">\n<li><strong>Papey Island<\/strong><\/li>\n<\/ul>\n\n\n\n<p>Once the focus of tours from Dj\u00fapivogur in the East Fjords, Papey Island is now much more difficult to get to, though no one has told the puffins that. Humans haven\u2019t lived on the island for more than 70 years and to reach this isolated place now you\u2019ll need to charter yourself a boat which is likely to be costly.&nbsp;<\/p>\n\n\n\n<ul class=\"wp-block-list\">\n<li><strong>L\u00e1trabjarg<\/strong><\/li>\n<\/ul>\n\n\n\n<p>The Westfjords is Iceland\u2019s most enigmatic region and its remoteness means it receives fewer visitors compared to other parts of the country. Many of those that do make it this far do so to visit L\u00e1trabjarg, which is the biggest seabird cliff in Europe. Puffins are just one of the species that choose to nest here; the best time to encounter them is in May, June or July. It\u2019s a wild and natural spot; the steep cliffs are unfenced, so be careful where you step while you\u2019re watching the puffins.&nbsp;&nbsp;&nbsp;<\/p>\n\n\n\n<figure class=\"wp-block-image size-full\"><img loading=\"lazy\" decoding=\"async\" width=\"1000\" height=\"750\" src=\"https:\/\/volcanoatv.is\/en\/wp-content\/uploads\/2024\/09\/Atlantic_Puffin_Latrabjarg_Iceland_04.jpg\" alt=\"\" class=\"wp-image-1312\" srcset=\"https:\/\/volcanoatv.is\/en\/wp-content\/uploads\/2024\/09\/Atlantic_Puffin_Latrabjarg_Iceland_04.jpg 1000w, https:\/\/volcanoatv.is\/en\/wp-content\/uploads\/2024\/09\/Atlantic_Puffin_Latrabjarg_Iceland_04-600x450.jpg 600w, https:\/\/volcanoatv.is\/en\/wp-content\/uploads\/2024\/09\/Atlantic_Puffin_Latrabjarg_Iceland_04-300x225.jpg 300w, https:\/\/volcanoatv.is\/en\/wp-content\/uploads\/2024\/09\/Atlantic_Puffin_Latrabjarg_Iceland_04-768x576.jpg 768w\" sizes=\"auto, (max-width: 1000px) 100vw, 1000px\" \/><\/figure>\n\n\n\n<ul class=\"wp-block-list\">\n<li><strong>Vigur Island<\/strong><\/li>\n<\/ul>\n\n\n\n<p>Each year, about 100,000 puffins migrate to Vigur Island close to \u00cdsafj\u00f6r\u00f0ur in the Westfjords. Summer trips can be arranged by the family which owns the island. As well as puffin spotting, you can learn about the eider harvest. You\u2019re also welcome to look around its historic buildings, including Viktor\u00eduh\u00fas \u2013 built in 1860.<\/p>\n\n\n\n<ul class=\"wp-block-list\">\n<li><strong>Tj\u00f6rnes Peninsula<\/strong><\/li>\n<\/ul>\n\n\n\n<p>Puffins are also found in the north of Iceland, so if you are planning to loop the country on a road trip, then consider stopping off at the Tj\u00f6rnes Peninsula. Though it feels remote, its bird cliffs are actually not far from H\u00fasav\u00edk. Set your sights on the viewing platform at Hringsbjarg or the orange-painted lighthouse at Voladalstorfa.&nbsp;<\/p>\n\n\n\n<ul class=\"wp-block-list\">\n<li><strong>Gr\u00edmsey Island<\/strong><\/li>\n<\/ul>\n\n\n\n<p>One of the most northerly locations in Iceland, you can also find puffins within the Arctic Circle at Grimsey. Most visitors will overlook this place because of the extra effort required to reach it, but if you do make it this far, you\u2019ll find puffins aplenty as well as razorbills, guillemots and kittiwakes. If you are going to spot puffins in the evening \u2013 and experience the Midnight Sun \u2013 plan to spend at least one night here before you hop on a ferry back to the mainland.<\/p>\n\n\n\n<figure class=\"wp-block-image size-full\"><img loading=\"lazy\" decoding=\"async\" width=\"1000\" height=\"666\" src=\"https:\/\/volcanoatv.is\/en\/wp-content\/uploads\/2024\/09\/grimsey.jpg\" alt=\"\" class=\"wp-image-1313\" srcset=\"https:\/\/volcanoatv.is\/en\/wp-content\/uploads\/2024\/09\/grimsey.jpg 1000w, https:\/\/volcanoatv.is\/en\/wp-content\/uploads\/2024\/09\/grimsey-600x400.jpg 600w, https:\/\/volcanoatv.is\/en\/wp-content\/uploads\/2024\/09\/grimsey-300x200.jpg 300w, https:\/\/volcanoatv.is\/en\/wp-content\/uploads\/2024\/09\/grimsey-768x511.jpg 768w\" sizes=\"auto, (max-width: 1000px) 100vw, 1000px\" \/><\/figure>\n\n\n\n<ul class=\"wp-block-list\">\n<li><strong>Islands close to Reykjavik<\/strong><\/li>\n<\/ul>\n\n\n\n<p>Akurey is a small island close to Reykjavik and boat trips through Faxafl\u00f3i Bay can be arranged from the capital\u2019s old harbour. Uninhabited Lundy is another popular spot for migratory seabirds. The number of puffins and other species is smaller here than around Heimaey, but you have the convenience of being able to stay in Reykjavik if your time is really short.<\/p>\n\n\n\n<p>As you can see, though it\u2019s possible to see puffins in many places in Iceland, there\u2019s a lot to recommend coming to the Westman Islands if you are serious about seeing them during your summer holiday. With a plethora of ways to spend your time, from ATV tours to boat trips, you\u2019re sure to have a lot of fun as you meet Iceland\u2019s most recognisable visitor.<\/p>\n","protected":false},"excerpt":{"rendered":"<p>Unlike some birds which closely resemble other species, you\u2019ll have no trouble at all identifying a puffin. This distinctive bird&#8230;<\/p>\n","protected":false},"author":4,"featured_media":0,"parent":1110,"menu_order":0,"comment_status":"closed","ping_status":"closed","template":"","meta":{"_exactmetrics_skip_tracking":false,"_exactmetrics_sitenote_active":false,"_exactmetrics_sitenote_note":"","_exactmetrics_sitenote_category":0,"footnotes":""},"class_list":["post-1310","page","type-page","status-publish","hentry"],"yoast_head":"<!-- This site is optimized with the Yoast SEO plugin v27.4 - https:\/\/yoast.com\/product\/yoast-seo-wordpress\/ -->\n<title>Where to see puffins in Iceland | Volcano ATV<\/title>\n<meta name=\"robots\" content=\"index, follow, max-snippet:-1, max-image-preview:large, max-video-preview:-1\" \/>\n<link rel=\"canonical\" href=\"https:\/\/volcanoatv.is\/en\/info\/where-to-see-puffins-in-iceland\" \/>\n<meta property=\"og:locale\" content=\"en_US\" \/>\n<meta property=\"og:type\" content=\"article\" \/>\n<meta property=\"og:title\" content=\"Where to see puffins in Iceland | Volcano ATV\" \/>\n<meta property=\"og:description\" content=\"Unlike some birds which closely resemble other species, you\u2019ll have no trouble at all identifying a puffin. This distinctive bird...\" \/>\n<meta property=\"og:url\" content=\"https:\/\/volcanoatv.is\/en\/info\/where-to-see-puffins-in-iceland\" \/>\n<meta property=\"og:site_name\" content=\"Volcano ATV\" \/>\n<meta property=\"article:publisher\" content=\"https:\/\/www.facebook.com\/volcanoatv\/\" \/>\n<meta property=\"article:modified_time\" content=\"2024-09-27T16:16:27+00:00\" \/>\n<meta property=\"og:image\" content=\"https:\/\/volcanoatv.is\/en\/wp-content\/uploads\/2024\/09\/20240927_142343-931x1024.jpg\" \/>\n<meta name=\"twitter:card\" content=\"summary_large_image\" \/>\n<meta name=\"twitter:label1\" content=\"Est. reading time\" \/>\n\t<meta name=\"twitter:data1\" content=\"7 minutes\" \/>\n<script type=\"application\/ld+json\" class=\"yoast-schema-graph\">{\"@context\":\"https:\\\/\\\/schema.org\",\"@graph\":[{\"@type\":\"WebPage\",\"@id\":\"https:\\\/\\\/volcanoatv.is\\\/en\\\/info\\\/where-to-see-puffins-in-iceland\",\"url\":\"https:\\\/\\\/volcanoatv.is\\\/en\\\/info\\\/where-to-see-puffins-in-iceland\",\"name\":\"Where to see puffins in Iceland | Volcano ATV\",\"isPartOf\":{\"@id\":\"https:\\\/\\\/volcanoatv.is\\\/en\\\/#website\"},\"primaryImageOfPage\":{\"@id\":\"https:\\\/\\\/volcanoatv.is\\\/en\\\/info\\\/where-to-see-puffins-in-iceland#primaryimage\"},\"image\":{\"@id\":\"https:\\\/\\\/volcanoatv.is\\\/en\\\/info\\\/where-to-see-puffins-in-iceland#primaryimage\"},\"thumbnailUrl\":\"https:\\\/\\\/volcanoatv.is\\\/en\\\/wp-content\\\/uploads\\\/2024\\\/09\\\/20240927_142343-931x1024.jpg\",\"datePublished\":\"2024-09-27T16:12:44+00:00\",\"dateModified\":\"2024-09-27T16:16:27+00:00\",\"breadcrumb\":{\"@id\":\"https:\\\/\\\/volcanoatv.is\\\/en\\\/info\\\/where-to-see-puffins-in-iceland#breadcrumb\"},\"inLanguage\":\"en-US\",\"potentialAction\":[{\"@type\":\"ReadAction\",\"target\":[\"https:\\\/\\\/volcanoatv.is\\\/en\\\/info\\\/where-to-see-puffins-in-iceland\"]}]},{\"@type\":\"ImageObject\",\"inLanguage\":\"en-US\",\"@id\":\"https:\\\/\\\/volcanoatv.is\\\/en\\\/info\\\/where-to-see-puffins-in-iceland#primaryimage\",\"url\":\"https:\\\/\\\/volcanoatv.is\\\/en\\\/wp-content\\\/uploads\\\/2024\\\/09\\\/20240927_142343.jpg\",\"contentUrl\":\"https:\\\/\\\/volcanoatv.is\\\/en\\\/wp-content\\\/uploads\\\/2024\\\/09\\\/20240927_142343.jpg\",\"width\":1000,\"height\":1100},{\"@type\":\"BreadcrumbList\",\"@id\":\"https:\\\/\\\/volcanoatv.is\\\/en\\\/info\\\/where-to-see-puffins-in-iceland#breadcrumb\",\"itemListElement\":[{\"@type\":\"ListItem\",\"position\":1,\"name\":\"Home\",\"item\":\"https:\\\/\\\/volcanoatv.is\\\/en\\\/\"},{\"@type\":\"ListItem\",\"position\":2,\"name\":\"Info\",\"item\":\"https:\\\/\\\/volcanoatv.is\\\/en\\\/info\"},{\"@type\":\"ListItem\",\"position\":3,\"name\":\"Where to see puffins in Iceland\"}]},{\"@type\":\"WebSite\",\"@id\":\"https:\\\/\\\/volcanoatv.is\\\/en\\\/#website\",\"url\":\"https:\\\/\\\/volcanoatv.is\\\/en\\\/\",\"name\":\"Volcano ATV\",\"description\":\"Volcano atv tours\",\"publisher\":{\"@id\":\"https:\\\/\\\/volcanoatv.is\\\/en\\\/#organization\"},\"potentialAction\":[{\"@type\":\"SearchAction\",\"target\":{\"@type\":\"EntryPoint\",\"urlTemplate\":\"https:\\\/\\\/volcanoatv.is\\\/en\\\/?s={search_term_string}\"},\"query-input\":{\"@type\":\"PropertyValueSpecification\",\"valueRequired\":true,\"valueName\":\"search_term_string\"}}],\"inLanguage\":\"en-US\"},{\"@type\":\"Organization\",\"@id\":\"https:\\\/\\\/volcanoatv.is\\\/en\\\/#organization\",\"name\":\"Volcano ATV\",\"url\":\"https:\\\/\\\/volcanoatv.is\\\/en\\\/\",\"logo\":{\"@type\":\"ImageObject\",\"inLanguage\":\"en-US\",\"@id\":\"https:\\\/\\\/volcanoatv.is\\\/en\\\/#\\\/schema\\\/logo\\\/image\\\/\",\"url\":\"https:\\\/\\\/volcanoatv.is\\\/en\\\/wp-content\\\/uploads\\\/2019\\\/02\\\/Volcano-ATV-logo-01.png\",\"contentUrl\":\"https:\\\/\\\/volcanoatv.is\\\/en\\\/wp-content\\\/uploads\\\/2019\\\/02\\\/Volcano-ATV-logo-01.png\",\"width\":3456,\"height\":887,\"caption\":\"Volcano ATV\"},\"image\":{\"@id\":\"https:\\\/\\\/volcanoatv.is\\\/en\\\/#\\\/schema\\\/logo\\\/image\\\/\"},\"sameAs\":[\"https:\\\/\\\/www.facebook.com\\\/volcanoatv\\\/\",\"https:\\\/\\\/www.instagram.com\\\/volcanoatv\\\/\"]}]}<\/script>\n<!-- \/ Yoast SEO plugin. -->","yoast_head_json":{"title":"Where to see puffins in Iceland | Volcano ATV","robots":{"index":"index","follow":"follow","max-snippet":"max-snippet:-1","max-image-preview":"max-image-preview:large","max-video-preview":"max-video-preview:-1"},"canonical":"https:\/\/volcanoatv.is\/en\/info\/where-to-see-puffins-in-iceland","og_locale":"en_US","og_type":"article","og_title":"Where to see puffins in Iceland | Volcano ATV","og_description":"Unlike some birds which closely resemble other species, you\u2019ll have no trouble at all identifying a puffin. This distinctive bird...","og_url":"https:\/\/volcanoatv.is\/en\/info\/where-to-see-puffins-in-iceland","og_site_name":"Volcano ATV","article_publisher":"https:\/\/www.facebook.com\/volcanoatv\/","article_modified_time":"2024-09-27T16:16:27+00:00","og_image":[{"url":"https:\/\/volcanoatv.is\/en\/wp-content\/uploads\/2024\/09\/20240927_142343-931x1024.jpg","type":"","width":"","height":""}],"twitter_card":"summary_large_image","twitter_misc":{"Est. reading time":"7 minutes"},"schema":{"@context":"https:\/\/schema.org","@graph":[{"@type":"WebPage","@id":"https:\/\/volcanoatv.is\/en\/info\/where-to-see-puffins-in-iceland","url":"https:\/\/volcanoatv.is\/en\/info\/where-to-see-puffins-in-iceland","name":"Where to see puffins in Iceland | Volcano ATV","isPartOf":{"@id":"https:\/\/volcanoatv.is\/en\/#website"},"primaryImageOfPage":{"@id":"https:\/\/volcanoatv.is\/en\/info\/where-to-see-puffins-in-iceland#primaryimage"},"image":{"@id":"https:\/\/volcanoatv.is\/en\/info\/where-to-see-puffins-in-iceland#primaryimage"},"thumbnailUrl":"https:\/\/volcanoatv.is\/en\/wp-content\/uploads\/2024\/09\/20240927_142343-931x1024.jpg","datePublished":"2024-09-27T16:12:44+00:00","dateModified":"2024-09-27T16:16:27+00:00","breadcrumb":{"@id":"https:\/\/volcanoatv.is\/en\/info\/where-to-see-puffins-in-iceland#breadcrumb"},"inLanguage":"en-US","potentialAction":[{"@type":"ReadAction","target":["https:\/\/volcanoatv.is\/en\/info\/where-to-see-puffins-in-iceland"]}]},{"@type":"ImageObject","inLanguage":"en-US","@id":"https:\/\/volcanoatv.is\/en\/info\/where-to-see-puffins-in-iceland#primaryimage","url":"https:\/\/volcanoatv.is\/en\/wp-content\/uploads\/2024\/09\/20240927_142343.jpg","contentUrl":"https:\/\/volcanoatv.is\/en\/wp-content\/uploads\/2024\/09\/20240927_142343.jpg","width":1000,"height":1100},{"@type":"BreadcrumbList","@id":"https:\/\/volcanoatv.is\/en\/info\/where-to-see-puffins-in-iceland#breadcrumb","itemListElement":[{"@type":"ListItem","position":1,"name":"Home","item":"https:\/\/volcanoatv.is\/en\/"},{"@type":"ListItem","position":2,"name":"Info","item":"https:\/\/volcanoatv.is\/en\/info"},{"@type":"ListItem","position":3,"name":"Where to see puffins in Iceland"}]},{"@type":"WebSite","@id":"https:\/\/volcanoatv.is\/en\/#website","url":"https:\/\/volcanoatv.is\/en\/","name":"Volcano ATV","description":"Volcano atv tours","publisher":{"@id":"https:\/\/volcanoatv.is\/en\/#organization"},"potentialAction":[{"@type":"SearchAction","target":{"@type":"EntryPoint","urlTemplate":"https:\/\/volcanoatv.is\/en\/?s={search_term_string}"},"query-input":{"@type":"PropertyValueSpecification","valueRequired":true,"valueName":"search_term_string"}}],"inLanguage":"en-US"},{"@type":"Organization","@id":"https:\/\/volcanoatv.is\/en\/#organization","name":"Volcano ATV","url":"https:\/\/volcanoatv.is\/en\/","logo":{"@type":"ImageObject","inLanguage":"en-US","@id":"https:\/\/volcanoatv.is\/en\/#\/schema\/logo\/image\/","url":"https:\/\/volcanoatv.is\/en\/wp-content\/uploads\/2019\/02\/Volcano-ATV-logo-01.png","contentUrl":"https:\/\/volcanoatv.is\/en\/wp-content\/uploads\/2019\/02\/Volcano-ATV-logo-01.png","width":3456,"height":887,"caption":"Volcano ATV"},"image":{"@id":"https:\/\/volcanoatv.is\/en\/#\/schema\/logo\/image\/"},"sameAs":["https:\/\/www.facebook.com\/volcanoatv\/","https:\/\/www.instagram.com\/volcanoatv\/"]}]}},"_links":{"self":[{"href":"https:\/\/volcanoatv.is\/en\/wp-json\/wp\/v2\/pages\/1310","targetHints":{"allow":["GET"]}}],"collection":[{"href":"https:\/\/volcanoatv.is\/en\/wp-json\/wp\/v2\/pages"}],"about":[{"href":"https:\/\/volcanoatv.is\/en\/wp-json\/wp\/v2\/types\/page"}],"author":[{"embeddable":true,"href":"https:\/\/volcanoatv.is\/en\/wp-json\/wp\/v2\/users\/4"}],"replies":[{"embeddable":true,"href":"https:\/\/volcanoatv.is\/en\/wp-json\/wp\/v2\/comments?post=1310"}],"version-history":[{"count":2,"href":"https:\/\/volcanoatv.is\/en\/wp-json\/wp\/v2\/pages\/1310\/revisions"}],"predecessor-version":[{"id":1317,"href":"https:\/\/volcanoatv.is\/en\/wp-json\/wp\/v2\/pages\/1310\/revisions\/1317"}],"up":[{"embeddable":true,"href":"https:\/\/volcanoatv.is\/en\/wp-json\/wp\/v2\/pages\/1110"}],"wp:attachment":[{"href":"https:\/\/volcanoatv.is\/en\/wp-json\/wp\/v2\/media?parent=1310"}],"curies":[{"name":"wp","href":"https:\/\/api.w.org\/{rel}","templated":true}]}}