{"id":1305,"date":"2024-09-27T15:14:23","date_gmt":"2024-09-27T15:14:23","guid":{"rendered":"https:\/\/volcanoatv.is\/en\/?page_id=1305"},"modified":"2024-10-16T10:07:42","modified_gmt":"2024-10-16T10:07:42","slug":"discover-the-westman-islands-unforgettable-atv-tours-in-south-iceland","status":"publish","type":"page","link":"https:\/\/volcanoatv.is\/en\/westman-islands\/discover-the-westman-islands-unforgettable-atv-tours-in-south-iceland","title":{"rendered":"Discover the Westman Islands: Unforgettable ATV Tours in South Iceland"},"content":{"rendered":"\n<p>All-terrain vehicles are an excellent way of getting off the beaten track with far less effort than you\u2019d need if you were exploring on foot. We offer a range of ATV tours on Heimaey. They vary in duration, location and theme, so we\u2019re confident that there\u2019ll be one that suits your interests and needs. Let\u2019s take a look at some of the most unforgettable ATV tours in our part of South Iceland as we discover the Westman Islands together.<\/p>\n\n\n\n<h2 class=\"wp-block-heading\"><a href=\"https:\/\/volcanoatv.is\/en\/tours\/volcano-tour\">Volcano Tour<\/a><\/h2>\n\n\n\n<p>Duration: 1 hour<\/p>\n\n\n\n<p>Available: April to end October\/November<\/p>\n\n\n\n<p>Minimum age: 6 years (passenger)<\/p>\n\n\n\n<p>This tour is the ideal introduction to the Westman Islands. With an hour at our disposal, we\u2019ll head over to Prestvik Beach. This beach is a reminder never to underestimate the power of the ocean as it was where a fishing boat called Pelagus was shipwrecked in 1982. A couple of years later, against the odds, an Icelander called Gu\u00f0laugur Fri\u00f0\u00fe\u00f3rsson survived being in the cold ocean for six hours after his boat capsized \u2013 we\u2019ll see where he eventually made it ashore. Finally, we\u2019ll take in some of the lava flows formed during the 1973 eruption that was responsible for the formation of Eldfell. Throughout this fun ride, you\u2019ll be treated to phenomenal views.<\/p>\n\n\n\n<figure class=\"wp-block-image size-full\"><img loading=\"lazy\" decoding=\"async\" width=\"1000\" height=\"820\" src=\"https:\/\/volcanoatv.is\/en\/wp-content\/uploads\/2024\/09\/212972828_519112149333690_5859571679753752402_n-1.jpg\" alt=\"\" class=\"wp-image-1299\" srcset=\"https:\/\/volcanoatv.is\/en\/wp-content\/uploads\/2024\/09\/212972828_519112149333690_5859571679753752402_n-1.jpg 1000w, https:\/\/volcanoatv.is\/en\/wp-content\/uploads\/2024\/09\/212972828_519112149333690_5859571679753752402_n-1-600x492.jpg 600w, https:\/\/volcanoatv.is\/en\/wp-content\/uploads\/2024\/09\/212972828_519112149333690_5859571679753752402_n-1-300x246.jpg 300w, https:\/\/volcanoatv.is\/en\/wp-content\/uploads\/2024\/09\/212972828_519112149333690_5859571679753752402_n-1-768x630.jpg 768w\" sizes=\"auto, (max-width: 1000px) 100vw, 1000px\" \/><\/figure>\n\n\n\n<p><\/p>\n\n\n\n<h2 class=\"wp-block-heading\"><a href=\"https:\/\/volcanoatv.is\/en\/tours\/volcanic-vistas-puffin-paradise\">Volcanic Vistas and Puffin Paradise Tour<\/a><\/h2>\n\n\n\n<p>Duration: 1 hour 45 minutes&nbsp;<\/p>\n\n\n\n<p>Available: mid May to mid September<\/p>\n\n\n\n<p>Minimum age: 6 years (passenger)<\/p>\n\n\n\n<p>This longer ATV tour gives you a wider sense of what the Westman Islands are like, beginning with a view of one of its most iconic rock formations: the Elephant. We\u2019ll continue on to reach St\u00f3rh\u00f6f\u00f0i, the southerly peninsula that is known for its wild scenery and windy weather. On a fine day, it\u2019s possible to see as far as Surtsey, the newest and southernmost island; you\u2019ll get an appreciation of the archipelago as a whole if so. This is also a great place to observe puffins in summer; we\u2019ll stop for a while to find out more about these very special seabirds and how they migrate here to breed. The last part of this tour is an exhilarating ride off-road over the lava field to a relatively remote part of Heimaey\u2019s coastline.&nbsp;<\/p>\n\n\n\n<figure class=\"wp-block-image size-large is-resized\"><img loading=\"lazy\" decoding=\"async\" width=\"1024\" height=\"686\" src=\"https:\/\/volcanoatv.is\/en\/wp-content\/uploads\/2022\/03\/puffin2-1024x686.jpg\" alt=\"\" class=\"wp-image-1032\" style=\"width:1000px\" srcset=\"https:\/\/volcanoatv.is\/en\/wp-content\/uploads\/2022\/03\/puffin2-1024x686.jpg 1024w, https:\/\/volcanoatv.is\/en\/wp-content\/uploads\/2022\/03\/puffin2-600x402.jpg 600w, https:\/\/volcanoatv.is\/en\/wp-content\/uploads\/2022\/03\/puffin2-300x201.jpg 300w, https:\/\/volcanoatv.is\/en\/wp-content\/uploads\/2022\/03\/puffin2-768x515.jpg 768w, https:\/\/volcanoatv.is\/en\/wp-content\/uploads\/2022\/03\/puffin2.jpg 1200w\" sizes=\"auto, (max-width: 1024px) 100vw, 1024px\" \/><\/figure>\n\n\n\n<p><\/p>\n\n\n\n<h2 class=\"wp-block-heading\"><a href=\"https:\/\/volcanoatv.is\/en\/tours\/puffins-and-pirates\">Puffins and Pirates Tour<\/a><\/h2>\n\n\n\n<p>Duration: 1 hour&nbsp;<\/p>\n\n\n\n<p>Available: mid May to mid September<\/p>\n\n\n\n<p>Minimum age: 6 years (passenger)<\/p>\n\n\n\n<p>You\u2019ll probably be expecting puffins but pirates? This tour begins with a view over to Elephant Rock, so named because the rock resembles a pachyderm with its trunk in the water. Afterwards, we\u2019ll pay a visit to the St\u00f3rh\u00f6f\u00f0i puffin colony where these comical seabirds are usually spotted until August. Nature has blessed this part of Iceland with some spectacular scenery and we\u2019re confident you\u2019ll agree this is a remarkable place, particularly if the visibility is good and you can see Surtsey, the most southerly island in this volcanic archipelago. The final aspect of this tour unlocks the devastating raid on Heimaey in 1627 by Algerian corsairs; the guide will recount the terrible events that took place at the hands of those pirates and what the locals did to survive the surprise attack. Lastly, we move on to a replica Viking house at Herj\u00f3lfstown to find out about another period in the islands\u2019 history.<\/p>\n\n\n\n<figure class=\"wp-block-image size-full\"><img loading=\"lazy\" decoding=\"async\" width=\"1000\" height=\"747\" src=\"https:\/\/volcanoatv.is\/en\/wp-content\/uploads\/2024\/09\/herjolfstown-1000.jpg\" alt=\"\" class=\"wp-image-1307\" srcset=\"https:\/\/volcanoatv.is\/en\/wp-content\/uploads\/2024\/09\/herjolfstown-1000.jpg 1000w, https:\/\/volcanoatv.is\/en\/wp-content\/uploads\/2024\/09\/herjolfstown-1000-600x448.jpg 600w, https:\/\/volcanoatv.is\/en\/wp-content\/uploads\/2024\/09\/herjolfstown-1000-300x224.jpg 300w, https:\/\/volcanoatv.is\/en\/wp-content\/uploads\/2024\/09\/herjolfstown-1000-768x574.jpg 768w\" sizes=\"auto, (max-width: 1000px) 100vw, 1000px\" \/><\/figure>\n\n\n\n<p>In addition to these group tours, we offer a bespoke service where we can <a href=\"https:\/\/volcanoatv.is\/en\/tours\/customized-tour\">fully customise<\/a> the route to suit your needs on a private ride. <a href=\"https:\/\/volcanoatv.is\/en\/tours\/luxury-tour\">A luxury alternative<\/a> incorporating a delicious seafood meal is another option you might be tempted by. Whichever you choose, the adrenaline rush you get as you set off on these exciting rides is the same. We believe that this is the most fun you can have during your Westman Islands stay, so why not book a tour and see if you agree?<\/p>\n","protected":false},"excerpt":{"rendered":"<p>All-terrain vehicles are an excellent way of getting off the beaten track with far less effort than you\u2019d need if&#8230;<\/p>\n","protected":false},"author":4,"featured_media":1193,"parent":1081,"menu_order":0,"comment_status":"closed","ping_status":"closed","template":"","meta":{"_exactmetrics_skip_tracking":false,"_exactmetrics_sitenote_active":false,"_exactmetrics_sitenote_note":"","_exactmetrics_sitenote_category":0,"footnotes":""},"class_list":["post-1305","page","type-page","status-publish","has-post-thumbnail","hentry"],"yoast_head":"<!-- This site is optimized with the Yoast SEO plugin v27.4 - https:\/\/yoast.com\/product\/yoast-seo-wordpress\/ -->\n<title>Discover the Westman Islands: Unforgettable ATV Tours in South Iceland | Volcano ATV<\/title>\n<meta name=\"robots\" content=\"index, follow, max-snippet:-1, max-image-preview:large, max-video-preview:-1\" \/>\n<link rel=\"canonical\" href=\"https:\/\/volcanoatv.is\/en\/westman-islands\/discover-the-westman-islands-unforgettable-atv-tours-in-south-iceland\" \/>\n<meta property=\"og:locale\" content=\"en_US\" \/>\n<meta property=\"og:type\" content=\"article\" \/>\n<meta property=\"og:title\" content=\"Discover the Westman Islands: Unforgettable ATV Tours in South Iceland | Volcano ATV\" \/>\n<meta property=\"og:description\" content=\"All-terrain vehicles are an excellent way of getting off the beaten track with far less effort than you\u2019d need if...\" \/>\n<meta property=\"og:url\" content=\"https:\/\/volcanoatv.is\/en\/westman-islands\/discover-the-westman-islands-unforgettable-atv-tours-in-south-iceland\" \/>\n<meta property=\"og:site_name\" content=\"Volcano ATV\" \/>\n<meta property=\"article:publisher\" content=\"https:\/\/www.facebook.com\/volcanoatv\/\" \/>\n<meta property=\"article:modified_time\" content=\"2024-10-16T10:07:42+00:00\" \/>\n<meta property=\"og:image\" content=\"https:\/\/volcanoatv.is\/en\/wp-content\/uploads\/2024\/04\/IMG_20220730_125904-scaled.jpg\" \/>\n\t<meta property=\"og:image:width\" content=\"2560\" \/>\n\t<meta property=\"og:image:height\" content=\"1167\" \/>\n\t<meta property=\"og:image:type\" content=\"image\/jpeg\" \/>\n<meta name=\"twitter:card\" content=\"summary_large_image\" \/>\n<meta name=\"twitter:label1\" content=\"Est. reading time\" \/>\n\t<meta name=\"twitter:data1\" content=\"4 minutes\" \/>\n<script type=\"application\/ld+json\" class=\"yoast-schema-graph\">{\"@context\":\"https:\\\/\\\/schema.org\",\"@graph\":[{\"@type\":\"WebPage\",\"@id\":\"https:\\\/\\\/volcanoatv.is\\\/en\\\/westman-islands\\\/discover-the-westman-islands-unforgettable-atv-tours-in-south-iceland\",\"url\":\"https:\\\/\\\/volcanoatv.is\\\/en\\\/westman-islands\\\/discover-the-westman-islands-unforgettable-atv-tours-in-south-iceland\",\"name\":\"Discover the Westman Islands: Unforgettable ATV Tours in South Iceland | Volcano ATV\",\"isPartOf\":{\"@id\":\"https:\\\/\\\/volcanoatv.is\\\/en\\\/#website\"},\"primaryImageOfPage\":{\"@id\":\"https:\\\/\\\/volcanoatv.is\\\/en\\\/westman-islands\\\/discover-the-westman-islands-unforgettable-atv-tours-in-south-iceland#primaryimage\"},\"image\":{\"@id\":\"https:\\\/\\\/volcanoatv.is\\\/en\\\/westman-islands\\\/discover-the-westman-islands-unforgettable-atv-tours-in-south-iceland#primaryimage\"},\"thumbnailUrl\":\"https:\\\/\\\/volcanoatv.is\\\/en\\\/wp-content\\\/uploads\\\/2024\\\/04\\\/IMG_20220730_125904-scaled.jpg\",\"datePublished\":\"2024-09-27T15:14:23+00:00\",\"dateModified\":\"2024-10-16T10:07:42+00:00\",\"breadcrumb\":{\"@id\":\"https:\\\/\\\/volcanoatv.is\\\/en\\\/westman-islands\\\/discover-the-westman-islands-unforgettable-atv-tours-in-south-iceland#breadcrumb\"},\"inLanguage\":\"en-US\",\"potentialAction\":[{\"@type\":\"ReadAction\",\"target\":[\"https:\\\/\\\/volcanoatv.is\\\/en\\\/westman-islands\\\/discover-the-westman-islands-unforgettable-atv-tours-in-south-iceland\"]}]},{\"@type\":\"ImageObject\",\"inLanguage\":\"en-US\",\"@id\":\"https:\\\/\\\/volcanoatv.is\\\/en\\\/westman-islands\\\/discover-the-westman-islands-unforgettable-atv-tours-in-south-iceland#primaryimage\",\"url\":\"https:\\\/\\\/volcanoatv.is\\\/en\\\/wp-content\\\/uploads\\\/2024\\\/04\\\/IMG_20220730_125904-scaled.jpg\",\"contentUrl\":\"https:\\\/\\\/volcanoatv.is\\\/en\\\/wp-content\\\/uploads\\\/2024\\\/04\\\/IMG_20220730_125904-scaled.jpg\",\"width\":2560,\"height\":1167},{\"@type\":\"BreadcrumbList\",\"@id\":\"https:\\\/\\\/volcanoatv.is\\\/en\\\/westman-islands\\\/discover-the-westman-islands-unforgettable-atv-tours-in-south-iceland#breadcrumb\",\"itemListElement\":[{\"@type\":\"ListItem\",\"position\":1,\"name\":\"Home\",\"item\":\"https:\\\/\\\/volcanoatv.is\\\/en\\\/\"},{\"@type\":\"ListItem\",\"position\":2,\"name\":\"Westman Islands\",\"item\":\"https:\\\/\\\/volcanoatv.is\\\/en\\\/westman-islands\"},{\"@type\":\"ListItem\",\"position\":3,\"name\":\"Discover the Westman Islands: Unforgettable ATV Tours in South Iceland\"}]},{\"@type\":\"WebSite\",\"@id\":\"https:\\\/\\\/volcanoatv.is\\\/en\\\/#website\",\"url\":\"https:\\\/\\\/volcanoatv.is\\\/en\\\/\",\"name\":\"Volcano ATV\",\"description\":\"Volcano atv tours\",\"publisher\":{\"@id\":\"https:\\\/\\\/volcanoatv.is\\\/en\\\/#organization\"},\"potentialAction\":[{\"@type\":\"SearchAction\",\"target\":{\"@type\":\"EntryPoint\",\"urlTemplate\":\"https:\\\/\\\/volcanoatv.is\\\/en\\\/?s={search_term_string}\"},\"query-input\":{\"@type\":\"PropertyValueSpecification\",\"valueRequired\":true,\"valueName\":\"search_term_string\"}}],\"inLanguage\":\"en-US\"},{\"@type\":\"Organization\",\"@id\":\"https:\\\/\\\/volcanoatv.is\\\/en\\\/#organization\",\"name\":\"Volcano ATV\",\"url\":\"https:\\\/\\\/volcanoatv.is\\\/en\\\/\",\"logo\":{\"@type\":\"ImageObject\",\"inLanguage\":\"en-US\",\"@id\":\"https:\\\/\\\/volcanoatv.is\\\/en\\\/#\\\/schema\\\/logo\\\/image\\\/\",\"url\":\"https:\\\/\\\/volcanoatv.is\\\/en\\\/wp-content\\\/uploads\\\/2019\\\/02\\\/Volcano-ATV-logo-01.png\",\"contentUrl\":\"https:\\\/\\\/volcanoatv.is\\\/en\\\/wp-content\\\/uploads\\\/2019\\\/02\\\/Volcano-ATV-logo-01.png\",\"width\":3456,\"height\":887,\"caption\":\"Volcano ATV\"},\"image\":{\"@id\":\"https:\\\/\\\/volcanoatv.is\\\/en\\\/#\\\/schema\\\/logo\\\/image\\\/\"},\"sameAs\":[\"https:\\\/\\\/www.facebook.com\\\/volcanoatv\\\/\",\"https:\\\/\\\/www.instagram.com\\\/volcanoatv\\\/\"]}]}<\/script>\n<!-- \/ Yoast SEO plugin. -->","yoast_head_json":{"title":"Discover the Westman Islands: Unforgettable ATV Tours in South Iceland | Volcano ATV","robots":{"index":"index","follow":"follow","max-snippet":"max-snippet:-1","max-image-preview":"max-image-preview:large","max-video-preview":"max-video-preview:-1"},"canonical":"https:\/\/volcanoatv.is\/en\/westman-islands\/discover-the-westman-islands-unforgettable-atv-tours-in-south-iceland","og_locale":"en_US","og_type":"article","og_title":"Discover the Westman Islands: Unforgettable ATV Tours in South Iceland | Volcano ATV","og_description":"All-terrain vehicles are an excellent way of getting off the beaten track with far less effort than you\u2019d need if...","og_url":"https:\/\/volcanoatv.is\/en\/westman-islands\/discover-the-westman-islands-unforgettable-atv-tours-in-south-iceland","og_site_name":"Volcano ATV","article_publisher":"https:\/\/www.facebook.com\/volcanoatv\/","article_modified_time":"2024-10-16T10:07:42+00:00","og_image":[{"width":2560,"height":1167,"url":"https:\/\/volcanoatv.is\/en\/wp-content\/uploads\/2024\/04\/IMG_20220730_125904-scaled.jpg","type":"image\/jpeg"}],"twitter_card":"summary_large_image","twitter_misc":{"Est. reading time":"4 minutes"},"schema":{"@context":"https:\/\/schema.org","@graph":[{"@type":"WebPage","@id":"https:\/\/volcanoatv.is\/en\/westman-islands\/discover-the-westman-islands-unforgettable-atv-tours-in-south-iceland","url":"https:\/\/volcanoatv.is\/en\/westman-islands\/discover-the-westman-islands-unforgettable-atv-tours-in-south-iceland","name":"Discover the Westman Islands: Unforgettable ATV Tours in South Iceland | Volcano ATV","isPartOf":{"@id":"https:\/\/volcanoatv.is\/en\/#website"},"primaryImageOfPage":{"@id":"https:\/\/volcanoatv.is\/en\/westman-islands\/discover-the-westman-islands-unforgettable-atv-tours-in-south-iceland#primaryimage"},"image":{"@id":"https:\/\/volcanoatv.is\/en\/westman-islands\/discover-the-westman-islands-unforgettable-atv-tours-in-south-iceland#primaryimage"},"thumbnailUrl":"https:\/\/volcanoatv.is\/en\/wp-content\/uploads\/2024\/04\/IMG_20220730_125904-scaled.jpg","datePublished":"2024-09-27T15:14:23+00:00","dateModified":"2024-10-16T10:07:42+00:00","breadcrumb":{"@id":"https:\/\/volcanoatv.is\/en\/westman-islands\/discover-the-westman-islands-unforgettable-atv-tours-in-south-iceland#breadcrumb"},"inLanguage":"en-US","potentialAction":[{"@type":"ReadAction","target":["https:\/\/volcanoatv.is\/en\/westman-islands\/discover-the-westman-islands-unforgettable-atv-tours-in-south-iceland"]}]},{"@type":"ImageObject","inLanguage":"en-US","@id":"https:\/\/volcanoatv.is\/en\/westman-islands\/discover-the-westman-islands-unforgettable-atv-tours-in-south-iceland#primaryimage","url":"https:\/\/volcanoatv.is\/en\/wp-content\/uploads\/2024\/04\/IMG_20220730_125904-scaled.jpg","contentUrl":"https:\/\/volcanoatv.is\/en\/wp-content\/uploads\/2024\/04\/IMG_20220730_125904-scaled.jpg","width":2560,"height":1167},{"@type":"BreadcrumbList","@id":"https:\/\/volcanoatv.is\/en\/westman-islands\/discover-the-westman-islands-unforgettable-atv-tours-in-south-iceland#breadcrumb","itemListElement":[{"@type":"ListItem","position":1,"name":"Home","item":"https:\/\/volcanoatv.is\/en\/"},{"@type":"ListItem","position":2,"name":"Westman Islands","item":"https:\/\/volcanoatv.is\/en\/westman-islands"},{"@type":"ListItem","position":3,"name":"Discover the Westman Islands: Unforgettable ATV Tours in South Iceland"}]},{"@type":"WebSite","@id":"https:\/\/volcanoatv.is\/en\/#website","url":"https:\/\/volcanoatv.is\/en\/","name":"Volcano ATV","description":"Volcano atv tours","publisher":{"@id":"https:\/\/volcanoatv.is\/en\/#organization"},"potentialAction":[{"@type":"SearchAction","target":{"@type":"EntryPoint","urlTemplate":"https:\/\/volcanoatv.is\/en\/?s={search_term_string}"},"query-input":{"@type":"PropertyValueSpecification","valueRequired":true,"valueName":"search_term_string"}}],"inLanguage":"en-US"},{"@type":"Organization","@id":"https:\/\/volcanoatv.is\/en\/#organization","name":"Volcano ATV","url":"https:\/\/volcanoatv.is\/en\/","logo":{"@type":"ImageObject","inLanguage":"en-US","@id":"https:\/\/volcanoatv.is\/en\/#\/schema\/logo\/image\/","url":"https:\/\/volcanoatv.is\/en\/wp-content\/uploads\/2019\/02\/Volcano-ATV-logo-01.png","contentUrl":"https:\/\/volcanoatv.is\/en\/wp-content\/uploads\/2019\/02\/Volcano-ATV-logo-01.png","width":3456,"height":887,"caption":"Volcano ATV"},"image":{"@id":"https:\/\/volcanoatv.is\/en\/#\/schema\/logo\/image\/"},"sameAs":["https:\/\/www.facebook.com\/volcanoatv\/","https:\/\/www.instagram.com\/volcanoatv\/"]}]}},"_links":{"self":[{"href":"https:\/\/volcanoatv.is\/en\/wp-json\/wp\/v2\/pages\/1305","targetHints":{"allow":["GET"]}}],"collection":[{"href":"https:\/\/volcanoatv.is\/en\/wp-json\/wp\/v2\/pages"}],"about":[{"href":"https:\/\/volcanoatv.is\/en\/wp-json\/wp\/v2\/types\/page"}],"author":[{"embeddable":true,"href":"https:\/\/volcanoatv.is\/en\/wp-json\/wp\/v2\/users\/4"}],"replies":[{"embeddable":true,"href":"https:\/\/volcanoatv.is\/en\/wp-json\/wp\/v2\/comments?post=1305"}],"version-history":[{"count":4,"href":"https:\/\/volcanoatv.is\/en\/wp-json\/wp\/v2\/pages\/1305\/revisions"}],"predecessor-version":[{"id":1341,"href":"https:\/\/volcanoatv.is\/en\/wp-json\/wp\/v2\/pages\/1305\/revisions\/1341"}],"up":[{"embeddable":true,"href":"https:\/\/volcanoatv.is\/en\/wp-json\/wp\/v2\/pages\/1081"}],"wp:featuredmedia":[{"embeddable":true,"href":"https:\/\/volcanoatv.is\/en\/wp-json\/wp\/v2\/media\/1193"}],"wp:attachment":[{"href":"https:\/\/volcanoatv.is\/en\/wp-json\/wp\/v2\/media?parent=1305"}],"curies":[{"name":"wp","href":"https:\/\/api.w.org\/{rel}","templated":true}]}}