{"id":1293,"date":"2024-09-27T14:29:58","date_gmt":"2024-09-27T14:29:58","guid":{"rendered":"https:\/\/volcanoatv.is\/en\/?page_id=1293"},"modified":"2024-10-16T10:09:58","modified_gmt":"2024-10-16T10:09:58","slug":"where-to-see-puffins-in-the-westman-islands","status":"publish","type":"page","link":"https:\/\/volcanoatv.is\/en\/westman-islands\/where-to-see-puffins-in-the-westman-islands","title":{"rendered":"Where to see Puffins in the Westman Islands"},"content":{"rendered":"\n<p>The Westman Islands are home to the largest puffin colony in Iceland. If you\u2019re hoping to see these iconic birds during your visit, here\u2019s where you can encounter them on a trip to Heimaey.<\/p>\n\n\n\n<h2 class=\"wp-block-heading\">By boat<\/h2>\n\n\n\n<p>Boat trips are popular in the Westman Islands and one of the reasons why is that they are a way of getting close to the seabird colonies that inhabit the archipelago\u2019s rocky coastline. The boats pass by many of the cliffs on which the birds rest, mate and nest. Elephant Rock is a popular focus, but many of the uninhabited islands are ideal for puffin sightings and other birdwatching opportunities.&nbsp;<\/p>\n\n\n\n<p>Taking a boat tour is also a good idea if you\u2019re interested in other seabirds.&nbsp; As well as puffins, this part of Iceland is also home to razorbills, fulmars, guillemots, storm petrels, gannets and Manx shearwaters. They are seen in significant numbers, both over open water and in the air as well as on the rocks, so you\u2019ll be able to watch a variety of behaviours. Vessels such as rigid inflatables and kayaks are able to venture inside some of the larger caves in the archipelago.<\/p>\n\n\n\n<h2 class=\"wp-block-heading\">On foot<\/h2>\n\n\n\n<p>You might also consider hiking up to the island\u2019s bird hide on the edge of the St\u00f3rh\u00f6f\u00f0i peninsula. It\u2019s a bit of a trek from the town without a car, but the hide is well-positioned so that you can watch the puffins come and go from their grassy burrows on the side of the cliff.<\/p>\n\n\n\n<p>The best time to see puffins is early or late in the day, as the adult birds spend a lot of their time during the day out at sea collecting food. In season, there are usually a few birds around, but for maximum impact, you\u2019ll want to see them in larger numbers. As well as from the bird hide, other parts of the coastline \u2013 particularly to the west of the island \u2013 are also places you might spot puffins.&nbsp; &nbsp;<\/p>\n\n\n\n<h2 class=\"wp-block-heading\">On our ATV tours<\/h2>\n\n\n\n<p>We run two tours that specifically go in search of puffins. Opt for our <a href=\"https:\/\/volcanoatv.is\/en\/tours\/volcanic-vistas-puffin-paradise\">Volcanic Vistas and Puffin Paradise tour<\/a> or our <a href=\"https:\/\/volcanoatv.is\/en\/tours\/puffins-and-pirates\">Puffins and Pirates tour<\/a> when we make dedicated stops at St\u00f3rh\u00f6f\u00f0i. In addition you can choose a private tour that is fully <a href=\"https:\/\/volcanoatv.is\/en\/tours\/customized-tour\">customisable<\/a>, enabling you to choose where you stop and for how long. <a href=\"https:\/\/volcanoatv.is\/en\/info\/contact\">Contact us<\/a> to discuss your needs if this is something you\u2019d like to pursue.<\/p>\n\n\n\n<p>These tours are a great way to pair your encounter with the Westman Islands puffins with another aspect of island life and also experience the thrill of an ATV ride. Both our puffin-themed group tours are classed as easy rides, meaning that children as young as six can ride as a passenger. The <a href=\"https:\/\/volcanoatv.is\/en\/tours\/volcanic-vistas-puffin-paradise\">Volcanic Vistas and Puffin Paradise tour<\/a> lasts around 1 hour 45 minutes, while the <a href=\"https:\/\/volcanoatv.is\/en\/tours\/puffins-and-pirates\">Puffins and Pirates<\/a> is a shorter one hour tour which doesn\u2019t involve any off-roading.<\/p>\n\n\n\n<figure class=\"wp-block-image size-large\"><img loading=\"lazy\" decoding=\"async\" width=\"931\" height=\"1024\" src=\"https:\/\/volcanoatv.is\/en\/wp-content\/uploads\/2024\/09\/20240927_142343-931x1024.jpg\" alt=\"\" class=\"wp-image-1294\" srcset=\"https:\/\/volcanoatv.is\/en\/wp-content\/uploads\/2024\/09\/20240927_142343-931x1024.jpg 931w, https:\/\/volcanoatv.is\/en\/wp-content\/uploads\/2024\/09\/20240927_142343-600x660.jpg 600w, https:\/\/volcanoatv.is\/en\/wp-content\/uploads\/2024\/09\/20240927_142343-273x300.jpg 273w, https:\/\/volcanoatv.is\/en\/wp-content\/uploads\/2024\/09\/20240927_142343-768x845.jpg 768w, https:\/\/volcanoatv.is\/en\/wp-content\/uploads\/2024\/09\/20240927_142343.jpg 1000w\" sizes=\"auto, (max-width: 931px) 100vw, 931px\" \/><\/figure>\n\n\n\n<h2 class=\"wp-block-heading\">A note about when to visit<\/h2>\n\n\n\n<p>To observe puffins coming and going outdoors, you\u2019ll need to visit the Westman Islands during their breeding season. Usually they arrive in spring, typically in late April, and most years they depart en masse in mid August to mid September. Some fledglings, known as pufflings, may still be around for a few weeks after that.&nbsp;<\/p>\n\n\n\n<p>These lost and disorientated youngsters are gathered up and released; without such help they wouldn\u2019t find their way to the ocean. Outside those dates, you might consider a visit to the Beluga Whale Sanctuary in downtown Heimaey where a small number of puffins that can\u2019t be returned to the wild are cared for year-round.<\/p>\n","protected":false},"excerpt":{"rendered":"<p>The Westman Islands are home to the largest puffin colony in Iceland. If you\u2019re hoping to see these iconic birds&#8230;<\/p>\n","protected":false},"author":4,"featured_media":1311,"parent":1081,"menu_order":0,"comment_status":"closed","ping_status":"closed","template":"","meta":{"_exactmetrics_skip_tracking":false,"_exactmetrics_sitenote_active":false,"_exactmetrics_sitenote_note":"","_exactmetrics_sitenote_category":0,"footnotes":""},"class_list":["post-1293","page","type-page","status-publish","has-post-thumbnail","hentry"],"yoast_head":"<!-- This site is optimized with the Yoast SEO plugin v27.4 - https:\/\/yoast.com\/product\/yoast-seo-wordpress\/ -->\n<title>Where to see Puffins in the Westman Islands | Volcano ATV<\/title>\n<meta name=\"robots\" content=\"index, follow, max-snippet:-1, max-image-preview:large, max-video-preview:-1\" \/>\n<link rel=\"canonical\" href=\"https:\/\/volcanoatv.is\/en\/westman-islands\/where-to-see-puffins-in-the-westman-islands\" \/>\n<meta property=\"og:locale\" content=\"en_US\" \/>\n<meta property=\"og:type\" content=\"article\" \/>\n<meta property=\"og:title\" content=\"Where to see Puffins in the Westman Islands | Volcano ATV\" \/>\n<meta property=\"og:description\" content=\"The Westman Islands are home to the largest puffin colony in Iceland. If you\u2019re hoping to see these iconic birds...\" \/>\n<meta property=\"og:url\" content=\"https:\/\/volcanoatv.is\/en\/westman-islands\/where-to-see-puffins-in-the-westman-islands\" \/>\n<meta property=\"og:site_name\" content=\"Volcano ATV\" \/>\n<meta property=\"article:publisher\" content=\"https:\/\/www.facebook.com\/volcanoatv\/\" \/>\n<meta property=\"article:modified_time\" content=\"2024-10-16T10:09:58+00:00\" \/>\n<meta property=\"og:image\" content=\"https:\/\/volcanoatv.is\/en\/wp-content\/uploads\/2024\/09\/214319160_10219353453211950_8101903781320160128_n.jpg\" \/>\n\t<meta property=\"og:image:width\" content=\"1000\" \/>\n\t<meta property=\"og:image:height\" content=\"750\" \/>\n\t<meta property=\"og:image:type\" content=\"image\/jpeg\" \/>\n<meta name=\"twitter:card\" content=\"summary_large_image\" \/>\n<meta name=\"twitter:label1\" content=\"Est. reading time\" \/>\n\t<meta name=\"twitter:data1\" content=\"4 minutes\" \/>\n<script type=\"application\/ld+json\" class=\"yoast-schema-graph\">{\"@context\":\"https:\\\/\\\/schema.org\",\"@graph\":[{\"@type\":\"WebPage\",\"@id\":\"https:\\\/\\\/volcanoatv.is\\\/en\\\/westman-islands\\\/where-to-see-puffins-in-the-westman-islands\",\"url\":\"https:\\\/\\\/volcanoatv.is\\\/en\\\/westman-islands\\\/where-to-see-puffins-in-the-westman-islands\",\"name\":\"Where to see Puffins in the Westman Islands | Volcano ATV\",\"isPartOf\":{\"@id\":\"https:\\\/\\\/volcanoatv.is\\\/en\\\/#website\"},\"primaryImageOfPage\":{\"@id\":\"https:\\\/\\\/volcanoatv.is\\\/en\\\/westman-islands\\\/where-to-see-puffins-in-the-westman-islands#primaryimage\"},\"image\":{\"@id\":\"https:\\\/\\\/volcanoatv.is\\\/en\\\/westman-islands\\\/where-to-see-puffins-in-the-westman-islands#primaryimage\"},\"thumbnailUrl\":\"https:\\\/\\\/volcanoatv.is\\\/en\\\/wp-content\\\/uploads\\\/2024\\\/09\\\/214319160_10219353453211950_8101903781320160128_n.jpg\",\"datePublished\":\"2024-09-27T14:29:58+00:00\",\"dateModified\":\"2024-10-16T10:09:58+00:00\",\"breadcrumb\":{\"@id\":\"https:\\\/\\\/volcanoatv.is\\\/en\\\/westman-islands\\\/where-to-see-puffins-in-the-westman-islands#breadcrumb\"},\"inLanguage\":\"en-US\",\"potentialAction\":[{\"@type\":\"ReadAction\",\"target\":[\"https:\\\/\\\/volcanoatv.is\\\/en\\\/westman-islands\\\/where-to-see-puffins-in-the-westman-islands\"]}]},{\"@type\":\"ImageObject\",\"inLanguage\":\"en-US\",\"@id\":\"https:\\\/\\\/volcanoatv.is\\\/en\\\/westman-islands\\\/where-to-see-puffins-in-the-westman-islands#primaryimage\",\"url\":\"https:\\\/\\\/volcanoatv.is\\\/en\\\/wp-content\\\/uploads\\\/2024\\\/09\\\/214319160_10219353453211950_8101903781320160128_n.jpg\",\"contentUrl\":\"https:\\\/\\\/volcanoatv.is\\\/en\\\/wp-content\\\/uploads\\\/2024\\\/09\\\/214319160_10219353453211950_8101903781320160128_n.jpg\",\"width\":1000,\"height\":750},{\"@type\":\"BreadcrumbList\",\"@id\":\"https:\\\/\\\/volcanoatv.is\\\/en\\\/westman-islands\\\/where-to-see-puffins-in-the-westman-islands#breadcrumb\",\"itemListElement\":[{\"@type\":\"ListItem\",\"position\":1,\"name\":\"Home\",\"item\":\"https:\\\/\\\/volcanoatv.is\\\/en\\\/\"},{\"@type\":\"ListItem\",\"position\":2,\"name\":\"Westman Islands\",\"item\":\"https:\\\/\\\/volcanoatv.is\\\/en\\\/westman-islands\"},{\"@type\":\"ListItem\",\"position\":3,\"name\":\"Where to see Puffins in the Westman Islands\"}]},{\"@type\":\"WebSite\",\"@id\":\"https:\\\/\\\/volcanoatv.is\\\/en\\\/#website\",\"url\":\"https:\\\/\\\/volcanoatv.is\\\/en\\\/\",\"name\":\"Volcano ATV\",\"description\":\"Volcano atv tours\",\"publisher\":{\"@id\":\"https:\\\/\\\/volcanoatv.is\\\/en\\\/#organization\"},\"potentialAction\":[{\"@type\":\"SearchAction\",\"target\":{\"@type\":\"EntryPoint\",\"urlTemplate\":\"https:\\\/\\\/volcanoatv.is\\\/en\\\/?s={search_term_string}\"},\"query-input\":{\"@type\":\"PropertyValueSpecification\",\"valueRequired\":true,\"valueName\":\"search_term_string\"}}],\"inLanguage\":\"en-US\"},{\"@type\":\"Organization\",\"@id\":\"https:\\\/\\\/volcanoatv.is\\\/en\\\/#organization\",\"name\":\"Volcano ATV\",\"url\":\"https:\\\/\\\/volcanoatv.is\\\/en\\\/\",\"logo\":{\"@type\":\"ImageObject\",\"inLanguage\":\"en-US\",\"@id\":\"https:\\\/\\\/volcanoatv.is\\\/en\\\/#\\\/schema\\\/logo\\\/image\\\/\",\"url\":\"https:\\\/\\\/volcanoatv.is\\\/en\\\/wp-content\\\/uploads\\\/2019\\\/02\\\/Volcano-ATV-logo-01.png\",\"contentUrl\":\"https:\\\/\\\/volcanoatv.is\\\/en\\\/wp-content\\\/uploads\\\/2019\\\/02\\\/Volcano-ATV-logo-01.png\",\"width\":3456,\"height\":887,\"caption\":\"Volcano ATV\"},\"image\":{\"@id\":\"https:\\\/\\\/volcanoatv.is\\\/en\\\/#\\\/schema\\\/logo\\\/image\\\/\"},\"sameAs\":[\"https:\\\/\\\/www.facebook.com\\\/volcanoatv\\\/\",\"https:\\\/\\\/www.instagram.com\\\/volcanoatv\\\/\"]}]}<\/script>\n<!-- \/ Yoast SEO plugin. -->","yoast_head_json":{"title":"Where to see Puffins in the Westman Islands | Volcano ATV","robots":{"index":"index","follow":"follow","max-snippet":"max-snippet:-1","max-image-preview":"max-image-preview:large","max-video-preview":"max-video-preview:-1"},"canonical":"https:\/\/volcanoatv.is\/en\/westman-islands\/where-to-see-puffins-in-the-westman-islands","og_locale":"en_US","og_type":"article","og_title":"Where to see Puffins in the Westman Islands | Volcano ATV","og_description":"The Westman Islands are home to the largest puffin colony in Iceland. If you\u2019re hoping to see these iconic birds...","og_url":"https:\/\/volcanoatv.is\/en\/westman-islands\/where-to-see-puffins-in-the-westman-islands","og_site_name":"Volcano ATV","article_publisher":"https:\/\/www.facebook.com\/volcanoatv\/","article_modified_time":"2024-10-16T10:09:58+00:00","og_image":[{"width":1000,"height":750,"url":"https:\/\/volcanoatv.is\/en\/wp-content\/uploads\/2024\/09\/214319160_10219353453211950_8101903781320160128_n.jpg","type":"image\/jpeg"}],"twitter_card":"summary_large_image","twitter_misc":{"Est. reading time":"4 minutes"},"schema":{"@context":"https:\/\/schema.org","@graph":[{"@type":"WebPage","@id":"https:\/\/volcanoatv.is\/en\/westman-islands\/where-to-see-puffins-in-the-westman-islands","url":"https:\/\/volcanoatv.is\/en\/westman-islands\/where-to-see-puffins-in-the-westman-islands","name":"Where to see Puffins in the Westman Islands | Volcano ATV","isPartOf":{"@id":"https:\/\/volcanoatv.is\/en\/#website"},"primaryImageOfPage":{"@id":"https:\/\/volcanoatv.is\/en\/westman-islands\/where-to-see-puffins-in-the-westman-islands#primaryimage"},"image":{"@id":"https:\/\/volcanoatv.is\/en\/westman-islands\/where-to-see-puffins-in-the-westman-islands#primaryimage"},"thumbnailUrl":"https:\/\/volcanoatv.is\/en\/wp-content\/uploads\/2024\/09\/214319160_10219353453211950_8101903781320160128_n.jpg","datePublished":"2024-09-27T14:29:58+00:00","dateModified":"2024-10-16T10:09:58+00:00","breadcrumb":{"@id":"https:\/\/volcanoatv.is\/en\/westman-islands\/where-to-see-puffins-in-the-westman-islands#breadcrumb"},"inLanguage":"en-US","potentialAction":[{"@type":"ReadAction","target":["https:\/\/volcanoatv.is\/en\/westman-islands\/where-to-see-puffins-in-the-westman-islands"]}]},{"@type":"ImageObject","inLanguage":"en-US","@id":"https:\/\/volcanoatv.is\/en\/westman-islands\/where-to-see-puffins-in-the-westman-islands#primaryimage","url":"https:\/\/volcanoatv.is\/en\/wp-content\/uploads\/2024\/09\/214319160_10219353453211950_8101903781320160128_n.jpg","contentUrl":"https:\/\/volcanoatv.is\/en\/wp-content\/uploads\/2024\/09\/214319160_10219353453211950_8101903781320160128_n.jpg","width":1000,"height":750},{"@type":"BreadcrumbList","@id":"https:\/\/volcanoatv.is\/en\/westman-islands\/where-to-see-puffins-in-the-westman-islands#breadcrumb","itemListElement":[{"@type":"ListItem","position":1,"name":"Home","item":"https:\/\/volcanoatv.is\/en\/"},{"@type":"ListItem","position":2,"name":"Westman Islands","item":"https:\/\/volcanoatv.is\/en\/westman-islands"},{"@type":"ListItem","position":3,"name":"Where to see Puffins in the Westman Islands"}]},{"@type":"WebSite","@id":"https:\/\/volcanoatv.is\/en\/#website","url":"https:\/\/volcanoatv.is\/en\/","name":"Volcano ATV","description":"Volcano atv tours","publisher":{"@id":"https:\/\/volcanoatv.is\/en\/#organization"},"potentialAction":[{"@type":"SearchAction","target":{"@type":"EntryPoint","urlTemplate":"https:\/\/volcanoatv.is\/en\/?s={search_term_string}"},"query-input":{"@type":"PropertyValueSpecification","valueRequired":true,"valueName":"search_term_string"}}],"inLanguage":"en-US"},{"@type":"Organization","@id":"https:\/\/volcanoatv.is\/en\/#organization","name":"Volcano ATV","url":"https:\/\/volcanoatv.is\/en\/","logo":{"@type":"ImageObject","inLanguage":"en-US","@id":"https:\/\/volcanoatv.is\/en\/#\/schema\/logo\/image\/","url":"https:\/\/volcanoatv.is\/en\/wp-content\/uploads\/2019\/02\/Volcano-ATV-logo-01.png","contentUrl":"https:\/\/volcanoatv.is\/en\/wp-content\/uploads\/2019\/02\/Volcano-ATV-logo-01.png","width":3456,"height":887,"caption":"Volcano ATV"},"image":{"@id":"https:\/\/volcanoatv.is\/en\/#\/schema\/logo\/image\/"},"sameAs":["https:\/\/www.facebook.com\/volcanoatv\/","https:\/\/www.instagram.com\/volcanoatv\/"]}]}},"_links":{"self":[{"href":"https:\/\/volcanoatv.is\/en\/wp-json\/wp\/v2\/pages\/1293","targetHints":{"allow":["GET"]}}],"collection":[{"href":"https:\/\/volcanoatv.is\/en\/wp-json\/wp\/v2\/pages"}],"about":[{"href":"https:\/\/volcanoatv.is\/en\/wp-json\/wp\/v2\/types\/page"}],"author":[{"embeddable":true,"href":"https:\/\/volcanoatv.is\/en\/wp-json\/wp\/v2\/users\/4"}],"replies":[{"embeddable":true,"href":"https:\/\/volcanoatv.is\/en\/wp-json\/wp\/v2\/comments?post=1293"}],"version-history":[{"count":3,"href":"https:\/\/volcanoatv.is\/en\/wp-json\/wp\/v2\/pages\/1293\/revisions"}],"predecessor-version":[{"id":1319,"href":"https:\/\/volcanoatv.is\/en\/wp-json\/wp\/v2\/pages\/1293\/revisions\/1319"}],"up":[{"embeddable":true,"href":"https:\/\/volcanoatv.is\/en\/wp-json\/wp\/v2\/pages\/1081"}],"wp:featuredmedia":[{"embeddable":true,"href":"https:\/\/volcanoatv.is\/en\/wp-json\/wp\/v2\/media\/1311"}],"wp:attachment":[{"href":"https:\/\/volcanoatv.is\/en\/wp-json\/wp\/v2\/media?parent=1293"}],"curies":[{"name":"wp","href":"https:\/\/api.w.org\/{rel}","templated":true}]}}