{"id":1286,"date":"2024-09-27T13:59:03","date_gmt":"2024-09-27T13:59:03","guid":{"rendered":"https:\/\/volcanoatv.is\/en\/?page_id=1286"},"modified":"2024-10-16T10:10:37","modified_gmt":"2024-10-16T10:10:37","slug":"your-guide-to-puffin-spotting-in-the-westman-islands","status":"publish","type":"page","link":"https:\/\/volcanoatv.is\/en\/westman-islands\/your-guide-to-puffin-spotting-in-the-westman-islands","title":{"rendered":"Your Guide to Puffin Spotting in the Westman Islands"},"content":{"rendered":"\n<p>If you\u2019re planning a road trip along Iceland\u2019s southern coast or looping the country\u2019s ring road, then you should definitely consider hopping on a ferry to the Westman Islands. One of the most compelling reasons to do so in the summer months is to see the archipelago\u2019s puffin colony. If that sounds like something you\u2019re interested in, why not take a look at our guide to puffin spotting in the Westman Islands?<\/p>\n\n\n\n<h2 class=\"wp-block-heading\">Atlantic puffins<\/h2>\n\n\n\n<p>There are four species of puffins on our planet. Though they are all found in the northern hemisphere, only one lives in Atlantic waters. That\u2019s the puffin we see in Iceland, whose Latin name is <em>Fratercula arctica. <\/em>They vary in appearance a little, but these different birds have a lot in common. For instance, they all raise a single chick at a time and you\u2019ll see them carrying fish in their beaks when that chick needs a meal.<\/p>\n\n\n\n<p>In comparison with horned and tufted puffins, the Atlantic variety is relatively small in size. It has a fabulous multi-coloured beak, black and white plumage and bold orange feet. The bird is stout in appearance, with wings that seem too little for the job they need to do. This means that to stay airborne, the puffin flaps its wings very fast, up to 400 times a minute, achieving impressive speeds of up to 55 miles per hour in the process.&nbsp;<\/p>\n\n\n\n<figure class=\"wp-block-image size-full\"><img loading=\"lazy\" decoding=\"async\" width=\"769\" height=\"437\" src=\"https:\/\/volcanoatv.is\/en\/wp-content\/uploads\/2024\/09\/e445c09bfccf70cd350b555f20beb950.jpg\" alt=\"\" class=\"wp-image-1287\" srcset=\"https:\/\/volcanoatv.is\/en\/wp-content\/uploads\/2024\/09\/e445c09bfccf70cd350b555f20beb950.jpg 769w, https:\/\/volcanoatv.is\/en\/wp-content\/uploads\/2024\/09\/e445c09bfccf70cd350b555f20beb950-600x341.jpg 600w, https:\/\/volcanoatv.is\/en\/wp-content\/uploads\/2024\/09\/e445c09bfccf70cd350b555f20beb950-300x170.jpg 300w\" sizes=\"auto, (max-width: 769px) 100vw, 769px\" \/><\/figure>\n\n\n\n<p>When they land, puffins can look a bit clumsy, giving them the nickname \u201cclowns of the sea\u201d. Yet underwater, they move much more gracefully. Accomplished swimmers, they can dive up to 60 metres deep in search of fish, emerging with a beak full of tiny fish. Puffins like to eat capelin, herring and sand eels.<\/p>\n\n\n\n<h2 class=\"wp-block-heading\">The seasonal lifestyle of puffins<\/h2>\n\n\n\n<p>Puffins actually spend about eight months of the year out in open water and from late August to late April you are unlikely to see them on land. In the Westman Islands, those that can\u2019t make the journey are looked after in a dedicated section of the Beluga Whale Sanctuary beside the harbour in Heimaey.&nbsp;<\/p>\n\n\n\n<p>During the winter months, puffins swim and rest on the sea. At this time, they actually look very different. The beak is not as colourful and instead of the black markings around their eyes that give them their cute, almost sorrowful appearance, their faces can be dark all over. When they\u2019re on the ocean, puffins go their separate ways.<\/p>\n\n\n\n<h2 class=\"wp-block-heading\">Nesting, breeding and rearing their chicks\u00a0<\/h2>\n\n\n\n<p>During late spring and summer things get interesting, especially if we look at puffins from a visitor perspective. This is the period during which they are found on land or very close to shore, which means this is when we are most likely to encounter them. Like tourists, they arrive in Iceland on a temporary basis, though they have a different purpose in mind.&nbsp;<\/p>\n\n\n\n<p>When the puffins return to land they regain their vibrant colouring and use it to attract a mate. In fact, puffins are monogamous \u2013 they reunite with the same mate they were with the previous summer so that they can rear a new chick together. This can go on for years as the Atlantic puffin has a lifespan of around 20 to 25 years.&nbsp;<\/p>\n\n\n\n<figure class=\"wp-block-image size-large is-resized\"><img loading=\"lazy\" decoding=\"async\" width=\"1024\" height=\"576\" src=\"https:\/\/volcanoatv.is\/en\/wp-content\/uploads\/2024\/02\/puffin5-1080-1024x576.jpg\" alt=\"\" class=\"wp-image-1075\" style=\"width:1000px\" srcset=\"https:\/\/volcanoatv.is\/en\/wp-content\/uploads\/2024\/02\/puffin5-1080-1024x576.jpg 1024w, https:\/\/volcanoatv.is\/en\/wp-content\/uploads\/2024\/02\/puffin5-1080-600x338.jpg 600w, https:\/\/volcanoatv.is\/en\/wp-content\/uploads\/2024\/02\/puffin5-1080-300x169.jpg 300w, https:\/\/volcanoatv.is\/en\/wp-content\/uploads\/2024\/02\/puffin5-1080-768x432.jpg 768w, https:\/\/volcanoatv.is\/en\/wp-content\/uploads\/2024\/02\/puffin5-1080.jpg 1080w\" sizes=\"auto, (max-width: 1024px) 100vw, 1024px\" \/><\/figure>\n\n\n\n<p>The burrows on Iceland\u2019s cliff faces and on the tops of headlands make the perfect base for them to raise their chicks. The male puffins use their claws and beak to dig out a burrow in which they will be able to rear a chick. It has to be clean enough for the female to decide she is happy to use it.<\/p>\n\n\n\n<p>Each one measures around 1.2 metres long and has two \u201crooms\u201d \u2013 one is for raising their young and for sleeping while the other is used as a toileting area. Once the chick arrives, the puffins will take it in turn to feed it and look after it \u2013 joint parenting is the norm. Eventually, the chick will fledge and, their work successfully concluded, the puffins can return to the sea.<\/p>\n\n\n\n<h2 class=\"wp-block-heading\">Why is the Westman Islands the ideal place to go puffin spotting?<\/h2>\n\n\n\n<p>Puffins can be seen in many different locations all along the Icelandic coast, but the Westman Islands has the most of any place. The colony here has an estimated 830,000 breeding pairs, far in excess of anywhere else the Atlantic puffin is found. This is what makes puffin spotting here such a pleasure, as even during the day there\u2019s usually something to watch.<\/p>\n\n\n\n<p>There are places both on land and offshore where they are easy to sight, so whether you want to see them flying over the water or coming in to land on a cliff, you should be in luck. If you\u2019re keen to see them make their clumsy landings, then a hike up to St\u00f3rh\u00f6f\u00f0i is one option. It\u2019s a long walk from the harbour, so opting for a tour is often preferable.<\/p>\n\n\n\n<h2 class=\"wp-block-heading\">How and where to see puffins in the Westman Islands<\/h2>\n\n\n\n<ul class=\"wp-block-list\">\n<li><strong>Hike<\/strong><\/li>\n<\/ul>\n\n\n\n<p>There\u2019s a bird hide up at St\u00f3rh\u00f6f\u00f0i, which is the peninsula at the southern side of Heimaey Island. There are a few parking spaces available a few steps away, and space inside for a group of people to peer out of its small windows. It\u2019s best to get there early or late in the day and you may need some patience as you wait.<\/p>\n\n\n\n<ul class=\"wp-block-list\">\n<li><strong>ATV tours<\/strong><\/li>\n<\/ul>\n\n\n\n<p>St\u00f3rh\u00f6f\u00f0i is one of the stops on our popular puffin-themed ATV tours, so you can save yourself a lengthy walk and have some fun on an exhilarating ATV ride in the process. You\u2019ll stop to learn more about the Westman Islands and its volcanic and pirate history, so though you might at first think that the ATV ride is just a fun adventure, it\u2019s far more rewarding and memorable than that.<\/p>\n\n\n\n<figure class=\"wp-block-image size-full\"><img loading=\"lazy\" decoding=\"async\" width=\"1000\" height=\"975\" src=\"https:\/\/volcanoatv.is\/en\/wp-content\/uploads\/2024\/09\/20240927_135241.jpg\" alt=\"\" class=\"wp-image-1290\" srcset=\"https:\/\/volcanoatv.is\/en\/wp-content\/uploads\/2024\/09\/20240927_135241.jpg 1000w, https:\/\/volcanoatv.is\/en\/wp-content\/uploads\/2024\/09\/20240927_135241-600x585.jpg 600w, https:\/\/volcanoatv.is\/en\/wp-content\/uploads\/2024\/09\/20240927_135241-300x293.jpg 300w, https:\/\/volcanoatv.is\/en\/wp-content\/uploads\/2024\/09\/20240927_135241-768x749.jpg 768w\" sizes=\"auto, (max-width: 1000px) 100vw, 1000px\" \/><\/figure>\n\n\n\n<ul class=\"wp-block-list\">\n<li><strong>Boat trips<\/strong><\/li>\n<\/ul>\n\n\n\n<p>Another option is to book a boat trip. You can loop the archipelago in a rigid inflatable or larger boat. The boats get as close as they safely can to the cliffs that are teeming with seabirds, and you\u2019ll also see the puffins flying over the water. It\u2019s worth bringing a pair of binoculars so you can best appreciate what\u2019s happening in front of you.<\/p>\n\n\n\n<h2 class=\"wp-block-heading\">The Puffling Parade and Heimaey\u2019s puffin rescue centre<\/h2>\n\n\n\n<p>Not all breeding experiences go according to plan. Sometimes, when the puffins are leaving the island, the recently fledged chicks get confused by the town\u2019s lights. Instead of flying off out to sea as planned, they are found wandering around and disorientated. Locals gather them up and return them to the coastal cliffs where they release them, ensuring they know which way to fly.<\/p>\n\n\n\n<p>A handful of puffins never make it back to the ocean. Some might be injured or have oil on their wings. The good news is that there\u2019s a puffin rescue centre within the Beluga Whale Sanctuary at the harbour on Heimaey. Staff members clean them up and nurse them back to good health ready for them to be released back into the wild. Nine remain at the centre; some are visually impaired and one has a leg injury that can\u2019t be fixed. You can visit them year-round (days and times vary) and if you form a bond, adoption support is welcome.<\/p>\n","protected":false},"excerpt":{"rendered":"<p>If you\u2019re planning a road trip along Iceland\u2019s southern coast or looping the country\u2019s ring road, then you should definitely&#8230;<\/p>\n","protected":false},"author":4,"featured_media":1287,"parent":1081,"menu_order":0,"comment_status":"closed","ping_status":"closed","template":"","meta":{"_exactmetrics_skip_tracking":false,"_exactmetrics_sitenote_active":false,"_exactmetrics_sitenote_note":"","_exactmetrics_sitenote_category":0,"footnotes":""},"class_list":["post-1286","page","type-page","status-publish","has-post-thumbnail","hentry"],"yoast_head":"<!-- This site is optimized with the Yoast SEO plugin v27.4 - https:\/\/yoast.com\/product\/yoast-seo-wordpress\/ -->\n<title>Your Guide to Puffin Spotting in the Westman Islands | Volcano ATV<\/title>\n<meta name=\"robots\" content=\"index, follow, max-snippet:-1, max-image-preview:large, max-video-preview:-1\" \/>\n<link rel=\"canonical\" href=\"https:\/\/volcanoatv.is\/en\/westman-islands\/your-guide-to-puffin-spotting-in-the-westman-islands\" \/>\n<meta property=\"og:locale\" content=\"en_US\" \/>\n<meta property=\"og:type\" content=\"article\" \/>\n<meta property=\"og:title\" content=\"Your Guide to Puffin Spotting in the Westman Islands | Volcano ATV\" \/>\n<meta property=\"og:description\" content=\"If you\u2019re planning a road trip along Iceland\u2019s southern coast or looping the country\u2019s ring road, then you should definitely...\" \/>\n<meta property=\"og:url\" content=\"https:\/\/volcanoatv.is\/en\/westman-islands\/your-guide-to-puffin-spotting-in-the-westman-islands\" \/>\n<meta property=\"og:site_name\" content=\"Volcano ATV\" \/>\n<meta property=\"article:publisher\" content=\"https:\/\/www.facebook.com\/volcanoatv\/\" \/>\n<meta property=\"article:modified_time\" content=\"2024-10-16T10:10:37+00:00\" \/>\n<meta property=\"og:image\" content=\"https:\/\/volcanoatv.is\/en\/wp-content\/uploads\/2024\/09\/e445c09bfccf70cd350b555f20beb950.jpg\" \/>\n\t<meta property=\"og:image:width\" content=\"769\" \/>\n\t<meta property=\"og:image:height\" content=\"437\" \/>\n\t<meta property=\"og:image:type\" content=\"image\/jpeg\" \/>\n<meta name=\"twitter:card\" content=\"summary_large_image\" \/>\n<meta name=\"twitter:label1\" content=\"Est. reading time\" \/>\n\t<meta name=\"twitter:data1\" content=\"7 minutes\" \/>\n<script type=\"application\/ld+json\" class=\"yoast-schema-graph\">{\"@context\":\"https:\\\/\\\/schema.org\",\"@graph\":[{\"@type\":\"WebPage\",\"@id\":\"https:\\\/\\\/volcanoatv.is\\\/en\\\/westman-islands\\\/your-guide-to-puffin-spotting-in-the-westman-islands\",\"url\":\"https:\\\/\\\/volcanoatv.is\\\/en\\\/westman-islands\\\/your-guide-to-puffin-spotting-in-the-westman-islands\",\"name\":\"Your Guide to Puffin Spotting in the Westman Islands | Volcano ATV\",\"isPartOf\":{\"@id\":\"https:\\\/\\\/volcanoatv.is\\\/en\\\/#website\"},\"primaryImageOfPage\":{\"@id\":\"https:\\\/\\\/volcanoatv.is\\\/en\\\/westman-islands\\\/your-guide-to-puffin-spotting-in-the-westman-islands#primaryimage\"},\"image\":{\"@id\":\"https:\\\/\\\/volcanoatv.is\\\/en\\\/westman-islands\\\/your-guide-to-puffin-spotting-in-the-westman-islands#primaryimage\"},\"thumbnailUrl\":\"https:\\\/\\\/volcanoatv.is\\\/en\\\/wp-content\\\/uploads\\\/2024\\\/09\\\/e445c09bfccf70cd350b555f20beb950.jpg\",\"datePublished\":\"2024-09-27T13:59:03+00:00\",\"dateModified\":\"2024-10-16T10:10:37+00:00\",\"breadcrumb\":{\"@id\":\"https:\\\/\\\/volcanoatv.is\\\/en\\\/westman-islands\\\/your-guide-to-puffin-spotting-in-the-westman-islands#breadcrumb\"},\"inLanguage\":\"en-US\",\"potentialAction\":[{\"@type\":\"ReadAction\",\"target\":[\"https:\\\/\\\/volcanoatv.is\\\/en\\\/westman-islands\\\/your-guide-to-puffin-spotting-in-the-westman-islands\"]}]},{\"@type\":\"ImageObject\",\"inLanguage\":\"en-US\",\"@id\":\"https:\\\/\\\/volcanoatv.is\\\/en\\\/westman-islands\\\/your-guide-to-puffin-spotting-in-the-westman-islands#primaryimage\",\"url\":\"https:\\\/\\\/volcanoatv.is\\\/en\\\/wp-content\\\/uploads\\\/2024\\\/09\\\/e445c09bfccf70cd350b555f20beb950.jpg\",\"contentUrl\":\"https:\\\/\\\/volcanoatv.is\\\/en\\\/wp-content\\\/uploads\\\/2024\\\/09\\\/e445c09bfccf70cd350b555f20beb950.jpg\",\"width\":769,\"height\":437},{\"@type\":\"BreadcrumbList\",\"@id\":\"https:\\\/\\\/volcanoatv.is\\\/en\\\/westman-islands\\\/your-guide-to-puffin-spotting-in-the-westman-islands#breadcrumb\",\"itemListElement\":[{\"@type\":\"ListItem\",\"position\":1,\"name\":\"Home\",\"item\":\"https:\\\/\\\/volcanoatv.is\\\/en\\\/\"},{\"@type\":\"ListItem\",\"position\":2,\"name\":\"Westman Islands\",\"item\":\"https:\\\/\\\/volcanoatv.is\\\/en\\\/westman-islands\"},{\"@type\":\"ListItem\",\"position\":3,\"name\":\"Your Guide to Puffin Spotting in the Westman Islands\"}]},{\"@type\":\"WebSite\",\"@id\":\"https:\\\/\\\/volcanoatv.is\\\/en\\\/#website\",\"url\":\"https:\\\/\\\/volcanoatv.is\\\/en\\\/\",\"name\":\"Volcano ATV\",\"description\":\"Volcano atv tours\",\"publisher\":{\"@id\":\"https:\\\/\\\/volcanoatv.is\\\/en\\\/#organization\"},\"potentialAction\":[{\"@type\":\"SearchAction\",\"target\":{\"@type\":\"EntryPoint\",\"urlTemplate\":\"https:\\\/\\\/volcanoatv.is\\\/en\\\/?s={search_term_string}\"},\"query-input\":{\"@type\":\"PropertyValueSpecification\",\"valueRequired\":true,\"valueName\":\"search_term_string\"}}],\"inLanguage\":\"en-US\"},{\"@type\":\"Organization\",\"@id\":\"https:\\\/\\\/volcanoatv.is\\\/en\\\/#organization\",\"name\":\"Volcano ATV\",\"url\":\"https:\\\/\\\/volcanoatv.is\\\/en\\\/\",\"logo\":{\"@type\":\"ImageObject\",\"inLanguage\":\"en-US\",\"@id\":\"https:\\\/\\\/volcanoatv.is\\\/en\\\/#\\\/schema\\\/logo\\\/image\\\/\",\"url\":\"https:\\\/\\\/volcanoatv.is\\\/en\\\/wp-content\\\/uploads\\\/2019\\\/02\\\/Volcano-ATV-logo-01.png\",\"contentUrl\":\"https:\\\/\\\/volcanoatv.is\\\/en\\\/wp-content\\\/uploads\\\/2019\\\/02\\\/Volcano-ATV-logo-01.png\",\"width\":3456,\"height\":887,\"caption\":\"Volcano ATV\"},\"image\":{\"@id\":\"https:\\\/\\\/volcanoatv.is\\\/en\\\/#\\\/schema\\\/logo\\\/image\\\/\"},\"sameAs\":[\"https:\\\/\\\/www.facebook.com\\\/volcanoatv\\\/\",\"https:\\\/\\\/www.instagram.com\\\/volcanoatv\\\/\"]}]}<\/script>\n<!-- \/ Yoast SEO plugin. -->","yoast_head_json":{"title":"Your Guide to Puffin Spotting in the Westman Islands | Volcano ATV","robots":{"index":"index","follow":"follow","max-snippet":"max-snippet:-1","max-image-preview":"max-image-preview:large","max-video-preview":"max-video-preview:-1"},"canonical":"https:\/\/volcanoatv.is\/en\/westman-islands\/your-guide-to-puffin-spotting-in-the-westman-islands","og_locale":"en_US","og_type":"article","og_title":"Your Guide to Puffin Spotting in the Westman Islands | Volcano ATV","og_description":"If you\u2019re planning a road trip along Iceland\u2019s southern coast or looping the country\u2019s ring road, then you should definitely...","og_url":"https:\/\/volcanoatv.is\/en\/westman-islands\/your-guide-to-puffin-spotting-in-the-westman-islands","og_site_name":"Volcano ATV","article_publisher":"https:\/\/www.facebook.com\/volcanoatv\/","article_modified_time":"2024-10-16T10:10:37+00:00","og_image":[{"width":769,"height":437,"url":"https:\/\/volcanoatv.is\/en\/wp-content\/uploads\/2024\/09\/e445c09bfccf70cd350b555f20beb950.jpg","type":"image\/jpeg"}],"twitter_card":"summary_large_image","twitter_misc":{"Est. reading time":"7 minutes"},"schema":{"@context":"https:\/\/schema.org","@graph":[{"@type":"WebPage","@id":"https:\/\/volcanoatv.is\/en\/westman-islands\/your-guide-to-puffin-spotting-in-the-westman-islands","url":"https:\/\/volcanoatv.is\/en\/westman-islands\/your-guide-to-puffin-spotting-in-the-westman-islands","name":"Your Guide to Puffin Spotting in the Westman Islands | Volcano ATV","isPartOf":{"@id":"https:\/\/volcanoatv.is\/en\/#website"},"primaryImageOfPage":{"@id":"https:\/\/volcanoatv.is\/en\/westman-islands\/your-guide-to-puffin-spotting-in-the-westman-islands#primaryimage"},"image":{"@id":"https:\/\/volcanoatv.is\/en\/westman-islands\/your-guide-to-puffin-spotting-in-the-westman-islands#primaryimage"},"thumbnailUrl":"https:\/\/volcanoatv.is\/en\/wp-content\/uploads\/2024\/09\/e445c09bfccf70cd350b555f20beb950.jpg","datePublished":"2024-09-27T13:59:03+00:00","dateModified":"2024-10-16T10:10:37+00:00","breadcrumb":{"@id":"https:\/\/volcanoatv.is\/en\/westman-islands\/your-guide-to-puffin-spotting-in-the-westman-islands#breadcrumb"},"inLanguage":"en-US","potentialAction":[{"@type":"ReadAction","target":["https:\/\/volcanoatv.is\/en\/westman-islands\/your-guide-to-puffin-spotting-in-the-westman-islands"]}]},{"@type":"ImageObject","inLanguage":"en-US","@id":"https:\/\/volcanoatv.is\/en\/westman-islands\/your-guide-to-puffin-spotting-in-the-westman-islands#primaryimage","url":"https:\/\/volcanoatv.is\/en\/wp-content\/uploads\/2024\/09\/e445c09bfccf70cd350b555f20beb950.jpg","contentUrl":"https:\/\/volcanoatv.is\/en\/wp-content\/uploads\/2024\/09\/e445c09bfccf70cd350b555f20beb950.jpg","width":769,"height":437},{"@type":"BreadcrumbList","@id":"https:\/\/volcanoatv.is\/en\/westman-islands\/your-guide-to-puffin-spotting-in-the-westman-islands#breadcrumb","itemListElement":[{"@type":"ListItem","position":1,"name":"Home","item":"https:\/\/volcanoatv.is\/en\/"},{"@type":"ListItem","position":2,"name":"Westman Islands","item":"https:\/\/volcanoatv.is\/en\/westman-islands"},{"@type":"ListItem","position":3,"name":"Your Guide to Puffin Spotting in the Westman Islands"}]},{"@type":"WebSite","@id":"https:\/\/volcanoatv.is\/en\/#website","url":"https:\/\/volcanoatv.is\/en\/","name":"Volcano ATV","description":"Volcano atv tours","publisher":{"@id":"https:\/\/volcanoatv.is\/en\/#organization"},"potentialAction":[{"@type":"SearchAction","target":{"@type":"EntryPoint","urlTemplate":"https:\/\/volcanoatv.is\/en\/?s={search_term_string}"},"query-input":{"@type":"PropertyValueSpecification","valueRequired":true,"valueName":"search_term_string"}}],"inLanguage":"en-US"},{"@type":"Organization","@id":"https:\/\/volcanoatv.is\/en\/#organization","name":"Volcano ATV","url":"https:\/\/volcanoatv.is\/en\/","logo":{"@type":"ImageObject","inLanguage":"en-US","@id":"https:\/\/volcanoatv.is\/en\/#\/schema\/logo\/image\/","url":"https:\/\/volcanoatv.is\/en\/wp-content\/uploads\/2019\/02\/Volcano-ATV-logo-01.png","contentUrl":"https:\/\/volcanoatv.is\/en\/wp-content\/uploads\/2019\/02\/Volcano-ATV-logo-01.png","width":3456,"height":887,"caption":"Volcano ATV"},"image":{"@id":"https:\/\/volcanoatv.is\/en\/#\/schema\/logo\/image\/"},"sameAs":["https:\/\/www.facebook.com\/volcanoatv\/","https:\/\/www.instagram.com\/volcanoatv\/"]}]}},"_links":{"self":[{"href":"https:\/\/volcanoatv.is\/en\/wp-json\/wp\/v2\/pages\/1286","targetHints":{"allow":["GET"]}}],"collection":[{"href":"https:\/\/volcanoatv.is\/en\/wp-json\/wp\/v2\/pages"}],"about":[{"href":"https:\/\/volcanoatv.is\/en\/wp-json\/wp\/v2\/types\/page"}],"author":[{"embeddable":true,"href":"https:\/\/volcanoatv.is\/en\/wp-json\/wp\/v2\/users\/4"}],"replies":[{"embeddable":true,"href":"https:\/\/volcanoatv.is\/en\/wp-json\/wp\/v2\/comments?post=1286"}],"version-history":[{"count":2,"href":"https:\/\/volcanoatv.is\/en\/wp-json\/wp\/v2\/pages\/1286\/revisions"}],"predecessor-version":[{"id":1320,"href":"https:\/\/volcanoatv.is\/en\/wp-json\/wp\/v2\/pages\/1286\/revisions\/1320"}],"up":[{"embeddable":true,"href":"https:\/\/volcanoatv.is\/en\/wp-json\/wp\/v2\/pages\/1081"}],"wp:featuredmedia":[{"embeddable":true,"href":"https:\/\/volcanoatv.is\/en\/wp-json\/wp\/v2\/media\/1287"}],"wp:attachment":[{"href":"https:\/\/volcanoatv.is\/en\/wp-json\/wp\/v2\/media?parent=1286"}],"curies":[{"name":"wp","href":"https:\/\/api.w.org\/{rel}","templated":true}]}}