{"id":1280,"date":"2024-09-27T12:24:24","date_gmt":"2024-09-27T12:24:24","guid":{"rendered":"https:\/\/volcanoatv.is\/en\/?page_id=1280"},"modified":"2024-10-16T10:14:35","modified_gmt":"2024-10-16T10:14:35","slug":"explore-the-westman-islands-a-guide-to-history-culture-and-adventure","status":"publish","type":"page","link":"https:\/\/volcanoatv.is\/en\/westman-islands\/explore-the-westman-islands-a-guide-to-history-culture-and-adventure","title":{"rendered":"Explore the Westman Islands: A Guide to History, Culture, and Adventure"},"content":{"rendered":"\n<p>The Westman Islands pack a lot into a relatively small area. This volcanic archipelago has had a long and fascinating past and exploring its history and culture is a rewarding pastime. But there\u2019s a wild side to its rugged terrain that also makes this an adventure playground. Explore the Westman Islands with us and through this guide see how these different aspects come together.<\/p>\n\n\n\n<h2 class=\"wp-block-heading\">Key events in the history of the Westman Islands<\/h2>\n\n\n\n<p>In a short guide such as this it\u2019s not possible to take a deep dive into the archipelago\u2019s history, but we can outline a few key events that have shaped Heimaey the most. Let\u2019s begin with when the island was first settled. In Viking times, historians tend to agree that Herj\u00f3lfur B\u00e1r\u00f0ason was the pioneering settler, making his home in the early part of the 10<sup>th<\/sup> century. He knew what he was doing, choosing somewhere that had a reliable source of water which enabled him to farm.<\/p>\n\n\n\n<figure class=\"wp-block-image size-large is-resized\"><img loading=\"lazy\" decoding=\"async\" width=\"1024\" height=\"722\" src=\"https:\/\/volcanoatv.is\/en\/wp-content\/uploads\/2024\/09\/20240911_170926-cut-1200-1024x722.jpg\" alt=\"\" class=\"wp-image-1250\" style=\"width:1000px\" srcset=\"https:\/\/volcanoatv.is\/en\/wp-content\/uploads\/2024\/09\/20240911_170926-cut-1200-1024x722.jpg 1024w, https:\/\/volcanoatv.is\/en\/wp-content\/uploads\/2024\/09\/20240911_170926-cut-1200-600x423.jpg 600w, https:\/\/volcanoatv.is\/en\/wp-content\/uploads\/2024\/09\/20240911_170926-cut-1200-300x212.jpg 300w, https:\/\/volcanoatv.is\/en\/wp-content\/uploads\/2024\/09\/20240911_170926-cut-1200-768x541.jpg 768w, https:\/\/volcanoatv.is\/en\/wp-content\/uploads\/2024\/09\/20240911_170926-cut-1200.jpg 1200w\" sizes=\"auto, (max-width: 1024px) 100vw, 1024px\" \/><\/figure>\n\n\n\n<p>Things ticked over for centuries. Periodically, the harsh climate of the Westman Islands threw up challenges, such as landslides and severe snowstorms. The island\u2019s hardy inhabitants soldiered on, subsisting in this challenging environment thanks to an abundance of fish which provided a steady source of food as well as a commodity with which to trade. Seabirds were a source of eggs and the down collected from eider ducks provided a way of keeping warm in the damp and draughty turf houses.<\/p>\n\n\n\n<p>A terrible tragedy struck in 1627 that no one could have predicted. Pirates from Algiers, the capital of a territory connected to the Ottoman Empire in Turkey, took the islanders by surprise and captured many as hostages. There was little the locals could do other than use their knowledge of nearby cliffs and caves to escape the marauding corsairs. Many were rounded up in what\u2019s now known as the Turkish abductions to be sold as slaves; most never returned to their homeland.<\/p>\n\n\n\n<p>In more recent times, the threat came not from outsiders but from the land itself. After being dormant for 5900 years, an eruption kicked off in January 1973. Helgafell volcanic cone appeared to be spent, so the new activity caught people unawares. Though there had been an earthquake swarm, monitoring was in its infancy and nobody realised that an eruption on Heimaey was imminent. Eldfell, a newly enlarged volcanic cone, was the result.<\/p>\n\n\n\n<p>Fortunately, the residents were evacuated safely, but the island faced another issue. Lava threatened to fill the harbour, which would have destroyed livelihoods. Volunteers helped the emergency services to pump water onto the lava, ensuring that it cooled and solidified before it reached the sea. Today, visitors to Heimaey can ride our ATVs across the lava field, see a home that was swallowed up by the lava at the Eldheimar Museum and realise just how close the town came to losing everything.<\/p>\n\n\n\n<h2 class=\"wp-block-heading\">Cultural traditions in the Westman Islands<\/h2>\n\n\n\n<p>If you have an interest in Icelandic history and culture, one place you should visit while you\u2019re on Heimaey is Sagnheimar, the island\u2019s folk museum. Its permanent exhibits cover many aspects of island life, including the role played by fishing and puffins.&nbsp;<\/p>\n\n\n\n<h3 class=\"wp-block-heading\">\u00dej\u00f3\u00f0h\u00e1t\u00ed\u00f0<\/h3>\n\n\n\n<p>\u00dej\u00f3\u00f0h\u00e1t\u00ed\u00f0 is an annual festival that takes place in the Westman Islands over a weekend in summer. The name translates as \u201cNational Festival\u201d and it dates back to 1874, when Iceland marked a millennium of settlement. Bad weather scuppered the plans of the Westman Islands to join their fellow Icelanders on the mainland and so they had to improvise with their own celebration.&nbsp;<\/p>\n\n\n\n<figure class=\"wp-block-image size-full\"><img loading=\"lazy\" decoding=\"async\" width=\"1000\" height=\"458\" src=\"https:\/\/volcanoatv.is\/en\/wp-content\/uploads\/2024\/09\/IMG_20220730_224658.jpg\" alt=\"\" class=\"wp-image-1282\" srcset=\"https:\/\/volcanoatv.is\/en\/wp-content\/uploads\/2024\/09\/IMG_20220730_224658.jpg 1000w, https:\/\/volcanoatv.is\/en\/wp-content\/uploads\/2024\/09\/IMG_20220730_224658-600x275.jpg 600w, https:\/\/volcanoatv.is\/en\/wp-content\/uploads\/2024\/09\/IMG_20220730_224658-300x137.jpg 300w, https:\/\/volcanoatv.is\/en\/wp-content\/uploads\/2024\/09\/IMG_20220730_224658-768x352.jpg 768w\" sizes=\"auto, (max-width: 1000px) 100vw, 1000px\" \/><\/figure>\n\n\n\n<p>Today, thousands of people come from all over Iceland to join in the festivities. This cultural event is spread over four days, featuring concerts and a huge fireworks display. A highlight is undoubtedly Brekkus\u00f6ngur. This is when everyone gathers in the natural amphitheatre for a mass singalong on the Sunday night.&nbsp;<\/p>\n\n\n\n<h3 class=\"wp-block-heading\">Spranga<\/h3>\n\n\n\n<p>Another Westman Islands tradition is the spranga, which also has its roots in the archipelago\u2019s past. In the old days, islanders would use ropes to access birds\u2019 nests on the rocky cliffs; the eggs that they gathered would have been a vital source of protein in their diet. Of course these days, most people rate protecting the bird colonies over raiding nests.<\/p>\n\n\n\n<figure class=\"wp-block-image size-full\"><img loading=\"lazy\" decoding=\"async\" width=\"1000\" height=\"750\" src=\"https:\/\/volcanoatv.is\/en\/wp-content\/uploads\/2024\/09\/20230724_094512-1.jpg\" alt=\"\" class=\"wp-image-1281\" srcset=\"https:\/\/volcanoatv.is\/en\/wp-content\/uploads\/2024\/09\/20230724_094512-1.jpg 1000w, https:\/\/volcanoatv.is\/en\/wp-content\/uploads\/2024\/09\/20230724_094512-1-600x450.jpg 600w, https:\/\/volcanoatv.is\/en\/wp-content\/uploads\/2024\/09\/20230724_094512-1-300x225.jpg 300w, https:\/\/volcanoatv.is\/en\/wp-content\/uploads\/2024\/09\/20230724_094512-1-768x576.jpg 768w\" sizes=\"auto, (max-width: 1000px) 100vw, 1000px\" \/><\/figure>\n\n\n\n<p>However, the rope tradition in itself is maintained, passed on to the next generation by Westman Islanders keen to preserve this aspect of their heritage. A cliff near the harbour is a popular place to teach those wishing to learn the sport. There are different ledges, the lowest of which is about three metres off the ground: Barnasteinn (child\u2019s rock), Almenningur (the public), St\u00edgv\u00e9l (the boot) and&nbsp;Gras (the grass). As a visitor, you might wish to try it yourself, though always do so under the watchful eye of a local \u2013 it\u2019s not as easy as it looks!<\/p>\n\n\n\n<p>Whether you\u2019re getting to grips with these ropes or following our guide on your ATV across the island\u2019s lava field, Heimaey is a place where history and culture are intertwined with adventure. Why not book an ATV tour and hear more about the storied past of the Westman Islands from our guide as you have some fun exploring our extraordinary landscape?<\/p>\n\n\n\n<figure class=\"wp-block-image size-full\"><img loading=\"lazy\" decoding=\"async\" width=\"1000\" height=\"467\" src=\"https:\/\/volcanoatv.is\/en\/wp-content\/uploads\/2024\/09\/20240517_101937.jpg\" alt=\"\" class=\"wp-image-1283\" srcset=\"https:\/\/volcanoatv.is\/en\/wp-content\/uploads\/2024\/09\/20240517_101937.jpg 1000w, https:\/\/volcanoatv.is\/en\/wp-content\/uploads\/2024\/09\/20240517_101937-600x280.jpg 600w, https:\/\/volcanoatv.is\/en\/wp-content\/uploads\/2024\/09\/20240517_101937-300x140.jpg 300w, https:\/\/volcanoatv.is\/en\/wp-content\/uploads\/2024\/09\/20240517_101937-768x359.jpg 768w\" sizes=\"auto, (max-width: 1000px) 100vw, 1000px\" \/><\/figure>\n","protected":false},"excerpt":{"rendered":"<p>The Westman Islands pack a lot into a relatively small area. This volcanic archipelago has had a long and fascinating&#8230;<\/p>\n","protected":false},"author":4,"featured_media":1250,"parent":1081,"menu_order":0,"comment_status":"closed","ping_status":"closed","template":"","meta":{"_exactmetrics_skip_tracking":false,"_exactmetrics_sitenote_active":false,"_exactmetrics_sitenote_note":"","_exactmetrics_sitenote_category":0,"footnotes":""},"class_list":["post-1280","page","type-page","status-publish","has-post-thumbnail","hentry"],"yoast_head":"<!-- This site is optimized with the Yoast SEO plugin v27.4 - https:\/\/yoast.com\/product\/yoast-seo-wordpress\/ -->\n<title>Explore the Westman Islands: A Guide to History, Culture, and Adventure | Volcano ATV<\/title>\n<meta name=\"robots\" content=\"index, follow, max-snippet:-1, max-image-preview:large, max-video-preview:-1\" \/>\n<link rel=\"canonical\" href=\"https:\/\/volcanoatv.is\/en\/westman-islands\/explore-the-westman-islands-a-guide-to-history-culture-and-adventure\" \/>\n<meta property=\"og:locale\" content=\"en_US\" \/>\n<meta property=\"og:type\" content=\"article\" \/>\n<meta property=\"og:title\" content=\"Explore the Westman Islands: A Guide to History, Culture, and Adventure | Volcano ATV\" \/>\n<meta property=\"og:description\" content=\"The Westman Islands pack a lot into a relatively small area. This volcanic archipelago has had a long and fascinating...\" \/>\n<meta property=\"og:url\" content=\"https:\/\/volcanoatv.is\/en\/westman-islands\/explore-the-westman-islands-a-guide-to-history-culture-and-adventure\" \/>\n<meta property=\"og:site_name\" content=\"Volcano ATV\" \/>\n<meta property=\"article:publisher\" content=\"https:\/\/www.facebook.com\/volcanoatv\/\" \/>\n<meta property=\"article:modified_time\" content=\"2024-10-16T10:14:35+00:00\" \/>\n<meta property=\"og:image\" content=\"https:\/\/volcanoatv.is\/en\/wp-content\/uploads\/2024\/09\/20240911_170926-cut-1200.jpg\" \/>\n\t<meta property=\"og:image:width\" content=\"1200\" \/>\n\t<meta property=\"og:image:height\" content=\"846\" \/>\n\t<meta property=\"og:image:type\" content=\"image\/jpeg\" \/>\n<meta name=\"twitter:card\" content=\"summary_large_image\" \/>\n<meta name=\"twitter:label1\" content=\"Est. reading time\" \/>\n\t<meta name=\"twitter:data1\" content=\"5 minutes\" \/>\n<script type=\"application\/ld+json\" class=\"yoast-schema-graph\">{\"@context\":\"https:\\\/\\\/schema.org\",\"@graph\":[{\"@type\":\"WebPage\",\"@id\":\"https:\\\/\\\/volcanoatv.is\\\/en\\\/westman-islands\\\/explore-the-westman-islands-a-guide-to-history-culture-and-adventure\",\"url\":\"https:\\\/\\\/volcanoatv.is\\\/en\\\/westman-islands\\\/explore-the-westman-islands-a-guide-to-history-culture-and-adventure\",\"name\":\"Explore the Westman Islands: A Guide to History, Culture, and Adventure | Volcano ATV\",\"isPartOf\":{\"@id\":\"https:\\\/\\\/volcanoatv.is\\\/en\\\/#website\"},\"primaryImageOfPage\":{\"@id\":\"https:\\\/\\\/volcanoatv.is\\\/en\\\/westman-islands\\\/explore-the-westman-islands-a-guide-to-history-culture-and-adventure#primaryimage\"},\"image\":{\"@id\":\"https:\\\/\\\/volcanoatv.is\\\/en\\\/westman-islands\\\/explore-the-westman-islands-a-guide-to-history-culture-and-adventure#primaryimage\"},\"thumbnailUrl\":\"https:\\\/\\\/volcanoatv.is\\\/en\\\/wp-content\\\/uploads\\\/2024\\\/09\\\/20240911_170926-cut-1200.jpg\",\"datePublished\":\"2024-09-27T12:24:24+00:00\",\"dateModified\":\"2024-10-16T10:14:35+00:00\",\"breadcrumb\":{\"@id\":\"https:\\\/\\\/volcanoatv.is\\\/en\\\/westman-islands\\\/explore-the-westman-islands-a-guide-to-history-culture-and-adventure#breadcrumb\"},\"inLanguage\":\"en-US\",\"potentialAction\":[{\"@type\":\"ReadAction\",\"target\":[\"https:\\\/\\\/volcanoatv.is\\\/en\\\/westman-islands\\\/explore-the-westman-islands-a-guide-to-history-culture-and-adventure\"]}]},{\"@type\":\"ImageObject\",\"inLanguage\":\"en-US\",\"@id\":\"https:\\\/\\\/volcanoatv.is\\\/en\\\/westman-islands\\\/explore-the-westman-islands-a-guide-to-history-culture-and-adventure#primaryimage\",\"url\":\"https:\\\/\\\/volcanoatv.is\\\/en\\\/wp-content\\\/uploads\\\/2024\\\/09\\\/20240911_170926-cut-1200.jpg\",\"contentUrl\":\"https:\\\/\\\/volcanoatv.is\\\/en\\\/wp-content\\\/uploads\\\/2024\\\/09\\\/20240911_170926-cut-1200.jpg\",\"width\":1200,\"height\":846},{\"@type\":\"BreadcrumbList\",\"@id\":\"https:\\\/\\\/volcanoatv.is\\\/en\\\/westman-islands\\\/explore-the-westman-islands-a-guide-to-history-culture-and-adventure#breadcrumb\",\"itemListElement\":[{\"@type\":\"ListItem\",\"position\":1,\"name\":\"Home\",\"item\":\"https:\\\/\\\/volcanoatv.is\\\/en\\\/\"},{\"@type\":\"ListItem\",\"position\":2,\"name\":\"Westman Islands\",\"item\":\"https:\\\/\\\/volcanoatv.is\\\/en\\\/westman-islands\"},{\"@type\":\"ListItem\",\"position\":3,\"name\":\"Explore the Westman Islands: A Guide to History, Culture, and Adventure\"}]},{\"@type\":\"WebSite\",\"@id\":\"https:\\\/\\\/volcanoatv.is\\\/en\\\/#website\",\"url\":\"https:\\\/\\\/volcanoatv.is\\\/en\\\/\",\"name\":\"Volcano ATV\",\"description\":\"Volcano atv tours\",\"publisher\":{\"@id\":\"https:\\\/\\\/volcanoatv.is\\\/en\\\/#organization\"},\"potentialAction\":[{\"@type\":\"SearchAction\",\"target\":{\"@type\":\"EntryPoint\",\"urlTemplate\":\"https:\\\/\\\/volcanoatv.is\\\/en\\\/?s={search_term_string}\"},\"query-input\":{\"@type\":\"PropertyValueSpecification\",\"valueRequired\":true,\"valueName\":\"search_term_string\"}}],\"inLanguage\":\"en-US\"},{\"@type\":\"Organization\",\"@id\":\"https:\\\/\\\/volcanoatv.is\\\/en\\\/#organization\",\"name\":\"Volcano ATV\",\"url\":\"https:\\\/\\\/volcanoatv.is\\\/en\\\/\",\"logo\":{\"@type\":\"ImageObject\",\"inLanguage\":\"en-US\",\"@id\":\"https:\\\/\\\/volcanoatv.is\\\/en\\\/#\\\/schema\\\/logo\\\/image\\\/\",\"url\":\"https:\\\/\\\/volcanoatv.is\\\/en\\\/wp-content\\\/uploads\\\/2019\\\/02\\\/Volcano-ATV-logo-01.png\",\"contentUrl\":\"https:\\\/\\\/volcanoatv.is\\\/en\\\/wp-content\\\/uploads\\\/2019\\\/02\\\/Volcano-ATV-logo-01.png\",\"width\":3456,\"height\":887,\"caption\":\"Volcano ATV\"},\"image\":{\"@id\":\"https:\\\/\\\/volcanoatv.is\\\/en\\\/#\\\/schema\\\/logo\\\/image\\\/\"},\"sameAs\":[\"https:\\\/\\\/www.facebook.com\\\/volcanoatv\\\/\",\"https:\\\/\\\/www.instagram.com\\\/volcanoatv\\\/\"]}]}<\/script>\n<!-- \/ Yoast SEO plugin. -->","yoast_head_json":{"title":"Explore the Westman Islands: A Guide to History, Culture, and Adventure | Volcano ATV","robots":{"index":"index","follow":"follow","max-snippet":"max-snippet:-1","max-image-preview":"max-image-preview:large","max-video-preview":"max-video-preview:-1"},"canonical":"https:\/\/volcanoatv.is\/en\/westman-islands\/explore-the-westman-islands-a-guide-to-history-culture-and-adventure","og_locale":"en_US","og_type":"article","og_title":"Explore the Westman Islands: A Guide to History, Culture, and Adventure | Volcano ATV","og_description":"The Westman Islands pack a lot into a relatively small area. This volcanic archipelago has had a long and fascinating...","og_url":"https:\/\/volcanoatv.is\/en\/westman-islands\/explore-the-westman-islands-a-guide-to-history-culture-and-adventure","og_site_name":"Volcano ATV","article_publisher":"https:\/\/www.facebook.com\/volcanoatv\/","article_modified_time":"2024-10-16T10:14:35+00:00","og_image":[{"width":1200,"height":846,"url":"https:\/\/volcanoatv.is\/en\/wp-content\/uploads\/2024\/09\/20240911_170926-cut-1200.jpg","type":"image\/jpeg"}],"twitter_card":"summary_large_image","twitter_misc":{"Est. reading time":"5 minutes"},"schema":{"@context":"https:\/\/schema.org","@graph":[{"@type":"WebPage","@id":"https:\/\/volcanoatv.is\/en\/westman-islands\/explore-the-westman-islands-a-guide-to-history-culture-and-adventure","url":"https:\/\/volcanoatv.is\/en\/westman-islands\/explore-the-westman-islands-a-guide-to-history-culture-and-adventure","name":"Explore the Westman Islands: A Guide to History, Culture, and Adventure | Volcano ATV","isPartOf":{"@id":"https:\/\/volcanoatv.is\/en\/#website"},"primaryImageOfPage":{"@id":"https:\/\/volcanoatv.is\/en\/westman-islands\/explore-the-westman-islands-a-guide-to-history-culture-and-adventure#primaryimage"},"image":{"@id":"https:\/\/volcanoatv.is\/en\/westman-islands\/explore-the-westman-islands-a-guide-to-history-culture-and-adventure#primaryimage"},"thumbnailUrl":"https:\/\/volcanoatv.is\/en\/wp-content\/uploads\/2024\/09\/20240911_170926-cut-1200.jpg","datePublished":"2024-09-27T12:24:24+00:00","dateModified":"2024-10-16T10:14:35+00:00","breadcrumb":{"@id":"https:\/\/volcanoatv.is\/en\/westman-islands\/explore-the-westman-islands-a-guide-to-history-culture-and-adventure#breadcrumb"},"inLanguage":"en-US","potentialAction":[{"@type":"ReadAction","target":["https:\/\/volcanoatv.is\/en\/westman-islands\/explore-the-westman-islands-a-guide-to-history-culture-and-adventure"]}]},{"@type":"ImageObject","inLanguage":"en-US","@id":"https:\/\/volcanoatv.is\/en\/westman-islands\/explore-the-westman-islands-a-guide-to-history-culture-and-adventure#primaryimage","url":"https:\/\/volcanoatv.is\/en\/wp-content\/uploads\/2024\/09\/20240911_170926-cut-1200.jpg","contentUrl":"https:\/\/volcanoatv.is\/en\/wp-content\/uploads\/2024\/09\/20240911_170926-cut-1200.jpg","width":1200,"height":846},{"@type":"BreadcrumbList","@id":"https:\/\/volcanoatv.is\/en\/westman-islands\/explore-the-westman-islands-a-guide-to-history-culture-and-adventure#breadcrumb","itemListElement":[{"@type":"ListItem","position":1,"name":"Home","item":"https:\/\/volcanoatv.is\/en\/"},{"@type":"ListItem","position":2,"name":"Westman Islands","item":"https:\/\/volcanoatv.is\/en\/westman-islands"},{"@type":"ListItem","position":3,"name":"Explore the Westman Islands: A Guide to History, Culture, and Adventure"}]},{"@type":"WebSite","@id":"https:\/\/volcanoatv.is\/en\/#website","url":"https:\/\/volcanoatv.is\/en\/","name":"Volcano ATV","description":"Volcano atv tours","publisher":{"@id":"https:\/\/volcanoatv.is\/en\/#organization"},"potentialAction":[{"@type":"SearchAction","target":{"@type":"EntryPoint","urlTemplate":"https:\/\/volcanoatv.is\/en\/?s={search_term_string}"},"query-input":{"@type":"PropertyValueSpecification","valueRequired":true,"valueName":"search_term_string"}}],"inLanguage":"en-US"},{"@type":"Organization","@id":"https:\/\/volcanoatv.is\/en\/#organization","name":"Volcano ATV","url":"https:\/\/volcanoatv.is\/en\/","logo":{"@type":"ImageObject","inLanguage":"en-US","@id":"https:\/\/volcanoatv.is\/en\/#\/schema\/logo\/image\/","url":"https:\/\/volcanoatv.is\/en\/wp-content\/uploads\/2019\/02\/Volcano-ATV-logo-01.png","contentUrl":"https:\/\/volcanoatv.is\/en\/wp-content\/uploads\/2019\/02\/Volcano-ATV-logo-01.png","width":3456,"height":887,"caption":"Volcano ATV"},"image":{"@id":"https:\/\/volcanoatv.is\/en\/#\/schema\/logo\/image\/"},"sameAs":["https:\/\/www.facebook.com\/volcanoatv\/","https:\/\/www.instagram.com\/volcanoatv\/"]}]}},"_links":{"self":[{"href":"https:\/\/volcanoatv.is\/en\/wp-json\/wp\/v2\/pages\/1280","targetHints":{"allow":["GET"]}}],"collection":[{"href":"https:\/\/volcanoatv.is\/en\/wp-json\/wp\/v2\/pages"}],"about":[{"href":"https:\/\/volcanoatv.is\/en\/wp-json\/wp\/v2\/types\/page"}],"author":[{"embeddable":true,"href":"https:\/\/volcanoatv.is\/en\/wp-json\/wp\/v2\/users\/4"}],"replies":[{"embeddable":true,"href":"https:\/\/volcanoatv.is\/en\/wp-json\/wp\/v2\/comments?post=1280"}],"version-history":[{"count":2,"href":"https:\/\/volcanoatv.is\/en\/wp-json\/wp\/v2\/pages\/1280\/revisions"}],"predecessor-version":[{"id":1321,"href":"https:\/\/volcanoatv.is\/en\/wp-json\/wp\/v2\/pages\/1280\/revisions\/1321"}],"up":[{"embeddable":true,"href":"https:\/\/volcanoatv.is\/en\/wp-json\/wp\/v2\/pages\/1081"}],"wp:featuredmedia":[{"embeddable":true,"href":"https:\/\/volcanoatv.is\/en\/wp-json\/wp\/v2\/media\/1250"}],"wp:attachment":[{"href":"https:\/\/volcanoatv.is\/en\/wp-json\/wp\/v2\/media?parent=1280"}],"curies":[{"name":"wp","href":"https:\/\/api.w.org\/{rel}","templated":true}]}}