{"id":1274,"date":"2024-09-27T10:40:22","date_gmt":"2024-09-27T10:40:22","guid":{"rendered":"https:\/\/volcanoatv.is\/en\/?page_id=1274"},"modified":"2024-10-16T10:15:09","modified_gmt":"2024-10-16T10:15:09","slug":"discover-the-natural-landscapes-of-the-westman-islands","status":"publish","type":"page","link":"https:\/\/volcanoatv.is\/en\/westman-islands\/discover-the-natural-landscapes-of-the-westman-islands","title":{"rendered":"Discover the Natural Landscapes of the Westman Islands"},"content":{"rendered":"\n<p>Iceland\u2019s natural landscapes are a reason why so many tourists visit. The Westman Islands are no exception, promising a variety of unspoilt panoramas \u2013 all different, yet each beautiful. Before you set out on your ATV to take a closer look, let\u2019s outline what you can expect to see.<\/p>\n\n\n\n<h2 class=\"wp-block-heading\">Volcanic cones<\/h2>\n\n\n\n<p>Helgafell and Eldfell are the two cones that are easily accessible from the town. These twin volcanoes shelter Heimaey\u2019s harbour and this is encouraging vegetation to colonise the area. In summer, this part of the island is blanketed by a carpet of purple lupines; the colour contrasts starkly with the reddish and grey tones of the rock. Eldfell (Fire Mountain) was created more than 50 years ago, yet still retains some warmth \u2013 this is most evident after a snowfall. Eldfell is a highlight of our ATV Volcano Tour.<\/p>\n\n\n\n<figure class=\"wp-block-image size-full is-resized\"><img loading=\"lazy\" decoding=\"async\" width=\"1024\" height=\"679\" src=\"https:\/\/volcanoatv.is\/en\/wp-content\/uploads\/2024\/09\/volcanoes_Heimaey.jpg\" alt=\"\" class=\"wp-image-1275\" style=\"width:1000px\" srcset=\"https:\/\/volcanoatv.is\/en\/wp-content\/uploads\/2024\/09\/volcanoes_Heimaey.jpg 1024w, https:\/\/volcanoatv.is\/en\/wp-content\/uploads\/2024\/09\/volcanoes_Heimaey-600x398.jpg 600w, https:\/\/volcanoatv.is\/en\/wp-content\/uploads\/2024\/09\/volcanoes_Heimaey-300x199.jpg 300w, https:\/\/volcanoatv.is\/en\/wp-content\/uploads\/2024\/09\/volcanoes_Heimaey-768x509.jpg 768w\" sizes=\"auto, (max-width: 1024px) 100vw, 1024px\" \/><\/figure>\n\n\n\n<h2 class=\"wp-block-heading\">A magical valley<\/h2>\n\n\n\n<p>Herj\u00f3lfsdalur takes on the form of a natural amphitheatre, lined by rocks on all sides \u2013 it\u2019s actually an ancient collapsed volcanic crater. Heavily faulted, they contrast with the grassy slopes as you approach. Very occasionally, you might also experience a very unusual phenomenon, a fog waterfall; in Icelandic it\u2019s called the dalal\u00e6\u00f0a. As you hike along the ridge, it\u2019s not hard to see why this place makes such an ideal spot for the annual \u00dej\u00f3\u00f0h\u00e1t\u00ed\u00f0 festival, a Westman Islands gathering that has been held since 1874. &nbsp;<\/p>\n\n\n\n<h2 class=\"wp-block-heading\">Remote beaches<\/h2>\n\n\n\n<p>There aren\u2019t many beaches in the Westman Islands, whose shoreline is characterised mostly by steep, rocky cliffs. But in places you\u2019ll find bays in which sand can become trapped, and these isolated beaches are a real treat to visit. Some are exquisite, like Stafsnes tucked away in a secluded spot in the north west of the island. Meanwhile others have a story to tell, such as Prestvik beach, where a stricken fishing ship called Pelagus came to grief, as you\u2019ll find out on one of our ATV tours.<\/p>\n\n\n\n<figure class=\"wp-block-image size-full\"><img loading=\"lazy\" decoding=\"async\" width=\"1000\" height=\"750\" src=\"https:\/\/volcanoatv.is\/en\/wp-content\/uploads\/2024\/09\/20230520_125508.jpg\" alt=\"\" class=\"wp-image-1276\" srcset=\"https:\/\/volcanoatv.is\/en\/wp-content\/uploads\/2024\/09\/20230520_125508.jpg 1000w, https:\/\/volcanoatv.is\/en\/wp-content\/uploads\/2024\/09\/20230520_125508-600x450.jpg 600w, https:\/\/volcanoatv.is\/en\/wp-content\/uploads\/2024\/09\/20230520_125508-300x225.jpg 300w, https:\/\/volcanoatv.is\/en\/wp-content\/uploads\/2024\/09\/20230520_125508-768x576.jpg 768w\" sizes=\"auto, (max-width: 1000px) 100vw, 1000px\" \/><\/figure>\n\n\n\n<h2 class=\"wp-block-heading\">The St\u00f3rh\u00f6f\u00f0i peninsula<\/h2>\n\n\n\n<p>St\u00f3rh\u00f6f\u00f0i couldn\u2019t be more of a contrast to these sheltered spots. Wild and windy, this exposed peninsula is home to an enormous colony of puffins, which arrive in spring each year to mate and rear their chicks. If you\u2019re here before the pufflings fledge and the birds depart back to the ocean, our ATV tours are the ideal means to get there. Park up and as our guide explains a bit about these funny birds, nicknamed the clowns of the sea, you can watch their antics.<\/p>\n\n\n\n<h2 class=\"wp-block-heading\">Heimaklettur<\/h2>\n\n\n\n<p>The name Heimaklettur means \u201chome rock\u201d and this is one of the most iconic landscapes in the Westman Islands. Rising 283 metres above sea level it is the islands\u2019 highest mountain, formed during the last Ice Age. Sheep graze on the grass here year-round. It\u2019s a difficult hike requiring ladders and chains \u2013 as well as a head for heights \u2013 but impressive if you\u2019re capable. From the top on a clear day, the views not only of Heimaey but also across to the mainland are breathtaking. But even admiring Heimaklettur itself from the harbour is a must for visitors.<\/p>\n\n\n\n<h2 class=\"wp-block-heading\">Coastal scenery<\/h2>\n\n\n\n<p>Wave action has sculpted the volcanic rock of the Westman Islands, creating steep cliffs and sea caves. On a boat trip you can access a cave called Klettshellir, as your guide will demonstrate its splendid acoustics. One of the most famous landmarks is Elephant Rock, which you can admire during our Volcanic Vistas and Puffin Paradise ATV tour. It looks like a pachyderm with its trunk down, drinking from the water. Seals, dolphins and whales, as well as a plethora of seabirds, are frequently sighted close to the Westman Islands.<\/p>\n\n\n\n<figure class=\"wp-block-image size-full\"><img loading=\"lazy\" decoding=\"async\" width=\"1000\" height=\"467\" src=\"https:\/\/volcanoatv.is\/en\/wp-content\/uploads\/2024\/09\/20240215_172258.jpg\" alt=\"\" class=\"wp-image-1277\" srcset=\"https:\/\/volcanoatv.is\/en\/wp-content\/uploads\/2024\/09\/20240215_172258.jpg 1000w, https:\/\/volcanoatv.is\/en\/wp-content\/uploads\/2024\/09\/20240215_172258-600x280.jpg 600w, https:\/\/volcanoatv.is\/en\/wp-content\/uploads\/2024\/09\/20240215_172258-300x140.jpg 300w, https:\/\/volcanoatv.is\/en\/wp-content\/uploads\/2024\/09\/20240215_172258-768x359.jpg 768w\" sizes=\"auto, (max-width: 1000px) 100vw, 1000px\" \/><\/figure>\n\n\n\n<p>Created by volcanic activity and shaped by the ocean, the striking natural landscapes of the Westman Islands are a must for visitors. Whether you\u2019re off-roading over lava trails, gazing out over the sea or chuckling at the antics of those cute puffins, taking an ATV tour with us in this wonderful place is likely to be a standout highlight of your Icelandic holiday.<\/p>\n","protected":false},"excerpt":{"rendered":"<p>Iceland\u2019s natural landscapes are a reason why so many tourists visit. The Westman Islands are no exception, promising a variety&#8230;<\/p>\n","protected":false},"author":4,"featured_media":1276,"parent":1081,"menu_order":0,"comment_status":"closed","ping_status":"closed","template":"","meta":{"_exactmetrics_skip_tracking":false,"_exactmetrics_sitenote_active":false,"_exactmetrics_sitenote_note":"","_exactmetrics_sitenote_category":0,"footnotes":""},"class_list":["post-1274","page","type-page","status-publish","has-post-thumbnail","hentry"],"yoast_head":"<!-- This site is optimized with the Yoast SEO plugin v27.4 - https:\/\/yoast.com\/product\/yoast-seo-wordpress\/ -->\n<title>Discover the Natural Landscapes of the Westman Islands | Volcano ATV<\/title>\n<meta name=\"robots\" content=\"index, follow, max-snippet:-1, max-image-preview:large, max-video-preview:-1\" \/>\n<link rel=\"canonical\" href=\"https:\/\/volcanoatv.is\/en\/westman-islands\/discover-the-natural-landscapes-of-the-westman-islands\" \/>\n<meta property=\"og:locale\" content=\"en_US\" \/>\n<meta property=\"og:type\" content=\"article\" \/>\n<meta property=\"og:title\" content=\"Discover the Natural Landscapes of the Westman Islands | Volcano ATV\" \/>\n<meta property=\"og:description\" content=\"Iceland\u2019s natural landscapes are a reason why so many tourists visit. The Westman Islands are no exception, promising a variety...\" \/>\n<meta property=\"og:url\" content=\"https:\/\/volcanoatv.is\/en\/westman-islands\/discover-the-natural-landscapes-of-the-westman-islands\" \/>\n<meta property=\"og:site_name\" content=\"Volcano ATV\" \/>\n<meta property=\"article:publisher\" content=\"https:\/\/www.facebook.com\/volcanoatv\/\" \/>\n<meta property=\"article:modified_time\" content=\"2024-10-16T10:15:09+00:00\" \/>\n<meta property=\"og:image\" content=\"https:\/\/volcanoatv.is\/en\/wp-content\/uploads\/2024\/09\/20230520_125508.jpg\" \/>\n\t<meta property=\"og:image:width\" content=\"1000\" \/>\n\t<meta property=\"og:image:height\" content=\"750\" \/>\n\t<meta property=\"og:image:type\" content=\"image\/jpeg\" \/>\n<meta name=\"twitter:card\" content=\"summary_large_image\" \/>\n<meta name=\"twitter:label1\" content=\"Est. reading time\" \/>\n\t<meta name=\"twitter:data1\" content=\"4 minutes\" \/>\n<script type=\"application\/ld+json\" class=\"yoast-schema-graph\">{\"@context\":\"https:\\\/\\\/schema.org\",\"@graph\":[{\"@type\":\"WebPage\",\"@id\":\"https:\\\/\\\/volcanoatv.is\\\/en\\\/westman-islands\\\/discover-the-natural-landscapes-of-the-westman-islands\",\"url\":\"https:\\\/\\\/volcanoatv.is\\\/en\\\/westman-islands\\\/discover-the-natural-landscapes-of-the-westman-islands\",\"name\":\"Discover the Natural Landscapes of the Westman Islands | Volcano ATV\",\"isPartOf\":{\"@id\":\"https:\\\/\\\/volcanoatv.is\\\/en\\\/#website\"},\"primaryImageOfPage\":{\"@id\":\"https:\\\/\\\/volcanoatv.is\\\/en\\\/westman-islands\\\/discover-the-natural-landscapes-of-the-westman-islands#primaryimage\"},\"image\":{\"@id\":\"https:\\\/\\\/volcanoatv.is\\\/en\\\/westman-islands\\\/discover-the-natural-landscapes-of-the-westman-islands#primaryimage\"},\"thumbnailUrl\":\"https:\\\/\\\/volcanoatv.is\\\/en\\\/wp-content\\\/uploads\\\/2024\\\/09\\\/20230520_125508.jpg\",\"datePublished\":\"2024-09-27T10:40:22+00:00\",\"dateModified\":\"2024-10-16T10:15:09+00:00\",\"breadcrumb\":{\"@id\":\"https:\\\/\\\/volcanoatv.is\\\/en\\\/westman-islands\\\/discover-the-natural-landscapes-of-the-westman-islands#breadcrumb\"},\"inLanguage\":\"en-US\",\"potentialAction\":[{\"@type\":\"ReadAction\",\"target\":[\"https:\\\/\\\/volcanoatv.is\\\/en\\\/westman-islands\\\/discover-the-natural-landscapes-of-the-westman-islands\"]}]},{\"@type\":\"ImageObject\",\"inLanguage\":\"en-US\",\"@id\":\"https:\\\/\\\/volcanoatv.is\\\/en\\\/westman-islands\\\/discover-the-natural-landscapes-of-the-westman-islands#primaryimage\",\"url\":\"https:\\\/\\\/volcanoatv.is\\\/en\\\/wp-content\\\/uploads\\\/2024\\\/09\\\/20230520_125508.jpg\",\"contentUrl\":\"https:\\\/\\\/volcanoatv.is\\\/en\\\/wp-content\\\/uploads\\\/2024\\\/09\\\/20230520_125508.jpg\",\"width\":1000,\"height\":750},{\"@type\":\"BreadcrumbList\",\"@id\":\"https:\\\/\\\/volcanoatv.is\\\/en\\\/westman-islands\\\/discover-the-natural-landscapes-of-the-westman-islands#breadcrumb\",\"itemListElement\":[{\"@type\":\"ListItem\",\"position\":1,\"name\":\"Home\",\"item\":\"https:\\\/\\\/volcanoatv.is\\\/en\\\/\"},{\"@type\":\"ListItem\",\"position\":2,\"name\":\"Westman Islands\",\"item\":\"https:\\\/\\\/volcanoatv.is\\\/en\\\/westman-islands\"},{\"@type\":\"ListItem\",\"position\":3,\"name\":\"Discover the Natural Landscapes of the Westman Islands\"}]},{\"@type\":\"WebSite\",\"@id\":\"https:\\\/\\\/volcanoatv.is\\\/en\\\/#website\",\"url\":\"https:\\\/\\\/volcanoatv.is\\\/en\\\/\",\"name\":\"Volcano ATV\",\"description\":\"Volcano atv tours\",\"publisher\":{\"@id\":\"https:\\\/\\\/volcanoatv.is\\\/en\\\/#organization\"},\"potentialAction\":[{\"@type\":\"SearchAction\",\"target\":{\"@type\":\"EntryPoint\",\"urlTemplate\":\"https:\\\/\\\/volcanoatv.is\\\/en\\\/?s={search_term_string}\"},\"query-input\":{\"@type\":\"PropertyValueSpecification\",\"valueRequired\":true,\"valueName\":\"search_term_string\"}}],\"inLanguage\":\"en-US\"},{\"@type\":\"Organization\",\"@id\":\"https:\\\/\\\/volcanoatv.is\\\/en\\\/#organization\",\"name\":\"Volcano ATV\",\"url\":\"https:\\\/\\\/volcanoatv.is\\\/en\\\/\",\"logo\":{\"@type\":\"ImageObject\",\"inLanguage\":\"en-US\",\"@id\":\"https:\\\/\\\/volcanoatv.is\\\/en\\\/#\\\/schema\\\/logo\\\/image\\\/\",\"url\":\"https:\\\/\\\/volcanoatv.is\\\/en\\\/wp-content\\\/uploads\\\/2019\\\/02\\\/Volcano-ATV-logo-01.png\",\"contentUrl\":\"https:\\\/\\\/volcanoatv.is\\\/en\\\/wp-content\\\/uploads\\\/2019\\\/02\\\/Volcano-ATV-logo-01.png\",\"width\":3456,\"height\":887,\"caption\":\"Volcano ATV\"},\"image\":{\"@id\":\"https:\\\/\\\/volcanoatv.is\\\/en\\\/#\\\/schema\\\/logo\\\/image\\\/\"},\"sameAs\":[\"https:\\\/\\\/www.facebook.com\\\/volcanoatv\\\/\",\"https:\\\/\\\/www.instagram.com\\\/volcanoatv\\\/\"]}]}<\/script>\n<!-- \/ Yoast SEO plugin. -->","yoast_head_json":{"title":"Discover the Natural Landscapes of the Westman Islands | Volcano ATV","robots":{"index":"index","follow":"follow","max-snippet":"max-snippet:-1","max-image-preview":"max-image-preview:large","max-video-preview":"max-video-preview:-1"},"canonical":"https:\/\/volcanoatv.is\/en\/westman-islands\/discover-the-natural-landscapes-of-the-westman-islands","og_locale":"en_US","og_type":"article","og_title":"Discover the Natural Landscapes of the Westman Islands | Volcano ATV","og_description":"Iceland\u2019s natural landscapes are a reason why so many tourists visit. The Westman Islands are no exception, promising a variety...","og_url":"https:\/\/volcanoatv.is\/en\/westman-islands\/discover-the-natural-landscapes-of-the-westman-islands","og_site_name":"Volcano ATV","article_publisher":"https:\/\/www.facebook.com\/volcanoatv\/","article_modified_time":"2024-10-16T10:15:09+00:00","og_image":[{"width":1000,"height":750,"url":"https:\/\/volcanoatv.is\/en\/wp-content\/uploads\/2024\/09\/20230520_125508.jpg","type":"image\/jpeg"}],"twitter_card":"summary_large_image","twitter_misc":{"Est. reading time":"4 minutes"},"schema":{"@context":"https:\/\/schema.org","@graph":[{"@type":"WebPage","@id":"https:\/\/volcanoatv.is\/en\/westman-islands\/discover-the-natural-landscapes-of-the-westman-islands","url":"https:\/\/volcanoatv.is\/en\/westman-islands\/discover-the-natural-landscapes-of-the-westman-islands","name":"Discover the Natural Landscapes of the Westman Islands | Volcano ATV","isPartOf":{"@id":"https:\/\/volcanoatv.is\/en\/#website"},"primaryImageOfPage":{"@id":"https:\/\/volcanoatv.is\/en\/westman-islands\/discover-the-natural-landscapes-of-the-westman-islands#primaryimage"},"image":{"@id":"https:\/\/volcanoatv.is\/en\/westman-islands\/discover-the-natural-landscapes-of-the-westman-islands#primaryimage"},"thumbnailUrl":"https:\/\/volcanoatv.is\/en\/wp-content\/uploads\/2024\/09\/20230520_125508.jpg","datePublished":"2024-09-27T10:40:22+00:00","dateModified":"2024-10-16T10:15:09+00:00","breadcrumb":{"@id":"https:\/\/volcanoatv.is\/en\/westman-islands\/discover-the-natural-landscapes-of-the-westman-islands#breadcrumb"},"inLanguage":"en-US","potentialAction":[{"@type":"ReadAction","target":["https:\/\/volcanoatv.is\/en\/westman-islands\/discover-the-natural-landscapes-of-the-westman-islands"]}]},{"@type":"ImageObject","inLanguage":"en-US","@id":"https:\/\/volcanoatv.is\/en\/westman-islands\/discover-the-natural-landscapes-of-the-westman-islands#primaryimage","url":"https:\/\/volcanoatv.is\/en\/wp-content\/uploads\/2024\/09\/20230520_125508.jpg","contentUrl":"https:\/\/volcanoatv.is\/en\/wp-content\/uploads\/2024\/09\/20230520_125508.jpg","width":1000,"height":750},{"@type":"BreadcrumbList","@id":"https:\/\/volcanoatv.is\/en\/westman-islands\/discover-the-natural-landscapes-of-the-westman-islands#breadcrumb","itemListElement":[{"@type":"ListItem","position":1,"name":"Home","item":"https:\/\/volcanoatv.is\/en\/"},{"@type":"ListItem","position":2,"name":"Westman Islands","item":"https:\/\/volcanoatv.is\/en\/westman-islands"},{"@type":"ListItem","position":3,"name":"Discover the Natural Landscapes of the Westman Islands"}]},{"@type":"WebSite","@id":"https:\/\/volcanoatv.is\/en\/#website","url":"https:\/\/volcanoatv.is\/en\/","name":"Volcano ATV","description":"Volcano atv tours","publisher":{"@id":"https:\/\/volcanoatv.is\/en\/#organization"},"potentialAction":[{"@type":"SearchAction","target":{"@type":"EntryPoint","urlTemplate":"https:\/\/volcanoatv.is\/en\/?s={search_term_string}"},"query-input":{"@type":"PropertyValueSpecification","valueRequired":true,"valueName":"search_term_string"}}],"inLanguage":"en-US"},{"@type":"Organization","@id":"https:\/\/volcanoatv.is\/en\/#organization","name":"Volcano ATV","url":"https:\/\/volcanoatv.is\/en\/","logo":{"@type":"ImageObject","inLanguage":"en-US","@id":"https:\/\/volcanoatv.is\/en\/#\/schema\/logo\/image\/","url":"https:\/\/volcanoatv.is\/en\/wp-content\/uploads\/2019\/02\/Volcano-ATV-logo-01.png","contentUrl":"https:\/\/volcanoatv.is\/en\/wp-content\/uploads\/2019\/02\/Volcano-ATV-logo-01.png","width":3456,"height":887,"caption":"Volcano ATV"},"image":{"@id":"https:\/\/volcanoatv.is\/en\/#\/schema\/logo\/image\/"},"sameAs":["https:\/\/www.facebook.com\/volcanoatv\/","https:\/\/www.instagram.com\/volcanoatv\/"]}]}},"_links":{"self":[{"href":"https:\/\/volcanoatv.is\/en\/wp-json\/wp\/v2\/pages\/1274","targetHints":{"allow":["GET"]}}],"collection":[{"href":"https:\/\/volcanoatv.is\/en\/wp-json\/wp\/v2\/pages"}],"about":[{"href":"https:\/\/volcanoatv.is\/en\/wp-json\/wp\/v2\/types\/page"}],"author":[{"embeddable":true,"href":"https:\/\/volcanoatv.is\/en\/wp-json\/wp\/v2\/users\/4"}],"replies":[{"embeddable":true,"href":"https:\/\/volcanoatv.is\/en\/wp-json\/wp\/v2\/comments?post=1274"}],"version-history":[{"count":2,"href":"https:\/\/volcanoatv.is\/en\/wp-json\/wp\/v2\/pages\/1274\/revisions"}],"predecessor-version":[{"id":1322,"href":"https:\/\/volcanoatv.is\/en\/wp-json\/wp\/v2\/pages\/1274\/revisions\/1322"}],"up":[{"embeddable":true,"href":"https:\/\/volcanoatv.is\/en\/wp-json\/wp\/v2\/pages\/1081"}],"wp:featuredmedia":[{"embeddable":true,"href":"https:\/\/volcanoatv.is\/en\/wp-json\/wp\/v2\/media\/1276"}],"wp:attachment":[{"href":"https:\/\/volcanoatv.is\/en\/wp-json\/wp\/v2\/media?parent=1274"}],"curies":[{"name":"wp","href":"https:\/\/api.w.org\/{rel}","templated":true}]}}