{"id":1262,"date":"2024-09-27T09:38:48","date_gmt":"2024-09-27T09:38:48","guid":{"rendered":"https:\/\/volcanoatv.is\/en\/?page_id=1262"},"modified":"2024-10-16T10:16:08","modified_gmt":"2024-10-16T10:16:08","slug":"the-17th-century-turkish-abductions-in-the-westman-islands","status":"publish","type":"page","link":"https:\/\/volcanoatv.is\/en\/westman-islands\/the-17th-century-turkish-abductions-in-the-westman-islands","title":{"rendered":"The 17th century Turkish Abductions in the Westman Islands"},"content":{"rendered":"\n<p>One of the most unusual events in the history of the Westman Islands is concerns a series of pirate raids that took place in southern Iceland in 1627. You\u2019ll hear more about this fascinating chapter in Icelandic history if you sign up for <a href=\"https:\/\/volcanoatv.is\/en\/tours\/puffins-and-pirates\">our Puffins and Pirates tour<\/a>, during which you will visit some of the key locations involved. Let\u2019s get a head start as we explore the 17<sup>th<\/sup> century Turkish Abductions in the Westman Islands.&nbsp;<\/p>\n\n\n\n<h2 class=\"wp-block-heading\">Who was responsible?<\/h2>\n\n\n\n<p>These incursions are sometimes referred to as the Turkish Abductions as they were carried out under the flag of the Ottoman Empire. Slavery was ingrained in Ottoman society; slave traders were paid handsomely and brought their human shipments to markets across the empire.&nbsp;<\/p>\n\n\n\n<p>Some of these unfortunate people were Icelanders. As well as its formal empire, the Ottomans also had tributary states which would send money back to those in power. One of these was the Regency of Algiers. It was known for its corsairs \u2013 pirates who plundered goods and took captives.<\/p>\n\n\n\n<figure class=\"wp-block-image size-full is-resized\"><img loading=\"lazy\" decoding=\"async\" width=\"1000\" height=\"711\" src=\"https:\/\/volcanoatv.is\/en\/wp-content\/uploads\/2024\/09\/9a5801e862972554f2de5de25ac1e502.jpg\" alt=\"\" class=\"wp-image-1265\" style=\"width:935px\" srcset=\"https:\/\/volcanoatv.is\/en\/wp-content\/uploads\/2024\/09\/9a5801e862972554f2de5de25ac1e502.jpg 1000w, https:\/\/volcanoatv.is\/en\/wp-content\/uploads\/2024\/09\/9a5801e862972554f2de5de25ac1e502-600x427.jpg 600w, https:\/\/volcanoatv.is\/en\/wp-content\/uploads\/2024\/09\/9a5801e862972554f2de5de25ac1e502-300x213.jpg 300w, https:\/\/volcanoatv.is\/en\/wp-content\/uploads\/2024\/09\/9a5801e862972554f2de5de25ac1e502-768x546.jpg 768w\" sizes=\"auto, (max-width: 1000px) 100vw, 1000px\" \/><\/figure>\n\n\n\n<h2 class=\"wp-block-heading\">What happened in 1627?<\/h2>\n\n\n\n<p>In a horrifying series of incidents in 1627, these corsairs arrived at Iceland\u2019s shores, but they weren\u2019t the first. A pirate ship from Sal\u00e9 in what\u2019s now Morocco targeted Grindavik on the Reykjanes peninsula in June. They managed to capture at least a dozen people and sailed back to Sal\u00e9 where they were offloaded at auction.<\/p>\n\n\n\n<p>Less than a month later, a second boat arrived, this time in the East Fjords. It had begun its journey in Algiers and arrived with the intent to intimidate, threaten and steal. Rounding up 110 Icelanders as well as livestock and other goods, they set sail. The weather turned bad and when they reached F\u00e1skr\u00fa\u00f0sfj\u00f6r\u00f0ur, they decided to alter their course and travel along the south coast instead.<\/p>\n\n\n\n<p>On July 16th 1627, this ship and two others reached Heimaey, the first place where it was safe to anchor. They came ashore at R\u00e6ningjatangi on the southern side of the island and set light to homes, farms and the church. At the time 500 people lived on Heimaey. Almost half of them \u2013 242 to be precise \u2013 were either kidnapped or killed.&nbsp;<\/p>\n\n\n\n<figure class=\"wp-block-image size-full\"><img loading=\"lazy\" decoding=\"async\" width=\"935\" height=\"663\" src=\"https:\/\/volcanoatv.is\/en\/wp-content\/uploads\/2024\/09\/19598952_1540422435996489_5942184774085863305_n.jpg\" alt=\"\" class=\"wp-image-1264\" srcset=\"https:\/\/volcanoatv.is\/en\/wp-content\/uploads\/2024\/09\/19598952_1540422435996489_5942184774085863305_n.jpg 935w, https:\/\/volcanoatv.is\/en\/wp-content\/uploads\/2024\/09\/19598952_1540422435996489_5942184774085863305_n-600x425.jpg 600w, https:\/\/volcanoatv.is\/en\/wp-content\/uploads\/2024\/09\/19598952_1540422435996489_5942184774085863305_n-300x213.jpg 300w, https:\/\/volcanoatv.is\/en\/wp-content\/uploads\/2024\/09\/19598952_1540422435996489_5942184774085863305_n-768x545.jpg 768w\" sizes=\"auto, (max-width: 935px) 100vw, 935px\" \/><\/figure>\n\n\n\n<p>There had been little warning of the attack. The captives were carted off to Algiers where they could be sold to the highest bidder at the slave market. Once there, however, Reverend \u00d3lafur Egilsson was released by the pirates and sent to Copenhagen to secure a ransom.&nbsp;<\/p>\n\n\n\n<p>It took nine years to raise the money to free 34 of those Icelandic slaves and return them to their homeland. Just 27 made it home. Years later, in 1645, a further eight were bought. They were taken to Copenhagen but records from that time are sketchy and no one knows for sure what happened to them.<\/p>\n\n\n\n<h2 class=\"wp-block-heading\">The legacy of these terrible events<\/h2>\n\n\n\n<p>However, some islanders escaped the clutches of the corsairs; many of those who survived did so because they hid in the island\u2019s coastal caves and cliffs.&nbsp;<\/p>\n\n\n\n<ul class=\"wp-block-list\">\n<li><strong>Pirate Cove<\/strong><\/li>\n<\/ul>\n\n\n\n<p>R\u00e6ningjatangi (Pirate Cove) is where the Algerian corsairs came ashore, as they believed that the islanders would be taken by surprise. Overlooking Heimaey\u2019s harbour, measures taken near to where you see Skansinn Fort meant that part of the island was easier to defend. The plan worked, and the invaders were able to ransack property, round up captives and kill anyone who tried to resist.&nbsp;<\/p>\n\n\n\n<ul class=\"wp-block-list\">\n<li><strong>Fiskhellar<\/strong><\/li>\n<\/ul>\n\n\n\n<p>Before the pirates arrived, these caves were used to dry fish. Some islanders chose to hide in them, hoisting women and children down on ropes so that they could hide. It didn\u2019t work; the corsairs found them, murdering those they were unable to capture. However on Thorlaugargerdishilla, a rocky ledge, the attackers shot at those hiding but were unable to reach them.<\/p>\n\n\n\n<figure class=\"wp-block-image size-full is-resized\"><img loading=\"lazy\" decoding=\"async\" width=\"1000\" height=\"709\" src=\"https:\/\/volcanoatv.is\/en\/wp-content\/uploads\/2024\/09\/pirates-1000_n.jpg\" alt=\"\" class=\"wp-image-1263\" style=\"width:935px\" srcset=\"https:\/\/volcanoatv.is\/en\/wp-content\/uploads\/2024\/09\/pirates-1000_n.jpg 1000w, https:\/\/volcanoatv.is\/en\/wp-content\/uploads\/2024\/09\/pirates-1000_n-600x425.jpg 600w, https:\/\/volcanoatv.is\/en\/wp-content\/uploads\/2024\/09\/pirates-1000_n-300x213.jpg 300w, https:\/\/volcanoatv.is\/en\/wp-content\/uploads\/2024\/09\/pirates-1000_n-768x545.jpg 768w\" sizes=\"auto, (max-width: 1000px) 100vw, 1000px\" \/><\/figure>\n\n\n\n<ul class=\"wp-block-list\">\n<li><strong>Hundra\u00f0mannahellir<\/strong><\/li>\n<\/ul>\n\n\n\n<p>Hundred Man Cave gets its name from the number of people who sought refuge inside it. They might have escaped with their lives were it not for one man\u2019s dog, who was caught sniffing at the entrance of the cave. The corsairs noticed and came to investigate. They found those that were hiding; these unlucky individuals were later sold as slaves in Algiers.If you have an interest in visiting these places, why not book a spot on <a href=\"https:\/\/volcanoatv.is\/en\/tours\/puffins-and-pirates\">our Puffins and Pirates ATV tour<\/a>?<\/p>\n\n\n\n<p><\/p>\n","protected":false},"excerpt":{"rendered":"<p>One of the most unusual events in the history of the Westman Islands is concerns a series of pirate raids&#8230;<\/p>\n","protected":false},"author":4,"featured_media":1264,"parent":1081,"menu_order":0,"comment_status":"closed","ping_status":"closed","template":"","meta":{"_exactmetrics_skip_tracking":false,"_exactmetrics_sitenote_active":false,"_exactmetrics_sitenote_note":"","_exactmetrics_sitenote_category":0,"footnotes":""},"class_list":["post-1262","page","type-page","status-publish","has-post-thumbnail","hentry"],"yoast_head":"<!-- This site is optimized with the Yoast SEO plugin v27.4 - https:\/\/yoast.com\/product\/yoast-seo-wordpress\/ -->\n<title>The 17th century Turkish Abductions in the Westman Islands | Volcano ATV<\/title>\n<meta name=\"robots\" content=\"index, follow, max-snippet:-1, max-image-preview:large, max-video-preview:-1\" \/>\n<link rel=\"canonical\" href=\"https:\/\/volcanoatv.is\/en\/westman-islands\/the-17th-century-turkish-abductions-in-the-westman-islands\" \/>\n<meta property=\"og:locale\" content=\"en_US\" \/>\n<meta property=\"og:type\" content=\"article\" \/>\n<meta property=\"og:title\" content=\"The 17th century Turkish Abductions in the Westman Islands | Volcano ATV\" \/>\n<meta property=\"og:description\" content=\"One of the most unusual events in the history of the Westman Islands is concerns a series of pirate raids...\" \/>\n<meta property=\"og:url\" content=\"https:\/\/volcanoatv.is\/en\/westman-islands\/the-17th-century-turkish-abductions-in-the-westman-islands\" \/>\n<meta property=\"og:site_name\" content=\"Volcano ATV\" \/>\n<meta property=\"article:publisher\" content=\"https:\/\/www.facebook.com\/volcanoatv\/\" \/>\n<meta property=\"article:modified_time\" content=\"2024-10-16T10:16:08+00:00\" \/>\n<meta property=\"og:image\" content=\"https:\/\/volcanoatv.is\/en\/wp-content\/uploads\/2024\/09\/19598952_1540422435996489_5942184774085863305_n.jpg\" \/>\n\t<meta property=\"og:image:width\" content=\"935\" \/>\n\t<meta property=\"og:image:height\" content=\"663\" \/>\n\t<meta property=\"og:image:type\" content=\"image\/jpeg\" \/>\n<meta name=\"twitter:card\" content=\"summary_large_image\" \/>\n<meta name=\"twitter:label1\" content=\"Est. reading time\" \/>\n\t<meta name=\"twitter:data1\" content=\"4 minutes\" \/>\n<script type=\"application\/ld+json\" class=\"yoast-schema-graph\">{\"@context\":\"https:\\\/\\\/schema.org\",\"@graph\":[{\"@type\":\"WebPage\",\"@id\":\"https:\\\/\\\/volcanoatv.is\\\/en\\\/westman-islands\\\/the-17th-century-turkish-abductions-in-the-westman-islands\",\"url\":\"https:\\\/\\\/volcanoatv.is\\\/en\\\/westman-islands\\\/the-17th-century-turkish-abductions-in-the-westman-islands\",\"name\":\"The 17th century Turkish Abductions in the Westman Islands | Volcano ATV\",\"isPartOf\":{\"@id\":\"https:\\\/\\\/volcanoatv.is\\\/en\\\/#website\"},\"primaryImageOfPage\":{\"@id\":\"https:\\\/\\\/volcanoatv.is\\\/en\\\/westman-islands\\\/the-17th-century-turkish-abductions-in-the-westman-islands#primaryimage\"},\"image\":{\"@id\":\"https:\\\/\\\/volcanoatv.is\\\/en\\\/westman-islands\\\/the-17th-century-turkish-abductions-in-the-westman-islands#primaryimage\"},\"thumbnailUrl\":\"https:\\\/\\\/volcanoatv.is\\\/en\\\/wp-content\\\/uploads\\\/2024\\\/09\\\/19598952_1540422435996489_5942184774085863305_n.jpg\",\"datePublished\":\"2024-09-27T09:38:48+00:00\",\"dateModified\":\"2024-10-16T10:16:08+00:00\",\"breadcrumb\":{\"@id\":\"https:\\\/\\\/volcanoatv.is\\\/en\\\/westman-islands\\\/the-17th-century-turkish-abductions-in-the-westman-islands#breadcrumb\"},\"inLanguage\":\"en-US\",\"potentialAction\":[{\"@type\":\"ReadAction\",\"target\":[\"https:\\\/\\\/volcanoatv.is\\\/en\\\/westman-islands\\\/the-17th-century-turkish-abductions-in-the-westman-islands\"]}]},{\"@type\":\"ImageObject\",\"inLanguage\":\"en-US\",\"@id\":\"https:\\\/\\\/volcanoatv.is\\\/en\\\/westman-islands\\\/the-17th-century-turkish-abductions-in-the-westman-islands#primaryimage\",\"url\":\"https:\\\/\\\/volcanoatv.is\\\/en\\\/wp-content\\\/uploads\\\/2024\\\/09\\\/19598952_1540422435996489_5942184774085863305_n.jpg\",\"contentUrl\":\"https:\\\/\\\/volcanoatv.is\\\/en\\\/wp-content\\\/uploads\\\/2024\\\/09\\\/19598952_1540422435996489_5942184774085863305_n.jpg\",\"width\":935,\"height\":663},{\"@type\":\"BreadcrumbList\",\"@id\":\"https:\\\/\\\/volcanoatv.is\\\/en\\\/westman-islands\\\/the-17th-century-turkish-abductions-in-the-westman-islands#breadcrumb\",\"itemListElement\":[{\"@type\":\"ListItem\",\"position\":1,\"name\":\"Home\",\"item\":\"https:\\\/\\\/volcanoatv.is\\\/en\\\/\"},{\"@type\":\"ListItem\",\"position\":2,\"name\":\"Westman Islands\",\"item\":\"https:\\\/\\\/volcanoatv.is\\\/en\\\/westman-islands\"},{\"@type\":\"ListItem\",\"position\":3,\"name\":\"The 17th century Turkish Abductions in the Westman Islands\"}]},{\"@type\":\"WebSite\",\"@id\":\"https:\\\/\\\/volcanoatv.is\\\/en\\\/#website\",\"url\":\"https:\\\/\\\/volcanoatv.is\\\/en\\\/\",\"name\":\"Volcano ATV\",\"description\":\"Volcano atv tours\",\"publisher\":{\"@id\":\"https:\\\/\\\/volcanoatv.is\\\/en\\\/#organization\"},\"potentialAction\":[{\"@type\":\"SearchAction\",\"target\":{\"@type\":\"EntryPoint\",\"urlTemplate\":\"https:\\\/\\\/volcanoatv.is\\\/en\\\/?s={search_term_string}\"},\"query-input\":{\"@type\":\"PropertyValueSpecification\",\"valueRequired\":true,\"valueName\":\"search_term_string\"}}],\"inLanguage\":\"en-US\"},{\"@type\":\"Organization\",\"@id\":\"https:\\\/\\\/volcanoatv.is\\\/en\\\/#organization\",\"name\":\"Volcano ATV\",\"url\":\"https:\\\/\\\/volcanoatv.is\\\/en\\\/\",\"logo\":{\"@type\":\"ImageObject\",\"inLanguage\":\"en-US\",\"@id\":\"https:\\\/\\\/volcanoatv.is\\\/en\\\/#\\\/schema\\\/logo\\\/image\\\/\",\"url\":\"https:\\\/\\\/volcanoatv.is\\\/en\\\/wp-content\\\/uploads\\\/2019\\\/02\\\/Volcano-ATV-logo-01.png\",\"contentUrl\":\"https:\\\/\\\/volcanoatv.is\\\/en\\\/wp-content\\\/uploads\\\/2019\\\/02\\\/Volcano-ATV-logo-01.png\",\"width\":3456,\"height\":887,\"caption\":\"Volcano ATV\"},\"image\":{\"@id\":\"https:\\\/\\\/volcanoatv.is\\\/en\\\/#\\\/schema\\\/logo\\\/image\\\/\"},\"sameAs\":[\"https:\\\/\\\/www.facebook.com\\\/volcanoatv\\\/\",\"https:\\\/\\\/www.instagram.com\\\/volcanoatv\\\/\"]}]}<\/script>\n<!-- \/ Yoast SEO plugin. -->","yoast_head_json":{"title":"The 17th century Turkish Abductions in the Westman Islands | Volcano ATV","robots":{"index":"index","follow":"follow","max-snippet":"max-snippet:-1","max-image-preview":"max-image-preview:large","max-video-preview":"max-video-preview:-1"},"canonical":"https:\/\/volcanoatv.is\/en\/westman-islands\/the-17th-century-turkish-abductions-in-the-westman-islands","og_locale":"en_US","og_type":"article","og_title":"The 17th century Turkish Abductions in the Westman Islands | Volcano ATV","og_description":"One of the most unusual events in the history of the Westman Islands is concerns a series of pirate raids...","og_url":"https:\/\/volcanoatv.is\/en\/westman-islands\/the-17th-century-turkish-abductions-in-the-westman-islands","og_site_name":"Volcano ATV","article_publisher":"https:\/\/www.facebook.com\/volcanoatv\/","article_modified_time":"2024-10-16T10:16:08+00:00","og_image":[{"width":935,"height":663,"url":"https:\/\/volcanoatv.is\/en\/wp-content\/uploads\/2024\/09\/19598952_1540422435996489_5942184774085863305_n.jpg","type":"image\/jpeg"}],"twitter_card":"summary_large_image","twitter_misc":{"Est. reading time":"4 minutes"},"schema":{"@context":"https:\/\/schema.org","@graph":[{"@type":"WebPage","@id":"https:\/\/volcanoatv.is\/en\/westman-islands\/the-17th-century-turkish-abductions-in-the-westman-islands","url":"https:\/\/volcanoatv.is\/en\/westman-islands\/the-17th-century-turkish-abductions-in-the-westman-islands","name":"The 17th century Turkish Abductions in the Westman Islands | Volcano ATV","isPartOf":{"@id":"https:\/\/volcanoatv.is\/en\/#website"},"primaryImageOfPage":{"@id":"https:\/\/volcanoatv.is\/en\/westman-islands\/the-17th-century-turkish-abductions-in-the-westman-islands#primaryimage"},"image":{"@id":"https:\/\/volcanoatv.is\/en\/westman-islands\/the-17th-century-turkish-abductions-in-the-westman-islands#primaryimage"},"thumbnailUrl":"https:\/\/volcanoatv.is\/en\/wp-content\/uploads\/2024\/09\/19598952_1540422435996489_5942184774085863305_n.jpg","datePublished":"2024-09-27T09:38:48+00:00","dateModified":"2024-10-16T10:16:08+00:00","breadcrumb":{"@id":"https:\/\/volcanoatv.is\/en\/westman-islands\/the-17th-century-turkish-abductions-in-the-westman-islands#breadcrumb"},"inLanguage":"en-US","potentialAction":[{"@type":"ReadAction","target":["https:\/\/volcanoatv.is\/en\/westman-islands\/the-17th-century-turkish-abductions-in-the-westman-islands"]}]},{"@type":"ImageObject","inLanguage":"en-US","@id":"https:\/\/volcanoatv.is\/en\/westman-islands\/the-17th-century-turkish-abductions-in-the-westman-islands#primaryimage","url":"https:\/\/volcanoatv.is\/en\/wp-content\/uploads\/2024\/09\/19598952_1540422435996489_5942184774085863305_n.jpg","contentUrl":"https:\/\/volcanoatv.is\/en\/wp-content\/uploads\/2024\/09\/19598952_1540422435996489_5942184774085863305_n.jpg","width":935,"height":663},{"@type":"BreadcrumbList","@id":"https:\/\/volcanoatv.is\/en\/westman-islands\/the-17th-century-turkish-abductions-in-the-westman-islands#breadcrumb","itemListElement":[{"@type":"ListItem","position":1,"name":"Home","item":"https:\/\/volcanoatv.is\/en\/"},{"@type":"ListItem","position":2,"name":"Westman Islands","item":"https:\/\/volcanoatv.is\/en\/westman-islands"},{"@type":"ListItem","position":3,"name":"The 17th century Turkish Abductions in the Westman Islands"}]},{"@type":"WebSite","@id":"https:\/\/volcanoatv.is\/en\/#website","url":"https:\/\/volcanoatv.is\/en\/","name":"Volcano ATV","description":"Volcano atv tours","publisher":{"@id":"https:\/\/volcanoatv.is\/en\/#organization"},"potentialAction":[{"@type":"SearchAction","target":{"@type":"EntryPoint","urlTemplate":"https:\/\/volcanoatv.is\/en\/?s={search_term_string}"},"query-input":{"@type":"PropertyValueSpecification","valueRequired":true,"valueName":"search_term_string"}}],"inLanguage":"en-US"},{"@type":"Organization","@id":"https:\/\/volcanoatv.is\/en\/#organization","name":"Volcano ATV","url":"https:\/\/volcanoatv.is\/en\/","logo":{"@type":"ImageObject","inLanguage":"en-US","@id":"https:\/\/volcanoatv.is\/en\/#\/schema\/logo\/image\/","url":"https:\/\/volcanoatv.is\/en\/wp-content\/uploads\/2019\/02\/Volcano-ATV-logo-01.png","contentUrl":"https:\/\/volcanoatv.is\/en\/wp-content\/uploads\/2019\/02\/Volcano-ATV-logo-01.png","width":3456,"height":887,"caption":"Volcano ATV"},"image":{"@id":"https:\/\/volcanoatv.is\/en\/#\/schema\/logo\/image\/"},"sameAs":["https:\/\/www.facebook.com\/volcanoatv\/","https:\/\/www.instagram.com\/volcanoatv\/"]}]}},"_links":{"self":[{"href":"https:\/\/volcanoatv.is\/en\/wp-json\/wp\/v2\/pages\/1262","targetHints":{"allow":["GET"]}}],"collection":[{"href":"https:\/\/volcanoatv.is\/en\/wp-json\/wp\/v2\/pages"}],"about":[{"href":"https:\/\/volcanoatv.is\/en\/wp-json\/wp\/v2\/types\/page"}],"author":[{"embeddable":true,"href":"https:\/\/volcanoatv.is\/en\/wp-json\/wp\/v2\/users\/4"}],"replies":[{"embeddable":true,"href":"https:\/\/volcanoatv.is\/en\/wp-json\/wp\/v2\/comments?post=1262"}],"version-history":[{"count":2,"href":"https:\/\/volcanoatv.is\/en\/wp-json\/wp\/v2\/pages\/1262\/revisions"}],"predecessor-version":[{"id":1324,"href":"https:\/\/volcanoatv.is\/en\/wp-json\/wp\/v2\/pages\/1262\/revisions\/1324"}],"up":[{"embeddable":true,"href":"https:\/\/volcanoatv.is\/en\/wp-json\/wp\/v2\/pages\/1081"}],"wp:featuredmedia":[{"embeddable":true,"href":"https:\/\/volcanoatv.is\/en\/wp-json\/wp\/v2\/media\/1264"}],"wp:attachment":[{"href":"https:\/\/volcanoatv.is\/en\/wp-json\/wp\/v2\/media?parent=1262"}],"curies":[{"name":"wp","href":"https:\/\/api.w.org\/{rel}","templated":true}]}}