{"id":1248,"date":"2024-09-26T14:39:48","date_gmt":"2024-09-26T14:39:48","guid":{"rendered":"https:\/\/volcanoatv.is\/en\/?page_id=1248"},"modified":"2024-10-16T10:18:02","modified_gmt":"2024-10-16T10:18:02","slug":"a-guide-to-the-history-of-the-westman-islands","status":"publish","type":"page","link":"https:\/\/volcanoatv.is\/en\/westman-islands\/a-guide-to-the-history-of-the-westman-islands","title":{"rendered":"A Guide to the History of the Westman Islands"},"content":{"rendered":"\n<p>The Westman Islands \u2013 or Vestmannaeyjar to locals \u2013 form a volcanic archipelago located off Iceland\u2019s scenic south coast. They\u2019re one of the most interesting parts of the country, with a long and rich history. If you\u2019re planning to visit, then understanding a little of their backstory will give you context to appreciate what you are seeing and doing. We\u2019ve prepared a brief guide to the history of the Westman Islands to get you started.<\/p>\n\n\n\n<h2 class=\"wp-block-heading\">The geological history of the Westman Islands<\/h2>\n\n\n\n<p>The Westman Islands are one of the youngest areas of Iceland as they form part of an active submarine volcanic system. Most of the islands that form this archipelago are only between 10000 and 20000 years old. The youngest was created in living memory: Surtsey was formed between 1963 and 1966 as the result of a volcanic eruption that built new land from the ocean floor upwards.&nbsp;<\/p>\n\n\n\n<p>Even more recently, volcanic activity has increased the area of Heimaey. In 1973 the largest island in the group (and the only one on which people live permanently) grew by 2.3 km\u00b2, a significant area for an island this size. New land was created by lava flows in the eastern part of the island after the six month eruption that also increased the height of the Eldfell volcanic cone.&nbsp;<\/p>\n\n\n<div class=\"wp-block-image\">\n<figure class=\"aligncenter size-full\"><img loading=\"lazy\" decoding=\"async\" width=\"1000\" height=\"456\" src=\"https:\/\/volcanoatv.is\/en\/wp-content\/uploads\/2024\/09\/IMG_20201003_105811-1.jpg\" alt=\"\" class=\"wp-image-1251\" style=\"object-fit:cover\" srcset=\"https:\/\/volcanoatv.is\/en\/wp-content\/uploads\/2024\/09\/IMG_20201003_105811-1.jpg 1000w, https:\/\/volcanoatv.is\/en\/wp-content\/uploads\/2024\/09\/IMG_20201003_105811-1-600x274.jpg 600w, https:\/\/volcanoatv.is\/en\/wp-content\/uploads\/2024\/09\/IMG_20201003_105811-1-300x137.jpg 300w, https:\/\/volcanoatv.is\/en\/wp-content\/uploads\/2024\/09\/IMG_20201003_105811-1-768x350.jpg 768w\" sizes=\"auto, (max-width: 1000px) 100vw, 1000px\" \/><\/figure>\n<\/div>\n\n\n<h2 class=\"wp-block-heading\">Settlement of the islands \u2013 and a name<\/h2>\n\n\n\n<p>Like Iceland as a whole, the Westman Islands\u2019 settled history dates back to the 9<sup>th<\/sup> century. Common wisdom holds that a Norseman named Ing\u00f3lfur Arnarson spent the winter of 873AD at a cape called Ing\u00f3lfsh\u00f6f\u00f0i, further east than the Westman Islands. As the weather improved, he continued along the south coast and founded the place we know as Reykjavik a year later.<\/p>\n\n\n\n<p>Not long afterwards, he found himself in the Westman Islands to avenge the death of Hj\u00f6rleifur Hr\u00f3\u00f0marsson; sources variously call him Ing\u00f3lfur\u2019s brother-in-law, foster brother or blood brother \u2013 whichever is correct they had a close bond. Hj\u00f6rleifur was living at Hj\u00f6rleifsh\u00f6f\u00f0i as the end of the 9th century neared.&nbsp;<\/p>\n\n\n\n<p>Hj\u00f6rleifur owned Irish slaves, who rebelled and killed him. They fled to the island, but Ing\u00f3lfur followed them, took his revenge and murdered them. Their leader, named Duf\u00feakur, threw himself off a cliff so that Ing\u00f3lfur wouldn\u2019t catch him; today, that place is called Duf\u00feekja. And the islands as a whole? At the time, the Irish were referred to as the \u201cwest men\u201d.&nbsp; It\u2019s thought that this event is why we know the volcanic archipelago as the Westman Islands.<\/p>\n\n\n\n<h2 class=\"wp-block-heading\">The first settlers in the Westman Islands<\/h2>\n\n\n\n<p>We think that Herj\u00f3lfur B\u00e1r\u00f0ason was probably the first person to call the Westman Islands home. He lived here from around 900 or 920 AD and farmed the land. Records suggest that this was the only place on the island at that time where there was a reliable source of water. But later, a landslide wiped out his house and no evidence remains of it.<\/p>\n\n\n\n<h2 class=\"wp-block-heading\">Early life&nbsp;<\/h2>\n\n\n\n<p>In those early days, the archipelago\u2019s resources would have made the Westman Islands an enticing prospect. Islanders could be self-sufficient here and didn\u2019t need to rely on goods from the mainland. The ocean surrounding these rocky volcanic islands was rich in marine life and there would have been an abundance of fish. Any surplus could be traded for other items, such as grain and tools.<\/p>\n\n\n\n<p>The eggs of nesting seabirds were collected by islanders on ropes and the birds themselves were hunted; back then each were a vital source of nutrients though now of course these practices are both illegal. Down and feathers would have been used to make warm clothing and to provide insulation against the harsh winter weather. That\u2019s not to say life would have been easy back then. Turf houses helped to keep out the rain and wind, but made damp and uncomfortable homes.&nbsp;<\/p>\n\n\n<div class=\"wp-block-image\">\n<figure class=\"aligncenter size-large\"><img loading=\"lazy\" decoding=\"async\" width=\"1024\" height=\"722\" src=\"https:\/\/volcanoatv.is\/en\/wp-content\/uploads\/2024\/09\/20240911_170926-cut-1200-1024x722.jpg\" alt=\"\" class=\"wp-image-1250\" style=\"object-fit:cover\" srcset=\"https:\/\/volcanoatv.is\/en\/wp-content\/uploads\/2024\/09\/20240911_170926-cut-1200-1024x722.jpg 1024w, https:\/\/volcanoatv.is\/en\/wp-content\/uploads\/2024\/09\/20240911_170926-cut-1200-600x423.jpg 600w, https:\/\/volcanoatv.is\/en\/wp-content\/uploads\/2024\/09\/20240911_170926-cut-1200-300x212.jpg 300w, https:\/\/volcanoatv.is\/en\/wp-content\/uploads\/2024\/09\/20240911_170926-cut-1200-768x541.jpg 768w, https:\/\/volcanoatv.is\/en\/wp-content\/uploads\/2024\/09\/20240911_170926-cut-1200.jpg 1200w\" sizes=\"auto, (max-width: 1024px) 100vw, 1024px\" \/><\/figure>\n<\/div>\n\n\n<h2 class=\"wp-block-heading\">Dangerous episodes<\/h2>\n\n\n\n<p>There are also some documented events during the course of the Westman Islands\u2019 history which show that from time to time, danger came calling. The most notorious of these was what\u2019s now referred to as the Turkish abductions. It\u2019s sometimes hard for us to imagine that although most people lived a simple life, there were still those who ventured a lot further afield. While some of those adventurous types had good motives, others were not so trustworthy.<\/p>\n\n\n\n<ul class=\"wp-block-list\">\n<li><strong>The Turkish abductions<\/strong><\/li>\n<\/ul>\n\n\n\n<p>In 1627, Iceland was the victim of several pirate incursions and one of those raids targeted the Westman Islands. The corsairs came from Algiers, now the capital of modern-day Algeria, but in those days the place had close ties to the Ottoman Empire which explains the Turkish connection.<\/p>\n\n\n\n<p>Knowing that the local population could probably defend the harbour of Heimaey, these pirates chose to land instead on its south shore. They took the Westman Islanders by surprise and though some were able to escape and hide, many others were rounded up and carried off to North Africa where they were sold as slaves. Some never returned and it is an upsetting chapter in the archipelago\u2019s history.<\/p>\n\n\n\n<ul class=\"wp-block-list\">\n<li><strong>The eruption of 1973<\/strong><\/li>\n<\/ul>\n\n\n\n<p>More than three centuries later, the Westman Islanders faced danger of a very different kind. While Surtsey\u2019s creation harmed no one, the presence of a volcano right beside the archipelago\u2019s main settlement was a more worrying threat. In 1973, an eruption kicked off which would change the landscape of Heimaey forever.<\/p>\n\n\n\n<p>That January night, the weather had been stormy, so all the boats were in the harbour. Helgafell, the volcanic cone on Heimaey, had been dormant for 5900 years and as such had troubled no one. A series of small earthquakes should have acted as a warning but didn\u2019t, as monitoring was not the more precise science it is today. The volcano woke up, and a mile-long fissure opened close to the town spewing ash and lava.<\/p>\n\n\n\n<p>Those boats were quite literally life-savers. In just a few short hours, residents were evacuated to safety; though some of them lost their homes, no lives were lost. Brave volunteers and scientists remained to carry out a perilous but ultimately successful operation to pipe and pump water on the lava and save the harbour \u2013 the main source of income and thus vital of people were to be able to return.&nbsp;&nbsp;<\/p>\n\n\n<div class=\"wp-block-image\">\n<figure class=\"aligncenter size-large\"><img loading=\"lazy\" decoding=\"async\" width=\"1024\" height=\"794\" src=\"https:\/\/volcanoatv.is\/en\/wp-content\/uploads\/2022\/05\/slider5-1200x930-1-1024x794.jpg\" alt=\"\" class=\"wp-image-1014\" style=\"object-fit:cover\" srcset=\"https:\/\/volcanoatv.is\/en\/wp-content\/uploads\/2022\/05\/slider5-1200x930-1-1024x794.jpg 1024w, https:\/\/volcanoatv.is\/en\/wp-content\/uploads\/2022\/05\/slider5-1200x930-1-600x465.jpg 600w, https:\/\/volcanoatv.is\/en\/wp-content\/uploads\/2022\/05\/slider5-1200x930-1-300x233.jpg 300w, https:\/\/volcanoatv.is\/en\/wp-content\/uploads\/2022\/05\/slider5-1200x930-1-768x595.jpg 768w, https:\/\/volcanoatv.is\/en\/wp-content\/uploads\/2022\/05\/slider5-1200x930-1.jpg 1200w\" sizes=\"auto, (max-width: 1024px) 100vw, 1024px\" \/><\/figure>\n<\/div>\n\n\n<h2 class=\"wp-block-heading\">Today\u2019s Westman Islands<\/h2>\n\n\n\n<p>These two very different incidents, coupled with people\u2019s ability to settle here in the first place, demonstrate the resilience of the Westman Islanders. These events would have been as terrifying as they were unexpected, yet those who lived here weathered the storm and returned to their everyday lives once the threat had passed.&nbsp;<\/p>\n\n\n\n<p>In the 21<sup>st<\/sup> century, the islands are well connected to the mainland and residents live comfortably, albeit amid extraordinary surroundings. Today, as you sip your coffee, reflect on how island life on modern day Vestmannaeyjar is a world away from that of the past. It makes a fascinating back story, nevertheless, and one which our guides will be more than happy to flesh out for those interested in learning more.<\/p>\n\n\n\n<p>As you explore the island by ATV on one of our tours, why not choose one with a focus on pirates or volcanic scenery? Understanding a little of the archipelago\u2019s history will add an extra dimension to your enjoyment of the place while you\u2019re having loads of fun riding around.<\/p>\n","protected":false},"excerpt":{"rendered":"<p>The Westman Islands \u2013 or Vestmannaeyjar to locals \u2013 form a volcanic archipelago located off Iceland\u2019s scenic south coast. They\u2019re&#8230;<\/p>\n","protected":false},"author":4,"featured_media":1251,"parent":1081,"menu_order":0,"comment_status":"closed","ping_status":"closed","template":"","meta":{"_exactmetrics_skip_tracking":false,"_exactmetrics_sitenote_active":false,"_exactmetrics_sitenote_note":"","_exactmetrics_sitenote_category":0,"footnotes":""},"class_list":["post-1248","page","type-page","status-publish","has-post-thumbnail","hentry"],"yoast_head":"<!-- This site is optimized with the Yoast SEO plugin v27.4 - https:\/\/yoast.com\/product\/yoast-seo-wordpress\/ -->\n<title>A Guide to the History of the Westman Islands | Volcano ATV<\/title>\n<meta name=\"robots\" content=\"index, follow, max-snippet:-1, max-image-preview:large, max-video-preview:-1\" \/>\n<link rel=\"canonical\" href=\"https:\/\/volcanoatv.is\/en\/westman-islands\/a-guide-to-the-history-of-the-westman-islands\" \/>\n<meta property=\"og:locale\" content=\"en_US\" \/>\n<meta property=\"og:type\" content=\"article\" \/>\n<meta property=\"og:title\" content=\"A Guide to the History of the Westman Islands | Volcano ATV\" \/>\n<meta property=\"og:description\" content=\"The Westman Islands \u2013 or Vestmannaeyjar to locals \u2013 form a volcanic archipelago located off Iceland\u2019s scenic south coast. They\u2019re...\" \/>\n<meta property=\"og:url\" content=\"https:\/\/volcanoatv.is\/en\/westman-islands\/a-guide-to-the-history-of-the-westman-islands\" \/>\n<meta property=\"og:site_name\" content=\"Volcano ATV\" \/>\n<meta property=\"article:publisher\" content=\"https:\/\/www.facebook.com\/volcanoatv\/\" \/>\n<meta property=\"article:modified_time\" content=\"2024-10-16T10:18:02+00:00\" \/>\n<meta property=\"og:image\" content=\"https:\/\/volcanoatv.is\/en\/wp-content\/uploads\/2024\/09\/IMG_20201003_105811-1.jpg\" \/>\n\t<meta property=\"og:image:width\" content=\"1000\" \/>\n\t<meta property=\"og:image:height\" content=\"456\" \/>\n\t<meta property=\"og:image:type\" content=\"image\/jpeg\" \/>\n<meta name=\"twitter:card\" content=\"summary_large_image\" \/>\n<meta name=\"twitter:label1\" content=\"Est. reading time\" \/>\n\t<meta name=\"twitter:data1\" content=\"6 minutes\" \/>\n<script type=\"application\/ld+json\" class=\"yoast-schema-graph\">{\"@context\":\"https:\\\/\\\/schema.org\",\"@graph\":[{\"@type\":\"WebPage\",\"@id\":\"https:\\\/\\\/volcanoatv.is\\\/en\\\/westman-islands\\\/a-guide-to-the-history-of-the-westman-islands\",\"url\":\"https:\\\/\\\/volcanoatv.is\\\/en\\\/westman-islands\\\/a-guide-to-the-history-of-the-westman-islands\",\"name\":\"A Guide to the History of the Westman Islands | Volcano ATV\",\"isPartOf\":{\"@id\":\"https:\\\/\\\/volcanoatv.is\\\/en\\\/#website\"},\"primaryImageOfPage\":{\"@id\":\"https:\\\/\\\/volcanoatv.is\\\/en\\\/westman-islands\\\/a-guide-to-the-history-of-the-westman-islands#primaryimage\"},\"image\":{\"@id\":\"https:\\\/\\\/volcanoatv.is\\\/en\\\/westman-islands\\\/a-guide-to-the-history-of-the-westman-islands#primaryimage\"},\"thumbnailUrl\":\"https:\\\/\\\/volcanoatv.is\\\/en\\\/wp-content\\\/uploads\\\/2024\\\/09\\\/IMG_20201003_105811-1.jpg\",\"datePublished\":\"2024-09-26T14:39:48+00:00\",\"dateModified\":\"2024-10-16T10:18:02+00:00\",\"breadcrumb\":{\"@id\":\"https:\\\/\\\/volcanoatv.is\\\/en\\\/westman-islands\\\/a-guide-to-the-history-of-the-westman-islands#breadcrumb\"},\"inLanguage\":\"en-US\",\"potentialAction\":[{\"@type\":\"ReadAction\",\"target\":[\"https:\\\/\\\/volcanoatv.is\\\/en\\\/westman-islands\\\/a-guide-to-the-history-of-the-westman-islands\"]}]},{\"@type\":\"ImageObject\",\"inLanguage\":\"en-US\",\"@id\":\"https:\\\/\\\/volcanoatv.is\\\/en\\\/westman-islands\\\/a-guide-to-the-history-of-the-westman-islands#primaryimage\",\"url\":\"https:\\\/\\\/volcanoatv.is\\\/en\\\/wp-content\\\/uploads\\\/2024\\\/09\\\/IMG_20201003_105811-1.jpg\",\"contentUrl\":\"https:\\\/\\\/volcanoatv.is\\\/en\\\/wp-content\\\/uploads\\\/2024\\\/09\\\/IMG_20201003_105811-1.jpg\",\"width\":1000,\"height\":456},{\"@type\":\"BreadcrumbList\",\"@id\":\"https:\\\/\\\/volcanoatv.is\\\/en\\\/westman-islands\\\/a-guide-to-the-history-of-the-westman-islands#breadcrumb\",\"itemListElement\":[{\"@type\":\"ListItem\",\"position\":1,\"name\":\"Home\",\"item\":\"https:\\\/\\\/volcanoatv.is\\\/en\\\/\"},{\"@type\":\"ListItem\",\"position\":2,\"name\":\"Westman Islands\",\"item\":\"https:\\\/\\\/volcanoatv.is\\\/en\\\/westman-islands\"},{\"@type\":\"ListItem\",\"position\":3,\"name\":\"A Guide to the History of the Westman Islands\"}]},{\"@type\":\"WebSite\",\"@id\":\"https:\\\/\\\/volcanoatv.is\\\/en\\\/#website\",\"url\":\"https:\\\/\\\/volcanoatv.is\\\/en\\\/\",\"name\":\"Volcano ATV\",\"description\":\"Volcano atv tours\",\"publisher\":{\"@id\":\"https:\\\/\\\/volcanoatv.is\\\/en\\\/#organization\"},\"potentialAction\":[{\"@type\":\"SearchAction\",\"target\":{\"@type\":\"EntryPoint\",\"urlTemplate\":\"https:\\\/\\\/volcanoatv.is\\\/en\\\/?s={search_term_string}\"},\"query-input\":{\"@type\":\"PropertyValueSpecification\",\"valueRequired\":true,\"valueName\":\"search_term_string\"}}],\"inLanguage\":\"en-US\"},{\"@type\":\"Organization\",\"@id\":\"https:\\\/\\\/volcanoatv.is\\\/en\\\/#organization\",\"name\":\"Volcano ATV\",\"url\":\"https:\\\/\\\/volcanoatv.is\\\/en\\\/\",\"logo\":{\"@type\":\"ImageObject\",\"inLanguage\":\"en-US\",\"@id\":\"https:\\\/\\\/volcanoatv.is\\\/en\\\/#\\\/schema\\\/logo\\\/image\\\/\",\"url\":\"https:\\\/\\\/volcanoatv.is\\\/en\\\/wp-content\\\/uploads\\\/2019\\\/02\\\/Volcano-ATV-logo-01.png\",\"contentUrl\":\"https:\\\/\\\/volcanoatv.is\\\/en\\\/wp-content\\\/uploads\\\/2019\\\/02\\\/Volcano-ATV-logo-01.png\",\"width\":3456,\"height\":887,\"caption\":\"Volcano ATV\"},\"image\":{\"@id\":\"https:\\\/\\\/volcanoatv.is\\\/en\\\/#\\\/schema\\\/logo\\\/image\\\/\"},\"sameAs\":[\"https:\\\/\\\/www.facebook.com\\\/volcanoatv\\\/\",\"https:\\\/\\\/www.instagram.com\\\/volcanoatv\\\/\"]}]}<\/script>\n<!-- \/ Yoast SEO plugin. -->","yoast_head_json":{"title":"A Guide to the History of the Westman Islands | Volcano ATV","robots":{"index":"index","follow":"follow","max-snippet":"max-snippet:-1","max-image-preview":"max-image-preview:large","max-video-preview":"max-video-preview:-1"},"canonical":"https:\/\/volcanoatv.is\/en\/westman-islands\/a-guide-to-the-history-of-the-westman-islands","og_locale":"en_US","og_type":"article","og_title":"A Guide to the History of the Westman Islands | Volcano ATV","og_description":"The Westman Islands \u2013 or Vestmannaeyjar to locals \u2013 form a volcanic archipelago located off Iceland\u2019s scenic south coast. They\u2019re...","og_url":"https:\/\/volcanoatv.is\/en\/westman-islands\/a-guide-to-the-history-of-the-westman-islands","og_site_name":"Volcano ATV","article_publisher":"https:\/\/www.facebook.com\/volcanoatv\/","article_modified_time":"2024-10-16T10:18:02+00:00","og_image":[{"width":1000,"height":456,"url":"https:\/\/volcanoatv.is\/en\/wp-content\/uploads\/2024\/09\/IMG_20201003_105811-1.jpg","type":"image\/jpeg"}],"twitter_card":"summary_large_image","twitter_misc":{"Est. reading time":"6 minutes"},"schema":{"@context":"https:\/\/schema.org","@graph":[{"@type":"WebPage","@id":"https:\/\/volcanoatv.is\/en\/westman-islands\/a-guide-to-the-history-of-the-westman-islands","url":"https:\/\/volcanoatv.is\/en\/westman-islands\/a-guide-to-the-history-of-the-westman-islands","name":"A Guide to the History of the Westman Islands | Volcano ATV","isPartOf":{"@id":"https:\/\/volcanoatv.is\/en\/#website"},"primaryImageOfPage":{"@id":"https:\/\/volcanoatv.is\/en\/westman-islands\/a-guide-to-the-history-of-the-westman-islands#primaryimage"},"image":{"@id":"https:\/\/volcanoatv.is\/en\/westman-islands\/a-guide-to-the-history-of-the-westman-islands#primaryimage"},"thumbnailUrl":"https:\/\/volcanoatv.is\/en\/wp-content\/uploads\/2024\/09\/IMG_20201003_105811-1.jpg","datePublished":"2024-09-26T14:39:48+00:00","dateModified":"2024-10-16T10:18:02+00:00","breadcrumb":{"@id":"https:\/\/volcanoatv.is\/en\/westman-islands\/a-guide-to-the-history-of-the-westman-islands#breadcrumb"},"inLanguage":"en-US","potentialAction":[{"@type":"ReadAction","target":["https:\/\/volcanoatv.is\/en\/westman-islands\/a-guide-to-the-history-of-the-westman-islands"]}]},{"@type":"ImageObject","inLanguage":"en-US","@id":"https:\/\/volcanoatv.is\/en\/westman-islands\/a-guide-to-the-history-of-the-westman-islands#primaryimage","url":"https:\/\/volcanoatv.is\/en\/wp-content\/uploads\/2024\/09\/IMG_20201003_105811-1.jpg","contentUrl":"https:\/\/volcanoatv.is\/en\/wp-content\/uploads\/2024\/09\/IMG_20201003_105811-1.jpg","width":1000,"height":456},{"@type":"BreadcrumbList","@id":"https:\/\/volcanoatv.is\/en\/westman-islands\/a-guide-to-the-history-of-the-westman-islands#breadcrumb","itemListElement":[{"@type":"ListItem","position":1,"name":"Home","item":"https:\/\/volcanoatv.is\/en\/"},{"@type":"ListItem","position":2,"name":"Westman Islands","item":"https:\/\/volcanoatv.is\/en\/westman-islands"},{"@type":"ListItem","position":3,"name":"A Guide to the History of the Westman Islands"}]},{"@type":"WebSite","@id":"https:\/\/volcanoatv.is\/en\/#website","url":"https:\/\/volcanoatv.is\/en\/","name":"Volcano ATV","description":"Volcano atv tours","publisher":{"@id":"https:\/\/volcanoatv.is\/en\/#organization"},"potentialAction":[{"@type":"SearchAction","target":{"@type":"EntryPoint","urlTemplate":"https:\/\/volcanoatv.is\/en\/?s={search_term_string}"},"query-input":{"@type":"PropertyValueSpecification","valueRequired":true,"valueName":"search_term_string"}}],"inLanguage":"en-US"},{"@type":"Organization","@id":"https:\/\/volcanoatv.is\/en\/#organization","name":"Volcano ATV","url":"https:\/\/volcanoatv.is\/en\/","logo":{"@type":"ImageObject","inLanguage":"en-US","@id":"https:\/\/volcanoatv.is\/en\/#\/schema\/logo\/image\/","url":"https:\/\/volcanoatv.is\/en\/wp-content\/uploads\/2019\/02\/Volcano-ATV-logo-01.png","contentUrl":"https:\/\/volcanoatv.is\/en\/wp-content\/uploads\/2019\/02\/Volcano-ATV-logo-01.png","width":3456,"height":887,"caption":"Volcano ATV"},"image":{"@id":"https:\/\/volcanoatv.is\/en\/#\/schema\/logo\/image\/"},"sameAs":["https:\/\/www.facebook.com\/volcanoatv\/","https:\/\/www.instagram.com\/volcanoatv\/"]}]}},"_links":{"self":[{"href":"https:\/\/volcanoatv.is\/en\/wp-json\/wp\/v2\/pages\/1248","targetHints":{"allow":["GET"]}}],"collection":[{"href":"https:\/\/volcanoatv.is\/en\/wp-json\/wp\/v2\/pages"}],"about":[{"href":"https:\/\/volcanoatv.is\/en\/wp-json\/wp\/v2\/types\/page"}],"author":[{"embeddable":true,"href":"https:\/\/volcanoatv.is\/en\/wp-json\/wp\/v2\/users\/4"}],"replies":[{"embeddable":true,"href":"https:\/\/volcanoatv.is\/en\/wp-json\/wp\/v2\/comments?post=1248"}],"version-history":[{"count":3,"href":"https:\/\/volcanoatv.is\/en\/wp-json\/wp\/v2\/pages\/1248\/revisions"}],"predecessor-version":[{"id":1325,"href":"https:\/\/volcanoatv.is\/en\/wp-json\/wp\/v2\/pages\/1248\/revisions\/1325"}],"up":[{"embeddable":true,"href":"https:\/\/volcanoatv.is\/en\/wp-json\/wp\/v2\/pages\/1081"}],"wp:featuredmedia":[{"embeddable":true,"href":"https:\/\/volcanoatv.is\/en\/wp-json\/wp\/v2\/media\/1251"}],"wp:attachment":[{"href":"https:\/\/volcanoatv.is\/en\/wp-json\/wp\/v2\/media?parent=1248"}],"curies":[{"name":"wp","href":"https:\/\/api.w.org\/{rel}","templated":true}]}}