{"id":1227,"date":"2024-09-19T10:29:58","date_gmt":"2024-09-19T10:29:58","guid":{"rendered":"https:\/\/volcanoatv.is\/en\/?page_id=1227"},"modified":"2026-01-22T16:57:15","modified_gmt":"2026-01-22T16:57:15","slug":"puffins-and-pirates","status":"publish","type":"page","link":"https:\/\/volcanoatv.is\/en\/tours\/puffins-and-pirates","title":{"rendered":"Puffins and Pirates Tour"},"content":{"rendered":"<p>Vestmannaeyjar is known for many beautiful and interesting things. Puffins as Vestmannaeyjar are the biggest puffin colony in the world and in this tour you will witness in closeness how beautiful this bird is along with some interesting facts about him. Vestmannaeyjar also has a rich and interesting history with pirates over the centuries and we will visit the most famous locations where the pirates clashed with locals along with hearing the history behind it.<\/p>\n<p>Gear yourself up for driving around beautiful Vestmannaeyjar and listen to the tour guide telling you thrilling stories about the pirates and witness the amazing Puffin along the way.<\/p>\n<p>We will start the tour by driving to the west coast of Vestmannaeyjar. The first stop is the amazing elephant rock where you can see this big rock creature dip his trunk into the sea.<\/p>\n<p>Next up is driving to the southern point of Vestmannaeyjar, St\u00f3rh\u00f6f\u00f0i, to visit the biggest Puffin colony in the world. The driving on the way is one of the most spectacular scenery of the island as you will see the island cluster of the Vestmannaeyjar in all its glory and if the weather is good you will see all the way to Surtsey, but Surtsey is the southernmost island in the Vestmannaeyjar cluster and was formed in an underwater eruption on November 14, 1963. At St\u00f3rh\u00f6f\u00f0i the view in all directions is magnificent, despite the fact that the weather can make you spin around as it is one of the windiest places in the country. We will take the walk to a special place and give ourselves plenty of time to observe the crown jewel of Vestmannaeyjar, the puffins, watch them play around on the slope, take off and come in to land while the guide tells us interesting facts about the puffins and their surroundings.<\/p>\n<p>When everyone has had a good look at the Puffins and learned all the interesting facts about them we hop on our ATVs and enter the path of the thrilling Pirates.The tour delves into the history of the pirates, particularly the Barbary corsairs who stormed Vestmannaeyjar in 1627. The tour guide will tell thrilling stories about the raid, how the pirates arrived, and the dramatic confrontations with the locals. Along the path, you&#8217;ll learn about the clever ways the islanders tried to defend themselves and hide from the pirates, offering a glimpse into the resourcefulness of the people during these terrifying times.<\/p>\n<p>Our end of the pirates path lies to Herj\u00f3lfstown, where you will witness the Icelandic pirates, who, like puffins, were settlers in Vestmannaeyjar. We will see how the pirates looked, how they lived and the thrilling story about them. This part of the tour will provide an intriguing look into what life was like in Vestmannaeyjar centuries ago.<\/p>\n<p>This is our most easy driving tour, <strong><u>no off road driving<\/u><\/strong>, just driving in the beautiful scenery of Vestmannaeyjar, stopping in some of the most interesting places the island has to offer. No off-road driving makes it accessible for everyone to enjoy the dramatic landscapes of Vestmannaeyjar in comfort.<\/p>\n<p>What family member doesn&#8217;t love Puffins and Pirates!<\/p>\n<style type=\"text\/css\">\n#foogallery-gallery-1224 .fg-image { width: 150px; }\n#foogallery-gallery-1224 { --fg-gutter: 10px; }<\/style>\n\t\t\t<div class=\"foogallery foogallery-container foogallery-default foogallery-lightbox-foogallery fg-center fg-default fg-ready fg-light fg-border-thin fg-shadow-outline fg-loading-default fg-loaded-fade-in fg-caption-hover fg-hover-fade fg-hover-zoom\" id=\"foogallery-gallery-1224\" data-foogallery=\"{&quot;item&quot;:{&quot;showCaptionTitle&quot;:true,&quot;showCaptionDescription&quot;:true},&quot;lazy&quot;:true}\" data-foogallery-lightbox=\"{&quot;thumbs&quot;:&quot;bottom&quot;,&quot;thumbsCaptions&quot;:false,&quot;thumbsBestFit&quot;:false,&quot;thumbsSmall&quot;:false,&quot;thumbsCaptionsAlign&quot;:&quot;default&quot;,&quot;info&quot;:&quot;bottom&quot;,&quot;infoVisible&quot;:true,&quot;infoOverlay&quot;:true,&quot;infoAlign&quot;:&quot;default&quot;,&quot;transition&quot;:&quot;fade&quot;,&quot;hoverButtons&quot;:false,&quot;fitMedia&quot;:false,&quot;noScrollbars&quot;:true,&quot;preserveButtonSpace&quot;:true,&quot;buttons&quot;:{&quot;fullscreen&quot;:true,&quot;info&quot;:true,&quot;thumbs&quot;:false},&quot;video&quot;:{&quot;autoPlay&quot;:true}}\" style=\"--fg-title-line-clamp: 0; --fg-description-line-clamp: 0;\" >\n\t<div class=\"fg-item fg-type-image fg-idle\"><figure class=\"fg-item-inner\"><a href=\"https:\/\/volcanoatv.is\/en\/wp-content\/uploads\/2024\/09\/herjofstown.jpg\" data-attachment-id=\"1226\" data-type=\"image\" class=\"fg-thumb\"><span class=\"fg-image-wrap\"><img decoding=\"async\" width=\"150\" height=\"150\" class=\"skip-lazy fg-image\" data-no-lazy=\"1\" data-src-fg=\"https:\/\/volcanoatv.is\/en\/wp-content\/uploads\/cache\/2024\/09\/herjofstown\/1943386047.jpg\" src=\"data:image\/svg+xml,%3Csvg%20xmlns%3D%22http%3A%2F%2Fwww.w3.org%2F2000%2Fsvg%22%20width%3D%22150%22%20height%3D%22150%22%20viewBox%3D%220%200%20150%20150%22%3E%3C%2Fsvg%3E\" loading=\"eager\"><\/span><span class=\"fg-image-overlay\"><\/span><\/a><\/figure><div class=\"fg-loader\"><\/div><\/div><div class=\"fg-item fg-type-image fg-idle\"><figure class=\"fg-item-inner\"><a href=\"https:\/\/volcanoatv.is\/en\/wp-content\/uploads\/2024\/02\/puffin5-1080.jpg\" data-attachment-id=\"1075\" data-type=\"image\" class=\"fg-thumb\"><span class=\"fg-image-wrap\"><img decoding=\"async\" width=\"150\" height=\"150\" class=\"skip-lazy fg-image\" data-no-lazy=\"1\" data-src-fg=\"https:\/\/volcanoatv.is\/en\/wp-content\/uploads\/cache\/2024\/02\/puffin5-1080\/1180034612.jpg\" src=\"data:image\/svg+xml,%3Csvg%20xmlns%3D%22http%3A%2F%2Fwww.w3.org%2F2000%2Fsvg%22%20width%3D%22150%22%20height%3D%22150%22%20viewBox%3D%220%200%20150%20150%22%3E%3C%2Fsvg%3E\" loading=\"eager\"><\/span><span class=\"fg-image-overlay\"><\/span><\/a><\/figure><div class=\"fg-loader\"><\/div><\/div><div class=\"fg-item fg-type-image fg-idle\"><figure class=\"fg-item-inner\"><a href=\"https:\/\/volcanoatv.is\/en\/wp-content\/uploads\/2024\/09\/20240927_135241.jpg\" data-attachment-id=\"1290\" data-type=\"image\" class=\"fg-thumb\"><span class=\"fg-image-wrap\"><img decoding=\"async\" width=\"150\" height=\"150\" class=\"skip-lazy fg-image\" data-no-lazy=\"1\" data-src-fg=\"https:\/\/volcanoatv.is\/en\/wp-content\/uploads\/cache\/2024\/09\/20240927_135241\/2909206537.jpg\" src=\"data:image\/svg+xml,%3Csvg%20xmlns%3D%22http%3A%2F%2Fwww.w3.org%2F2000%2Fsvg%22%20width%3D%22150%22%20height%3D%22150%22%20viewBox%3D%220%200%20150%20150%22%3E%3C%2Fsvg%3E\" loading=\"eager\"><\/span><span class=\"fg-image-overlay\"><\/span><\/a><\/figure><div class=\"fg-loader\"><\/div><\/div><div class=\"fg-item fg-type-image fg-idle\"><figure class=\"fg-item-inner\"><a href=\"https:\/\/volcanoatv.is\/en\/wp-content\/uploads\/2024\/02\/elepphant-rock-1080.jpg\" data-attachment-id=\"1074\" data-type=\"image\" class=\"fg-thumb\"><span class=\"fg-image-wrap\"><img decoding=\"async\" width=\"150\" height=\"150\" class=\"skip-lazy fg-image\" data-no-lazy=\"1\" data-src-fg=\"https:\/\/volcanoatv.is\/en\/wp-content\/uploads\/cache\/2024\/02\/elepphant-rock-1080\/2274295620.jpg\" src=\"data:image\/svg+xml,%3Csvg%20xmlns%3D%22http%3A%2F%2Fwww.w3.org%2F2000%2Fsvg%22%20width%3D%22150%22%20height%3D%22150%22%20viewBox%3D%220%200%20150%20150%22%3E%3C%2Fsvg%3E\" loading=\"eager\"><\/span><span class=\"fg-image-overlay\"><\/span><\/a><\/figure><div class=\"fg-loader\"><\/div><\/div><div class=\"fg-item fg-type-image fg-idle\"><figure class=\"fg-item-inner\"><a href=\"https:\/\/volcanoatv.is\/en\/wp-content\/uploads\/2024\/02\/puffin4-scaled.jpg\" data-attachment-id=\"1076\" data-type=\"image\" class=\"fg-thumb\"><span class=\"fg-image-wrap\"><img decoding=\"async\" width=\"150\" height=\"150\" class=\"skip-lazy fg-image\" data-no-lazy=\"1\" data-src-fg=\"https:\/\/volcanoatv.is\/en\/wp-content\/uploads\/cache\/2024\/02\/puffin4-scaled\/1365102058.jpg\" src=\"data:image\/svg+xml,%3Csvg%20xmlns%3D%22http%3A%2F%2Fwww.w3.org%2F2000%2Fsvg%22%20width%3D%22150%22%20height%3D%22150%22%20viewBox%3D%220%200%20150%20150%22%3E%3C%2Fsvg%3E\" loading=\"eager\"><\/span><span class=\"fg-image-overlay\"><\/span><\/a><\/figure><div class=\"fg-loader\"><\/div><\/div><div class=\"fg-item fg-type-image fg-idle\"><figure class=\"fg-item-inner\"><a href=\"https:\/\/volcanoatv.is\/en\/wp-content\/uploads\/2024\/09\/IMG-20240611-WA00021-cut.jpg\" data-attachment-id=\"1225\" data-type=\"image\" class=\"fg-thumb\"><span class=\"fg-image-wrap\"><img decoding=\"async\" width=\"150\" height=\"150\" class=\"skip-lazy fg-image\" data-no-lazy=\"1\" data-src-fg=\"https:\/\/volcanoatv.is\/en\/wp-content\/uploads\/cache\/2024\/09\/IMG-20240611-WA00021-cut\/4191551381.jpg\" src=\"data:image\/svg+xml,%3Csvg%20xmlns%3D%22http%3A%2F%2Fwww.w3.org%2F2000%2Fsvg%22%20width%3D%22150%22%20height%3D%22150%22%20viewBox%3D%220%200%20150%20150%22%3E%3C%2Fsvg%3E\" loading=\"eager\"><\/span><span class=\"fg-image-overlay\"><\/span><\/a><\/figure><div class=\"fg-loader\"><\/div><\/div><\/div>\n\n<h2><i class=\"fa fa-info-circle\"><\/i>Tour Details<\/h2>\n<div class=\"atv-list\">\n<h5><i class=\"fa fa-hourglass-2\"><\/i> Duration<\/h5>\n<p>The tour takes about 1 hour.<\/p>\n<h5><i class=\"fa fa-clock-o\"><\/i> Preparation time<\/h5>\n<p>Please be at our location 30 min before departure.<\/p>\n<h5><i class=\"fa fa-sign-out\"><\/i> Departure<\/h5>\n<p>Every day at 11:00 or after agreement<\/p>\n<h5><i class=\"fa fa-calendar\"><\/i> Season<\/h5>\n<p>20.May &#8211; 15.Sept<\/p>\n<h5><i class=\"fa fa-newspaper-o\"><\/i> Requirements<\/h5>\n<p>Driving licence.<br \/>\nAge limit 6 years and older for passengers.<\/p>\n<h5><i class=\"fa fa-thermometer-2\"><\/i> Difficulty<\/h5>\n<p>Easy &#8211; Fun for the whole family. No offroad driving<\/p>\n<h5><i class=\"fa fa-check\"><\/i> Includes<\/h5>\n<p>Helmet, waterproof overalls and gloves.<br \/>\nTour guide<\/p>\n<h5><i class=\"fa fa-user-plus\"><\/i> What you need to bring<\/h5>\n<p>Good shoes and good mood, we will take care of the rest<\/p>\n<h5><i class=\"fa fa-money\"><\/i> Price<\/h5>\n<p>14.900 ISK kr <b>per person<\/b> if 2 sharing the same atv<br \/>\n18.900 ISK kr if single on atv<br \/>\n7.500 ISK kr for children (6 \u2013 16 \u00e1ra)<\/p>\n<\/div>\n<h5><i class=\"fa fa-info\"><\/i> Booking<\/h5>\n<p><u>Note that if you plan to book both sharing and solo, you must book them separately.<\/u><\/p>\n","protected":false},"excerpt":{"rendered":"<p>Vestmannaeyjar is known for many beautiful and interesting things. Puffins as Vestmannaeyjar are the biggest puffin colony in the world&#8230;<\/p>\n","protected":false},"author":4,"featured_media":0,"parent":2,"menu_order":0,"comment_status":"closed","ping_status":"closed","template":"templates\/page-left3.php","meta":{"_exactmetrics_skip_tracking":false,"_exactmetrics_sitenote_active":false,"_exactmetrics_sitenote_note":"","_exactmetrics_sitenote_category":0,"footnotes":""},"class_list":["post-1227","page","type-page","status-publish","hentry"],"yoast_head":"<!-- This site is optimized with the Yoast SEO plugin v27.4 - https:\/\/yoast.com\/product\/yoast-seo-wordpress\/ -->\n<title>Puffins and Pirates Tour | Volcano ATV<\/title>\n<meta name=\"robots\" content=\"index, follow, max-snippet:-1, max-image-preview:large, max-video-preview:-1\" \/>\n<link rel=\"canonical\" href=\"https:\/\/volcanoatv.is\/en\/tours\/puffins-and-pirates\" \/>\n<meta property=\"og:locale\" content=\"en_US\" \/>\n<meta property=\"og:type\" content=\"article\" \/>\n<meta property=\"og:title\" content=\"Puffins and Pirates Tour | Volcano ATV\" \/>\n<meta property=\"og:description\" content=\"Vestmannaeyjar is known for many beautiful and interesting things. Puffins as Vestmannaeyjar are the biggest puffin colony in the world...\" \/>\n<meta property=\"og:url\" content=\"https:\/\/volcanoatv.is\/en\/tours\/puffins-and-pirates\" \/>\n<meta property=\"og:site_name\" content=\"Volcano ATV\" \/>\n<meta property=\"article:publisher\" content=\"https:\/\/www.facebook.com\/volcanoatv\/\" \/>\n<meta property=\"article:modified_time\" content=\"2026-01-22T16:57:15+00:00\" \/>\n<meta property=\"og:image\" content=\"https:\/\/volcanoatv.is\/en\/wp-content\/uploads\/2019\/07\/volcano-atv-beach-fb-photo.jpg\" \/>\n\t<meta property=\"og:image:width\" content=\"1200\" \/>\n\t<meta property=\"og:image:height\" content=\"628\" \/>\n\t<meta property=\"og:image:type\" content=\"image\/jpeg\" \/>\n<meta name=\"twitter:card\" content=\"summary_large_image\" \/>\n<meta name=\"twitter:label1\" content=\"Est. reading time\" \/>\n\t<meta name=\"twitter:data1\" content=\"3 minutes\" \/>\n<script type=\"application\/ld+json\" class=\"yoast-schema-graph\">{\"@context\":\"https:\\\/\\\/schema.org\",\"@graph\":[{\"@type\":\"WebPage\",\"@id\":\"https:\\\/\\\/volcanoatv.is\\\/en\\\/tours\\\/puffins-and-pirates\",\"url\":\"https:\\\/\\\/volcanoatv.is\\\/en\\\/tours\\\/puffins-and-pirates\",\"name\":\"Puffins and Pirates Tour | Volcano ATV\",\"isPartOf\":{\"@id\":\"https:\\\/\\\/volcanoatv.is\\\/en\\\/#website\"},\"datePublished\":\"2024-09-19T10:29:58+00:00\",\"dateModified\":\"2026-01-22T16:57:15+00:00\",\"breadcrumb\":{\"@id\":\"https:\\\/\\\/volcanoatv.is\\\/en\\\/tours\\\/puffins-and-pirates#breadcrumb\"},\"inLanguage\":\"en-US\",\"potentialAction\":[{\"@type\":\"ReadAction\",\"target\":[\"https:\\\/\\\/volcanoatv.is\\\/en\\\/tours\\\/puffins-and-pirates\"]}]},{\"@type\":\"BreadcrumbList\",\"@id\":\"https:\\\/\\\/volcanoatv.is\\\/en\\\/tours\\\/puffins-and-pirates#breadcrumb\",\"itemListElement\":[{\"@type\":\"ListItem\",\"position\":1,\"name\":\"Home\",\"item\":\"https:\\\/\\\/volcanoatv.is\\\/en\\\/\"},{\"@type\":\"ListItem\",\"position\":2,\"name\":\"Tours\",\"item\":\"https:\\\/\\\/volcanoatv.is\\\/en\\\/tours\"},{\"@type\":\"ListItem\",\"position\":3,\"name\":\"Puffins and Pirates Tour\"}]},{\"@type\":\"WebSite\",\"@id\":\"https:\\\/\\\/volcanoatv.is\\\/en\\\/#website\",\"url\":\"https:\\\/\\\/volcanoatv.is\\\/en\\\/\",\"name\":\"Volcano ATV\",\"description\":\"Volcano atv tours\",\"publisher\":{\"@id\":\"https:\\\/\\\/volcanoatv.is\\\/en\\\/#organization\"},\"potentialAction\":[{\"@type\":\"SearchAction\",\"target\":{\"@type\":\"EntryPoint\",\"urlTemplate\":\"https:\\\/\\\/volcanoatv.is\\\/en\\\/?s={search_term_string}\"},\"query-input\":{\"@type\":\"PropertyValueSpecification\",\"valueRequired\":true,\"valueName\":\"search_term_string\"}}],\"inLanguage\":\"en-US\"},{\"@type\":\"Organization\",\"@id\":\"https:\\\/\\\/volcanoatv.is\\\/en\\\/#organization\",\"name\":\"Volcano ATV\",\"url\":\"https:\\\/\\\/volcanoatv.is\\\/en\\\/\",\"logo\":{\"@type\":\"ImageObject\",\"inLanguage\":\"en-US\",\"@id\":\"https:\\\/\\\/volcanoatv.is\\\/en\\\/#\\\/schema\\\/logo\\\/image\\\/\",\"url\":\"https:\\\/\\\/volcanoatv.is\\\/en\\\/wp-content\\\/uploads\\\/2019\\\/02\\\/Volcano-ATV-logo-01.png\",\"contentUrl\":\"https:\\\/\\\/volcanoatv.is\\\/en\\\/wp-content\\\/uploads\\\/2019\\\/02\\\/Volcano-ATV-logo-01.png\",\"width\":3456,\"height\":887,\"caption\":\"Volcano ATV\"},\"image\":{\"@id\":\"https:\\\/\\\/volcanoatv.is\\\/en\\\/#\\\/schema\\\/logo\\\/image\\\/\"},\"sameAs\":[\"https:\\\/\\\/www.facebook.com\\\/volcanoatv\\\/\",\"https:\\\/\\\/www.instagram.com\\\/volcanoatv\\\/\"]}]}<\/script>\n<!-- \/ Yoast SEO plugin. -->","yoast_head_json":{"title":"Puffins and Pirates Tour | Volcano ATV","robots":{"index":"index","follow":"follow","max-snippet":"max-snippet:-1","max-image-preview":"max-image-preview:large","max-video-preview":"max-video-preview:-1"},"canonical":"https:\/\/volcanoatv.is\/en\/tours\/puffins-and-pirates","og_locale":"en_US","og_type":"article","og_title":"Puffins and Pirates Tour | Volcano ATV","og_description":"Vestmannaeyjar is known for many beautiful and interesting things. Puffins as Vestmannaeyjar are the biggest puffin colony in the world...","og_url":"https:\/\/volcanoatv.is\/en\/tours\/puffins-and-pirates","og_site_name":"Volcano ATV","article_publisher":"https:\/\/www.facebook.com\/volcanoatv\/","article_modified_time":"2026-01-22T16:57:15+00:00","og_image":[{"width":1200,"height":628,"url":"https:\/\/volcanoatv.is\/en\/wp-content\/uploads\/2019\/07\/volcano-atv-beach-fb-photo.jpg","type":"image\/jpeg"}],"twitter_card":"summary_large_image","twitter_misc":{"Est. reading time":"3 minutes"},"schema":{"@context":"https:\/\/schema.org","@graph":[{"@type":"WebPage","@id":"https:\/\/volcanoatv.is\/en\/tours\/puffins-and-pirates","url":"https:\/\/volcanoatv.is\/en\/tours\/puffins-and-pirates","name":"Puffins and Pirates Tour | Volcano ATV","isPartOf":{"@id":"https:\/\/volcanoatv.is\/en\/#website"},"datePublished":"2024-09-19T10:29:58+00:00","dateModified":"2026-01-22T16:57:15+00:00","breadcrumb":{"@id":"https:\/\/volcanoatv.is\/en\/tours\/puffins-and-pirates#breadcrumb"},"inLanguage":"en-US","potentialAction":[{"@type":"ReadAction","target":["https:\/\/volcanoatv.is\/en\/tours\/puffins-and-pirates"]}]},{"@type":"BreadcrumbList","@id":"https:\/\/volcanoatv.is\/en\/tours\/puffins-and-pirates#breadcrumb","itemListElement":[{"@type":"ListItem","position":1,"name":"Home","item":"https:\/\/volcanoatv.is\/en\/"},{"@type":"ListItem","position":2,"name":"Tours","item":"https:\/\/volcanoatv.is\/en\/tours"},{"@type":"ListItem","position":3,"name":"Puffins and Pirates Tour"}]},{"@type":"WebSite","@id":"https:\/\/volcanoatv.is\/en\/#website","url":"https:\/\/volcanoatv.is\/en\/","name":"Volcano ATV","description":"Volcano atv tours","publisher":{"@id":"https:\/\/volcanoatv.is\/en\/#organization"},"potentialAction":[{"@type":"SearchAction","target":{"@type":"EntryPoint","urlTemplate":"https:\/\/volcanoatv.is\/en\/?s={search_term_string}"},"query-input":{"@type":"PropertyValueSpecification","valueRequired":true,"valueName":"search_term_string"}}],"inLanguage":"en-US"},{"@type":"Organization","@id":"https:\/\/volcanoatv.is\/en\/#organization","name":"Volcano ATV","url":"https:\/\/volcanoatv.is\/en\/","logo":{"@type":"ImageObject","inLanguage":"en-US","@id":"https:\/\/volcanoatv.is\/en\/#\/schema\/logo\/image\/","url":"https:\/\/volcanoatv.is\/en\/wp-content\/uploads\/2019\/02\/Volcano-ATV-logo-01.png","contentUrl":"https:\/\/volcanoatv.is\/en\/wp-content\/uploads\/2019\/02\/Volcano-ATV-logo-01.png","width":3456,"height":887,"caption":"Volcano ATV"},"image":{"@id":"https:\/\/volcanoatv.is\/en\/#\/schema\/logo\/image\/"},"sameAs":["https:\/\/www.facebook.com\/volcanoatv\/","https:\/\/www.instagram.com\/volcanoatv\/"]}]}},"_links":{"self":[{"href":"https:\/\/volcanoatv.is\/en\/wp-json\/wp\/v2\/pages\/1227","targetHints":{"allow":["GET"]}}],"collection":[{"href":"https:\/\/volcanoatv.is\/en\/wp-json\/wp\/v2\/pages"}],"about":[{"href":"https:\/\/volcanoatv.is\/en\/wp-json\/wp\/v2\/types\/page"}],"author":[{"embeddable":true,"href":"https:\/\/volcanoatv.is\/en\/wp-json\/wp\/v2\/users\/4"}],"replies":[{"embeddable":true,"href":"https:\/\/volcanoatv.is\/en\/wp-json\/wp\/v2\/comments?post=1227"}],"version-history":[{"count":6,"href":"https:\/\/volcanoatv.is\/en\/wp-json\/wp\/v2\/pages\/1227\/revisions"}],"predecessor-version":[{"id":1544,"href":"https:\/\/volcanoatv.is\/en\/wp-json\/wp\/v2\/pages\/1227\/revisions\/1544"}],"up":[{"embeddable":true,"href":"https:\/\/volcanoatv.is\/en\/wp-json\/wp\/v2\/pages\/2"}],"wp:attachment":[{"href":"https:\/\/volcanoatv.is\/en\/wp-json\/wp\/v2\/media?parent=1227"}],"curies":[{"name":"wp","href":"https:\/\/api.w.org\/{rel}","templated":true}]}}