{"id":1099,"date":"2024-04-05T09:55:02","date_gmt":"2024-04-05T09:55:02","guid":{"rendered":"https:\/\/volcanoatv.is\/en\/?page_id=1099"},"modified":"2024-09-27T16:31:36","modified_gmt":"2024-09-27T16:31:36","slug":"what-to-see-in-the-westman-islands","status":"publish","type":"page","link":"https:\/\/volcanoatv.is\/en\/westman-islands\/what-to-see-in-the-westman-islands","title":{"rendered":"What to see in the Westman Islands"},"content":{"rendered":"\n<p>The Westman Islands can be overlooked by travellers as they are sometimes perceived as being out of the way. But that\u2019s not the case: the ferry crossing to Heimaey takes well under an hour and once you\u2019re there, the main sights are conveniently located fairly close to each other. There\u2019s plenty to see, whether you\u2019re there for the day or plan to stay for a bit longer. Here\u2019s our picks for what to see in the Westman Islands, some of which you\u2019ll enjoy if you book our Volcano ATV tour.&nbsp;&nbsp;<\/p>\n\n\n\n<h2 class=\"wp-block-heading\">Eldfell<\/h2>\n\n\n\n<p>In 1973, Heimaey was the setting for a dramatic and unexpected volcanic eruption. One January night, with very little warning, magma started flowing. Luckily, the island\u2019s fishing fleet had been unable to head out that evening as the stormy weather had made it too dangerous. Instead of loading fish, they ferried local residents to safety on the mainland. Incredibly, the evacuation was a success, and although many people lost their homes and possessions, they escaped with their lives. The volcano carried on erupting for months, and the result was a new cone which was later called Eldfell. Today, its red flanks are a reminder of the hazard of living in a volcanic archipelago. The hike across the lava field and up to the summit is manageable for anyone who\u2019s moderately fit, making this one of the must-sees in Heimaey today. You can also visit this landmark on our ATV tour and save yourself the legwork.<\/p>\n\n\n\n<figure class=\"wp-block-image size-full\"><img loading=\"lazy\" decoding=\"async\" width=\"1024\" height=\"684\" src=\"https:\/\/volcanoatv.is\/en\/wp-content\/uploads\/2024\/04\/eldfell.jpg\" alt=\"\" class=\"wp-image-1173\" srcset=\"https:\/\/volcanoatv.is\/en\/wp-content\/uploads\/2024\/04\/eldfell.jpg 1024w, https:\/\/volcanoatv.is\/en\/wp-content\/uploads\/2024\/04\/eldfell-600x401.jpg 600w, https:\/\/volcanoatv.is\/en\/wp-content\/uploads\/2024\/04\/eldfell-300x200.jpg 300w, https:\/\/volcanoatv.is\/en\/wp-content\/uploads\/2024\/04\/eldfell-768x513.jpg 768w\" sizes=\"auto, (max-width: 1024px) 100vw, 1024px\" \/><\/figure>\n\n\n\n<h2 class=\"wp-block-heading\">The house at Eldheimar<\/h2>\n\n\n\n<p>Because the 1973 eruption caused so much destruction, it\u2019s only natural that there was a need to memorialise what had been lost and mark such a key event in the history of the Westman Islands. Ash and lava engulfed around 400 houses. Since then, one home has been carefully excavated and set within the Eldheimar museum as a powerful reminder of how nature can reclaim what\u2019s hers whenever she wishes.<\/p>\n\n\n\n<h2 class=\"wp-block-heading\">Elephant Rock<\/h2>\n\n\n\n<p>The rocky shore of the Westman Islands is a geologist\u2019s dream and many of the rock formations are a remarkable sight. Pareidolia, where we imagine we see a visible creature or feature in an inanimate object, is a common thing around the world and it happens right here in Heimaey. Many people fancy that they can see the shape of an elephant head whose trunk is partially submerged in the water. This basalt landform was created during the eruption of Eldfell. Thanks to its grey colour and the crumpled appearance the resemblance is striking, even to sceptics.&nbsp;&nbsp;&nbsp;&nbsp;<\/p>\n\n\n\n<figure class=\"wp-block-image size-large\"><img loading=\"lazy\" decoding=\"async\" width=\"1024\" height=\"722\" src=\"https:\/\/volcanoatv.is\/en\/wp-content\/uploads\/2024\/02\/elepphant-rock-1080-1024x722.jpg\" alt=\"\" class=\"wp-image-1074\" srcset=\"https:\/\/volcanoatv.is\/en\/wp-content\/uploads\/2024\/02\/elepphant-rock-1080-1024x722.jpg 1024w, https:\/\/volcanoatv.is\/en\/wp-content\/uploads\/2024\/02\/elepphant-rock-1080-600x423.jpg 600w, https:\/\/volcanoatv.is\/en\/wp-content\/uploads\/2024\/02\/elepphant-rock-1080-300x212.jpg 300w, https:\/\/volcanoatv.is\/en\/wp-content\/uploads\/2024\/02\/elepphant-rock-1080-768x542.jpg 768w, https:\/\/volcanoatv.is\/en\/wp-content\/uploads\/2024\/02\/elepphant-rock-1080.jpg 1080w\" sizes=\"auto, (max-width: 1024px) 100vw, 1024px\" \/><\/figure>\n\n\n\n<h2 class=\"wp-block-heading\">The puffins at St\u00f3rh\u00f6f\u00f0i<\/h2>\n\n\n\n<p>For summer visitors to the Westman Islands, the massive puffin colony that installs itself at St\u00f3rh\u00f6f\u00f0i each year is another essential stop. Atlantic puffins are found in many parts of Iceland, arriving in spring to nest and breed. They raise their young in grassy burrows in the coastal cliffs, flying back and forth with food. Though it\u2019s often exceptionally windy at St\u00f3rh\u00f6f\u00f0i, there\u2019s a conveniently located bird hide in the southern part of Heimaey and if you wait inside, you\u2019ll be well positioned to see the action at close quarters. These cute, comical seabirds with their monochrome plumage, colourful beaks and orange feet are an enchanting sight. It\u2019s well worth making sure you time your visit for before they depart in August as you\u2019ll be disappointed if you don\u2019t get to see them.<\/p>\n\n\n\n<h2 class=\"wp-block-heading\">Klettshellir sea cave<\/h2>\n\n\n\n<p>One of Heimaey\u2019s most impressive things to see is Klettshellir sea cave. Erosion by the waves has hollowed out a sizeable cavern that\u2019s large enough for boats to be able to get inside. But that\u2019s not all: the magnificent interior is known for its formidable acoustics. At the very least, take a trip out on the water to venture inside; if you happen to be in town when there\u2019s a concert planned, you really have hit the jackpot. For instance, it was one of the unusual venues chosen by soprano singer Anna J\u00f3nsd\u00f3ttir for her summer tour in 2015.<\/p>\n\n\n\n<h2 class=\"wp-block-heading\">Little Grey and Little White<\/h2>\n\n\n\n<p>The Beluga Whale Sanctuary is home to two very special island residents: a pair of beluga whales called Little Grey and Little White. This rescue centre is located very close to the harbour so there\u2019s no excuse not to pay them a visit. The cetaceans, which came from a water park in Shanghai and are in the process of being rehabilitated, are thought to have been born in 2007. The hope is that by using a halfway house \u2013 a protected area in Klettsvik Bay \u2013 they\u2019ll eventually be able to return to the ocean instead of seeing out their days in captivity. In the meantime, while they are being looked after, you can see them at the sanctuary and learn about their care. For instance, each weighs more than 1100kg and they\u2019re voracious feeders \u2013 they each get through around 25kg of herring and capelin a day.&nbsp;<\/p>\n\n\n\n<figure class=\"wp-block-image size-large\"><img loading=\"lazy\" decoding=\"async\" width=\"1024\" height=\"768\" src=\"https:\/\/volcanoatv.is\/en\/wp-content\/uploads\/2024\/04\/littlegray-littlewhite-1024x768.jpg\" alt=\"\" class=\"wp-image-1175\" srcset=\"https:\/\/volcanoatv.is\/en\/wp-content\/uploads\/2024\/04\/littlegray-littlewhite-1024x768.jpg 1024w, https:\/\/volcanoatv.is\/en\/wp-content\/uploads\/2024\/04\/littlegray-littlewhite-600x450.jpg 600w, https:\/\/volcanoatv.is\/en\/wp-content\/uploads\/2024\/04\/littlegray-littlewhite-300x225.jpg 300w, https:\/\/volcanoatv.is\/en\/wp-content\/uploads\/2024\/04\/littlegray-littlewhite-768x576.jpg 768w, https:\/\/volcanoatv.is\/en\/wp-content\/uploads\/2024\/04\/littlegray-littlewhite.jpg 1280w\" sizes=\"auto, (max-width: 1024px) 100vw, 1024px\" \/><\/figure>\n\n\n\n<h2 class=\"wp-block-heading\">The stave church at Skansinn<\/h2>\n\n\n\n<p>The opportunity to find out more about Icelandic history and culture is a big reason why many people come to the country. In this part of Heimaey, these two come together. Skansinn was a 15th century fort built to defend the harbour on Heimaey from those keen to overturn local trade restrictions. There\u2019s a replica of a Norwegian church here which stands close to the waterfront.\u00a0 Painted black, it is highly photogenic on the outside. But you can also step inside and take a look at its pale wood interior. The church is built in the same style as the structures that were built during the Viking era. In fact, this particular place of worship was a gift from the Norwegian government and consecrated in the year 2000 to commemorate a thousand years of Christianity in Iceland.\u00a0<\/p>\n\n\n\n<h2 class=\"wp-block-heading\">Ur\u00f0aviti<\/h2>\n\n\n\n<p>Harsh weather and strong waves present a considerable challenge to Iceland\u2019s lighthouses and this one in the Westman Islands is no exception. The original lighthouse stood on the island\u2019s east coast. It was engulfed by lava during the 1973 eruption. Hastily replaced, the current one stands surrounded by a barren volcanic landscape. The sight of this fragile-looking white lighthouse silhouetted against the red lava is extraordinary. But given time, lava is no match for powerful waves and it\u2019s likely that at some point in the not-so-distant future this structure will succumb once more.&nbsp;&nbsp;<\/p>\n\n\n\n<h2 class=\"wp-block-heading\">Someone practising their cliff skills at Sprangan<\/h2>\n\n\n\n<p>Don\u2019t try this one on your own! The sport of spranga has been practised by Westman Islanders for centuries. Some people liken it to abseiling down a cliff, but that is far more controlled than this wild pastime where the danger of crashing into the rock face is scarily real. Originally, spranga was employed as a method of collecting the eggs of seabirds from the cliffs, a source of food. But as tastes and our understanding of conservation have evolved, it has been preserved as a quaint tradition rather than for its earlier function. But it\u2019s harder than it looks, so attempt it at your own risk and if you still want to go ahead, make sure there\u2019s a skilled local with you to show you the ropes (literally!)<\/p>\n\n\n\n<figure class=\"wp-block-image size-large\"><img loading=\"lazy\" decoding=\"async\" width=\"1024\" height=\"768\" src=\"https:\/\/volcanoatv.is\/en\/wp-content\/uploads\/2024\/04\/20230724_094512-1024x768.jpg\" alt=\"\" class=\"wp-image-1176\" srcset=\"https:\/\/volcanoatv.is\/en\/wp-content\/uploads\/2024\/04\/20230724_094512-1024x768.jpg 1024w, https:\/\/volcanoatv.is\/en\/wp-content\/uploads\/2024\/04\/20230724_094512-scaled-600x450.jpg 600w, https:\/\/volcanoatv.is\/en\/wp-content\/uploads\/2024\/04\/20230724_094512-300x225.jpg 300w, https:\/\/volcanoatv.is\/en\/wp-content\/uploads\/2024\/04\/20230724_094512-768x576.jpg 768w, https:\/\/volcanoatv.is\/en\/wp-content\/uploads\/2024\/04\/20230724_094512-1536x1152.jpg 1536w, https:\/\/volcanoatv.is\/en\/wp-content\/uploads\/2024\/04\/20230724_094512-2048x1536.jpg 2048w\" sizes=\"auto, (max-width: 1024px) 100vw, 1024px\" \/><\/figure>\n","protected":false},"excerpt":{"rendered":"<p>The Westman Islands can be overlooked by travellers as they are sometimes perceived as being out of the way. But&#8230;<\/p>\n","protected":false},"author":4,"featured_media":1211,"parent":1081,"menu_order":0,"comment_status":"closed","ping_status":"closed","template":"","meta":{"_exactmetrics_skip_tracking":false,"_exactmetrics_sitenote_active":false,"_exactmetrics_sitenote_note":"","_exactmetrics_sitenote_category":0,"footnotes":""},"class_list":["post-1099","page","type-page","status-publish","has-post-thumbnail","hentry"],"yoast_head":"<!-- This site is optimized with the Yoast SEO plugin v27.4 - https:\/\/yoast.com\/product\/yoast-seo-wordpress\/ -->\n<title>What to see in the Westman Islands | Volcano ATV<\/title>\n<meta name=\"robots\" content=\"index, follow, max-snippet:-1, max-image-preview:large, max-video-preview:-1\" \/>\n<link rel=\"canonical\" href=\"https:\/\/volcanoatv.is\/en\/westman-islands\/what-to-see-in-the-westman-islands\" \/>\n<meta property=\"og:locale\" content=\"en_US\" \/>\n<meta property=\"og:type\" content=\"article\" \/>\n<meta property=\"og:title\" content=\"What to see in the Westman Islands | Volcano ATV\" \/>\n<meta property=\"og:description\" content=\"The Westman Islands can be overlooked by travellers as they are sometimes perceived as being out of the way. But...\" \/>\n<meta property=\"og:url\" content=\"https:\/\/volcanoatv.is\/en\/westman-islands\/what-to-see-in-the-westman-islands\" \/>\n<meta property=\"og:site_name\" content=\"Volcano ATV\" \/>\n<meta property=\"article:publisher\" content=\"https:\/\/www.facebook.com\/volcanoatv\/\" \/>\n<meta property=\"article:modified_time\" content=\"2024-09-27T16:31:36+00:00\" \/>\n<meta property=\"og:image\" content=\"https:\/\/volcanoatv.is\/en\/wp-content\/uploads\/2024\/04\/Wegwijze-op-Vestmannaeyjar-1.jpg\" \/>\n\t<meta property=\"og:image:width\" content=\"1500\" \/>\n\t<meta property=\"og:image:height\" content=\"996\" \/>\n\t<meta property=\"og:image:type\" content=\"image\/jpeg\" \/>\n<meta name=\"twitter:card\" content=\"summary_large_image\" \/>\n<meta name=\"twitter:label1\" content=\"Est. reading time\" \/>\n\t<meta name=\"twitter:data1\" content=\"7 minutes\" \/>\n<script type=\"application\/ld+json\" class=\"yoast-schema-graph\">{\"@context\":\"https:\\\/\\\/schema.org\",\"@graph\":[{\"@type\":\"WebPage\",\"@id\":\"https:\\\/\\\/volcanoatv.is\\\/en\\\/westman-islands\\\/what-to-see-in-the-westman-islands\",\"url\":\"https:\\\/\\\/volcanoatv.is\\\/en\\\/westman-islands\\\/what-to-see-in-the-westman-islands\",\"name\":\"What to see in the Westman Islands | Volcano ATV\",\"isPartOf\":{\"@id\":\"https:\\\/\\\/volcanoatv.is\\\/en\\\/#website\"},\"primaryImageOfPage\":{\"@id\":\"https:\\\/\\\/volcanoatv.is\\\/en\\\/westman-islands\\\/what-to-see-in-the-westman-islands#primaryimage\"},\"image\":{\"@id\":\"https:\\\/\\\/volcanoatv.is\\\/en\\\/westman-islands\\\/what-to-see-in-the-westman-islands#primaryimage\"},\"thumbnailUrl\":\"https:\\\/\\\/volcanoatv.is\\\/en\\\/wp-content\\\/uploads\\\/2024\\\/04\\\/Wegwijze-op-Vestmannaeyjar-1.jpg\",\"datePublished\":\"2024-04-05T09:55:02+00:00\",\"dateModified\":\"2024-09-27T16:31:36+00:00\",\"breadcrumb\":{\"@id\":\"https:\\\/\\\/volcanoatv.is\\\/en\\\/westman-islands\\\/what-to-see-in-the-westman-islands#breadcrumb\"},\"inLanguage\":\"en-US\",\"potentialAction\":[{\"@type\":\"ReadAction\",\"target\":[\"https:\\\/\\\/volcanoatv.is\\\/en\\\/westman-islands\\\/what-to-see-in-the-westman-islands\"]}]},{\"@type\":\"ImageObject\",\"inLanguage\":\"en-US\",\"@id\":\"https:\\\/\\\/volcanoatv.is\\\/en\\\/westman-islands\\\/what-to-see-in-the-westman-islands#primaryimage\",\"url\":\"https:\\\/\\\/volcanoatv.is\\\/en\\\/wp-content\\\/uploads\\\/2024\\\/04\\\/Wegwijze-op-Vestmannaeyjar-1.jpg\",\"contentUrl\":\"https:\\\/\\\/volcanoatv.is\\\/en\\\/wp-content\\\/uploads\\\/2024\\\/04\\\/Wegwijze-op-Vestmannaeyjar-1.jpg\",\"width\":1500,\"height\":996},{\"@type\":\"BreadcrumbList\",\"@id\":\"https:\\\/\\\/volcanoatv.is\\\/en\\\/westman-islands\\\/what-to-see-in-the-westman-islands#breadcrumb\",\"itemListElement\":[{\"@type\":\"ListItem\",\"position\":1,\"name\":\"Home\",\"item\":\"https:\\\/\\\/volcanoatv.is\\\/en\\\/\"},{\"@type\":\"ListItem\",\"position\":2,\"name\":\"Westman Islands\",\"item\":\"https:\\\/\\\/volcanoatv.is\\\/en\\\/westman-islands\"},{\"@type\":\"ListItem\",\"position\":3,\"name\":\"What to see in the Westman Islands\"}]},{\"@type\":\"WebSite\",\"@id\":\"https:\\\/\\\/volcanoatv.is\\\/en\\\/#website\",\"url\":\"https:\\\/\\\/volcanoatv.is\\\/en\\\/\",\"name\":\"Volcano ATV\",\"description\":\"Volcano atv tours\",\"publisher\":{\"@id\":\"https:\\\/\\\/volcanoatv.is\\\/en\\\/#organization\"},\"potentialAction\":[{\"@type\":\"SearchAction\",\"target\":{\"@type\":\"EntryPoint\",\"urlTemplate\":\"https:\\\/\\\/volcanoatv.is\\\/en\\\/?s={search_term_string}\"},\"query-input\":{\"@type\":\"PropertyValueSpecification\",\"valueRequired\":true,\"valueName\":\"search_term_string\"}}],\"inLanguage\":\"en-US\"},{\"@type\":\"Organization\",\"@id\":\"https:\\\/\\\/volcanoatv.is\\\/en\\\/#organization\",\"name\":\"Volcano ATV\",\"url\":\"https:\\\/\\\/volcanoatv.is\\\/en\\\/\",\"logo\":{\"@type\":\"ImageObject\",\"inLanguage\":\"en-US\",\"@id\":\"https:\\\/\\\/volcanoatv.is\\\/en\\\/#\\\/schema\\\/logo\\\/image\\\/\",\"url\":\"https:\\\/\\\/volcanoatv.is\\\/en\\\/wp-content\\\/uploads\\\/2019\\\/02\\\/Volcano-ATV-logo-01.png\",\"contentUrl\":\"https:\\\/\\\/volcanoatv.is\\\/en\\\/wp-content\\\/uploads\\\/2019\\\/02\\\/Volcano-ATV-logo-01.png\",\"width\":3456,\"height\":887,\"caption\":\"Volcano ATV\"},\"image\":{\"@id\":\"https:\\\/\\\/volcanoatv.is\\\/en\\\/#\\\/schema\\\/logo\\\/image\\\/\"},\"sameAs\":[\"https:\\\/\\\/www.facebook.com\\\/volcanoatv\\\/\",\"https:\\\/\\\/www.instagram.com\\\/volcanoatv\\\/\"]}]}<\/script>\n<!-- \/ Yoast SEO plugin. -->","yoast_head_json":{"title":"What to see in the Westman Islands | Volcano ATV","robots":{"index":"index","follow":"follow","max-snippet":"max-snippet:-1","max-image-preview":"max-image-preview:large","max-video-preview":"max-video-preview:-1"},"canonical":"https:\/\/volcanoatv.is\/en\/westman-islands\/what-to-see-in-the-westman-islands","og_locale":"en_US","og_type":"article","og_title":"What to see in the Westman Islands | Volcano ATV","og_description":"The Westman Islands can be overlooked by travellers as they are sometimes perceived as being out of the way. But...","og_url":"https:\/\/volcanoatv.is\/en\/westman-islands\/what-to-see-in-the-westman-islands","og_site_name":"Volcano ATV","article_publisher":"https:\/\/www.facebook.com\/volcanoatv\/","article_modified_time":"2024-09-27T16:31:36+00:00","og_image":[{"width":1500,"height":996,"url":"https:\/\/volcanoatv.is\/en\/wp-content\/uploads\/2024\/04\/Wegwijze-op-Vestmannaeyjar-1.jpg","type":"image\/jpeg"}],"twitter_card":"summary_large_image","twitter_misc":{"Est. reading time":"7 minutes"},"schema":{"@context":"https:\/\/schema.org","@graph":[{"@type":"WebPage","@id":"https:\/\/volcanoatv.is\/en\/westman-islands\/what-to-see-in-the-westman-islands","url":"https:\/\/volcanoatv.is\/en\/westman-islands\/what-to-see-in-the-westman-islands","name":"What to see in the Westman Islands | Volcano ATV","isPartOf":{"@id":"https:\/\/volcanoatv.is\/en\/#website"},"primaryImageOfPage":{"@id":"https:\/\/volcanoatv.is\/en\/westman-islands\/what-to-see-in-the-westman-islands#primaryimage"},"image":{"@id":"https:\/\/volcanoatv.is\/en\/westman-islands\/what-to-see-in-the-westman-islands#primaryimage"},"thumbnailUrl":"https:\/\/volcanoatv.is\/en\/wp-content\/uploads\/2024\/04\/Wegwijze-op-Vestmannaeyjar-1.jpg","datePublished":"2024-04-05T09:55:02+00:00","dateModified":"2024-09-27T16:31:36+00:00","breadcrumb":{"@id":"https:\/\/volcanoatv.is\/en\/westman-islands\/what-to-see-in-the-westman-islands#breadcrumb"},"inLanguage":"en-US","potentialAction":[{"@type":"ReadAction","target":["https:\/\/volcanoatv.is\/en\/westman-islands\/what-to-see-in-the-westman-islands"]}]},{"@type":"ImageObject","inLanguage":"en-US","@id":"https:\/\/volcanoatv.is\/en\/westman-islands\/what-to-see-in-the-westman-islands#primaryimage","url":"https:\/\/volcanoatv.is\/en\/wp-content\/uploads\/2024\/04\/Wegwijze-op-Vestmannaeyjar-1.jpg","contentUrl":"https:\/\/volcanoatv.is\/en\/wp-content\/uploads\/2024\/04\/Wegwijze-op-Vestmannaeyjar-1.jpg","width":1500,"height":996},{"@type":"BreadcrumbList","@id":"https:\/\/volcanoatv.is\/en\/westman-islands\/what-to-see-in-the-westman-islands#breadcrumb","itemListElement":[{"@type":"ListItem","position":1,"name":"Home","item":"https:\/\/volcanoatv.is\/en\/"},{"@type":"ListItem","position":2,"name":"Westman Islands","item":"https:\/\/volcanoatv.is\/en\/westman-islands"},{"@type":"ListItem","position":3,"name":"What to see in the Westman Islands"}]},{"@type":"WebSite","@id":"https:\/\/volcanoatv.is\/en\/#website","url":"https:\/\/volcanoatv.is\/en\/","name":"Volcano ATV","description":"Volcano atv tours","publisher":{"@id":"https:\/\/volcanoatv.is\/en\/#organization"},"potentialAction":[{"@type":"SearchAction","target":{"@type":"EntryPoint","urlTemplate":"https:\/\/volcanoatv.is\/en\/?s={search_term_string}"},"query-input":{"@type":"PropertyValueSpecification","valueRequired":true,"valueName":"search_term_string"}}],"inLanguage":"en-US"},{"@type":"Organization","@id":"https:\/\/volcanoatv.is\/en\/#organization","name":"Volcano ATV","url":"https:\/\/volcanoatv.is\/en\/","logo":{"@type":"ImageObject","inLanguage":"en-US","@id":"https:\/\/volcanoatv.is\/en\/#\/schema\/logo\/image\/","url":"https:\/\/volcanoatv.is\/en\/wp-content\/uploads\/2019\/02\/Volcano-ATV-logo-01.png","contentUrl":"https:\/\/volcanoatv.is\/en\/wp-content\/uploads\/2019\/02\/Volcano-ATV-logo-01.png","width":3456,"height":887,"caption":"Volcano ATV"},"image":{"@id":"https:\/\/volcanoatv.is\/en\/#\/schema\/logo\/image\/"},"sameAs":["https:\/\/www.facebook.com\/volcanoatv\/","https:\/\/www.instagram.com\/volcanoatv\/"]}]}},"_links":{"self":[{"href":"https:\/\/volcanoatv.is\/en\/wp-json\/wp\/v2\/pages\/1099","targetHints":{"allow":["GET"]}}],"collection":[{"href":"https:\/\/volcanoatv.is\/en\/wp-json\/wp\/v2\/pages"}],"about":[{"href":"https:\/\/volcanoatv.is\/en\/wp-json\/wp\/v2\/types\/page"}],"author":[{"embeddable":true,"href":"https:\/\/volcanoatv.is\/en\/wp-json\/wp\/v2\/users\/4"}],"replies":[{"embeddable":true,"href":"https:\/\/volcanoatv.is\/en\/wp-json\/wp\/v2\/comments?post=1099"}],"version-history":[{"count":4,"href":"https:\/\/volcanoatv.is\/en\/wp-json\/wp\/v2\/pages\/1099\/revisions"}],"predecessor-version":[{"id":1332,"href":"https:\/\/volcanoatv.is\/en\/wp-json\/wp\/v2\/pages\/1099\/revisions\/1332"}],"up":[{"embeddable":true,"href":"https:\/\/volcanoatv.is\/en\/wp-json\/wp\/v2\/pages\/1081"}],"wp:featuredmedia":[{"embeddable":true,"href":"https:\/\/volcanoatv.is\/en\/wp-json\/wp\/v2\/media\/1211"}],"wp:attachment":[{"href":"https:\/\/volcanoatv.is\/en\/wp-json\/wp\/v2\/media?parent=1099"}],"curies":[{"name":"wp","href":"https:\/\/api.w.org\/{rel}","templated":true}]}}