{"id":1096,"date":"2024-04-05T09:49:12","date_gmt":"2024-04-05T09:49:12","guid":{"rendered":"https:\/\/volcanoatv.is\/en\/?page_id=1096"},"modified":"2024-09-27T16:30:53","modified_gmt":"2024-09-27T16:30:53","slug":"what-to-do-in-the-westman-islands","status":"publish","type":"page","link":"https:\/\/volcanoatv.is\/en\/westman-islands\/what-to-do-in-the-westman-islands","title":{"rendered":"What to do in the Westman Islands"},"content":{"rendered":"\n<p>The Westman Islands are a rewarding destination whose natural beauty and rich cultural heritage combine to impress and fascinate visitors. The dramatic coastline of this volcanic archipelago is a haven for seabirds, while lupines now colonise decades-old lava flows. It\u2019s well worth the detour from the mainland and there\u2019s plenty of ways to fill the time if you choose to stay for a few days. If you\u2019re planning a trip to the south of Iceland soon, here\u2019s our round-up of what to do in the Westman Islands, including <a href=\"https:\/\/volcanoatv.is\/en\/\">ATV tours<\/a>, boat trips and much more.<\/p>\n\n\n\n<h2 class=\"wp-block-heading\">Take a boat trip<\/h2>\n\n\n\n<p>Some of the most impressive scenery of the Westman Islands is best seen from the water, meaning that boat trips make a fun and memorable activity during your stay. You could opt for a thrilling RIB safari; departing from the harbour, this high-speed ride gives you the kind of adrenaline rush that will plaster a grin on your face for the duration of the voyage. But, as the pilot cuts the engines, there\u2019s also plenty of opportunities to listen to the sound of the waves hitting the cliffs at places like Elephant Rock and putter inside a towering sea cave to experience its astonishing acoustics. Wildlife such as whales, seals, dolphins and porpoises are also sometimes sighted, and there\u2019s plenty of seabirds to admire including gannets, puffins, fulmars, kittiwakes and more. It\u2019s also possible to take a more sedate sailing trip in a comfortable 80-seater boat. During the trip, you\u2019ll loop the island and listen as your guide\u2019s commentary covers topics such as the 1973 eruption, notable rock formations, the history that underpins the sagas and how people today still make a living from the sea.<\/p>\n\n\n\n<figure class=\"wp-block-image size-full\"><img loading=\"lazy\" decoding=\"async\" width=\"918\" height=\"505\" src=\"https:\/\/volcanoatv.is\/en\/wp-content\/uploads\/2024\/04\/27098_6d149ba2d7cb0ee7682e27ba3094f014.jpg\" alt=\"\" class=\"wp-image-1178\" srcset=\"https:\/\/volcanoatv.is\/en\/wp-content\/uploads\/2024\/04\/27098_6d149ba2d7cb0ee7682e27ba3094f014.jpg 918w, https:\/\/volcanoatv.is\/en\/wp-content\/uploads\/2024\/04\/27098_6d149ba2d7cb0ee7682e27ba3094f014-600x330.jpg 600w, https:\/\/volcanoatv.is\/en\/wp-content\/uploads\/2024\/04\/27098_6d149ba2d7cb0ee7682e27ba3094f014-300x165.jpg 300w, https:\/\/volcanoatv.is\/en\/wp-content\/uploads\/2024\/04\/27098_6d149ba2d7cb0ee7682e27ba3094f014-768x422.jpg 768w\" sizes=\"auto, (max-width: 918px) 100vw, 918px\" \/><\/figure>\n\n\n\n<h2 class=\"wp-block-heading\">Ride an ATV on a black sand beach\u00a0<\/h2>\n\n\n\n<p>One of the most thrilling ways to explore the landscape of the Westman Islands is on <a href=\"https:\/\/volcanoatv.is\/en\/tours\/\">an ATV tour<\/a>. Decide whether you prefer to ride alone or alongside a friend as you go for an hour-long spin around the volcano and over black sand. Full instruction is given prior to setting off and all the gear is provided. The trip is accompanied by a guide so you\u2019ll be able to listen as they tell you some of the background to the places you visit. One of the highlights of the excursion is the chance to visit Prestvik Beach, the site of a shipwreck where a fishing vessel called Pelagus was stranded on the shore. You\u2019ll also get to see the place where a local fisherman called Gu\u00f0laugur Fri\u00f0\u00fe\u00f3rsson reached land after an epic swim in the dark and cold when Hellisey VE 503 sank in 1984. Miraculously, he survived for six hours in the frigid water and then hiked barefoot over the lava to reach help.&nbsp;<\/p>\n\n\n\n<figure class=\"wp-block-image size-large\"><img loading=\"lazy\" decoding=\"async\" width=\"1024\" height=\"974\" src=\"https:\/\/volcanoatv.is\/en\/wp-content\/uploads\/2024\/04\/Instagram-3286-2-scaled-e1689674883161-1536x1461-1-1024x974.jpg\" alt=\"\" class=\"wp-image-1180\" srcset=\"https:\/\/volcanoatv.is\/en\/wp-content\/uploads\/2024\/04\/Instagram-3286-2-scaled-e1689674883161-1536x1461-1-1024x974.jpg 1024w, https:\/\/volcanoatv.is\/en\/wp-content\/uploads\/2024\/04\/Instagram-3286-2-scaled-e1689674883161-1536x1461-1-600x571.jpg 600w, https:\/\/volcanoatv.is\/en\/wp-content\/uploads\/2024\/04\/Instagram-3286-2-scaled-e1689674883161-1536x1461-1-300x285.jpg 300w, https:\/\/volcanoatv.is\/en\/wp-content\/uploads\/2024\/04\/Instagram-3286-2-scaled-e1689674883161-1536x1461-1-768x731.jpg 768w, https:\/\/volcanoatv.is\/en\/wp-content\/uploads\/2024\/04\/Instagram-3286-2-scaled-e1689674883161-1536x1461-1.jpg 1536w\" sizes=\"auto, (max-width: 1024px) 100vw, 1024px\" \/><\/figure>\n\n\n\n<h2 class=\"wp-block-heading\">Meet a pair of rescued beluga whales\u00a0<\/h2>\n\n\n\n<p>The Sea Life Trust\u2019s&nbsp; Beluga Whale Sanctuary is a popular stop with visitors to the Westman Islands. Its two most famous residents, Little Grey and Little White, are beluga whales that were rescued from captivity in a Shanghai water park. The pair have a strong bond and are often very vocal when they want something from their care team. The rehabilitation process has been a lengthy one. Some of the revenue from ticket sales is earmarked for the construction of an intermediate habitat which it is hoped will help get the beluga whales further along their journey back to the open ocean. The sanctuary is also the base for the puffin rescue centre. As the pufflings (baby puffins) leave their burrows, they can get disoriented by lights or be blown off course by the wind. Volunteers gather them up and deliver them to the sanctuary where they can be checked over for any injuries and then be released back to the ocean. However some need a little extra attention before this can happen and you can visit them while they\u2019re receiving this care.<\/p>\n\n\n\n<h2 class=\"wp-block-heading\">Watch puffins from inside a clifftop hide<\/h2>\n\n\n\n<p>On the far side of the island, it\u2019s possible to watch puffins come and go from a dedicated hide near the cliff top. The Westman Islands is home to a summer colony of 700,000 pairs. Atlantic puffins are seasonal migrants, arriving in Iceland in spring to build their nests and raise their young. Sporting multicoloured beaks and orange feet, they\u2019ve become an Icelandic mascot, seen in multiple guises in every souvenir shop in the country. In mid-August they depart en masse for the ocean within just a few days. If you\u2019re able to visit between these times, one of the best things to do during your stay in the Westman Islands is to watch them as they fly off in search of food, flapping their wings fast to remain airborne. The puffins are a joy to watch as they return to the grassy cliffs too, as these short, squat birds are comical creatures. Though they\u2019re incredibly hydrodynamic when in the water, they look pretty clumsy as they make their approach for a landing and are compelling to watch as a result.&nbsp;&nbsp;&nbsp;&nbsp;&nbsp;&nbsp;&nbsp;<\/p>\n\n\n\n<figure class=\"wp-block-image size-large\"><img loading=\"lazy\" decoding=\"async\" width=\"1024\" height=\"576\" src=\"https:\/\/volcanoatv.is\/en\/wp-content\/uploads\/2024\/02\/puffin5-1080-1024x576.jpg\" alt=\"\" class=\"wp-image-1075\" srcset=\"https:\/\/volcanoatv.is\/en\/wp-content\/uploads\/2024\/02\/puffin5-1080-1024x576.jpg 1024w, https:\/\/volcanoatv.is\/en\/wp-content\/uploads\/2024\/02\/puffin5-1080-600x338.jpg 600w, https:\/\/volcanoatv.is\/en\/wp-content\/uploads\/2024\/02\/puffin5-1080-300x169.jpg 300w, https:\/\/volcanoatv.is\/en\/wp-content\/uploads\/2024\/02\/puffin5-1080-768x432.jpg 768w, https:\/\/volcanoatv.is\/en\/wp-content\/uploads\/2024\/02\/puffin5-1080.jpg 1080w\" sizes=\"auto, (max-width: 1024px) 100vw, 1024px\" \/><\/figure>\n\n\n\n<h2 class=\"wp-block-heading\">Take a deep dive into the area\u2019s rich cultural heritage at the Sagnheimar Museum<\/h2>\n\n\n\n<p>If you\u2019re interested in learning more about the history of the Westman Islands and the people who call it home, this museum is a must. Some of the most iconic aspects of the Vestmannaeyjar culture are covered. There\u2019s an interactive exhibit about the 17th century raid by Ottoman pirates coming from what\u2019s now Algeria and Morocco; children will love the chance to dress up as they learn about what happened. In addition, displays about the island\u2019s puffins and puffling patrols, the fishing industry and what it\u2019s like to live in a volcanic archipelago also make for fascinating reading. The exhibits also cover \u00dej\u00f3\u00f0h\u00e1t\u00ed\u00f0. Step inside a tent used during the islands\u2019 annual summer arts and music extravaganza, a three-day family-friendly event that has been drawing festival-goers from all over Iceland since 1874.<em>&nbsp;<\/em><\/p>\n\n\n\n<h2 class=\"wp-block-heading\">Visit Eldheimar museum to learn about the 1973 eruption<\/h2>\n\n\n\n<p>Though the Westman Islands are volcanic, there hadn\u2019t been an eruption on Heimaey for almost 6000 years. When magma began to flow unexpectedly one night in January 1973, the residents of Heimaey had almost no warning. They were forced to flee with minimal possessions and watch from afar as the lava flowed for five months and covered a fifth of the island. By the time the eruption finished, a new crater \u2013 Eldfell \u2013 had been created. About 400 homes and businesses had been destroyed, representing around a third of the buildings on the island at that time. Though there was a lasting emotional toll on those affected, an ingenious solution that used seawater to cool the lava before it filled the harbour saved people\u2019s livelihoods. The museum is a fascinating memorial to the events that took place five decades ago; its centrepiece is a house that was engulfed by the ash and lava which has since been excavated.&nbsp;<\/p>\n\n\n\n<figure class=\"wp-block-image size-full\"><img loading=\"lazy\" decoding=\"async\" width=\"1024\" height=\"684\" src=\"https:\/\/volcanoatv.is\/en\/wp-content\/uploads\/2024\/04\/Eldheimar-museum-Heimaey-Vestmannaeyjar-Iceland-DSC_2718-1024x684-1.jpg\" alt=\"\" class=\"wp-image-1181\" srcset=\"https:\/\/volcanoatv.is\/en\/wp-content\/uploads\/2024\/04\/Eldheimar-museum-Heimaey-Vestmannaeyjar-Iceland-DSC_2718-1024x684-1.jpg 1024w, https:\/\/volcanoatv.is\/en\/wp-content\/uploads\/2024\/04\/Eldheimar-museum-Heimaey-Vestmannaeyjar-Iceland-DSC_2718-1024x684-1-600x401.jpg 600w, https:\/\/volcanoatv.is\/en\/wp-content\/uploads\/2024\/04\/Eldheimar-museum-Heimaey-Vestmannaeyjar-Iceland-DSC_2718-1024x684-1-300x200.jpg 300w, https:\/\/volcanoatv.is\/en\/wp-content\/uploads\/2024\/04\/Eldheimar-museum-Heimaey-Vestmannaeyjar-Iceland-DSC_2718-1024x684-1-768x513.jpg 768w\" sizes=\"auto, (max-width: 1024px) 100vw, 1024px\" \/><\/figure>\n\n\n\n<h2 class=\"wp-block-heading\">Hike over a lava field and up a dormant volcano<\/h2>\n\n\n\n<p>The volcanic cone of Eldfell, which stands 221 metres above sea level, dominates the landscape of Heimaey. Many tourists jump on the chance to take a hike across a gnarly lava field. It\u2019s especially pretty in summer when great swathes of purple lupines form a brightly coloured carpet that contrasts beautifully with the dark charcoal of the rock. A moderately challenging trail leads up through the lava field and across the red flanks of the volcano to the summit of Eldfell. You might prefer to opt for a guided walk as your local expert can help you point a picture of what happened during those fateful months in 1973 as you hike through the areas directly&nbsp; affected. From the Flakkarinn viewpoint, you can take in the breathtaking panorama back towards the mainland before returning back to the port.Keen to do an ATV tour during your stay in the Westman Islands? <a href=\"https:\/\/volcanoatv.is\/en\/tours\/\">Book online<\/a> or get in touch today.<\/p>\n","protected":false},"excerpt":{"rendered":"<p>The Westman Islands are a rewarding destination whose natural beauty and rich cultural heritage combine to impress and fascinate visitors&#8230;.<\/p>\n","protected":false},"author":4,"featured_media":816,"parent":1081,"menu_order":0,"comment_status":"closed","ping_status":"closed","template":"","meta":{"_exactmetrics_skip_tracking":false,"_exactmetrics_sitenote_active":false,"_exactmetrics_sitenote_note":"","_exactmetrics_sitenote_category":0,"footnotes":""},"class_list":["post-1096","page","type-page","status-publish","has-post-thumbnail","hentry"],"yoast_head":"<!-- This site is optimized with the Yoast SEO plugin v27.4 - https:\/\/yoast.com\/product\/yoast-seo-wordpress\/ -->\n<title>What to do in the Westman Islands | Volcano ATV<\/title>\n<meta name=\"robots\" content=\"index, follow, max-snippet:-1, max-image-preview:large, max-video-preview:-1\" \/>\n<link rel=\"canonical\" href=\"https:\/\/volcanoatv.is\/en\/westman-islands\/what-to-do-in-the-westman-islands\" \/>\n<meta property=\"og:locale\" content=\"en_US\" \/>\n<meta property=\"og:type\" content=\"article\" \/>\n<meta property=\"og:title\" content=\"What to do in the Westman Islands | Volcano ATV\" \/>\n<meta property=\"og:description\" content=\"The Westman Islands are a rewarding destination whose natural beauty and rich cultural heritage combine to impress and fascinate visitors....\" \/>\n<meta property=\"og:url\" content=\"https:\/\/volcanoatv.is\/en\/westman-islands\/what-to-do-in-the-westman-islands\" \/>\n<meta property=\"og:site_name\" content=\"Volcano ATV\" \/>\n<meta property=\"article:publisher\" content=\"https:\/\/www.facebook.com\/volcanoatv\/\" \/>\n<meta property=\"article:modified_time\" content=\"2024-09-27T16:30:53+00:00\" \/>\n<meta property=\"og:image\" content=\"https:\/\/volcanoatv.is\/en\/wp-content\/uploads\/2019\/05\/IMG_20190505_142039-1200x930.jpg\" \/>\n\t<meta property=\"og:image:width\" content=\"1200\" \/>\n\t<meta property=\"og:image:height\" content=\"930\" \/>\n\t<meta property=\"og:image:type\" content=\"image\/jpeg\" \/>\n<meta name=\"twitter:card\" content=\"summary_large_image\" \/>\n<meta name=\"twitter:label1\" content=\"Est. reading time\" \/>\n\t<meta name=\"twitter:data1\" content=\"7 minutes\" \/>\n<script type=\"application\/ld+json\" class=\"yoast-schema-graph\">{\"@context\":\"https:\\\/\\\/schema.org\",\"@graph\":[{\"@type\":\"WebPage\",\"@id\":\"https:\\\/\\\/volcanoatv.is\\\/en\\\/westman-islands\\\/what-to-do-in-the-westman-islands\",\"url\":\"https:\\\/\\\/volcanoatv.is\\\/en\\\/westman-islands\\\/what-to-do-in-the-westman-islands\",\"name\":\"What to do in the Westman Islands | Volcano ATV\",\"isPartOf\":{\"@id\":\"https:\\\/\\\/volcanoatv.is\\\/en\\\/#website\"},\"primaryImageOfPage\":{\"@id\":\"https:\\\/\\\/volcanoatv.is\\\/en\\\/westman-islands\\\/what-to-do-in-the-westman-islands#primaryimage\"},\"image\":{\"@id\":\"https:\\\/\\\/volcanoatv.is\\\/en\\\/westman-islands\\\/what-to-do-in-the-westman-islands#primaryimage\"},\"thumbnailUrl\":\"https:\\\/\\\/volcanoatv.is\\\/en\\\/wp-content\\\/uploads\\\/2019\\\/05\\\/IMG_20190505_142039-1200x930.jpg\",\"datePublished\":\"2024-04-05T09:49:12+00:00\",\"dateModified\":\"2024-09-27T16:30:53+00:00\",\"breadcrumb\":{\"@id\":\"https:\\\/\\\/volcanoatv.is\\\/en\\\/westman-islands\\\/what-to-do-in-the-westman-islands#breadcrumb\"},\"inLanguage\":\"en-US\",\"potentialAction\":[{\"@type\":\"ReadAction\",\"target\":[\"https:\\\/\\\/volcanoatv.is\\\/en\\\/westman-islands\\\/what-to-do-in-the-westman-islands\"]}]},{\"@type\":\"ImageObject\",\"inLanguage\":\"en-US\",\"@id\":\"https:\\\/\\\/volcanoatv.is\\\/en\\\/westman-islands\\\/what-to-do-in-the-westman-islands#primaryimage\",\"url\":\"https:\\\/\\\/volcanoatv.is\\\/en\\\/wp-content\\\/uploads\\\/2019\\\/05\\\/IMG_20190505_142039-1200x930.jpg\",\"contentUrl\":\"https:\\\/\\\/volcanoatv.is\\\/en\\\/wp-content\\\/uploads\\\/2019\\\/05\\\/IMG_20190505_142039-1200x930.jpg\",\"width\":1200,\"height\":930},{\"@type\":\"BreadcrumbList\",\"@id\":\"https:\\\/\\\/volcanoatv.is\\\/en\\\/westman-islands\\\/what-to-do-in-the-westman-islands#breadcrumb\",\"itemListElement\":[{\"@type\":\"ListItem\",\"position\":1,\"name\":\"Home\",\"item\":\"https:\\\/\\\/volcanoatv.is\\\/en\\\/\"},{\"@type\":\"ListItem\",\"position\":2,\"name\":\"Westman Islands\",\"item\":\"https:\\\/\\\/volcanoatv.is\\\/en\\\/westman-islands\"},{\"@type\":\"ListItem\",\"position\":3,\"name\":\"What to do in the Westman Islands\"}]},{\"@type\":\"WebSite\",\"@id\":\"https:\\\/\\\/volcanoatv.is\\\/en\\\/#website\",\"url\":\"https:\\\/\\\/volcanoatv.is\\\/en\\\/\",\"name\":\"Volcano ATV\",\"description\":\"Volcano atv tours\",\"publisher\":{\"@id\":\"https:\\\/\\\/volcanoatv.is\\\/en\\\/#organization\"},\"potentialAction\":[{\"@type\":\"SearchAction\",\"target\":{\"@type\":\"EntryPoint\",\"urlTemplate\":\"https:\\\/\\\/volcanoatv.is\\\/en\\\/?s={search_term_string}\"},\"query-input\":{\"@type\":\"PropertyValueSpecification\",\"valueRequired\":true,\"valueName\":\"search_term_string\"}}],\"inLanguage\":\"en-US\"},{\"@type\":\"Organization\",\"@id\":\"https:\\\/\\\/volcanoatv.is\\\/en\\\/#organization\",\"name\":\"Volcano ATV\",\"url\":\"https:\\\/\\\/volcanoatv.is\\\/en\\\/\",\"logo\":{\"@type\":\"ImageObject\",\"inLanguage\":\"en-US\",\"@id\":\"https:\\\/\\\/volcanoatv.is\\\/en\\\/#\\\/schema\\\/logo\\\/image\\\/\",\"url\":\"https:\\\/\\\/volcanoatv.is\\\/en\\\/wp-content\\\/uploads\\\/2019\\\/02\\\/Volcano-ATV-logo-01.png\",\"contentUrl\":\"https:\\\/\\\/volcanoatv.is\\\/en\\\/wp-content\\\/uploads\\\/2019\\\/02\\\/Volcano-ATV-logo-01.png\",\"width\":3456,\"height\":887,\"caption\":\"Volcano ATV\"},\"image\":{\"@id\":\"https:\\\/\\\/volcanoatv.is\\\/en\\\/#\\\/schema\\\/logo\\\/image\\\/\"},\"sameAs\":[\"https:\\\/\\\/www.facebook.com\\\/volcanoatv\\\/\",\"https:\\\/\\\/www.instagram.com\\\/volcanoatv\\\/\"]}]}<\/script>\n<!-- \/ Yoast SEO plugin. -->","yoast_head_json":{"title":"What to do in the Westman Islands | Volcano ATV","robots":{"index":"index","follow":"follow","max-snippet":"max-snippet:-1","max-image-preview":"max-image-preview:large","max-video-preview":"max-video-preview:-1"},"canonical":"https:\/\/volcanoatv.is\/en\/westman-islands\/what-to-do-in-the-westman-islands","og_locale":"en_US","og_type":"article","og_title":"What to do in the Westman Islands | Volcano ATV","og_description":"The Westman Islands are a rewarding destination whose natural beauty and rich cultural heritage combine to impress and fascinate visitors....","og_url":"https:\/\/volcanoatv.is\/en\/westman-islands\/what-to-do-in-the-westman-islands","og_site_name":"Volcano ATV","article_publisher":"https:\/\/www.facebook.com\/volcanoatv\/","article_modified_time":"2024-09-27T16:30:53+00:00","og_image":[{"width":1200,"height":930,"url":"https:\/\/volcanoatv.is\/en\/wp-content\/uploads\/2019\/05\/IMG_20190505_142039-1200x930.jpg","type":"image\/jpeg"}],"twitter_card":"summary_large_image","twitter_misc":{"Est. reading time":"7 minutes"},"schema":{"@context":"https:\/\/schema.org","@graph":[{"@type":"WebPage","@id":"https:\/\/volcanoatv.is\/en\/westman-islands\/what-to-do-in-the-westman-islands","url":"https:\/\/volcanoatv.is\/en\/westman-islands\/what-to-do-in-the-westman-islands","name":"What to do in the Westman Islands | Volcano ATV","isPartOf":{"@id":"https:\/\/volcanoatv.is\/en\/#website"},"primaryImageOfPage":{"@id":"https:\/\/volcanoatv.is\/en\/westman-islands\/what-to-do-in-the-westman-islands#primaryimage"},"image":{"@id":"https:\/\/volcanoatv.is\/en\/westman-islands\/what-to-do-in-the-westman-islands#primaryimage"},"thumbnailUrl":"https:\/\/volcanoatv.is\/en\/wp-content\/uploads\/2019\/05\/IMG_20190505_142039-1200x930.jpg","datePublished":"2024-04-05T09:49:12+00:00","dateModified":"2024-09-27T16:30:53+00:00","breadcrumb":{"@id":"https:\/\/volcanoatv.is\/en\/westman-islands\/what-to-do-in-the-westman-islands#breadcrumb"},"inLanguage":"en-US","potentialAction":[{"@type":"ReadAction","target":["https:\/\/volcanoatv.is\/en\/westman-islands\/what-to-do-in-the-westman-islands"]}]},{"@type":"ImageObject","inLanguage":"en-US","@id":"https:\/\/volcanoatv.is\/en\/westman-islands\/what-to-do-in-the-westman-islands#primaryimage","url":"https:\/\/volcanoatv.is\/en\/wp-content\/uploads\/2019\/05\/IMG_20190505_142039-1200x930.jpg","contentUrl":"https:\/\/volcanoatv.is\/en\/wp-content\/uploads\/2019\/05\/IMG_20190505_142039-1200x930.jpg","width":1200,"height":930},{"@type":"BreadcrumbList","@id":"https:\/\/volcanoatv.is\/en\/westman-islands\/what-to-do-in-the-westman-islands#breadcrumb","itemListElement":[{"@type":"ListItem","position":1,"name":"Home","item":"https:\/\/volcanoatv.is\/en\/"},{"@type":"ListItem","position":2,"name":"Westman Islands","item":"https:\/\/volcanoatv.is\/en\/westman-islands"},{"@type":"ListItem","position":3,"name":"What to do in the Westman Islands"}]},{"@type":"WebSite","@id":"https:\/\/volcanoatv.is\/en\/#website","url":"https:\/\/volcanoatv.is\/en\/","name":"Volcano ATV","description":"Volcano atv tours","publisher":{"@id":"https:\/\/volcanoatv.is\/en\/#organization"},"potentialAction":[{"@type":"SearchAction","target":{"@type":"EntryPoint","urlTemplate":"https:\/\/volcanoatv.is\/en\/?s={search_term_string}"},"query-input":{"@type":"PropertyValueSpecification","valueRequired":true,"valueName":"search_term_string"}}],"inLanguage":"en-US"},{"@type":"Organization","@id":"https:\/\/volcanoatv.is\/en\/#organization","name":"Volcano ATV","url":"https:\/\/volcanoatv.is\/en\/","logo":{"@type":"ImageObject","inLanguage":"en-US","@id":"https:\/\/volcanoatv.is\/en\/#\/schema\/logo\/image\/","url":"https:\/\/volcanoatv.is\/en\/wp-content\/uploads\/2019\/02\/Volcano-ATV-logo-01.png","contentUrl":"https:\/\/volcanoatv.is\/en\/wp-content\/uploads\/2019\/02\/Volcano-ATV-logo-01.png","width":3456,"height":887,"caption":"Volcano ATV"},"image":{"@id":"https:\/\/volcanoatv.is\/en\/#\/schema\/logo\/image\/"},"sameAs":["https:\/\/www.facebook.com\/volcanoatv\/","https:\/\/www.instagram.com\/volcanoatv\/"]}]}},"_links":{"self":[{"href":"https:\/\/volcanoatv.is\/en\/wp-json\/wp\/v2\/pages\/1096","targetHints":{"allow":["GET"]}}],"collection":[{"href":"https:\/\/volcanoatv.is\/en\/wp-json\/wp\/v2\/pages"}],"about":[{"href":"https:\/\/volcanoatv.is\/en\/wp-json\/wp\/v2\/types\/page"}],"author":[{"embeddable":true,"href":"https:\/\/volcanoatv.is\/en\/wp-json\/wp\/v2\/users\/4"}],"replies":[{"embeddable":true,"href":"https:\/\/volcanoatv.is\/en\/wp-json\/wp\/v2\/comments?post=1096"}],"version-history":[{"count":6,"href":"https:\/\/volcanoatv.is\/en\/wp-json\/wp\/v2\/pages\/1096\/revisions"}],"predecessor-version":[{"id":1331,"href":"https:\/\/volcanoatv.is\/en\/wp-json\/wp\/v2\/pages\/1096\/revisions\/1331"}],"up":[{"embeddable":true,"href":"https:\/\/volcanoatv.is\/en\/wp-json\/wp\/v2\/pages\/1081"}],"wp:featuredmedia":[{"embeddable":true,"href":"https:\/\/volcanoatv.is\/en\/wp-json\/wp\/v2\/media\/816"}],"wp:attachment":[{"href":"https:\/\/volcanoatv.is\/en\/wp-json\/wp\/v2\/media?parent=1096"}],"curies":[{"name":"wp","href":"https:\/\/api.w.org\/{rel}","templated":true}]}}