{"id":1090,"date":"2024-04-05T09:39:51","date_gmt":"2024-04-05T09:39:51","guid":{"rendered":"https:\/\/volcanoatv.is\/en\/?page_id=1090"},"modified":"2024-09-27T16:32:49","modified_gmt":"2024-09-27T16:32:49","slug":"boat-tours-in-the-westman-islands","status":"publish","type":"page","link":"https:\/\/volcanoatv.is\/en\/westman-islands\/boat-tours-in-the-westman-islands","title":{"rendered":"Boat tours in the Westman Islands"},"content":{"rendered":"\n<p>While we won\u2019t deny that <a href=\"https:\/\/volcanoatv.is\/en\/\">as ATV enthusiasts we love to show you the Westman Islands on land<\/a>, its extraordinary landscapes deserve a closer look from multiple angles. So we have to acknowledge that as an island archipelago, some of the best experiences in the Westman Islands also take place on the water. Let\u2019s take a look at the boat tours you might take and compare what they\u2019re like, so that you can pick the one that best suits your needs.<\/p>\n\n\n\n<h2 class=\"wp-block-heading\">RIB safari<\/h2>\n\n\n\n<p>RIB stands for rigid inflatable boat and these nippy vessels are known for their high performance. They\u2019re particularly capable in rough seas as they handle well in such challenging conditions. Largely that\u2019s because of their inflatable tubes or \u2018sponsons\u2019 around the outer edge of the boat, which gives them better shock-absorbing qualities. They\u2019re often used for tours as they are capable of reaching high speeds with ease but are also small enough to manoeuvre into tight corners.&nbsp;<\/p>\n\n\n\n<p>Both these properties are a boon in the Westman Islands as this means RIBS have enough power to comfortably loop the island while also being able to fit inside the larger sea caves. Both <a href=\"https:\/\/ribsafari.is\/\">one and two hour RIB safaris<\/a> are available from the main harbour in Heimaey. Clamber aboard if you\u2019re keen to get a close up look at the rugged terrain of the coastline in the Westman Islands and, inside a sea cave, test the rocks\u2019 acoustic properties. Wildlife-spotting is another reason to book a trip. Seabirds such as Atlantic puffins are often seen, while other wildlife such as whales and seals are an added bonus.&nbsp;&nbsp;&nbsp;&nbsp;&nbsp;&nbsp;&nbsp;&nbsp;<\/p>\n\n\n\n<figure class=\"wp-block-image size-full\"><img loading=\"lazy\" decoding=\"async\" width=\"800\" height=\"600\" src=\"https:\/\/volcanoatv.is\/en\/wp-content\/uploads\/2024\/04\/Ribsafari-small-island.jpg\" alt=\"\" class=\"wp-image-1197\" srcset=\"https:\/\/volcanoatv.is\/en\/wp-content\/uploads\/2024\/04\/Ribsafari-small-island.jpg 800w, https:\/\/volcanoatv.is\/en\/wp-content\/uploads\/2024\/04\/Ribsafari-small-island-600x450.jpg 600w, https:\/\/volcanoatv.is\/en\/wp-content\/uploads\/2024\/04\/Ribsafari-small-island-300x225.jpg 300w, https:\/\/volcanoatv.is\/en\/wp-content\/uploads\/2024\/04\/Ribsafari-small-island-768x576.jpg 768w\" sizes=\"auto, (max-width: 800px) 100vw, 800px\" \/><\/figure>\n\n\n\n<h2 class=\"wp-block-heading\">Kayaking<\/h2>\n\n\n\n<p>If you\u2019re keen to be low to the water then you might consider a kayak trip with a local guide arranged by <a href=\"https:\/\/kayakandpuffins.is\/\">Kayaks and Puffins<\/a>. Typically, excursions last around one and a half hours, focusing on Klettsvik Bay. In summer, the odds of encountering calm seas are much higher. As you paddle along, you really feel at one with nature in this extraordinary place. A dry suit and life jacket are provided but it\u2019s recommended that even in summer you wear warm socks for this tour as you don\u2019t want to be distracted by cold feet.<\/p>\n\n\n\n<p>Without the noise of an engine to mask the sound, you can concentrate on listening to the sound of the birds that roost in the sea cliffs and rocks of the Westman Islands archipelago. The variety and number of species present is truly remarkable. You might see razorbills, eider ducks, fulmars, guillemot and puffins. Occasionally whales and seals swim nearby too. This tour also gives you the chance to see inside Klettshellir, a wonderful sea cave boasting crystal clear water.<\/p>\n\n\n\n<figure class=\"wp-block-image size-full\"><img loading=\"lazy\" decoding=\"async\" width=\"1920\" height=\"1440\" src=\"https:\/\/volcanoatv.is\/en\/wp-content\/uploads\/2024\/04\/20181112_151515.jpg\" alt=\"\" class=\"wp-image-1200\" srcset=\"https:\/\/volcanoatv.is\/en\/wp-content\/uploads\/2024\/04\/20181112_151515.jpg 1920w, https:\/\/volcanoatv.is\/en\/wp-content\/uploads\/2024\/04\/20181112_151515-600x450.jpg 600w, https:\/\/volcanoatv.is\/en\/wp-content\/uploads\/2024\/04\/20181112_151515-300x225.jpg 300w, https:\/\/volcanoatv.is\/en\/wp-content\/uploads\/2024\/04\/20181112_151515-1024x768.jpg 1024w, https:\/\/volcanoatv.is\/en\/wp-content\/uploads\/2024\/04\/20181112_151515-768x576.jpg 768w, https:\/\/volcanoatv.is\/en\/wp-content\/uploads\/2024\/04\/20181112_151515-1536x1152.jpg 1536w\" sizes=\"auto, (max-width: 1920px) 100vw, 1920px\" \/><\/figure>\n\n\n\n<h2 class=\"wp-block-heading\">Boat trip<\/h2>\n\n\n\n<p>Those options might sound a little too adventurous if you had in mind a more sedate kind of boat trip. The good news is that a traditional tour is also a possibility in the Westman Islands. Island Boat Tours have two spacious craft on their books, an 80-seater called Teista (though they only take 50 passengers at a time) and a smaller vessel called Halkion which is licensed to carry 50 people, 28 of them seated inside. One attractive feature of both of these is that they each have a toilet onboard.&nbsp;<\/p>\n\n\n\n<p>On a 1.5 hour circle boat tour, passengers get to sail around the Westman Islands and also visit two sea caves. You\u2019ll be blown away by the acoustic qualities of Klettshellir. Meanwhile Fj\u00f3si\u00f0 is located at St\u00f3rh\u00f6f\u00f0i, a cape that is one of the windiest places in Europe. The cliffs and the ocean that batters them are a haven for marine wildlife and seabirds \u2013 look out for fulmar, kittiwake, puffins and many more.&nbsp;<\/p>\n\n\n\n<p>During the voyage, your guide will fill you in on the history and heritage of the Westman Islands. Among the fascinating tales you\u2019ll hear is the story of what happened when a sudden eruption in 1973 led to the formation of Eldfell, a volcanic cone, and forced the evacuation of all the islanders until the magma stopped flowing.<\/p>\n\n\n\n<p><em>Don\u2019t forget to spend some time on land too!<\/em>Of course, boats aren\u2019t the only way you can get to know the Westman Islands. Heimaey is small enough to be explored on foot, though you\u2019ll be grateful of a vehicle to cover the ground more quickly. However, that doesn\u2019t mean you have to bring your rental car over on the ferry \u2013 you can always <a href=\"https:\/\/volcanoatv.is\/en\/\">book an ATV tour<\/a> instead.<\/p>\n\n\n\n<figure class=\"wp-block-image size-full\"><img loading=\"lazy\" decoding=\"async\" width=\"800\" height=\"600\" src=\"https:\/\/volcanoatv.is\/en\/wp-content\/uploads\/2024\/04\/Round-tour-in-vestmannaeyjar-800.jpg\" alt=\"\" class=\"wp-image-1201\" srcset=\"https:\/\/volcanoatv.is\/en\/wp-content\/uploads\/2024\/04\/Round-tour-in-vestmannaeyjar-800.jpg 800w, https:\/\/volcanoatv.is\/en\/wp-content\/uploads\/2024\/04\/Round-tour-in-vestmannaeyjar-800-600x450.jpg 600w, https:\/\/volcanoatv.is\/en\/wp-content\/uploads\/2024\/04\/Round-tour-in-vestmannaeyjar-800-300x225.jpg 300w, https:\/\/volcanoatv.is\/en\/wp-content\/uploads\/2024\/04\/Round-tour-in-vestmannaeyjar-800-768x576.jpg 768w\" sizes=\"auto, (max-width: 800px) 100vw, 800px\" \/><\/figure>\n","protected":false},"excerpt":{"rendered":"<p>While we won\u2019t deny that as ATV enthusiasts we love to show you the Westman Islands on land, its extraordinary&#8230;<\/p>\n","protected":false},"author":4,"featured_media":1201,"parent":1081,"menu_order":0,"comment_status":"closed","ping_status":"closed","template":"","meta":{"_exactmetrics_skip_tracking":false,"_exactmetrics_sitenote_active":false,"_exactmetrics_sitenote_note":"","_exactmetrics_sitenote_category":0,"footnotes":""},"class_list":["post-1090","page","type-page","status-publish","has-post-thumbnail","hentry"],"yoast_head":"<!-- This site is optimized with the Yoast SEO plugin v27.4 - https:\/\/yoast.com\/product\/yoast-seo-wordpress\/ -->\n<title>Boat tours in the Westman Islands | Volcano ATV<\/title>\n<meta name=\"robots\" content=\"index, follow, max-snippet:-1, max-image-preview:large, max-video-preview:-1\" \/>\n<link rel=\"canonical\" href=\"https:\/\/volcanoatv.is\/en\/westman-islands\/boat-tours-in-the-westman-islands\" \/>\n<meta property=\"og:locale\" content=\"en_US\" \/>\n<meta property=\"og:type\" content=\"article\" \/>\n<meta property=\"og:title\" content=\"Boat tours in the Westman Islands | Volcano ATV\" \/>\n<meta property=\"og:description\" content=\"While we won\u2019t deny that as ATV enthusiasts we love to show you the Westman Islands on land, its extraordinary...\" \/>\n<meta property=\"og:url\" content=\"https:\/\/volcanoatv.is\/en\/westman-islands\/boat-tours-in-the-westman-islands\" \/>\n<meta property=\"og:site_name\" content=\"Volcano ATV\" \/>\n<meta property=\"article:publisher\" content=\"https:\/\/www.facebook.com\/volcanoatv\/\" \/>\n<meta property=\"article:modified_time\" content=\"2024-09-27T16:32:49+00:00\" \/>\n<meta property=\"og:image\" content=\"https:\/\/volcanoatv.is\/en\/wp-content\/uploads\/2024\/04\/Round-tour-in-vestmannaeyjar-800.jpg\" \/>\n\t<meta property=\"og:image:width\" content=\"800\" \/>\n\t<meta property=\"og:image:height\" content=\"600\" \/>\n\t<meta property=\"og:image:type\" content=\"image\/jpeg\" \/>\n<meta name=\"twitter:card\" content=\"summary_large_image\" \/>\n<meta name=\"twitter:label1\" content=\"Est. reading time\" \/>\n\t<meta name=\"twitter:data1\" content=\"5 minutes\" \/>\n<script type=\"application\/ld+json\" class=\"yoast-schema-graph\">{\"@context\":\"https:\\\/\\\/schema.org\",\"@graph\":[{\"@type\":\"WebPage\",\"@id\":\"https:\\\/\\\/volcanoatv.is\\\/en\\\/westman-islands\\\/boat-tours-in-the-westman-islands\",\"url\":\"https:\\\/\\\/volcanoatv.is\\\/en\\\/westman-islands\\\/boat-tours-in-the-westman-islands\",\"name\":\"Boat tours in the Westman Islands | Volcano ATV\",\"isPartOf\":{\"@id\":\"https:\\\/\\\/volcanoatv.is\\\/en\\\/#website\"},\"primaryImageOfPage\":{\"@id\":\"https:\\\/\\\/volcanoatv.is\\\/en\\\/westman-islands\\\/boat-tours-in-the-westman-islands#primaryimage\"},\"image\":{\"@id\":\"https:\\\/\\\/volcanoatv.is\\\/en\\\/westman-islands\\\/boat-tours-in-the-westman-islands#primaryimage\"},\"thumbnailUrl\":\"https:\\\/\\\/volcanoatv.is\\\/en\\\/wp-content\\\/uploads\\\/2024\\\/04\\\/Round-tour-in-vestmannaeyjar-800.jpg\",\"datePublished\":\"2024-04-05T09:39:51+00:00\",\"dateModified\":\"2024-09-27T16:32:49+00:00\",\"breadcrumb\":{\"@id\":\"https:\\\/\\\/volcanoatv.is\\\/en\\\/westman-islands\\\/boat-tours-in-the-westman-islands#breadcrumb\"},\"inLanguage\":\"en-US\",\"potentialAction\":[{\"@type\":\"ReadAction\",\"target\":[\"https:\\\/\\\/volcanoatv.is\\\/en\\\/westman-islands\\\/boat-tours-in-the-westman-islands\"]}]},{\"@type\":\"ImageObject\",\"inLanguage\":\"en-US\",\"@id\":\"https:\\\/\\\/volcanoatv.is\\\/en\\\/westman-islands\\\/boat-tours-in-the-westman-islands#primaryimage\",\"url\":\"https:\\\/\\\/volcanoatv.is\\\/en\\\/wp-content\\\/uploads\\\/2024\\\/04\\\/Round-tour-in-vestmannaeyjar-800.jpg\",\"contentUrl\":\"https:\\\/\\\/volcanoatv.is\\\/en\\\/wp-content\\\/uploads\\\/2024\\\/04\\\/Round-tour-in-vestmannaeyjar-800.jpg\",\"width\":800,\"height\":600},{\"@type\":\"BreadcrumbList\",\"@id\":\"https:\\\/\\\/volcanoatv.is\\\/en\\\/westman-islands\\\/boat-tours-in-the-westman-islands#breadcrumb\",\"itemListElement\":[{\"@type\":\"ListItem\",\"position\":1,\"name\":\"Home\",\"item\":\"https:\\\/\\\/volcanoatv.is\\\/en\\\/\"},{\"@type\":\"ListItem\",\"position\":2,\"name\":\"Westman Islands\",\"item\":\"https:\\\/\\\/volcanoatv.is\\\/en\\\/westman-islands\"},{\"@type\":\"ListItem\",\"position\":3,\"name\":\"Boat tours in the Westman Islands\"}]},{\"@type\":\"WebSite\",\"@id\":\"https:\\\/\\\/volcanoatv.is\\\/en\\\/#website\",\"url\":\"https:\\\/\\\/volcanoatv.is\\\/en\\\/\",\"name\":\"Volcano ATV\",\"description\":\"Volcano atv tours\",\"publisher\":{\"@id\":\"https:\\\/\\\/volcanoatv.is\\\/en\\\/#organization\"},\"potentialAction\":[{\"@type\":\"SearchAction\",\"target\":{\"@type\":\"EntryPoint\",\"urlTemplate\":\"https:\\\/\\\/volcanoatv.is\\\/en\\\/?s={search_term_string}\"},\"query-input\":{\"@type\":\"PropertyValueSpecification\",\"valueRequired\":true,\"valueName\":\"search_term_string\"}}],\"inLanguage\":\"en-US\"},{\"@type\":\"Organization\",\"@id\":\"https:\\\/\\\/volcanoatv.is\\\/en\\\/#organization\",\"name\":\"Volcano ATV\",\"url\":\"https:\\\/\\\/volcanoatv.is\\\/en\\\/\",\"logo\":{\"@type\":\"ImageObject\",\"inLanguage\":\"en-US\",\"@id\":\"https:\\\/\\\/volcanoatv.is\\\/en\\\/#\\\/schema\\\/logo\\\/image\\\/\",\"url\":\"https:\\\/\\\/volcanoatv.is\\\/en\\\/wp-content\\\/uploads\\\/2019\\\/02\\\/Volcano-ATV-logo-01.png\",\"contentUrl\":\"https:\\\/\\\/volcanoatv.is\\\/en\\\/wp-content\\\/uploads\\\/2019\\\/02\\\/Volcano-ATV-logo-01.png\",\"width\":3456,\"height\":887,\"caption\":\"Volcano ATV\"},\"image\":{\"@id\":\"https:\\\/\\\/volcanoatv.is\\\/en\\\/#\\\/schema\\\/logo\\\/image\\\/\"},\"sameAs\":[\"https:\\\/\\\/www.facebook.com\\\/volcanoatv\\\/\",\"https:\\\/\\\/www.instagram.com\\\/volcanoatv\\\/\"]}]}<\/script>\n<!-- \/ Yoast SEO plugin. -->","yoast_head_json":{"title":"Boat tours in the Westman Islands | Volcano ATV","robots":{"index":"index","follow":"follow","max-snippet":"max-snippet:-1","max-image-preview":"max-image-preview:large","max-video-preview":"max-video-preview:-1"},"canonical":"https:\/\/volcanoatv.is\/en\/westman-islands\/boat-tours-in-the-westman-islands","og_locale":"en_US","og_type":"article","og_title":"Boat tours in the Westman Islands | Volcano ATV","og_description":"While we won\u2019t deny that as ATV enthusiasts we love to show you the Westman Islands on land, its extraordinary...","og_url":"https:\/\/volcanoatv.is\/en\/westman-islands\/boat-tours-in-the-westman-islands","og_site_name":"Volcano ATV","article_publisher":"https:\/\/www.facebook.com\/volcanoatv\/","article_modified_time":"2024-09-27T16:32:49+00:00","og_image":[{"width":800,"height":600,"url":"https:\/\/volcanoatv.is\/en\/wp-content\/uploads\/2024\/04\/Round-tour-in-vestmannaeyjar-800.jpg","type":"image\/jpeg"}],"twitter_card":"summary_large_image","twitter_misc":{"Est. reading time":"5 minutes"},"schema":{"@context":"https:\/\/schema.org","@graph":[{"@type":"WebPage","@id":"https:\/\/volcanoatv.is\/en\/westman-islands\/boat-tours-in-the-westman-islands","url":"https:\/\/volcanoatv.is\/en\/westman-islands\/boat-tours-in-the-westman-islands","name":"Boat tours in the Westman Islands | Volcano ATV","isPartOf":{"@id":"https:\/\/volcanoatv.is\/en\/#website"},"primaryImageOfPage":{"@id":"https:\/\/volcanoatv.is\/en\/westman-islands\/boat-tours-in-the-westman-islands#primaryimage"},"image":{"@id":"https:\/\/volcanoatv.is\/en\/westman-islands\/boat-tours-in-the-westman-islands#primaryimage"},"thumbnailUrl":"https:\/\/volcanoatv.is\/en\/wp-content\/uploads\/2024\/04\/Round-tour-in-vestmannaeyjar-800.jpg","datePublished":"2024-04-05T09:39:51+00:00","dateModified":"2024-09-27T16:32:49+00:00","breadcrumb":{"@id":"https:\/\/volcanoatv.is\/en\/westman-islands\/boat-tours-in-the-westman-islands#breadcrumb"},"inLanguage":"en-US","potentialAction":[{"@type":"ReadAction","target":["https:\/\/volcanoatv.is\/en\/westman-islands\/boat-tours-in-the-westman-islands"]}]},{"@type":"ImageObject","inLanguage":"en-US","@id":"https:\/\/volcanoatv.is\/en\/westman-islands\/boat-tours-in-the-westman-islands#primaryimage","url":"https:\/\/volcanoatv.is\/en\/wp-content\/uploads\/2024\/04\/Round-tour-in-vestmannaeyjar-800.jpg","contentUrl":"https:\/\/volcanoatv.is\/en\/wp-content\/uploads\/2024\/04\/Round-tour-in-vestmannaeyjar-800.jpg","width":800,"height":600},{"@type":"BreadcrumbList","@id":"https:\/\/volcanoatv.is\/en\/westman-islands\/boat-tours-in-the-westman-islands#breadcrumb","itemListElement":[{"@type":"ListItem","position":1,"name":"Home","item":"https:\/\/volcanoatv.is\/en\/"},{"@type":"ListItem","position":2,"name":"Westman Islands","item":"https:\/\/volcanoatv.is\/en\/westman-islands"},{"@type":"ListItem","position":3,"name":"Boat tours in the Westman Islands"}]},{"@type":"WebSite","@id":"https:\/\/volcanoatv.is\/en\/#website","url":"https:\/\/volcanoatv.is\/en\/","name":"Volcano ATV","description":"Volcano atv tours","publisher":{"@id":"https:\/\/volcanoatv.is\/en\/#organization"},"potentialAction":[{"@type":"SearchAction","target":{"@type":"EntryPoint","urlTemplate":"https:\/\/volcanoatv.is\/en\/?s={search_term_string}"},"query-input":{"@type":"PropertyValueSpecification","valueRequired":true,"valueName":"search_term_string"}}],"inLanguage":"en-US"},{"@type":"Organization","@id":"https:\/\/volcanoatv.is\/en\/#organization","name":"Volcano ATV","url":"https:\/\/volcanoatv.is\/en\/","logo":{"@type":"ImageObject","inLanguage":"en-US","@id":"https:\/\/volcanoatv.is\/en\/#\/schema\/logo\/image\/","url":"https:\/\/volcanoatv.is\/en\/wp-content\/uploads\/2019\/02\/Volcano-ATV-logo-01.png","contentUrl":"https:\/\/volcanoatv.is\/en\/wp-content\/uploads\/2019\/02\/Volcano-ATV-logo-01.png","width":3456,"height":887,"caption":"Volcano ATV"},"image":{"@id":"https:\/\/volcanoatv.is\/en\/#\/schema\/logo\/image\/"},"sameAs":["https:\/\/www.facebook.com\/volcanoatv\/","https:\/\/www.instagram.com\/volcanoatv\/"]}]}},"_links":{"self":[{"href":"https:\/\/volcanoatv.is\/en\/wp-json\/wp\/v2\/pages\/1090","targetHints":{"allow":["GET"]}}],"collection":[{"href":"https:\/\/volcanoatv.is\/en\/wp-json\/wp\/v2\/pages"}],"about":[{"href":"https:\/\/volcanoatv.is\/en\/wp-json\/wp\/v2\/types\/page"}],"author":[{"embeddable":true,"href":"https:\/\/volcanoatv.is\/en\/wp-json\/wp\/v2\/users\/4"}],"replies":[{"embeddable":true,"href":"https:\/\/volcanoatv.is\/en\/wp-json\/wp\/v2\/comments?post=1090"}],"version-history":[{"count":4,"href":"https:\/\/volcanoatv.is\/en\/wp-json\/wp\/v2\/pages\/1090\/revisions"}],"predecessor-version":[{"id":1335,"href":"https:\/\/volcanoatv.is\/en\/wp-json\/wp\/v2\/pages\/1090\/revisions\/1335"}],"up":[{"embeddable":true,"href":"https:\/\/volcanoatv.is\/en\/wp-json\/wp\/v2\/pages\/1081"}],"wp:featuredmedia":[{"embeddable":true,"href":"https:\/\/volcanoatv.is\/en\/wp-json\/wp\/v2\/media\/1201"}],"wp:attachment":[{"href":"https:\/\/volcanoatv.is\/en\/wp-json\/wp\/v2\/media?parent=1090"}],"curies":[{"name":"wp","href":"https:\/\/api.w.org\/{rel}","templated":true}]}}