{"id":1088,"date":"2024-04-05T09:36:19","date_gmt":"2024-04-05T09:36:19","guid":{"rendered":"https:\/\/volcanoatv.is\/en\/?page_id=1088"},"modified":"2024-09-27T16:33:14","modified_gmt":"2024-09-27T16:33:14","slug":"the-top-activity-tours-in-the-westman-islands","status":"publish","type":"page","link":"https:\/\/volcanoatv.is\/en\/westman-islands\/the-top-activity-tours-in-the-westman-islands","title":{"rendered":"The top activity tours in the Westman Islands"},"content":{"rendered":"\n<p>Sightseeing\u2019s great, but there\u2019s nothing like <em>doing<\/em> rather than <em>seeing<\/em> to get the most out of a place when you visit. That\u2019s definitely true for the Westman Islands, where there\u2019s a wealth of tours and activities to choose from. We\u2019ve compiled a list of our favourites to get you started.<\/p>\n\n\n\n<h2 class=\"wp-block-heading\">Go on a RIB safari, kayak or boat trip<\/h2>\n\n\n\n<p>The coastline of the Westman Islands is spectacular which means you should try to do at least one boat trip during your stay. There\u2019s a choice of vessels, from sedate cruisers to nippy RIBs. The former are great for parties that enjoy listening to a commentary and chatting about the places they\u2019re seeing. Meanwhile the high speeds attainable by RIBs inject energy, fun and thrills into the proceedings. Alternatively, slip through the sheltered coastal waters on a kayak tour. What doesn\u2019t change is the incredible scenery. Imagine grassy-topped cliffs teeming with sea birds or rocky outcrops whose faulting and folding shows why geology is such a fascinating discipline. Landmarks such as Elephant Rock, formed from basalt, and the jaw-dropping acoustics of Klettshellir cave mean this is far from an ordinary excursion, whichever mode of transport you pick.<\/p>\n\n\n\n<figure class=\"wp-block-image size-large\"><img loading=\"lazy\" decoding=\"async\" width=\"1024\" height=\"768\" src=\"https:\/\/volcanoatv.is\/en\/wp-content\/uploads\/2024\/04\/20180620_143513-1024x768.jpg\" alt=\"\" class=\"wp-image-1187\" srcset=\"https:\/\/volcanoatv.is\/en\/wp-content\/uploads\/2024\/04\/20180620_143513-1024x768.jpg 1024w, https:\/\/volcanoatv.is\/en\/wp-content\/uploads\/2024\/04\/20180620_143513-600x450.jpg 600w, https:\/\/volcanoatv.is\/en\/wp-content\/uploads\/2024\/04\/20180620_143513-300x225.jpg 300w, https:\/\/volcanoatv.is\/en\/wp-content\/uploads\/2024\/04\/20180620_143513-768x576.jpg 768w, https:\/\/volcanoatv.is\/en\/wp-content\/uploads\/2024\/04\/20180620_143513-1536x1152.jpg 1536w, https:\/\/volcanoatv.is\/en\/wp-content\/uploads\/2024\/04\/20180620_143513.jpg 1920w\" sizes=\"auto, (max-width: 1024px) 100vw, 1024px\" \/><\/figure>\n\n\n\n<h2 class=\"wp-block-heading\">Take a guided lava walk\u00a0<\/h2>\n\n\n\n<p>You can\u2019t really visit the Westman Islands without doing justice to Eldfell, the volcanic cone formed during the 1973 eruption on Heimaey. Though your ATV ride will have given you a flavour of what it\u2019s like, you may wish to consider returning on foot to explore at a more unhurried pace. Though it\u2019s easily possible to walk up there on your own, one of the best ways to learn about the place is to opt for the \u201cguided by a local\u201d tour. Being able to get a resident\u2019s perspective on the eruption and on how the islanders rebuilt their damaged town is a tempting opportunity. You\u2019ll start at the harbour and walk via Skansinn to the summit of Eldfell before looping back to the town.&nbsp;<\/p>\n\n\n\n<h2 class=\"wp-block-heading\">Hike to Heimaklettur<\/h2>\n\n\n\n<p>The hilly terrain that characterises the Westman Islands means there are plenty of places where you can get a workout while admiring the striking landscape. One of the best hikes is up to Heimaklettur, though it\u2019s not a casual stroll. In Icelandic, Heimaklettur means \u201cHome Rock\u201d, and it\u2019s the destination for the signature walk of the Westman Islands. With its peak standing at 279 metres above the water in the harbour, it\u2019s the archipelago\u2019s highest point. To do this walk, you\u2019ll need to be fit and you\u2019ll also need to be comfortable with heights. Oh, and it\u2019s best in fine weather when the wind isn\u2019t too strong. Ladders, ropes and chains help hikers navigate the steep stretches. After that it\u2019s a moderate trail that leads to a fabulous view that is ample reward for the effort you\u2019ve just made. Similarly, the hike to Herj\u00f3lfsdalur is another that delivers on the promise of stellar views.&nbsp;&nbsp;&nbsp;&nbsp;&nbsp;<\/p>\n\n\n\n<figure class=\"wp-block-image size-full\"><img loading=\"lazy\" decoding=\"async\" width=\"2000\" height=\"802\" src=\"https:\/\/volcanoatv.is\/en\/wp-content\/uploads\/2024\/04\/heimaklettur1-1.jpg\" alt=\"\" class=\"wp-image-1203\" srcset=\"https:\/\/volcanoatv.is\/en\/wp-content\/uploads\/2024\/04\/heimaklettur1-1.jpg 2000w, https:\/\/volcanoatv.is\/en\/wp-content\/uploads\/2024\/04\/heimaklettur1-1-600x241.jpg 600w, https:\/\/volcanoatv.is\/en\/wp-content\/uploads\/2024\/04\/heimaklettur1-1-300x120.jpg 300w, https:\/\/volcanoatv.is\/en\/wp-content\/uploads\/2024\/04\/heimaklettur1-1-1024x411.jpg 1024w, https:\/\/volcanoatv.is\/en\/wp-content\/uploads\/2024\/04\/heimaklettur1-1-768x308.jpg 768w, https:\/\/volcanoatv.is\/en\/wp-content\/uploads\/2024\/04\/heimaklettur1-1-1536x616.jpg 1536w\" sizes=\"auto, (max-width: 2000px) 100vw, 2000px\" \/><\/figure>\n\n\n\n<h2 class=\"wp-block-heading\">Rent a bike<\/h2>\n\n\n\n<p>Mountain biking enthusiasts will relish the chance to get out and explore Heimaey on two wheels. Typically, online rentals are for five hours, which gives you enough time to cover a lot of the main sights on this compact island. You can arrange to pick up your bike right beside the ferry port, so you won\u2019t waste any time before you get pedalling. The mountain bikes used are well-maintained Trek 3700 or Trek Skye S models, so you can be confident that they will handle the terrain admirably, leaving you to focus on the sights themselves. One activity you might come across is locals honing their spranga technique. This abseiling-type sport was originally used to gather bird eggs from the cliff face though it is more dangerous than it looks. Shorter and longer rentals are also possible should you wish, making this a flexible option if you want to get some exercise and fresh air in this varied and interesting place.&nbsp;&nbsp;&nbsp;&nbsp;&nbsp;&nbsp;&nbsp;&nbsp;<\/p>\n\n\n\n<h2 class=\"wp-block-heading\">Ride an ATV<\/h2>\n\n\n\n<p>From myriad lofty viewpoints you\u2019ll see just how beautiful the landscape of the Westman Islands is and be keen to explore it further. One of the most fun ways to do so is on our Volcano ATV tour. The chunky tyres and all-terrain capability of these vehicles means you can access places that a regular car would be unable to reach. You\u2019ll soon understand why so many people enjoy this activity. Suited up and wearing your gloves and helmet, you\u2019ll feel the wind on your face as you ride as a group around some of Heimaey\u2019s most iconic sites. Throw in some expert commentary and you\u2019ll be rapt with attention as you listen to the stories of events that took place along the way. From an extraordinary journey made by the survivor of a shipwreck to that infamous eruption, you\u2019ll be able to appreciate what makes this part of Iceland really special.&nbsp;&nbsp;<\/p>\n\n\n\n<figure class=\"wp-block-image size-large\"><img loading=\"lazy\" decoding=\"async\" width=\"1024\" height=\"768\" src=\"https:\/\/volcanoatv.is\/en\/wp-content\/uploads\/2024\/04\/20230820_131019-1024x768.jpg\" alt=\"\" class=\"wp-image-1188\" srcset=\"https:\/\/volcanoatv.is\/en\/wp-content\/uploads\/2024\/04\/20230820_131019-1024x768.jpg 1024w, https:\/\/volcanoatv.is\/en\/wp-content\/uploads\/2024\/04\/20230820_131019-scaled-600x450.jpg 600w, https:\/\/volcanoatv.is\/en\/wp-content\/uploads\/2024\/04\/20230820_131019-300x225.jpg 300w, https:\/\/volcanoatv.is\/en\/wp-content\/uploads\/2024\/04\/20230820_131019-768x576.jpg 768w, https:\/\/volcanoatv.is\/en\/wp-content\/uploads\/2024\/04\/20230820_131019-1536x1152.jpg 1536w, https:\/\/volcanoatv.is\/en\/wp-content\/uploads\/2024\/04\/20230820_131019-2048x1536.jpg 2048w\" sizes=\"auto, (max-width: 1024px) 100vw, 1024px\" \/><\/figure>\n\n\n\n<h2 class=\"wp-block-heading\">Do some puffin-watching at St\u00f3rh\u00f6f\u00f0i<\/h2>\n\n\n\n<p>Summer visitors to Iceland are often enchanted by the bird that has become its mascot. The Atlantic puffins arrive in huge numbers \u2013 we\u2019re talking hundreds of thousands \u2013 in spring. They make their nests in burrows in the cliffs and raise their young before departing for the ocean before the summer\u2019s over. It can be hard to find easily accessible places where lots of birds can be seen close up, but at St\u00f3rh\u00f6f\u00f0i on Heimaey, you can park your rental car right beside a spacious bird hide and watch them for hours. If you\u2019ve chosen to arrive on the island as a foot passenger, why not consider adding the <a href=\"https:\/\/volcanoatv.is\/en\/tours\/volcanic-vistas-puffin-paradise\">puffin paradise<\/a> option to your ATV tour and let us take care of the rest?<\/p>\n","protected":false},"excerpt":{"rendered":"<p>Sightseeing\u2019s great, but there\u2019s nothing like doing rather than seeing to get the most out of a place when you&#8230;<\/p>\n","protected":false},"author":4,"featured_media":1180,"parent":1081,"menu_order":0,"comment_status":"closed","ping_status":"closed","template":"","meta":{"_exactmetrics_skip_tracking":false,"_exactmetrics_sitenote_active":false,"_exactmetrics_sitenote_note":"","_exactmetrics_sitenote_category":0,"footnotes":""},"class_list":["post-1088","page","type-page","status-publish","has-post-thumbnail","hentry"],"yoast_head":"<!-- This site is optimized with the Yoast SEO plugin v27.4 - https:\/\/yoast.com\/product\/yoast-seo-wordpress\/ -->\n<title>The top activity tours in the Westman Islands | Volcano ATV<\/title>\n<meta name=\"robots\" content=\"index, follow, max-snippet:-1, max-image-preview:large, max-video-preview:-1\" \/>\n<link rel=\"canonical\" href=\"https:\/\/volcanoatv.is\/en\/westman-islands\/the-top-activity-tours-in-the-westman-islands\" \/>\n<meta property=\"og:locale\" content=\"en_US\" \/>\n<meta property=\"og:type\" content=\"article\" \/>\n<meta property=\"og:title\" content=\"The top activity tours in the Westman Islands | Volcano ATV\" \/>\n<meta property=\"og:description\" content=\"Sightseeing\u2019s great, but there\u2019s nothing like doing rather than seeing to get the most out of a place when you...\" \/>\n<meta property=\"og:url\" content=\"https:\/\/volcanoatv.is\/en\/westman-islands\/the-top-activity-tours-in-the-westman-islands\" \/>\n<meta property=\"og:site_name\" content=\"Volcano ATV\" \/>\n<meta property=\"article:publisher\" content=\"https:\/\/www.facebook.com\/volcanoatv\/\" \/>\n<meta property=\"article:modified_time\" content=\"2024-09-27T16:33:14+00:00\" \/>\n<meta property=\"og:image\" content=\"https:\/\/volcanoatv.is\/en\/wp-content\/uploads\/2024\/04\/Instagram-3286-2-scaled-e1689674883161-1536x1461-1.jpg\" \/>\n\t<meta property=\"og:image:width\" content=\"1536\" \/>\n\t<meta property=\"og:image:height\" content=\"1461\" \/>\n\t<meta property=\"og:image:type\" content=\"image\/jpeg\" \/>\n<meta name=\"twitter:card\" content=\"summary_large_image\" \/>\n<meta name=\"twitter:label1\" content=\"Est. reading time\" \/>\n\t<meta name=\"twitter:data1\" content=\"5 minutes\" \/>\n<script type=\"application\/ld+json\" class=\"yoast-schema-graph\">{\"@context\":\"https:\\\/\\\/schema.org\",\"@graph\":[{\"@type\":\"WebPage\",\"@id\":\"https:\\\/\\\/volcanoatv.is\\\/en\\\/westman-islands\\\/the-top-activity-tours-in-the-westman-islands\",\"url\":\"https:\\\/\\\/volcanoatv.is\\\/en\\\/westman-islands\\\/the-top-activity-tours-in-the-westman-islands\",\"name\":\"The top activity tours in the Westman Islands | Volcano ATV\",\"isPartOf\":{\"@id\":\"https:\\\/\\\/volcanoatv.is\\\/en\\\/#website\"},\"primaryImageOfPage\":{\"@id\":\"https:\\\/\\\/volcanoatv.is\\\/en\\\/westman-islands\\\/the-top-activity-tours-in-the-westman-islands#primaryimage\"},\"image\":{\"@id\":\"https:\\\/\\\/volcanoatv.is\\\/en\\\/westman-islands\\\/the-top-activity-tours-in-the-westman-islands#primaryimage\"},\"thumbnailUrl\":\"https:\\\/\\\/volcanoatv.is\\\/en\\\/wp-content\\\/uploads\\\/2024\\\/04\\\/Instagram-3286-2-scaled-e1689674883161-1536x1461-1.jpg\",\"datePublished\":\"2024-04-05T09:36:19+00:00\",\"dateModified\":\"2024-09-27T16:33:14+00:00\",\"breadcrumb\":{\"@id\":\"https:\\\/\\\/volcanoatv.is\\\/en\\\/westman-islands\\\/the-top-activity-tours-in-the-westman-islands#breadcrumb\"},\"inLanguage\":\"en-US\",\"potentialAction\":[{\"@type\":\"ReadAction\",\"target\":[\"https:\\\/\\\/volcanoatv.is\\\/en\\\/westman-islands\\\/the-top-activity-tours-in-the-westman-islands\"]}]},{\"@type\":\"ImageObject\",\"inLanguage\":\"en-US\",\"@id\":\"https:\\\/\\\/volcanoatv.is\\\/en\\\/westman-islands\\\/the-top-activity-tours-in-the-westman-islands#primaryimage\",\"url\":\"https:\\\/\\\/volcanoatv.is\\\/en\\\/wp-content\\\/uploads\\\/2024\\\/04\\\/Instagram-3286-2-scaled-e1689674883161-1536x1461-1.jpg\",\"contentUrl\":\"https:\\\/\\\/volcanoatv.is\\\/en\\\/wp-content\\\/uploads\\\/2024\\\/04\\\/Instagram-3286-2-scaled-e1689674883161-1536x1461-1.jpg\",\"width\":1536,\"height\":1461},{\"@type\":\"BreadcrumbList\",\"@id\":\"https:\\\/\\\/volcanoatv.is\\\/en\\\/westman-islands\\\/the-top-activity-tours-in-the-westman-islands#breadcrumb\",\"itemListElement\":[{\"@type\":\"ListItem\",\"position\":1,\"name\":\"Home\",\"item\":\"https:\\\/\\\/volcanoatv.is\\\/en\\\/\"},{\"@type\":\"ListItem\",\"position\":2,\"name\":\"Westman Islands\",\"item\":\"https:\\\/\\\/volcanoatv.is\\\/en\\\/westman-islands\"},{\"@type\":\"ListItem\",\"position\":3,\"name\":\"The top activity tours in the Westman Islands\"}]},{\"@type\":\"WebSite\",\"@id\":\"https:\\\/\\\/volcanoatv.is\\\/en\\\/#website\",\"url\":\"https:\\\/\\\/volcanoatv.is\\\/en\\\/\",\"name\":\"Volcano ATV\",\"description\":\"Volcano atv tours\",\"publisher\":{\"@id\":\"https:\\\/\\\/volcanoatv.is\\\/en\\\/#organization\"},\"potentialAction\":[{\"@type\":\"SearchAction\",\"target\":{\"@type\":\"EntryPoint\",\"urlTemplate\":\"https:\\\/\\\/volcanoatv.is\\\/en\\\/?s={search_term_string}\"},\"query-input\":{\"@type\":\"PropertyValueSpecification\",\"valueRequired\":true,\"valueName\":\"search_term_string\"}}],\"inLanguage\":\"en-US\"},{\"@type\":\"Organization\",\"@id\":\"https:\\\/\\\/volcanoatv.is\\\/en\\\/#organization\",\"name\":\"Volcano ATV\",\"url\":\"https:\\\/\\\/volcanoatv.is\\\/en\\\/\",\"logo\":{\"@type\":\"ImageObject\",\"inLanguage\":\"en-US\",\"@id\":\"https:\\\/\\\/volcanoatv.is\\\/en\\\/#\\\/schema\\\/logo\\\/image\\\/\",\"url\":\"https:\\\/\\\/volcanoatv.is\\\/en\\\/wp-content\\\/uploads\\\/2019\\\/02\\\/Volcano-ATV-logo-01.png\",\"contentUrl\":\"https:\\\/\\\/volcanoatv.is\\\/en\\\/wp-content\\\/uploads\\\/2019\\\/02\\\/Volcano-ATV-logo-01.png\",\"width\":3456,\"height\":887,\"caption\":\"Volcano ATV\"},\"image\":{\"@id\":\"https:\\\/\\\/volcanoatv.is\\\/en\\\/#\\\/schema\\\/logo\\\/image\\\/\"},\"sameAs\":[\"https:\\\/\\\/www.facebook.com\\\/volcanoatv\\\/\",\"https:\\\/\\\/www.instagram.com\\\/volcanoatv\\\/\"]}]}<\/script>\n<!-- \/ Yoast SEO plugin. -->","yoast_head_json":{"title":"The top activity tours in the Westman Islands | Volcano ATV","robots":{"index":"index","follow":"follow","max-snippet":"max-snippet:-1","max-image-preview":"max-image-preview:large","max-video-preview":"max-video-preview:-1"},"canonical":"https:\/\/volcanoatv.is\/en\/westman-islands\/the-top-activity-tours-in-the-westman-islands","og_locale":"en_US","og_type":"article","og_title":"The top activity tours in the Westman Islands | Volcano ATV","og_description":"Sightseeing\u2019s great, but there\u2019s nothing like doing rather than seeing to get the most out of a place when you...","og_url":"https:\/\/volcanoatv.is\/en\/westman-islands\/the-top-activity-tours-in-the-westman-islands","og_site_name":"Volcano ATV","article_publisher":"https:\/\/www.facebook.com\/volcanoatv\/","article_modified_time":"2024-09-27T16:33:14+00:00","og_image":[{"width":1536,"height":1461,"url":"https:\/\/volcanoatv.is\/en\/wp-content\/uploads\/2024\/04\/Instagram-3286-2-scaled-e1689674883161-1536x1461-1.jpg","type":"image\/jpeg"}],"twitter_card":"summary_large_image","twitter_misc":{"Est. reading time":"5 minutes"},"schema":{"@context":"https:\/\/schema.org","@graph":[{"@type":"WebPage","@id":"https:\/\/volcanoatv.is\/en\/westman-islands\/the-top-activity-tours-in-the-westman-islands","url":"https:\/\/volcanoatv.is\/en\/westman-islands\/the-top-activity-tours-in-the-westman-islands","name":"The top activity tours in the Westman Islands | Volcano ATV","isPartOf":{"@id":"https:\/\/volcanoatv.is\/en\/#website"},"primaryImageOfPage":{"@id":"https:\/\/volcanoatv.is\/en\/westman-islands\/the-top-activity-tours-in-the-westman-islands#primaryimage"},"image":{"@id":"https:\/\/volcanoatv.is\/en\/westman-islands\/the-top-activity-tours-in-the-westman-islands#primaryimage"},"thumbnailUrl":"https:\/\/volcanoatv.is\/en\/wp-content\/uploads\/2024\/04\/Instagram-3286-2-scaled-e1689674883161-1536x1461-1.jpg","datePublished":"2024-04-05T09:36:19+00:00","dateModified":"2024-09-27T16:33:14+00:00","breadcrumb":{"@id":"https:\/\/volcanoatv.is\/en\/westman-islands\/the-top-activity-tours-in-the-westman-islands#breadcrumb"},"inLanguage":"en-US","potentialAction":[{"@type":"ReadAction","target":["https:\/\/volcanoatv.is\/en\/westman-islands\/the-top-activity-tours-in-the-westman-islands"]}]},{"@type":"ImageObject","inLanguage":"en-US","@id":"https:\/\/volcanoatv.is\/en\/westman-islands\/the-top-activity-tours-in-the-westman-islands#primaryimage","url":"https:\/\/volcanoatv.is\/en\/wp-content\/uploads\/2024\/04\/Instagram-3286-2-scaled-e1689674883161-1536x1461-1.jpg","contentUrl":"https:\/\/volcanoatv.is\/en\/wp-content\/uploads\/2024\/04\/Instagram-3286-2-scaled-e1689674883161-1536x1461-1.jpg","width":1536,"height":1461},{"@type":"BreadcrumbList","@id":"https:\/\/volcanoatv.is\/en\/westman-islands\/the-top-activity-tours-in-the-westman-islands#breadcrumb","itemListElement":[{"@type":"ListItem","position":1,"name":"Home","item":"https:\/\/volcanoatv.is\/en\/"},{"@type":"ListItem","position":2,"name":"Westman Islands","item":"https:\/\/volcanoatv.is\/en\/westman-islands"},{"@type":"ListItem","position":3,"name":"The top activity tours in the Westman Islands"}]},{"@type":"WebSite","@id":"https:\/\/volcanoatv.is\/en\/#website","url":"https:\/\/volcanoatv.is\/en\/","name":"Volcano ATV","description":"Volcano atv tours","publisher":{"@id":"https:\/\/volcanoatv.is\/en\/#organization"},"potentialAction":[{"@type":"SearchAction","target":{"@type":"EntryPoint","urlTemplate":"https:\/\/volcanoatv.is\/en\/?s={search_term_string}"},"query-input":{"@type":"PropertyValueSpecification","valueRequired":true,"valueName":"search_term_string"}}],"inLanguage":"en-US"},{"@type":"Organization","@id":"https:\/\/volcanoatv.is\/en\/#organization","name":"Volcano ATV","url":"https:\/\/volcanoatv.is\/en\/","logo":{"@type":"ImageObject","inLanguage":"en-US","@id":"https:\/\/volcanoatv.is\/en\/#\/schema\/logo\/image\/","url":"https:\/\/volcanoatv.is\/en\/wp-content\/uploads\/2019\/02\/Volcano-ATV-logo-01.png","contentUrl":"https:\/\/volcanoatv.is\/en\/wp-content\/uploads\/2019\/02\/Volcano-ATV-logo-01.png","width":3456,"height":887,"caption":"Volcano ATV"},"image":{"@id":"https:\/\/volcanoatv.is\/en\/#\/schema\/logo\/image\/"},"sameAs":["https:\/\/www.facebook.com\/volcanoatv\/","https:\/\/www.instagram.com\/volcanoatv\/"]}]}},"_links":{"self":[{"href":"https:\/\/volcanoatv.is\/en\/wp-json\/wp\/v2\/pages\/1088","targetHints":{"allow":["GET"]}}],"collection":[{"href":"https:\/\/volcanoatv.is\/en\/wp-json\/wp\/v2\/pages"}],"about":[{"href":"https:\/\/volcanoatv.is\/en\/wp-json\/wp\/v2\/types\/page"}],"author":[{"embeddable":true,"href":"https:\/\/volcanoatv.is\/en\/wp-json\/wp\/v2\/users\/4"}],"replies":[{"embeddable":true,"href":"https:\/\/volcanoatv.is\/en\/wp-json\/wp\/v2\/comments?post=1088"}],"version-history":[{"count":6,"href":"https:\/\/volcanoatv.is\/en\/wp-json\/wp\/v2\/pages\/1088\/revisions"}],"predecessor-version":[{"id":1336,"href":"https:\/\/volcanoatv.is\/en\/wp-json\/wp\/v2\/pages\/1088\/revisions\/1336"}],"up":[{"embeddable":true,"href":"https:\/\/volcanoatv.is\/en\/wp-json\/wp\/v2\/pages\/1081"}],"wp:featuredmedia":[{"embeddable":true,"href":"https:\/\/volcanoatv.is\/en\/wp-json\/wp\/v2\/media\/1180"}],"wp:attachment":[{"href":"https:\/\/volcanoatv.is\/en\/wp-json\/wp\/v2\/media?parent=1088"}],"curies":[{"name":"wp","href":"https:\/\/api.w.org\/{rel}","templated":true}]}}