{"id":1053,"date":"2024-02-23T09:27:07","date_gmt":"2024-02-23T09:27:07","guid":{"rendered":"https:\/\/volcanoatv.is\/en\/?page_id=1053"},"modified":"2026-01-27T17:25:40","modified_gmt":"2026-01-27T17:25:40","slug":"volcanic-vistas-puffin-paradise","status":"publish","type":"page","link":"https:\/\/volcanoatv.is\/en\/tours\/volcanic-vistas-puffin-paradise","title":{"rendered":"Volcanic Vistas &#038; Puffin Paradise Tour"},"content":{"rendered":"<p>Volcano and Puffin, the most famous duo of Vestmannaeyjar.<\/p>\n<p>Vestmannaeyjar is not only known for the volcanic eruption in 1973, because it is also home to the largest puffin colony in the world.<\/p>\n<p>Jump on an ATV with us and explore the most famous things Vestmannaeyjar has to offer, volcanic areas and puffins. We start the tour by going south along the island where we will, among other things, take a look at one of the most special landmarks on the island, the elephant or &#8220;elephant rock&#8221;. From there, we will drive towards St\u00f3rh\u00f6f\u00f0i, where the small island cluster of Vestmannaeyja faces us in all its glory. When the weather is good and the Vestmannaeyjar are at their best, you can see all the way to Surtsey, but Surtsey is the southernmost island in the Vestmannaeyjar cluster and was formed in an underwater eruption on November 14, 1963.<\/p>\n<p>At St\u00f3rh\u00f6f\u00f0i the view in all directions is magnificent, despite the fact that the weather can make you spin around as it is one of the windiest places in the country. We will take the walk to a special place and give ourselves plenty of time to observe the crown jewel of Vestmannaeyjar, the puffins, watch them play around on the slope, take off and come in to land while the guide tells us interesting facts about the puffins and their surroundings. This part of the trip is non-offroad<\/p>\n<p>Next, we drive from St\u00f3rh\u00f6f\u00f0i and into the lava area, where we take the &#8220;off-road&#8221; part of the trip.<\/p>\n<p>During this part of the trip we will go to Prestvik beach where fishing ship Pelagus stranded, we will also drive around and view the scene where Gu\u00f0laugur Fri\u00f0\u00fe\u00f3rsson came to land after 5-6 km of swimming in the dark and cold sea after Hellisey VE 503 sank as stated in the movie <a href=\"https:\/\/www.imdb.com\/title\/tt1764275\/\" target=\"_blank\" rel=\"noopener noreferrer\">The Deep<\/a>. We will drive around the lava and into the middle of the volcano Eldfell and along the coast, where the view is breathtaking.<\/p>\n<p>This trip is recommended for all the family who will enjoy driving around historical sites of Vestmannaeyjar on a fun riding ATV. The ATVs are automatic and easy to drive so no specific experience is needed.\u00a0 All ATVs are 2 persons where the driver needs to have a driving license and passengers need to be 6 years or older.<\/p>\n<p>This is a guided trip where each person will be provided waterproof overalls,gloves and helmet.<\/p>\n<style type=\"text\/css\">\n#foogallery-gallery-1072 .fg-image { width: 150px; }\n#foogallery-gallery-1072 { --fg-gutter: 10px; }<\/style>\n\t\t\t<div class=\"foogallery foogallery-container foogallery-default foogallery-lightbox-foogallery fg-center fg-default fg-ready fg-light fg-border-thin fg-shadow-outline fg-loading-default fg-loaded-fade-in fg-caption-hover fg-hover-fade fg-hover-zoom\" id=\"foogallery-gallery-1072\" data-foogallery=\"{&quot;item&quot;:{&quot;showCaptionTitle&quot;:true,&quot;showCaptionDescription&quot;:true},&quot;lazy&quot;:true}\" data-foogallery-lightbox=\"{&quot;thumbs&quot;:&quot;bottom&quot;,&quot;thumbsCaptions&quot;:false,&quot;thumbsBestFit&quot;:false,&quot;thumbsSmall&quot;:false,&quot;thumbsCaptionsAlign&quot;:&quot;default&quot;,&quot;info&quot;:&quot;bottom&quot;,&quot;infoVisible&quot;:true,&quot;infoOverlay&quot;:true,&quot;infoAlign&quot;:&quot;default&quot;,&quot;transition&quot;:&quot;fade&quot;,&quot;hoverButtons&quot;:false,&quot;fitMedia&quot;:false,&quot;noScrollbars&quot;:true,&quot;preserveButtonSpace&quot;:true,&quot;buttons&quot;:{&quot;fullscreen&quot;:true,&quot;info&quot;:true,&quot;thumbs&quot;:false},&quot;video&quot;:{&quot;autoPlay&quot;:true}}\" style=\"--fg-title-line-clamp: 0; --fg-description-line-clamp: 0;\" >\n\t<div class=\"fg-item fg-type-image fg-idle\"><figure class=\"fg-item-inner\"><a href=\"https:\/\/volcanoatv.is\/en\/wp-content\/uploads\/2024\/02\/212972828_519112149333690_5859571679753752402_n.jpg\" data-attachment-id=\"1077\" data-type=\"image\" class=\"fg-thumb\"><span class=\"fg-image-wrap\"><img decoding=\"async\" width=\"150\" height=\"150\" class=\"skip-lazy fg-image\" data-no-lazy=\"1\" data-src-fg=\"https:\/\/volcanoatv.is\/en\/wp-content\/uploads\/cache\/2024\/02\/212972828_519112149333690_5859571679753752402_n\/133195600.jpg\" src=\"data:image\/svg+xml,%3Csvg%20xmlns%3D%22http%3A%2F%2Fwww.w3.org%2F2000%2Fsvg%22%20width%3D%22150%22%20height%3D%22150%22%20viewBox%3D%220%200%20150%20150%22%3E%3C%2Fsvg%3E\" loading=\"eager\"><\/span><span class=\"fg-image-overlay\"><\/span><\/a><\/figure><div class=\"fg-loader\"><\/div><\/div><div class=\"fg-item fg-type-image fg-idle\"><figure class=\"fg-item-inner\"><a href=\"https:\/\/volcanoatv.is\/en\/wp-content\/uploads\/2024\/09\/20240927_135241.jpg\" data-attachment-id=\"1290\" data-type=\"image\" class=\"fg-thumb\"><span class=\"fg-image-wrap\"><img decoding=\"async\" width=\"150\" height=\"150\" class=\"skip-lazy fg-image\" data-no-lazy=\"1\" data-src-fg=\"https:\/\/volcanoatv.is\/en\/wp-content\/uploads\/cache\/2024\/09\/20240927_135241\/893547888.jpg\" src=\"data:image\/svg+xml,%3Csvg%20xmlns%3D%22http%3A%2F%2Fwww.w3.org%2F2000%2Fsvg%22%20width%3D%22150%22%20height%3D%22150%22%20viewBox%3D%220%200%20150%20150%22%3E%3C%2Fsvg%3E\" loading=\"eager\"><\/span><span class=\"fg-image-overlay\"><\/span><\/a><\/figure><div class=\"fg-loader\"><\/div><\/div><div class=\"fg-item fg-type-image fg-idle\"><figure class=\"fg-item-inner\"><a href=\"https:\/\/volcanoatv.is\/en\/wp-content\/uploads\/2018\/11\/IMG_20190425_161412-e1556575161495-scaled.jpg\" data-attachment-id=\"796\" data-type=\"image\" class=\"fg-thumb\"><span class=\"fg-image-wrap\"><img decoding=\"async\" width=\"150\" height=\"150\" class=\"skip-lazy fg-image\" data-no-lazy=\"1\" data-src-fg=\"https:\/\/volcanoatv.is\/en\/wp-content\/uploads\/cache\/2018\/11\/IMG_20190425_161412-e1556575161495-scaled\/87247590.jpg\" src=\"data:image\/svg+xml,%3Csvg%20xmlns%3D%22http%3A%2F%2Fwww.w3.org%2F2000%2Fsvg%22%20width%3D%22150%22%20height%3D%22150%22%20viewBox%3D%220%200%20150%20150%22%3E%3C%2Fsvg%3E\" loading=\"eager\"><\/span><span class=\"fg-image-overlay\"><\/span><\/a><\/figure><div class=\"fg-loader\"><\/div><\/div><div class=\"fg-item fg-type-image fg-idle\"><figure class=\"fg-item-inner\"><a href=\"https:\/\/volcanoatv.is\/en\/wp-content\/uploads\/2024\/02\/puffin6-1080.jpg\" data-attachment-id=\"1073\" data-type=\"image\" class=\"fg-thumb\"><span class=\"fg-image-wrap\"><img decoding=\"async\" width=\"150\" height=\"150\" class=\"skip-lazy fg-image\" data-no-lazy=\"1\" data-src-fg=\"https:\/\/volcanoatv.is\/en\/wp-content\/uploads\/cache\/2024\/02\/puffin6-1080\/3018770023.jpg\" src=\"data:image\/svg+xml,%3Csvg%20xmlns%3D%22http%3A%2F%2Fwww.w3.org%2F2000%2Fsvg%22%20width%3D%22150%22%20height%3D%22150%22%20viewBox%3D%220%200%20150%20150%22%3E%3C%2Fsvg%3E\" loading=\"eager\"><\/span><span class=\"fg-image-overlay\"><\/span><\/a><\/figure><div class=\"fg-loader\"><\/div><\/div><div class=\"fg-item fg-type-image fg-idle\"><figure class=\"fg-item-inner\"><a href=\"https:\/\/volcanoatv.is\/en\/wp-content\/uploads\/2018\/11\/IMG_20190611_153419_740.jpg\" data-attachment-id=\"873\" data-type=\"image\" class=\"fg-thumb\"><span class=\"fg-image-wrap\"><img decoding=\"async\" width=\"150\" height=\"150\" class=\"skip-lazy fg-image\" data-no-lazy=\"1\" data-src-fg=\"https:\/\/volcanoatv.is\/en\/wp-content\/uploads\/cache\/2018\/11\/IMG_20190611_153419_740\/2381850718.jpg\" src=\"data:image\/svg+xml,%3Csvg%20xmlns%3D%22http%3A%2F%2Fwww.w3.org%2F2000%2Fsvg%22%20width%3D%22150%22%20height%3D%22150%22%20viewBox%3D%220%200%20150%20150%22%3E%3C%2Fsvg%3E\" loading=\"eager\"><\/span><span class=\"fg-image-overlay\"><\/span><\/a><\/figure><div class=\"fg-loader\"><\/div><\/div><div class=\"fg-item fg-type-image fg-idle\"><figure class=\"fg-item-inner\"><a href=\"https:\/\/volcanoatv.is\/en\/wp-content\/uploads\/2024\/02\/elepphant-rock-1080.jpg\" data-attachment-id=\"1074\" data-type=\"image\" class=\"fg-thumb\"><span class=\"fg-image-wrap\"><img decoding=\"async\" width=\"150\" height=\"150\" class=\"skip-lazy fg-image\" data-no-lazy=\"1\" data-src-fg=\"https:\/\/volcanoatv.is\/en\/wp-content\/uploads\/cache\/2024\/02\/elepphant-rock-1080\/2003329617.jpg\" src=\"data:image\/svg+xml,%3Csvg%20xmlns%3D%22http%3A%2F%2Fwww.w3.org%2F2000%2Fsvg%22%20width%3D%22150%22%20height%3D%22150%22%20viewBox%3D%220%200%20150%20150%22%3E%3C%2Fsvg%3E\" loading=\"eager\"><\/span><span class=\"fg-image-overlay\"><\/span><\/a><\/figure><div class=\"fg-loader\"><\/div><\/div><div class=\"fg-item fg-type-image fg-idle\"><figure class=\"fg-item-inner\"><a href=\"https:\/\/volcanoatv.is\/en\/wp-content\/uploads\/2024\/02\/puffin5-1080.jpg\" data-attachment-id=\"1075\" data-type=\"image\" class=\"fg-thumb\"><span class=\"fg-image-wrap\"><img decoding=\"async\" width=\"150\" height=\"150\" class=\"skip-lazy fg-image\" data-no-lazy=\"1\" data-src-fg=\"https:\/\/volcanoatv.is\/en\/wp-content\/uploads\/cache\/2024\/02\/puffin5-1080\/2752543784.jpg\" src=\"data:image\/svg+xml,%3Csvg%20xmlns%3D%22http%3A%2F%2Fwww.w3.org%2F2000%2Fsvg%22%20width%3D%22150%22%20height%3D%22150%22%20viewBox%3D%220%200%20150%20150%22%3E%3C%2Fsvg%3E\" loading=\"eager\"><\/span><span class=\"fg-image-overlay\"><\/span><\/a><\/figure><div class=\"fg-loader\"><\/div><\/div><div class=\"fg-item fg-type-image fg-idle\"><figure class=\"fg-item-inner\"><a href=\"https:\/\/volcanoatv.is\/en\/wp-content\/uploads\/2022\/03\/210410233_946114516231513_6463910966071464866_n.jpg\" data-attachment-id=\"969\" data-type=\"image\" class=\"fg-thumb\"><span class=\"fg-image-wrap\"><img decoding=\"async\" width=\"150\" height=\"150\" class=\"skip-lazy fg-image\" data-no-lazy=\"1\" data-src-fg=\"https:\/\/volcanoatv.is\/en\/wp-content\/uploads\/cache\/2022\/03\/210410233_946114516231513_6463910966071464866_n\/3699273209.jpg\" src=\"data:image\/svg+xml,%3Csvg%20xmlns%3D%22http%3A%2F%2Fwww.w3.org%2F2000%2Fsvg%22%20width%3D%22150%22%20height%3D%22150%22%20viewBox%3D%220%200%20150%20150%22%3E%3C%2Fsvg%3E\" loading=\"eager\"><\/span><span class=\"fg-image-overlay\"><\/span><\/a><\/figure><div class=\"fg-loader\"><\/div><\/div><div class=\"fg-item fg-type-image fg-idle\"><figure class=\"fg-item-inner\"><a href=\"https:\/\/volcanoatv.is\/en\/wp-content\/uploads\/2018\/11\/IMG_20190425_162649-e1556575187280-scaled.jpg\" data-attachment-id=\"797\" data-type=\"image\" class=\"fg-thumb\"><span class=\"fg-image-wrap\"><img decoding=\"async\" width=\"150\" height=\"150\" class=\"skip-lazy fg-image\" data-no-lazy=\"1\" data-src-fg=\"https:\/\/volcanoatv.is\/en\/wp-content\/uploads\/cache\/2018\/11\/IMG_20190425_162649-e1556575187280-scaled\/1516003.jpg\" src=\"data:image\/svg+xml,%3Csvg%20xmlns%3D%22http%3A%2F%2Fwww.w3.org%2F2000%2Fsvg%22%20width%3D%22150%22%20height%3D%22150%22%20viewBox%3D%220%200%20150%20150%22%3E%3C%2Fsvg%3E\" loading=\"eager\"><\/span><span class=\"fg-image-overlay\"><\/span><\/a><\/figure><div class=\"fg-loader\"><\/div><\/div><div class=\"fg-item fg-type-image fg-idle\"><figure class=\"fg-item-inner\"><a href=\"https:\/\/volcanoatv.is\/en\/wp-content\/uploads\/2024\/02\/puffin4-scaled.jpg\" data-attachment-id=\"1076\" data-type=\"image\" class=\"fg-thumb\"><span class=\"fg-image-wrap\"><img decoding=\"async\" width=\"150\" height=\"150\" class=\"skip-lazy fg-image\" data-no-lazy=\"1\" data-src-fg=\"https:\/\/volcanoatv.is\/en\/wp-content\/uploads\/cache\/2024\/02\/puffin4-scaled\/2817525928.jpg\" src=\"data:image\/svg+xml,%3Csvg%20xmlns%3D%22http%3A%2F%2Fwww.w3.org%2F2000%2Fsvg%22%20width%3D%22150%22%20height%3D%22150%22%20viewBox%3D%220%200%20150%20150%22%3E%3C%2Fsvg%3E\" loading=\"eager\"><\/span><span class=\"fg-image-overlay\"><\/span><\/a><\/figure><div class=\"fg-loader\"><\/div><\/div><div class=\"fg-item fg-type-image fg-idle\"><figure class=\"fg-item-inner\"><a href=\"https:\/\/volcanoatv.is\/en\/wp-content\/uploads\/2018\/11\/1010991-1.jpg\" data-attachment-id=\"117\" data-type=\"image\" class=\"fg-thumb\"><span class=\"fg-image-wrap\"><img decoding=\"async\" width=\"150\" height=\"150\" class=\"skip-lazy fg-image\" data-no-lazy=\"1\" data-src-fg=\"https:\/\/volcanoatv.is\/en\/wp-content\/uploads\/cache\/2018\/11\/1010991-1\/4189531679.jpg\" src=\"data:image\/svg+xml,%3Csvg%20xmlns%3D%22http%3A%2F%2Fwww.w3.org%2F2000%2Fsvg%22%20width%3D%22150%22%20height%3D%22150%22%20viewBox%3D%220%200%20150%20150%22%3E%3C%2Fsvg%3E\" loading=\"eager\"><\/span><span class=\"fg-image-overlay\"><\/span><\/a><\/figure><div class=\"fg-loader\"><\/div><\/div><div class=\"fg-item fg-type-image fg-idle\"><figure class=\"fg-item-inner\"><a href=\"https:\/\/volcanoatv.is\/en\/wp-content\/uploads\/2018\/11\/sigurjon_einarsson_-_heimaey.jpg\" data-attachment-id=\"112\" data-type=\"image\" class=\"fg-thumb\"><span class=\"fg-image-wrap\"><img decoding=\"async\" width=\"150\" height=\"150\" class=\"skip-lazy fg-image\" data-no-lazy=\"1\" data-src-fg=\"https:\/\/volcanoatv.is\/en\/wp-content\/uploads\/cache\/2018\/11\/sigurjon_einarsson_-_heimaey\/2529241583.jpg\" src=\"data:image\/svg+xml,%3Csvg%20xmlns%3D%22http%3A%2F%2Fwww.w3.org%2F2000%2Fsvg%22%20width%3D%22150%22%20height%3D%22150%22%20viewBox%3D%220%200%20150%20150%22%3E%3C%2Fsvg%3E\" loading=\"eager\"><\/span><span class=\"fg-image-overlay\"><\/span><\/a><\/figure><div class=\"fg-loader\"><\/div><\/div><\/div>\n\n<h2><i class=\"fa fa-info-circle\"><\/i>Tour Details<\/h2>\n<div class=\"atv-list\">\n<h5><i class=\"fa fa-hourglass-2\"><\/i> Duration<\/h5>\n<p>The tour takes about 1 hour and 45 minutes<\/p>\n<h5><i class=\"fa fa-clock-o\"><\/i> Preparation time<\/h5>\n<p>Please be at our location 30 min before departure.<\/p>\n<h5><i class=\"fa fa-sign-out\"><\/i> Departure<\/h5>\n<p>Every day at 10:00 and 13:00 or after agreement and demand<\/p>\n<h5><i class=\"fa fa-calendar\"><\/i> Season<\/h5>\n<p>15.May &#8211; 15.Sept<\/p>\n<h5><i class=\"fa fa-newspaper-o\"><\/i> Requirements<\/h5>\n<p>Driving licence.<br \/>\nAge limit 6 years and older for passengers.<\/p>\n<h5><i class=\"fa fa-thermometer-2\"><\/i> Difficulty<\/h5>\n<p>Easy &#8211; Fun for the whole family<\/p>\n<h5><i class=\"fa fa-check\"><\/i> Includes<\/h5>\n<p>Helmet, waterproof overalls and gloves.<br \/>\nTour guide<\/p>\n<h5><i class=\"fa fa-user-plus\"><\/i> What you need to bring<\/h5>\n<p>Good shoes and good mood, we will take care of the rest<\/p>\n<h5><i class=\"fa fa-money\"><\/i> Price<\/h5>\n<p>20.900 ISK kr <b>per person<\/b> if 2 sharing the same atv<br \/>\n25.900 ISK kr if single on atv<br \/>\n10.500 ISK kr for children (6 \u2013 16 \u00e1ra)<\/p>\n<\/div>\n<h5><i class=\"fa fa-info\"><\/i> Booking<\/h5>\n<p><u>Note that if you plan to book both sharing and solo, you must book them separately.<\/u><\/p>\n","protected":false},"excerpt":{"rendered":"<p>Volcano and Puffin, the most famous duo of Vestmannaeyjar. Vestmannaeyjar is not only known for the volcanic eruption in 1973,&#8230;<\/p>\n","protected":false},"author":4,"featured_media":0,"parent":2,"menu_order":0,"comment_status":"closed","ping_status":"closed","template":"templates\/page-left2.php","meta":{"_exactmetrics_skip_tracking":false,"_exactmetrics_sitenote_active":false,"_exactmetrics_sitenote_note":"","_exactmetrics_sitenote_category":0,"footnotes":""},"class_list":["post-1053","page","type-page","status-publish","hentry"],"yoast_head":"<!-- This site is optimized with the Yoast SEO plugin v27.4 - https:\/\/yoast.com\/product\/yoast-seo-wordpress\/ -->\n<title>Volcanic Vistas &amp; Puffin Paradise Tour | Volcano ATV<\/title>\n<meta name=\"robots\" content=\"index, follow, max-snippet:-1, max-image-preview:large, max-video-preview:-1\" \/>\n<link rel=\"canonical\" href=\"https:\/\/volcanoatv.is\/en\/tours\/volcanic-vistas-puffin-paradise\" \/>\n<meta property=\"og:locale\" content=\"en_US\" \/>\n<meta property=\"og:type\" content=\"article\" \/>\n<meta property=\"og:title\" content=\"Volcanic Vistas &amp; Puffin Paradise Tour | Volcano ATV\" \/>\n<meta property=\"og:description\" content=\"Volcano and Puffin, the most famous duo of Vestmannaeyjar. Vestmannaeyjar is not only known for the volcanic eruption in 1973,...\" \/>\n<meta property=\"og:url\" content=\"https:\/\/volcanoatv.is\/en\/tours\/volcanic-vistas-puffin-paradise\" \/>\n<meta property=\"og:site_name\" content=\"Volcano ATV\" \/>\n<meta property=\"article:publisher\" content=\"https:\/\/www.facebook.com\/volcanoatv\/\" \/>\n<meta property=\"article:modified_time\" content=\"2026-01-27T17:25:40+00:00\" \/>\n<meta property=\"og:image\" content=\"https:\/\/volcanoatv.is\/en\/wp-content\/uploads\/2019\/07\/volcano-atv-beach-fb-photo.jpg\" \/>\n\t<meta property=\"og:image:width\" content=\"1200\" \/>\n\t<meta property=\"og:image:height\" content=\"628\" \/>\n\t<meta property=\"og:image:type\" content=\"image\/jpeg\" \/>\n<meta name=\"twitter:card\" content=\"summary_large_image\" \/>\n<meta name=\"twitter:label1\" content=\"Est. reading time\" \/>\n\t<meta name=\"twitter:data1\" content=\"3 minutes\" \/>\n<script type=\"application\/ld+json\" class=\"yoast-schema-graph\">{\"@context\":\"https:\\\/\\\/schema.org\",\"@graph\":[{\"@type\":\"WebPage\",\"@id\":\"https:\\\/\\\/volcanoatv.is\\\/en\\\/tours\\\/volcanic-vistas-puffin-paradise\",\"url\":\"https:\\\/\\\/volcanoatv.is\\\/en\\\/tours\\\/volcanic-vistas-puffin-paradise\",\"name\":\"Volcanic Vistas & Puffin Paradise Tour | Volcano ATV\",\"isPartOf\":{\"@id\":\"https:\\\/\\\/volcanoatv.is\\\/en\\\/#website\"},\"datePublished\":\"2024-02-23T09:27:07+00:00\",\"dateModified\":\"2026-01-27T17:25:40+00:00\",\"breadcrumb\":{\"@id\":\"https:\\\/\\\/volcanoatv.is\\\/en\\\/tours\\\/volcanic-vistas-puffin-paradise#breadcrumb\"},\"inLanguage\":\"en-US\",\"potentialAction\":[{\"@type\":\"ReadAction\",\"target\":[\"https:\\\/\\\/volcanoatv.is\\\/en\\\/tours\\\/volcanic-vistas-puffin-paradise\"]}]},{\"@type\":\"BreadcrumbList\",\"@id\":\"https:\\\/\\\/volcanoatv.is\\\/en\\\/tours\\\/volcanic-vistas-puffin-paradise#breadcrumb\",\"itemListElement\":[{\"@type\":\"ListItem\",\"position\":1,\"name\":\"Home\",\"item\":\"https:\\\/\\\/volcanoatv.is\\\/en\\\/\"},{\"@type\":\"ListItem\",\"position\":2,\"name\":\"Tours\",\"item\":\"https:\\\/\\\/volcanoatv.is\\\/en\\\/tours\"},{\"@type\":\"ListItem\",\"position\":3,\"name\":\"Volcanic Vistas &#038; Puffin Paradise Tour\"}]},{\"@type\":\"WebSite\",\"@id\":\"https:\\\/\\\/volcanoatv.is\\\/en\\\/#website\",\"url\":\"https:\\\/\\\/volcanoatv.is\\\/en\\\/\",\"name\":\"Volcano ATV\",\"description\":\"Volcano atv tours\",\"publisher\":{\"@id\":\"https:\\\/\\\/volcanoatv.is\\\/en\\\/#organization\"},\"potentialAction\":[{\"@type\":\"SearchAction\",\"target\":{\"@type\":\"EntryPoint\",\"urlTemplate\":\"https:\\\/\\\/volcanoatv.is\\\/en\\\/?s={search_term_string}\"},\"query-input\":{\"@type\":\"PropertyValueSpecification\",\"valueRequired\":true,\"valueName\":\"search_term_string\"}}],\"inLanguage\":\"en-US\"},{\"@type\":\"Organization\",\"@id\":\"https:\\\/\\\/volcanoatv.is\\\/en\\\/#organization\",\"name\":\"Volcano ATV\",\"url\":\"https:\\\/\\\/volcanoatv.is\\\/en\\\/\",\"logo\":{\"@type\":\"ImageObject\",\"inLanguage\":\"en-US\",\"@id\":\"https:\\\/\\\/volcanoatv.is\\\/en\\\/#\\\/schema\\\/logo\\\/image\\\/\",\"url\":\"https:\\\/\\\/volcanoatv.is\\\/en\\\/wp-content\\\/uploads\\\/2019\\\/02\\\/Volcano-ATV-logo-01.png\",\"contentUrl\":\"https:\\\/\\\/volcanoatv.is\\\/en\\\/wp-content\\\/uploads\\\/2019\\\/02\\\/Volcano-ATV-logo-01.png\",\"width\":3456,\"height\":887,\"caption\":\"Volcano ATV\"},\"image\":{\"@id\":\"https:\\\/\\\/volcanoatv.is\\\/en\\\/#\\\/schema\\\/logo\\\/image\\\/\"},\"sameAs\":[\"https:\\\/\\\/www.facebook.com\\\/volcanoatv\\\/\",\"https:\\\/\\\/www.instagram.com\\\/volcanoatv\\\/\"]}]}<\/script>\n<!-- \/ Yoast SEO plugin. -->","yoast_head_json":{"title":"Volcanic Vistas & Puffin Paradise Tour | Volcano ATV","robots":{"index":"index","follow":"follow","max-snippet":"max-snippet:-1","max-image-preview":"max-image-preview:large","max-video-preview":"max-video-preview:-1"},"canonical":"https:\/\/volcanoatv.is\/en\/tours\/volcanic-vistas-puffin-paradise","og_locale":"en_US","og_type":"article","og_title":"Volcanic Vistas & Puffin Paradise Tour | Volcano ATV","og_description":"Volcano and Puffin, the most famous duo of Vestmannaeyjar. Vestmannaeyjar is not only known for the volcanic eruption in 1973,...","og_url":"https:\/\/volcanoatv.is\/en\/tours\/volcanic-vistas-puffin-paradise","og_site_name":"Volcano ATV","article_publisher":"https:\/\/www.facebook.com\/volcanoatv\/","article_modified_time":"2026-01-27T17:25:40+00:00","og_image":[{"width":1200,"height":628,"url":"https:\/\/volcanoatv.is\/en\/wp-content\/uploads\/2019\/07\/volcano-atv-beach-fb-photo.jpg","type":"image\/jpeg"}],"twitter_card":"summary_large_image","twitter_misc":{"Est. reading time":"3 minutes"},"schema":{"@context":"https:\/\/schema.org","@graph":[{"@type":"WebPage","@id":"https:\/\/volcanoatv.is\/en\/tours\/volcanic-vistas-puffin-paradise","url":"https:\/\/volcanoatv.is\/en\/tours\/volcanic-vistas-puffin-paradise","name":"Volcanic Vistas & Puffin Paradise Tour | Volcano ATV","isPartOf":{"@id":"https:\/\/volcanoatv.is\/en\/#website"},"datePublished":"2024-02-23T09:27:07+00:00","dateModified":"2026-01-27T17:25:40+00:00","breadcrumb":{"@id":"https:\/\/volcanoatv.is\/en\/tours\/volcanic-vistas-puffin-paradise#breadcrumb"},"inLanguage":"en-US","potentialAction":[{"@type":"ReadAction","target":["https:\/\/volcanoatv.is\/en\/tours\/volcanic-vistas-puffin-paradise"]}]},{"@type":"BreadcrumbList","@id":"https:\/\/volcanoatv.is\/en\/tours\/volcanic-vistas-puffin-paradise#breadcrumb","itemListElement":[{"@type":"ListItem","position":1,"name":"Home","item":"https:\/\/volcanoatv.is\/en\/"},{"@type":"ListItem","position":2,"name":"Tours","item":"https:\/\/volcanoatv.is\/en\/tours"},{"@type":"ListItem","position":3,"name":"Volcanic Vistas &#038; Puffin Paradise Tour"}]},{"@type":"WebSite","@id":"https:\/\/volcanoatv.is\/en\/#website","url":"https:\/\/volcanoatv.is\/en\/","name":"Volcano ATV","description":"Volcano atv tours","publisher":{"@id":"https:\/\/volcanoatv.is\/en\/#organization"},"potentialAction":[{"@type":"SearchAction","target":{"@type":"EntryPoint","urlTemplate":"https:\/\/volcanoatv.is\/en\/?s={search_term_string}"},"query-input":{"@type":"PropertyValueSpecification","valueRequired":true,"valueName":"search_term_string"}}],"inLanguage":"en-US"},{"@type":"Organization","@id":"https:\/\/volcanoatv.is\/en\/#organization","name":"Volcano ATV","url":"https:\/\/volcanoatv.is\/en\/","logo":{"@type":"ImageObject","inLanguage":"en-US","@id":"https:\/\/volcanoatv.is\/en\/#\/schema\/logo\/image\/","url":"https:\/\/volcanoatv.is\/en\/wp-content\/uploads\/2019\/02\/Volcano-ATV-logo-01.png","contentUrl":"https:\/\/volcanoatv.is\/en\/wp-content\/uploads\/2019\/02\/Volcano-ATV-logo-01.png","width":3456,"height":887,"caption":"Volcano ATV"},"image":{"@id":"https:\/\/volcanoatv.is\/en\/#\/schema\/logo\/image\/"},"sameAs":["https:\/\/www.facebook.com\/volcanoatv\/","https:\/\/www.instagram.com\/volcanoatv\/"]}]}},"_links":{"self":[{"href":"https:\/\/volcanoatv.is\/en\/wp-json\/wp\/v2\/pages\/1053","targetHints":{"allow":["GET"]}}],"collection":[{"href":"https:\/\/volcanoatv.is\/en\/wp-json\/wp\/v2\/pages"}],"about":[{"href":"https:\/\/volcanoatv.is\/en\/wp-json\/wp\/v2\/types\/page"}],"author":[{"embeddable":true,"href":"https:\/\/volcanoatv.is\/en\/wp-json\/wp\/v2\/users\/4"}],"replies":[{"embeddable":true,"href":"https:\/\/volcanoatv.is\/en\/wp-json\/wp\/v2\/comments?post=1053"}],"version-history":[{"count":11,"href":"https:\/\/volcanoatv.is\/en\/wp-json\/wp\/v2\/pages\/1053\/revisions"}],"predecessor-version":[{"id":1547,"href":"https:\/\/volcanoatv.is\/en\/wp-json\/wp\/v2\/pages\/1053\/revisions\/1547"}],"up":[{"embeddable":true,"href":"https:\/\/volcanoatv.is\/en\/wp-json\/wp\/v2\/pages\/2"}],"wp:attachment":[{"href":"https:\/\/volcanoatv.is\/en\/wp-json\/wp\/v2\/media?parent=1053"}],"curies":[{"name":"wp","href":"https:\/\/api.w.org\/{rel}","templated":true}]}}